{"id":11821,"date":"2022-01-14T16:00:21","date_gmt":"2022-01-14T15:00:21","guid":{"rendered":"https:\/\/agora.xtec.cat\/ceip-diputacio\/?page_id=11821"},"modified":"2024-12-05T14:01:33","modified_gmt":"2024-12-05T13:01:33","slug":"portes-obertes-de-menjador-a-les-families","status":"publish","type":"page","link":"https:\/\/agora.xtec.cat\/ceip-diputacio\/menjador-escolar\/portes-obertes-de-menjador-a-les-families\/","title":{"rendered":"Portes obertes de menjador a les fam\u00edlies"},"content":{"rendered":"<p>Dos cops al mes, cada\u00a0<strong>segon dimarts i quart divendres<\/strong>,\u00a0<strong>les mares i pares de l\u2019escola Diputaci\u00f3 poden assaborir el mateix men\u00fa que han dinat els seus fills i filles<\/strong>. L\u2019objectiu \u00e9s apropar l\u2019espai migdia a les fam\u00edlies i que coneguin de primera ma qu\u00e8 i com mengen els infants.<\/p>\n<p>Per limitacions d\u2019espai, les jornades de portes obertes comencen a les 15 hores, un cop ha acabat el darrer torn.<\/p>\n<p>Per participar en les portes obertes de menjador, peri\u00f2dicament, les fam\u00edlies interessades poden participar en els sortejos que organitza la comissi\u00f3 de menjador per a accedir-hi.\u00a0Cal estar atents\u00a0<a href=\"https:\/\/ampadiputacio.wordpress.com\/2021\/11\/03\/tornen-les-portes-obertes-al-menjador\/\" target=\"_blank\" rel=\"noreferrer noopener\">a les not\u00edcies de l\u2019AFA i als missatges que envia la teva delegada<\/a>.<\/p>\n<p>El\u00a0<strong>cost del dinar (3,30\u20ac) s\u2019inclour\u00e0 en el rebut de menjador d\u2019aquell mes dels vostres fills\/es<\/strong>. Un cop fet el sorteig entre els inscrits, l\u2019import es cobrar\u00e0 encara que no s\u2019hi hagi pogut assistir. Aix\u00ed i tot, si t\u2019ha tocat i no pots assistir, pots passar la teva pla\u00e7a a un altra mare\/pare, tot i que el pagament del dinar nom\u00e9s es tramitar\u00e0 a la persona guanyadora del sorteig.<\/p>\n","protected":false},"excerpt":{"rendered":"<p>Dos cops al mes, cada\u00a0segon dimarts i quart divendres,\u00a0les mares i pares de l\u2019escola Diputaci\u00f3 poden assaborir el mateix men\u00fa que han dinat els seus fills i filles. L\u2019objectiu \u00e9s apropar l\u2019espai migdia a les fam\u00edlies i que coneguin de primera ma qu\u00e8 i com&hellip;  <a href=\"https:\/\/agora.xtec.cat\/ceip-diputacio\/menjador-escolar\/portes-obertes-de-menjador-a-les-families\/\" title=\"Read Portes obertes de menjador a les fam\u00edlies\">Llegeix m\u00e9s\u00bb<\/a><\/p>\n","protected":false},"author":1,"featured_media":0,"parent":73,"menu_order":0,"comment_status":"closed","ping_status":"closed","template":"page-templates\/side-menu.php","meta":{"_bbp_topic_count":0,"_bbp_reply_count":0,"_bbp_total_topic_count":0,"_bbp_total_reply_count":0,"_bbp_voice_count":0,"_bbp_anonymous_reply_count":0,"_bbp_topic_count_hidden":0,"_bbp_reply_count_hidden":0,"_bbp_forum_subforum_count":0,"footnotes":""},"class_list":["post-11821","page","type-page","status-publish","hentry"],"post_mailing_queue_ids":[],"_links":{"self":[{"href":"https:\/\/agora.xtec.cat\/ceip-diputacio\/wp-json\/wp\/v2\/pages\/11821","targetHints":{"allow":["GET"]}}],"collection":[{"href":"https:\/\/agora.xtec.cat\/ceip-diputacio\/wp-json\/wp\/v2\/pages"}],"about":[{"href":"https:\/\/agora.xtec.cat\/ceip-diputacio\/wp-json\/wp\/v2\/types\/page"}],"author":[{"embeddable":true,"href":"https:\/\/agora.xtec.cat\/ceip-diputacio\/wp-json\/wp\/v2\/users\/1"}],"replies":[{"embeddable":true,"href":"https:\/\/agora.xtec.cat\/ceip-diputacio\/wp-json\/wp\/v2\/comments?post=11821"}],"version-history":[{"count":2,"href":"https:\/\/agora.xtec.cat\/ceip-diputacio\/wp-json\/wp\/v2\/pages\/11821\/revisions"}],"predecessor-version":[{"id":13913,"href":"https:\/\/agora.xtec.cat\/ceip-diputacio\/wp-json\/wp\/v2\/pages\/11821\/revisions\/13913"}],"up":[{"embeddable":true,"href":"https:\/\/agora.xtec.cat\/ceip-diputacio\/wp-json\/wp\/v2\/pages\/73"}],"wp:attachment":[{"href":"https:\/\/agora.xtec.cat\/ceip-diputacio\/wp-json\/wp\/v2\/media?parent=11821"}],"curies":[{"name":"wp","href":"https:\/\/api.w.org\/{rel}","templated":true}]}}