{"id":84,"date":"2014-09-18T14:11:31","date_gmt":"2014-09-18T14:11:31","guid":{"rendered":"http:\/\/agora.xtec.cat\/ceip-dalmau-carles\/?page_id=84"},"modified":"2022-08-10T19:06:31","modified_gmt":"2022-08-10T17:06:31","slug":"activitats-extraescolars","status":"publish","type":"page","link":"https:\/\/agora.xtec.cat\/ceip-dalmau-carles\/activitats-extraescolars\/","title":{"rendered":"EXTRAEESCOLARS"},"content":{"rendered":"<p>Benvolgudes Fam\u00edlies,<\/p>\n<p>Aquest curs 2021-22 les activitats extraescolars que organitza la Coordinadora d&#8217;AFA&#8217;s dels barris de Santa Eug\u00e8nia i Sant Narc\u00eds comen\u00e7aran el <strong>18 d&#8217;octubre de 2021 i acabaran el 31 de maig de 2022.<\/strong><\/p>\n<p>Us recordem que hi ha places limitades.<\/p>\n<p>Les activitats s\u00f3n les seg\u00fcents:<\/p>\n<p><a href=\"https:\/\/agora.xtec.cat\/ceip-dalmau-carles\/wp-content\/uploads\/usu245\/2022\/08\/Copia-de-Jocs-Florals.png\"><img loading=\"lazy\" decoding=\"async\" class=\"alignnone  wp-image-8150\" src=\"https:\/\/agora.xtec.cat\/ceip-dalmau-carles\/wp-content\/uploads\/usu245\/2022\/08\/Copia-de-Jocs-Florals-300x146.png\" alt=\"\" width=\"760\" height=\"370\" srcset=\"https:\/\/agora.xtec.cat\/ceip-dalmau-carles\/wp-content\/uploads\/usu245\/2022\/08\/Copia-de-Jocs-Florals-300x146.png 300w, https:\/\/agora.xtec.cat\/ceip-dalmau-carles\/wp-content\/uploads\/usu245\/2022\/08\/Copia-de-Jocs-Florals.png 410w\" sizes=\"auto, (max-width: 760px) 100vw, 760px\" \/><\/a><\/p>\n<p>Les <strong>activitats extraescolars de la Coordinadora d&#8217;AFAS <\/strong>sortiran l&#8217;\u00faltima setmana de setembre. Aquestes estan en un tr\u00edptic de color groc i es faran <strong>les inscripcions del 30 de setembre al 4 d&#8217;octubre<\/strong>. Per poder demanar la beca de les activitats hi ha les inscripcions el dia 1 d&#8217;octubre de 9h a 12h i de 15:00h a 16:30h.<\/p>\n<p>Atentament<\/p>\n<p>Equip Directiu<\/p>\n<p><a href=\"https:\/\/drive.google.com\/file\/d\/1XRBOlq5GGYwO1eCarOK_iR-bJW_KgoL5\/view?usp=sharing\" target=\"_blank\" rel=\"noopener\">Cartell Pla Educaci\u00f3 i Conviv\u00e8ncia<\/a><\/p>\n<p><a href=\"https:\/\/drive.google.com\/file\/d\/1CnrUuJFHYrS-NyCuyNWs1Bb-H9Bqsff7\/view?usp=sharing\" target=\"_blank\" rel=\"noopener\">Quadr\u00edtic Pla Educaci\u00f3 i Conviv\u00e8ncia<\/a><\/p>\n<p><a href=\"https:\/\/drive.google.com\/file\/d\/1w4lkSgXhex1kkjXLzXKzfspl-SCl99p9\/view?usp=sharing\" target=\"_blank\" rel=\"noopener\">Horari AFA<\/a><\/p>\n","protected":false},"excerpt":{"rendered":"<p>Benvolgudes Fam\u00edlies,<br \/>\nAquest curs 2021-22 les activitats extraescolars que organitza la Coordinadora d&#8217;AFA&#8217;s dels barris de Santa Eug\u00e8nia i Sant Narc\u00eds comen\u00e7aran el 18 d&#8217;octubre de 2021 i acabaran el 31 de maig de 2022.<br \/>\nUs recordem que hi ha places limitades.<br \/>\nLes activitats s\u00f3n les seg\u00fcents:<br \/>\n<a href=\"https:\/\/agora.xtec.cat\/ceip-dalmau-carles\/wp-content\/uploads\/usu245\/2022\/08\/Copia-de-Jocs-Florals.png\"><\/a><br \/>\nLes&hellip;  <a href=\"https:\/\/agora.xtec.cat\/ceip-dalmau-carles\/activitats-extraescolars\/\" title=\"Read EXTRAEESCOLARS\">Llegeix m\u00e9s\u00bb<\/a><\/p>\n","protected":false},"author":2,"featured_media":0,"parent":0,"menu_order":60,"comment_status":"closed","ping_status":"closed","template":"","meta":{"_bbp_topic_count":0,"_bbp_reply_count":0,"_bbp_total_topic_count":0,"_bbp_total_reply_count":0,"_bbp_voice_count":0,"_bbp_anonymous_reply_count":0,"_bbp_topic_count_hidden":0,"_bbp_reply_count_hidden":0,"_bbp_forum_subforum_count":0,"footnotes":""},"class_list":["post-84","page","type-page","status-publish","hentry"],"post_mailing_queue_ids":[],"_links":{"self":[{"href":"https:\/\/agora.xtec.cat\/ceip-dalmau-carles\/wp-json\/wp\/v2\/pages\/84","targetHints":{"allow":["GET"]}}],"collection":[{"href":"https:\/\/agora.xtec.cat\/ceip-dalmau-carles\/wp-json\/wp\/v2\/pages"}],"about":[{"href":"https:\/\/agora.xtec.cat\/ceip-dalmau-carles\/wp-json\/wp\/v2\/types\/page"}],"author":[{"embeddable":true,"href":"https:\/\/agora.xtec.cat\/ceip-dalmau-carles\/wp-json\/wp\/v2\/users\/2"}],"replies":[{"embeddable":true,"href":"https:\/\/agora.xtec.cat\/ceip-dalmau-carles\/wp-json\/wp\/v2\/comments?post=84"}],"version-history":[{"count":4,"href":"https:\/\/agora.xtec.cat\/ceip-dalmau-carles\/wp-json\/wp\/v2\/pages\/84\/revisions"}],"predecessor-version":[{"id":8151,"href":"https:\/\/agora.xtec.cat\/ceip-dalmau-carles\/wp-json\/wp\/v2\/pages\/84\/revisions\/8151"}],"wp:attachment":[{"href":"https:\/\/agora.xtec.cat\/ceip-dalmau-carles\/wp-json\/wp\/v2\/media?parent=84"}],"curies":[{"name":"wp","href":"https:\/\/api.w.org\/{rel}","templated":true}]}}