{"id":80,"date":"2014-09-18T14:09:48","date_gmt":"2014-09-18T14:09:48","guid":{"rendered":"http:\/\/agora.xtec.cat\/ceip-dalmau-carles\/?page_id=80"},"modified":"2023-09-23T18:26:21","modified_gmt":"2023-09-23T16:26:21","slug":"transport-escolar","status":"publish","type":"page","link":"https:\/\/agora.xtec.cat\/ceip-dalmau-carles\/projecte-educatiu\/transport-escolar\/","title":{"rendered":"Projecte Hort"},"content":{"rendered":"<p><iframe loading=\"lazy\" title=\"Hort Escolar\" width=\"500\" height=\"281\" src=\"https:\/\/www.youtube.com\/embed\/bfHpF9oZPfQ?feature=oembed\" frameborder=\"0\" allow=\"accelerometer; autoplay; clipboard-write; encrypted-media; gyroscope; picture-in-picture; web-share\" referrerpolicy=\"strict-origin-when-cross-origin\" allowfullscreen><\/iframe><\/p>\n<ul>\n<li aria-level=\"1\"><b>EXPLICACI\u00d3 DEL FUNCIONAMENT DEL NOSTRE HORT ESCOLAR<\/b><\/li>\n<\/ul>\n<p><span style=\"font-weight: 400;\">L&#8217;any 2008 de la m\u00e0 de N\u00faria Ter\u00e9s, regidora d&#8217;Educaci\u00f3 de l&#8217;Ajuntament de Girona, i Enric Pardo, regidor de Medi Ambient i Sostenibilitat, s\u2019impulsa un projecte d&#8217;horts escolars ecol\u00f2gics. L&#8217;objectiu principal d&#8217;aquest projecte \u00e9s el d&#8217;introduir als nens i nenes de les escoles el m\u00f3n dels horts ecol\u00f2gics perqu\u00e8 coneguin l&#8217;origen dels productes que consumeixen habitualment.<\/span><\/p>\n<p><span style=\"font-weight: 400;\">Aquest projecte rep per nom &#8220;Hort i Cultura&#8221;, coordinat des de la Caseta Serveis educatius de l\u2019Ajuntament de Girona, que es va iniciar el curs 2007\/2008 a 11 centres de la ciutat de Girona, adre\u00e7at tant a escoles bressol com a centres de prim\u00e0ria i secund\u00e0ria. En el curs 2009\/2010 es va arribar a 22 escoles i l&#8217;any seg\u00fcent es va augmentar a 25.<\/span><\/p>\n<p><span style=\"font-weight: 400;\">El projecte es va emmarcar en la l\u00ednia estrat\u00e8gica 4 del pla de mandat d\u2019Educaci\u00f3: \u201cUna educaci\u00f3 de qualitat, inclusiva i innovadora en el marc d\u2019una ciutat educadora\u201d. Aquesta l\u00ednia tenia com a objectiu general impulsar i dinamitzar estrat\u00e8gies i accions transversals dins l\u2019ajuntament i el municipi que visualitzessin la dimensi\u00f3 i el potencial educatiu de la ciutat de Girona.<\/span><\/p>\n<p><span style=\"font-weight: 400;\">La finalitat d\u2019aquest projecte era donar suport municipal per poder realitzar un hort ecol\u00f2gic en el propi centre educatiu.\u00a0<\/span><\/p>\n<p><span style=\"font-weight: 400;\">L\u2019escola Josep Dalmau Carles disposa d\u2019hort escolar a partir del curs 2015-16 curs en el que es va veure la possibilitat pedag\u00f2gica de l\u2019hort amb els alumnes de la nostra escola i es va comen\u00e7ar pels alumnes de cicle superior.\u00a0<\/span><\/p>\n<p><span style=\"font-weight: 400;\">L&#8217;alumnat de la nostra escola es caracteritza per ser grups molt diversos i amb m\u00faltiples ritmes d\u2019aprenentatge. Aix\u00f2 suposava un replantejament de com f\u00e8iem les classes fins a les hores i de la necessitat de vivenciar els continguts.<\/span><\/p>\n<p><span style=\"font-weight: 400;\">L\u2019hort es va ubicar a la part posterior de l\u2019edifici tocant al carrer Taga. Aquesta zona amb sol i ombra facilitava el treball de l&#8217;alumnat al no ser una zona de pas, per\u00f2 era una zona amb molta rocalla i poc treballada que calia una adequaci\u00f3 important. <\/span><\/p>\n","protected":false},"excerpt":{"rendered":"<ul>\n<li aria-level=\"1\">EXPLICACI\u00d3 DEL FUNCIONAMENT DEL NOSTRE HORT ESCOLAR<\/li>\n<\/ul>\n<p>L&#8217;any 2008 de la m\u00e0 de N\u00faria Ter\u00e9s, regidora d&#8217;Educaci\u00f3 de l&#8217;Ajuntament de Girona, i Enric Pardo, regidor de Medi Ambient i Sostenibilitat, s\u2019impulsa un projecte d&#8217;horts escolars ecol\u00f2gics. L&#8217;objectiu principal d&#8217;aquest projecte \u00e9s el d&#8217;introduir als nens&hellip;  <a href=\"https:\/\/agora.xtec.cat\/ceip-dalmau-carles\/projecte-educatiu\/transport-escolar\/\" title=\"Read Projecte Hort\">Llegeix m\u00e9s\u00bb<\/a><\/p>\n","protected":false},"author":2,"featured_media":0,"parent":64,"menu_order":40,"comment_status":"closed","ping_status":"closed","template":"page-templates\/side-menu.php","meta":{"_bbp_topic_count":0,"_bbp_reply_count":0,"_bbp_total_topic_count":0,"_bbp_total_reply_count":0,"_bbp_voice_count":0,"_bbp_anonymous_reply_count":0,"_bbp_topic_count_hidden":0,"_bbp_reply_count_hidden":0,"_bbp_forum_subforum_count":0,"footnotes":""},"class_list":["post-80","page","type-page","status-publish","hentry"],"post_mailing_queue_ids":[],"_links":{"self":[{"href":"https:\/\/agora.xtec.cat\/ceip-dalmau-carles\/wp-json\/wp\/v2\/pages\/80","targetHints":{"allow":["GET"]}}],"collection":[{"href":"https:\/\/agora.xtec.cat\/ceip-dalmau-carles\/wp-json\/wp\/v2\/pages"}],"about":[{"href":"https:\/\/agora.xtec.cat\/ceip-dalmau-carles\/wp-json\/wp\/v2\/types\/page"}],"author":[{"embeddable":true,"href":"https:\/\/agora.xtec.cat\/ceip-dalmau-carles\/wp-json\/wp\/v2\/users\/2"}],"replies":[{"embeddable":true,"href":"https:\/\/agora.xtec.cat\/ceip-dalmau-carles\/wp-json\/wp\/v2\/comments?post=80"}],"version-history":[{"count":4,"href":"https:\/\/agora.xtec.cat\/ceip-dalmau-carles\/wp-json\/wp\/v2\/pages\/80\/revisions"}],"predecessor-version":[{"id":10240,"href":"https:\/\/agora.xtec.cat\/ceip-dalmau-carles\/wp-json\/wp\/v2\/pages\/80\/revisions\/10240"}],"up":[{"embeddable":true,"href":"https:\/\/agora.xtec.cat\/ceip-dalmau-carles\/wp-json\/wp\/v2\/pages\/64"}],"wp:attachment":[{"href":"https:\/\/agora.xtec.cat\/ceip-dalmau-carles\/wp-json\/wp\/v2\/media?parent=80"}],"curies":[{"name":"wp","href":"https:\/\/api.w.org\/{rel}","templated":true}]}}