{"id":77,"date":"2014-09-18T14:05:08","date_gmt":"2014-09-18T14:05:08","guid":{"rendered":"http:\/\/agora.xtec.cat\/ceip-dalmau-carles\/?page_id=77"},"modified":"2022-08-10T19:02:43","modified_gmt":"2022-08-10T17:02:43","slug":"acollida","status":"publish","type":"page","link":"https:\/\/agora.xtec.cat\/ceip-dalmau-carles\/pagines-dinici\/acollida\/","title":{"rendered":"ACOLLIDA MATINAL"},"content":{"rendered":"<p><a href=\"https:\/\/agora.xtec.cat\/ceip-dalmau-carles\/wp-content\/uploads\/usu245\/2022\/08\/Copia-de-Jocs-Florals-1.jpg\"><img loading=\"lazy\" decoding=\"async\" class=\" wp-image-8143 alignleft\" src=\"https:\/\/agora.xtec.cat\/ceip-dalmau-carles\/wp-content\/uploads\/usu245\/2022\/08\/Copia-de-Jocs-Florals-1-300x146.jpg\" alt=\"\" width=\"384\" height=\"187\" srcset=\"https:\/\/agora.xtec.cat\/ceip-dalmau-carles\/wp-content\/uploads\/usu245\/2022\/08\/Copia-de-Jocs-Florals-1-300x146.jpg 300w, https:\/\/agora.xtec.cat\/ceip-dalmau-carles\/wp-content\/uploads\/usu245\/2022\/08\/Copia-de-Jocs-Florals-1.jpg 410w\" sizes=\"auto, (max-width: 384px) 100vw, 384px\" \/><\/a>El <strong>Servei Bon dia<\/strong>, \u00e9s un servei que ofereix l\u2019AFA a totes aquelles fam\u00edlies que per conciliaci\u00f3 familiar o per altre motius <strong>no puguin acompanyar els seus fills i filles a l\u2019escola a les 09.00 h del mat\u00ed.<\/strong><\/p>\n<p>No oferim un servei de guarderia sin\u00f3 que volem que sigui un espai l\u00fadic i educatiu i on els nens puguin compartir, jugar i relacionar-se d\u2019una manera agradable i relaxada.<\/p>\n<p>Aquest <strong>servei est\u00e0 operatiu<\/strong> a l\u2019escola a partir <strong>de les 8:00 h del mat\u00ed i fins a les 09.00 h<\/strong>. Durant aquesta estona, jugaran i realitzaran diverses activitats fins el moment d\u2019entrar a l\u2019aula. Els nens d\u2019infantils se\u2019ls acompanyar\u00e0 fins la seva classe i els de prim\u00e0ria se\u2019ls deixar\u00e0 a la fila per pujar a l\u2019aula corresponent.<\/p>\n<p>Per usar aquest servei caldr\u00e0 fer la inscripci\u00f3 al seg\u00fcent <strong><a href=\"https:\/\/docs.google.com\/forms\/d\/1F7HEEY6qUaHiGVLmv_UrlDRlNuUlov5Wgx2v-OMvMZo\/edit?usp=drive_web\" target=\"_blank\" rel=\"noopener\">FORMULARI<\/a>\u00a0<\/strong>indicant el nom del nen\/a i les dades necessaries per fer la inscripci\u00f3.<\/p>\n<p>Hi ha dos modalitats en el servei:<\/p>\n<ul>\n<li><strong>Servei d\u2019acollida fixe:<\/strong> orientat a aquelles fam\u00edlies que necessiten el servei cada dia i es fa el pagament menual.<\/li>\n<li><strong>Servei d\u2019acollida eventual:<\/strong>\u00a0orientat a aquelles fam\u00edlies que necessiten el servei de forma puntual o ocasional. Caldr\u00e0 fer inscripci\u00f3 el primer dia que s\u2019usi el servei i informar al monitor d\u2019acollida quan deixeu el nen al mat\u00ed. Podeu omplir el\u00a0formulari\u00a0el mateix dia que es quedi el nen.<\/li>\n<\/ul>\n<p><strong>Inici del servei:<\/strong>\u00a0el primer dia d\u2019escola.<\/p>\n<p><strong>Preus i \u00a0forma de pagament:\u00a0<\/strong><\/p>\n<p>ALUMNE FIX. (Preu 25 \u20ac) (10% de descompte en el 2n germ\u00e0)<br \/>\nALUMNE ESPOR\u00c0DIC. Preu 3\u20ac dia<\/p>\n","protected":false},"excerpt":{"rendered":"<p><a href=\"https:\/\/agora.xtec.cat\/ceip-dalmau-carles\/wp-content\/uploads\/usu245\/2022\/08\/Copia-de-Jocs-Florals-1.jpg\"><\/a>El Servei Bon dia, \u00e9s un servei que ofereix l\u2019AFA a totes aquelles fam\u00edlies que per conciliaci\u00f3 familiar o per altre motius no puguin acompanyar els seus fills i filles a l\u2019escola a les 09.00 h del mat\u00ed.<br \/>\nNo oferim un servei de guarderia sin\u00f3&hellip;  <a href=\"https:\/\/agora.xtec.cat\/ceip-dalmau-carles\/pagines-dinici\/acollida\/\" title=\"Read ACOLLIDA MATINAL\">Llegeix m\u00e9s\u00bb<\/a><\/p>\n","protected":false},"author":2,"featured_media":0,"parent":7,"menu_order":20,"comment_status":"closed","ping_status":"closed","template":"page-templates\/side-menu.php","meta":{"_bbp_topic_count":0,"_bbp_reply_count":0,"_bbp_total_topic_count":0,"_bbp_total_reply_count":0,"_bbp_voice_count":0,"_bbp_anonymous_reply_count":0,"_bbp_topic_count_hidden":0,"_bbp_reply_count_hidden":0,"_bbp_forum_subforum_count":0,"footnotes":""},"class_list":["post-77","page","type-page","status-publish","hentry"],"post_mailing_queue_ids":[],"_links":{"self":[{"href":"https:\/\/agora.xtec.cat\/ceip-dalmau-carles\/wp-json\/wp\/v2\/pages\/77","targetHints":{"allow":["GET"]}}],"collection":[{"href":"https:\/\/agora.xtec.cat\/ceip-dalmau-carles\/wp-json\/wp\/v2\/pages"}],"about":[{"href":"https:\/\/agora.xtec.cat\/ceip-dalmau-carles\/wp-json\/wp\/v2\/types\/page"}],"author":[{"embeddable":true,"href":"https:\/\/agora.xtec.cat\/ceip-dalmau-carles\/wp-json\/wp\/v2\/users\/2"}],"replies":[{"embeddable":true,"href":"https:\/\/agora.xtec.cat\/ceip-dalmau-carles\/wp-json\/wp\/v2\/comments?post=77"}],"version-history":[{"count":3,"href":"https:\/\/agora.xtec.cat\/ceip-dalmau-carles\/wp-json\/wp\/v2\/pages\/77\/revisions"}],"predecessor-version":[{"id":8145,"href":"https:\/\/agora.xtec.cat\/ceip-dalmau-carles\/wp-json\/wp\/v2\/pages\/77\/revisions\/8145"}],"up":[{"embeddable":true,"href":"https:\/\/agora.xtec.cat\/ceip-dalmau-carles\/wp-json\/wp\/v2\/pages\/7"}],"wp:attachment":[{"href":"https:\/\/agora.xtec.cat\/ceip-dalmau-carles\/wp-json\/wp\/v2\/media?parent=77"}],"curies":[{"name":"wp","href":"https:\/\/api.w.org\/{rel}","templated":true}]}}