{"id":73,"date":"2014-09-18T14:01:51","date_gmt":"2014-09-18T14:01:51","guid":{"rendered":"http:\/\/agora.xtec.cat\/ceip-dalmau-carles\/?page_id=73"},"modified":"2024-06-03T13:44:42","modified_gmt":"2024-06-03T11:44:42","slug":"menjador-escolar","status":"publish","type":"page","link":"https:\/\/agora.xtec.cat\/ceip-dalmau-carles\/menjador-escolar\/","title":{"rendered":"Menjador escolar"},"content":{"rendered":"<p>L&#8217;escola disposa del servei de menjador gestionat per l&#8217;empresa Teca i Xerinol<a href=\"https:\/\/agora.xtec.cat\/ceip-dalmau-carles\/wp-content\/uploads\/usu245\/2018\/12\/menjador.jpg\"><img loading=\"lazy\" decoding=\"async\" class=\" wp-image-1076 alignright\" src=\"https:\/\/agora.xtec.cat\/ceip-dalmau-carles\/wp-content\/uploads\/usu245\/2018\/12\/menjador-300x112.jpg\" alt=\"\" width=\"340\" height=\"127\" srcset=\"https:\/\/agora.xtec.cat\/ceip-dalmau-carles\/wp-content\/uploads\/usu245\/2018\/12\/menjador-300x112.jpg 300w, https:\/\/agora.xtec.cat\/ceip-dalmau-carles\/wp-content\/uploads\/usu245\/2018\/12\/menjador.jpg 395w\" sizes=\"auto, (max-width: 340px) 100vw, 340px\" \/><\/a>a, que s&#8217;encarrega de l&#8217;elaboraci\u00f3 dels men\u00fas diaris i del servei de menjador i de monitoratge.<\/p>\n<p>Disposem de cuina pr\u00f2pia i d&#8217;un menjador per 100 alumnes aproximadament.<\/p>\n<p>El men\u00fa segueix tots els protocols alimentaris establerts i disposem de men\u00fa halal per aquelles fam\u00edlies que ho sol\u00b7licitin.<\/p>\n<p><span style=\"text-decoration: underline;\"><strong>Preus del Servei de Menjador<\/strong><\/span><\/p>\n<p>Els preus pel servei de menjador pel Curs 2023-2024 seran els seg\u00fcents:<br \/>\n&#8211; El preu per men\u00fa usuari habitual, \u00e9s de 6,20 euros, IVA incl\u00f2s.<br \/>\n&#8211; El preu per men\u00fa usuari eventual, \u00e9s de 6,50 euros, IVA incl\u00f2s.<\/p>\n<p>Es considera usuari fix aquell que faci \u00fas del 70% del dies lectius que t\u00e9 el mes, es considera usuari eventual aquell que faci \u00fas de 3 o menys dies a la setmana.<\/p>\n<p>El servei de menjador inclou el monitoratge i la utilitzaci\u00f3 de les instal\u00b7lacions del centre per tal servei.<\/p>\n<p>Cliqueu sobre el t\u00edtol per veure el men\u00fa del mes:<strong> <a href=\"https:\/\/agora.xtec.cat\/ceip-dalmau-carles\/wp-content\/uploads\/usu245\/2024\/02\/06.dalmau.pdf\">men\u00fa juny<\/a>\u00a0 \u00a0 \u00a0<\/strong><a href=\"http:\/\/agora.xtec.cat\/ceip-dalmau-carles\/wp-content\/uploads\/usu245\/2016\/09\/men\u00fa.jpg\" target=\"_blank\" rel=\"http:\/\/agora.xtec.cat\/ceip-dalmau-carles\/wp-content\/uploads\/usu245\/2018\/09\/men\u00fa-setembre-18.pdf noopener noreferrer\">\u00a0 \u00a0<\/a><img decoding=\"async\" class=\"alignnone\" src=\"http:\/\/agora.xtec.cat\/ceip-dalmau-carles\/wp-content\/uploads\/usu245\/2016\/09\/men%C3%BA.jpg\" \/><\/p>\n<p><strong><a href=\"https:\/\/agora.xtec.cat\/ceip-dalmau-carles\/wp-content\/uploads\/usu245\/2024\/06\/Informes-menus-1.pdf\">REVISI\u00d3 DELS MEN\u00daS ESCOLARS<\/a><\/strong><\/p>\n<p>Si voleu consultar les nostres p\u00e0gines de facebook o twitter, feu clic al seg\u00fcent enlla\u00e7:<\/p>\n<p><a href=\"https:\/\/www.facebook.com\/TecaXerinola\/?fref=ts\">https:\/\/www.facebook.com\/TecaXerinola\/?fref=ts<\/a><\/p>\n<p><a href=\"https:\/\/twitter.com\/tecaxerinola\">https:\/\/twitter.com\/tecaxerinola<\/a><\/p>\n<p>&nbsp;<\/p>\n","protected":false},"excerpt":{"rendered":"<p>L&#8217;escola disposa del servei de menjador gestionat per l&#8217;empresa Teca i Xerinol<a href=\"https:\/\/agora.xtec.cat\/ceip-dalmau-carles\/wp-content\/uploads\/usu245\/2018\/12\/menjador.jpg\"><\/a>a, que s&#8217;encarrega de l&#8217;elaboraci\u00f3 dels men\u00fas diaris i del servei de menjador i de monitoratge.<br \/>\nDisposem de cuina pr\u00f2pia i d&#8217;un menjador per 100 alumnes aproximadament.<br \/>\nEl men\u00fa segueix tots els protocols alimentaris establerts&hellip;  <a href=\"https:\/\/agora.xtec.cat\/ceip-dalmau-carles\/menjador-escolar\/\" title=\"Read Menjador escolar\">Llegeix m\u00e9s\u00bb<\/a><\/p>\n","protected":false},"author":2,"featured_media":0,"parent":0,"menu_order":30,"comment_status":"closed","ping_status":"closed","template":"","meta":{"_bbp_topic_count":0,"_bbp_reply_count":0,"_bbp_total_topic_count":0,"_bbp_total_reply_count":0,"_bbp_voice_count":0,"_bbp_anonymous_reply_count":0,"_bbp_topic_count_hidden":0,"_bbp_reply_count_hidden":0,"_bbp_forum_subforum_count":0,"footnotes":""},"class_list":["post-73","page","type-page","status-publish","hentry"],"post_mailing_queue_ids":[],"_links":{"self":[{"href":"https:\/\/agora.xtec.cat\/ceip-dalmau-carles\/wp-json\/wp\/v2\/pages\/73","targetHints":{"allow":["GET"]}}],"collection":[{"href":"https:\/\/agora.xtec.cat\/ceip-dalmau-carles\/wp-json\/wp\/v2\/pages"}],"about":[{"href":"https:\/\/agora.xtec.cat\/ceip-dalmau-carles\/wp-json\/wp\/v2\/types\/page"}],"author":[{"embeddable":true,"href":"https:\/\/agora.xtec.cat\/ceip-dalmau-carles\/wp-json\/wp\/v2\/users\/2"}],"replies":[{"embeddable":true,"href":"https:\/\/agora.xtec.cat\/ceip-dalmau-carles\/wp-json\/wp\/v2\/comments?post=73"}],"version-history":[{"count":6,"href":"https:\/\/agora.xtec.cat\/ceip-dalmau-carles\/wp-json\/wp\/v2\/pages\/73\/revisions"}],"predecessor-version":[{"id":11190,"href":"https:\/\/agora.xtec.cat\/ceip-dalmau-carles\/wp-json\/wp\/v2\/pages\/73\/revisions\/11190"}],"wp:attachment":[{"href":"https:\/\/agora.xtec.cat\/ceip-dalmau-carles\/wp-json\/wp\/v2\/media?parent=73"}],"curies":[{"name":"wp","href":"https:\/\/api.w.org\/{rel}","templated":true}]}}