{"id":71,"date":"2014-09-18T12:44:56","date_gmt":"2014-09-18T12:44:56","guid":{"rendered":"http:\/\/agora.xtec.cat\/ceip-dalmau-carles\/?page_id=71"},"modified":"2025-07-31T09:31:39","modified_gmt":"2025-07-31T07:31:39","slug":"serveis-digitals","status":"publish","type":"page","link":"https:\/\/agora.xtec.cat\/ceip-dalmau-carles\/serveis\/serveis-digitals\/","title":{"rendered":"Carta de Comprom\u00eds"},"content":{"rendered":"<p>La carta de comprom\u00eds educatiu \u00e9s un document que t\u00e9 com a finalitat potenciar la comunicaci\u00f3, la participaci\u00f3, la implicaci\u00f3, el comprom\u00eds i la corresponsabilitat entre els centres i les fam\u00edlies en l\u2019educaci\u00f3 d\u2019infants i joves.<\/p>\n<p>Per tant, ha de contribuir, entre altres, als seg\u00fcents objectius:<\/p>\n<ul>\n<li>Compartir amb les fam\u00edlies els principis i els continguts del projecte educatiu del centre i, si escau, els projectes educatius de l\u2019entorn.<\/li>\n<li>Millorar la informaci\u00f3 i la comunicaci\u00f3 entre el centre i les fam\u00edlies.<\/li>\n<li>Facilitar a les fam\u00edlies l\u2019exercici dels seus drets i el compliment dels deures.<\/li>\n<li>Fomentar la conviv\u00e8ncia i el bon clima escolar.<\/li>\n<li>Corresponsabilitzar el centre i la fam\u00edlia en l\u2019\u00e8xit acad\u00e8mic, personal i social de l\u2019alumnat i tamb\u00e9 en el comprom\u00eds c\u00edvic dels infants i joves.<\/li>\n<\/ul>\n<p>Cada centre elabora la seva carta de comprom\u00eds educatiu de manera participativa entre els diferents membres de la comunitat escolar, especialment els professionals de l\u2019educaci\u00f3 i les fam\u00edlies, segons els principis, criteris i valors del seu projecte educatiu.<\/p>\n<p>Aquest document l\u2019han de signar el pare, mare, tutor o tutora legal de l\u2019alumne o alumna i la direcci\u00f3 del centre educatiu p\u00fablic o la persona titular del centre privat concertat en el moment de la matr\u00edcula.<\/p>\n<p><a href=\"https:\/\/agora.xtec.cat\/ceip-dalmau-carles\/wp-content\/uploads\/usu245\/2025\/07\/Carta-compromis-educatiu.docx_page-0001.jpg\"><img loading=\"lazy\" decoding=\"async\" class=\"alignnone size-large wp-image-11414\" src=\"https:\/\/agora.xtec.cat\/ceip-dalmau-carles\/wp-content\/uploads\/usu245\/2025\/07\/Carta-compromis-educatiu.docx_page-0001-725x1024.jpg\" alt=\"\" width=\"725\" height=\"1024\" srcset=\"https:\/\/agora.xtec.cat\/ceip-dalmau-carles\/wp-content\/uploads\/usu245\/2025\/07\/Carta-compromis-educatiu.docx_page-0001-725x1024.jpg 725w, https:\/\/agora.xtec.cat\/ceip-dalmau-carles\/wp-content\/uploads\/usu245\/2025\/07\/Carta-compromis-educatiu.docx_page-0001-212x300.jpg 212w, https:\/\/agora.xtec.cat\/ceip-dalmau-carles\/wp-content\/uploads\/usu245\/2025\/07\/Carta-compromis-educatiu.docx_page-0001-768x1085.jpg 768w, https:\/\/agora.xtec.cat\/ceip-dalmau-carles\/wp-content\/uploads\/usu245\/2025\/07\/Carta-compromis-educatiu.docx_page-0001-1087x1536.jpg 1087w, https:\/\/agora.xtec.cat\/ceip-dalmau-carles\/wp-content\/uploads\/usu245\/2025\/07\/Carta-compromis-educatiu.docx_page-0001.jpg 1242w\" sizes=\"auto, (max-width: 725px) 100vw, 725px\" \/><\/a> <a href=\"https:\/\/agora.xtec.cat\/ceip-dalmau-carles\/wp-content\/uploads\/usu245\/2025\/07\/Carta-compromis-educatiu.docx_page-0002.jpg\"><img loading=\"lazy\" decoding=\"async\" class=\"alignnone size-large wp-image-11415\" src=\"https:\/\/agora.xtec.cat\/ceip-dalmau-carles\/wp-content\/uploads\/usu245\/2025\/07\/Carta-compromis-educatiu.docx_page-0002-725x1024.jpg\" alt=\"\" width=\"725\" height=\"1024\" srcset=\"https:\/\/agora.xtec.cat\/ceip-dalmau-carles\/wp-content\/uploads\/usu245\/2025\/07\/Carta-compromis-educatiu.docx_page-0002-725x1024.jpg 725w, https:\/\/agora.xtec.cat\/ceip-dalmau-carles\/wp-content\/uploads\/usu245\/2025\/07\/Carta-compromis-educatiu.docx_page-0002-212x300.jpg 212w, https:\/\/agora.xtec.cat\/ceip-dalmau-carles\/wp-content\/uploads\/usu245\/2025\/07\/Carta-compromis-educatiu.docx_page-0002-768x1085.jpg 768w, https:\/\/agora.xtec.cat\/ceip-dalmau-carles\/wp-content\/uploads\/usu245\/2025\/07\/Carta-compromis-educatiu.docx_page-0002-1087x1536.jpg 1087w, https:\/\/agora.xtec.cat\/ceip-dalmau-carles\/wp-content\/uploads\/usu245\/2025\/07\/Carta-compromis-educatiu.docx_page-0002.jpg 1242w\" sizes=\"auto, (max-width: 725px) 100vw, 725px\" \/><\/a><\/p>\n","protected":false},"excerpt":{"rendered":"<p>La carta de comprom\u00eds educatiu \u00e9s un document que t\u00e9 com a finalitat potenciar la comunicaci\u00f3, la participaci\u00f3, la implicaci\u00f3, el comprom\u00eds i la corresponsabilitat entre els centres i les fam\u00edlies en l\u2019educaci\u00f3 d\u2019infants i joves.<br \/>\nPer tant, ha de contribuir, entre altres, als seg\u00fcents objectius:<\/p>\n<ul>\n<li>Compartir&hellip;  <a href=\"https:\/\/agora.xtec.cat\/ceip-dalmau-carles\/serveis\/serveis-digitals\/\" title=\"Read Carta de Comprom\u00eds\">Llegeix m\u00e9s\u00bb<\/a><br \/>\n","protected":false},"author":2,"featured_media":0,"parent":66,"menu_order":10,"comment_status":"closed","ping_status":"closed","template":"page-templates\/side-menu.php","meta":{"_bbp_topic_count":0,"_bbp_reply_count":0,"_bbp_total_topic_count":0,"_bbp_total_reply_count":0,"_bbp_voice_count":0,"_bbp_anonymous_reply_count":0,"_bbp_topic_count_hidden":0,"_bbp_reply_count_hidden":0,"_bbp_forum_subforum_count":0,"footnotes":""},"class_list":["post-71","page","type-page","status-publish","hentry"],"post_mailing_queue_ids":[],"_links":{"self":[{"href":"https:\/\/agora.xtec.cat\/ceip-dalmau-carles\/wp-json\/wp\/v2\/pages\/71","targetHints":{"allow":["GET"]}}],"collection":[{"href":"https:\/\/agora.xtec.cat\/ceip-dalmau-carles\/wp-json\/wp\/v2\/pages"}],"about":[{"href":"https:\/\/agora.xtec.cat\/ceip-dalmau-carles\/wp-json\/wp\/v2\/types\/page"}],"author":[{"embeddable":true,"href":"https:\/\/agora.xtec.cat\/ceip-dalmau-carles\/wp-json\/wp\/v2\/users\/2"}],"replies":[{"embeddable":true,"href":"https:\/\/agora.xtec.cat\/ceip-dalmau-carles\/wp-json\/wp\/v2\/comments?post=71"}],"version-history":[{"count":4,"href":"https:\/\/agora.xtec.cat\/ceip-dalmau-carles\/wp-json\/wp\/v2\/pages\/71\/revisions"}],"predecessor-version":[{"id":11416,"href":"https:\/\/agora.xtec.cat\/ceip-dalmau-carles\/wp-json\/wp\/v2\/pages\/71\/revisions\/11416"}],"up":[{"embeddable":true,"href":"https:\/\/agora.xtec.cat\/ceip-dalmau-carles\/wp-json\/wp\/v2\/pages\/66"}],"wp:attachment":[{"href":"https:\/\/agora.xtec.cat\/ceip-dalmau-carles\/wp-json\/wp\/v2\/media?parent=71"}],"curies":[{"name":"wp","href":"https:\/\/api.w.org\/{rel}","templated":true}]}}