{"id":32,"date":"2014-09-18T12:31:33","date_gmt":"2014-09-18T12:31:33","guid":{"rendered":"http:\/\/agora.xtec.cat\/ceip-dalmau-carles\/?page_id=32"},"modified":"2025-07-30T15:32:30","modified_gmt":"2025-07-30T13:32:30","slug":"calendari-del-curs","status":"publish","type":"page","link":"https:\/\/agora.xtec.cat\/ceip-dalmau-carles\/lescola\/calendari-del-curs\/","title":{"rendered":"Calendari Escolar"},"content":{"rendered":"<h4 style=\"text-align: center;\"><span style=\"text-decoration: underline;\">Calendari escolar 2025-2026<\/span><\/h4>\n<p><a href=\"https:\/\/agora.xtec.cat\/ceip-dalmau-carles\/wp-content\/uploads\/usu245\/2025\/07\/Calendari-escolar-DALMAU-CARLES-curs-2025-2026-Full-1_page-0001.jpg\"><img loading=\"lazy\" decoding=\"async\" class=\"alignnone size-large wp-image-11411\" src=\"https:\/\/agora.xtec.cat\/ceip-dalmau-carles\/wp-content\/uploads\/usu245\/2025\/07\/Calendari-escolar-DALMAU-CARLES-curs-2025-2026-Full-1_page-0001-724x1024.jpg\" alt=\"\" width=\"724\" height=\"1024\" srcset=\"https:\/\/agora.xtec.cat\/ceip-dalmau-carles\/wp-content\/uploads\/usu245\/2025\/07\/Calendari-escolar-DALMAU-CARLES-curs-2025-2026-Full-1_page-0001-724x1024.jpg 724w, https:\/\/agora.xtec.cat\/ceip-dalmau-carles\/wp-content\/uploads\/usu245\/2025\/07\/Calendari-escolar-DALMAU-CARLES-curs-2025-2026-Full-1_page-0001-212x300.jpg 212w, https:\/\/agora.xtec.cat\/ceip-dalmau-carles\/wp-content\/uploads\/usu245\/2025\/07\/Calendari-escolar-DALMAU-CARLES-curs-2025-2026-Full-1_page-0001-768x1087.jpg 768w, https:\/\/agora.xtec.cat\/ceip-dalmau-carles\/wp-content\/uploads\/usu245\/2025\/07\/Calendari-escolar-DALMAU-CARLES-curs-2025-2026-Full-1_page-0001-1085x1536.jpg 1085w, https:\/\/agora.xtec.cat\/ceip-dalmau-carles\/wp-content\/uploads\/usu245\/2025\/07\/Calendari-escolar-DALMAU-CARLES-curs-2025-2026-Full-1_page-0001.jpg 1240w\" sizes=\"auto, (max-width: 724px) 100vw, 724px\" \/><\/a><\/p>\n<p>8 de setembre de 2025<\/p>\n<h4 style=\"text-align: left;\"><strong>Final de curs<\/strong><\/h4>\n<p>19 de juny de 2026<\/p>\n<h4><strong>Vacances:<\/strong><\/h4>\n<p><strong>VACANCES DE NADAL:<\/strong> Del 22 de desembre de 2025 al 7 de gener de 2026\u00a0 (ambd\u00f3s inclosos)<\/p>\n<p><strong>VACANCES DE SETMANA SANTA:<\/strong> Del 30 de mar\u00e7 al 6 d&#8217;abril de 2026 (ambd\u00f3s inclosos)<\/p>\n<h4><strong>Dies festius:\u00a0<\/strong><\/h4>\n<p>11 de setembre de 2025<\/p>\n<p>29 d&#8217;octubre de 2025<\/p>\n<p>8 de desembre de 2025<\/p>\n<p>1 de maig de 2026<\/p>\n<h4><strong>Dies de lliure disposici\u00f3:<\/strong><\/h4>\n<p>30 i 31 d&#8217;octubre de 2025<\/p>\n<p>13 i 16 de febrer de 2026<\/p>\n<p>4 de maig de 2026<\/p>\n<p><strong>Jornada intensiva: de 9:00h a 13:00h<br \/>\n<\/strong><\/p>\n<p>19 de desembre de 2025 i del 8 al 19 de juny de 2026 (ambd\u00f3s inclosos). L&#8217;alumnat que utilitza el servei de menjador surt a les 15:30h.<\/p>\n<p>L\u2019<b>horari lectiu<\/b> del centre \u00e9s de 9:00h a 12:30h i de 15:00h a 16:30h per a tot l&#8217;alumnat del centre.<\/p>\n<p>Per l&#8217;alumnat que inicia l\u2019escolaritzaci\u00f3 a I3 s\u2019organitza un breu per\u00edode d\u2019adaptaci\u00f3 que suposa una certa modificaci\u00f3 dels horaris de la primera setmana de classe, i que es fa saber a les fam\u00edlies en les reunions corresponents.<\/p>\n","protected":false},"excerpt":{"rendered":"<p>Calendari escolar 2025-2026<br \/>\n<a href=\"https:\/\/agora.xtec.cat\/ceip-dalmau-carles\/wp-content\/uploads\/usu245\/2025\/07\/Calendari-escolar-DALMAU-CARLES-curs-2025-2026-Full-1_page-0001.jpg\"><\/a><br \/>\n8 de setembre de 2025<br \/>\nFinal de curs<br \/>\n19 de juny de 2026<br \/>\nVacances:<br \/>\nVACANCES DE NADAL: Del 22 de desembre de 2025 al 7 de gener de 2026\u00a0 (ambd\u00f3s inclosos)<br \/>\nVACANCES DE SETMANA SANTA: Del 30 de mar\u00e7 al 6 d&#8217;abril de 2026 (ambd\u00f3s inclosos)<br \/>\nDies festius:\u00a0<br \/>\n11&hellip;  <a href=\"https:\/\/agora.xtec.cat\/ceip-dalmau-carles\/lescola\/calendari-del-curs\/\" title=\"Read Calendari Escolar\">Llegeix m\u00e9s\u00bb<\/a><\/p>\n","protected":false},"author":2,"featured_media":0,"parent":22,"menu_order":50,"comment_status":"closed","ping_status":"closed","template":"page-templates\/side-menu.php","meta":{"_bbp_topic_count":0,"_bbp_reply_count":0,"_bbp_total_topic_count":0,"_bbp_total_reply_count":0,"_bbp_voice_count":0,"_bbp_anonymous_reply_count":0,"_bbp_topic_count_hidden":0,"_bbp_reply_count_hidden":0,"_bbp_forum_subforum_count":0,"footnotes":""},"class_list":["post-32","page","type-page","status-publish","hentry"],"post_mailing_queue_ids":[],"_links":{"self":[{"href":"https:\/\/agora.xtec.cat\/ceip-dalmau-carles\/wp-json\/wp\/v2\/pages\/32","targetHints":{"allow":["GET"]}}],"collection":[{"href":"https:\/\/agora.xtec.cat\/ceip-dalmau-carles\/wp-json\/wp\/v2\/pages"}],"about":[{"href":"https:\/\/agora.xtec.cat\/ceip-dalmau-carles\/wp-json\/wp\/v2\/types\/page"}],"author":[{"embeddable":true,"href":"https:\/\/agora.xtec.cat\/ceip-dalmau-carles\/wp-json\/wp\/v2\/users\/2"}],"replies":[{"embeddable":true,"href":"https:\/\/agora.xtec.cat\/ceip-dalmau-carles\/wp-json\/wp\/v2\/comments?post=32"}],"version-history":[{"count":6,"href":"https:\/\/agora.xtec.cat\/ceip-dalmau-carles\/wp-json\/wp\/v2\/pages\/32\/revisions"}],"predecessor-version":[{"id":11412,"href":"https:\/\/agora.xtec.cat\/ceip-dalmau-carles\/wp-json\/wp\/v2\/pages\/32\/revisions\/11412"}],"up":[{"embeddable":true,"href":"https:\/\/agora.xtec.cat\/ceip-dalmau-carles\/wp-json\/wp\/v2\/pages\/22"}],"wp:attachment":[{"href":"https:\/\/agora.xtec.cat\/ceip-dalmau-carles\/wp-json\/wp\/v2\/media?parent=32"}],"curies":[{"name":"wp","href":"https:\/\/api.w.org\/{rel}","templated":true}]}}