{"id":28,"date":"2014-09-18T12:29:35","date_gmt":"2014-09-18T12:29:35","guid":{"rendered":"http:\/\/agora.xtec.cat\/ceip-dalmau-carles\/?page_id=28"},"modified":"2025-07-28T10:38:28","modified_gmt":"2025-07-28T08:38:28","slug":"consell-escolar","status":"publish","type":"page","link":"https:\/\/agora.xtec.cat\/ceip-dalmau-carles\/lescola\/consell-escolar\/","title":{"rendered":"Consell escolar"},"content":{"rendered":"<p><a href=\"http:\/\/agora.xtec.cat\/ceip-dalmau-carles\/wp-content\/uploads\/usu245\/2014\/09\/consell_escolar-3.jpg\"><img loading=\"lazy\" decoding=\"async\" class=\"alignnone wp-image-478\" src=\"http:\/\/agora.xtec.cat\/ceip-dalmau-carles\/wp-content\/uploads\/usu245\/2014\/09\/consell_escolar-3-1024x609.jpg\" alt=\"consell_escolar-3\" width=\"154\" height=\"92\" srcset=\"https:\/\/agora.xtec.cat\/ceip-dalmau-carles\/wp-content\/uploads\/usu245\/2014\/09\/consell_escolar-3-1024x609.jpg 1024w, https:\/\/agora.xtec.cat\/ceip-dalmau-carles\/wp-content\/uploads\/usu245\/2014\/09\/consell_escolar-3-300x178.jpg 300w, https:\/\/agora.xtec.cat\/ceip-dalmau-carles\/wp-content\/uploads\/usu245\/2014\/09\/consell_escolar-3-768x457.jpg 768w, https:\/\/agora.xtec.cat\/ceip-dalmau-carles\/wp-content\/uploads\/usu245\/2014\/09\/consell_escolar-3.jpg 1897w\" sizes=\"auto, (max-width: 154px) 100vw, 154px\" \/><\/a><a href=\"http:\/\/agora.xtec.cat\/ceip-dalmau-carles\/wp-content\/uploads\/usu245\/2014\/09\/consell-escolar-1.png\"><img loading=\"lazy\" decoding=\"async\" class=\"alignnone wp-image-477\" src=\"http:\/\/agora.xtec.cat\/ceip-dalmau-carles\/wp-content\/uploads\/usu245\/2014\/09\/consell-escolar-1.png\" alt=\"consell-escolar-1\" width=\"430\" height=\"107\" srcset=\"https:\/\/agora.xtec.cat\/ceip-dalmau-carles\/wp-content\/uploads\/usu245\/2014\/09\/consell-escolar-1.png 450w, https:\/\/agora.xtec.cat\/ceip-dalmau-carles\/wp-content\/uploads\/usu245\/2014\/09\/consell-escolar-1-300x75.png 300w\" sizes=\"auto, (max-width: 430px) 100vw, 430px\" \/><\/a><a href=\"http:\/\/agora.xtec.cat\/ceip-dalmau-carles\/wp-content\/uploads\/usu245\/2014\/09\/consell_escolar-3.jpg\"><img loading=\"lazy\" decoding=\"async\" class=\"alignnone wp-image-478\" src=\"http:\/\/agora.xtec.cat\/ceip-dalmau-carles\/wp-content\/uploads\/usu245\/2014\/09\/consell_escolar-3-1024x609.jpg\" alt=\"consell_escolar-3\" width=\"153\" height=\"91\" srcset=\"https:\/\/agora.xtec.cat\/ceip-dalmau-carles\/wp-content\/uploads\/usu245\/2014\/09\/consell_escolar-3-1024x609.jpg 1024w, https:\/\/agora.xtec.cat\/ceip-dalmau-carles\/wp-content\/uploads\/usu245\/2014\/09\/consell_escolar-3-300x178.jpg 300w, https:\/\/agora.xtec.cat\/ceip-dalmau-carles\/wp-content\/uploads\/usu245\/2014\/09\/consell_escolar-3-768x457.jpg 768w, https:\/\/agora.xtec.cat\/ceip-dalmau-carles\/wp-content\/uploads\/usu245\/2014\/09\/consell_escolar-3.jpg 1897w\" sizes=\"auto, (max-width: 153px) 100vw, 153px\" \/><\/a><\/p>\n<table style=\"height: 397px; border-color: #880cab; background-color: #fcfafa;\" width=\"779\">\n<tbody>\n<tr>\n<td><strong>Equip Directiu<\/strong>:<\/p>\n<p>Vanessa Faig Doblado<\/p>\n<p>Jordi Badosa Font<\/p>\n<p>Ra\u00fal Arjona Flores<\/p>\n<p>&nbsp;<\/p>\n<p>&nbsp;<\/p>\n<p>&nbsp;<\/td>\n<td><strong>Sector Mestres:<\/strong><\/p>\n<p>Mireia Bertran<\/p>\n<p>Elisenda Codina<\/p>\n<p>Josep Margarit<\/p>\n<p>Norma Fontana<\/p>\n<p>Laura Mayoral<\/p>\n<p>Ariadna Burbail<\/td>\n<td><strong>Sector Fam\u00edlies:<\/strong><\/p>\n<p>Allal Ghouzali Khatiri<\/p>\n<p>Ben Abderrahmane<\/p>\n<p>Cristina Ramos<\/p>\n<p><span style=\"font-family: inherit; font-size: 1em;\">Belhamy Matamoros<\/span><\/p>\n<p>Mustafa Jaatite<\/td>\n<\/tr>\n<tr>\n<td><strong>Sector Pas:<\/strong><\/p>\n<p>\u00c0lex Mart\u00edn<\/td>\n<td><strong>Representant de l&#8217;AFA:<\/strong><\/p>\n<p>Sheila Su\u00e1rez<\/td>\n<td><strong>Representant de l&#8217;Ajuntament:<\/strong><\/p>\n<p>Amy Sabaly<\/td>\n<\/tr>\n<\/tbody>\n<\/table>\n<p style=\"text-align: justify;\"><strong>\u00a0<\/strong><\/p>\n<p><strong>El Consell Escolar del Centre \u00e9s l\u2019\u00f2rgan de participaci\u00f3 dels diferents membres de la comunitat escolar en el seu govern.<\/strong><\/p>\n<p>El Consell Escolar del Centre \u00e9s l\u2019\u00f2rgan de participaci\u00f3 dels diferents membres de la comunitat escolar en el seu govern.<\/p>\n<ol>\n<li><strong>Composici\u00f3<\/strong><\/li>\n<\/ol>\n<ul>\n<li>El\/la directora\/a del Centre, que n\u2019\u00e9s el president\/a.<\/li>\n<li>El\/la Cap d\u2019Estudis.<\/li>\n<li>Un\/a regidor o representant de l\u2019Ajuntament.<\/li>\n<li>Sis mestres elegits pel Claustre de professors.<\/li>\n<li>Cinc pares d\u2019alumnes elegits entre ells.<\/li>\n<li>Un\/a representant de l\u2019AFA.<\/li>\n<li>Un representant del personal d\u2019administraci\u00f3 i serveis del Centre.<\/li>\n<li>El\/la secretari\/a del Centre, que actuar\u00e0 com a secretari del Consell, amb veu, per\u00f2 sense vot.<\/li>\n<\/ul>\n<p style=\"text-align: justify;\">\u00a0<strong>2. Compet\u00e8ncies<\/strong><\/p>\n<p>Corresponen al consell escolar les funcions seg\u00fcents:<\/p>\n<ul>\n<li>Participar en l&#8217;aprovaci\u00f3 del projecte educatiu i les seves modificacions. El consell escolar ha de ser consultat pel director de manera preceptiva per valorar la proposta del projecte educatiu i manifestar el seu suport amb una majoria de les tres cinquenes parts dels membres.<\/li>\n<li>Participar en l&#8217;aprovaci\u00f3 de la programaci\u00f3 general anual, de les normes de funcionament i de la gesti\u00f3 econ\u00f2mica del centre. El consell escolar ha de ser consultat de manera preceptiva per valorar cada una de les propostes i manifestar el seu suport per majoria simple dels membres.<\/li>\n<li>Avaluar l&#8217;aplicaci\u00f3 del projecte educatiu i de les seves modificacions aix\u00ed com de la resta de documents de gesti\u00f3 del centre.<\/li>\n<li>Aprovar les propostes d&#8217;acords de coresponsabilitat, convenis i altres acords de col\u00b7laboraci\u00f3 del centre amb entitats i institucions.<\/li>\n<li>Intervenir en el procediment d&#8217;admissi\u00f3 d&#8217;alumnes.<\/li>\n<li>Participar en el procediment de selecci\u00f3 i en la proposta de cessament del director o directora.<\/li>\n<li>Intervenir en la resoluci\u00f3 dels conflictes i, si escau, revisar les sancions als alumnes.<\/li>\n<li>Aprovar les directrius per a la programaci\u00f3 d&#8217;activitats escolars complement\u00e0ries i d&#8217;activitats extraescolars, i avaluar-ne el desenvolupament.<\/li>\n<li>Participar en les an\u00e0lisis i les avaluacions del funcionament general del centre i con\u00e8ixer l&#8217;evoluci\u00f3 del rendiment escolar.<\/li>\n<li>Aprovar els criteris de col\u00b7laboraci\u00f3 amb altres centres i amb l&#8217;entorn.<\/li>\n<li>Qualsevol altre que li sigui atribu\u00efda per les normes legals o reglament\u00e0ries.<\/li>\n<\/ul>\n<p><strong>3. Funcionament<\/strong><br \/>\n<strong><u>Reunions<\/u><\/strong><\/p>\n<p>El consell escolar del centre es reuneix preceptivament una vegada al trimestre i sempre que el convoca el director o directora del centre o ho sol\u00b7licita al menys un ter\u00e7 de les seves persones membres. A m\u00e9s, s&#8217;ha de fer una reuni\u00f3 a principi de curs i una altra a la seva finalitzaci\u00f3.<\/p>\n<p>El consell escolar actua normalment en ple. Es poden constituir comissions espec\u00edfiques d\u2019estudi i informaci\u00f3, a les quals, en tot cas, s\u2019hi ha d\u2019incorporar la direcci\u00f3 del centre, o en la seva representaci\u00f3, un altre \u00f2rgan\u00a0unipersonal de direcci\u00f3,\u00a0un professor o professora, i un alumne o alumna o un representant o una representant de les mares i els pares. Els centres de titularitat p\u00fablica, a m\u00e9s, hi ha d&#8217;haver preceptivament\u00a0una\u00a0<strong>comissi\u00f3 econ\u00f2mica<\/strong>\u00a0que supervisa la gesti\u00f3 econ\u00f2mica del centre.<\/p>\n<p><strong><u>Renovaci\u00f3 de membres<\/u><\/strong><\/p>\n<p>Les persones del consell escolar s\u00f3n elegides per\u00a0<strong>un per\u00edode de quatre anys<\/strong>\u00a0i es renoven per meitats cada dos anys.<\/p>\n<p>Les eleccions per a la constituci\u00f3 o renovaci\u00f3 de membres del consell escolar, les convoca el director o directora del centre p\u00fablic, amb quinze dies d&#8217;antelaci\u00f3, dintre del per\u00edode que fixa el Departament d&#8217;Ensenyament.<\/p>\n<p>Les\u00a0<strong>vacants<\/strong>\u00a0del consell escolar s&#8217;han d&#8217;ocupar pel procediment establert a les normes d&#8217;organitzaci\u00f3 i funcionament del centre; si aquestes no ho preveuen, les ha d&#8217;ocupar la seg\u00fcent candidatura m\u00e9s votada en les darreres eleccions. Si no hi ha m\u00e9s candidats o candidates per cobrir-les, romanen sense cobrir fins a la propera renovaci\u00f3 del consell escolar.<\/p>\n<p>La condici\u00f3 de membre del consell escolar es perd quan es deixa el c\u00e0rrec que comporta ser-ne membre, quan es deixa de complir algun dels requisits per ser elegible o quan l&#8217;\u00f2rgan que l&#8217;ha designat en revoca la designaci\u00f3.<\/p>\n<p><strong>4. Comissions<\/strong><\/p>\n<ul>\n<li>Comissi\u00f3 econ\u00f2mica<\/li>\n<li>Comissi\u00f3 de conviv\u00e8ncia<\/li>\n<li>Comissi\u00f3 permanent<\/li>\n<\/ul>\n<p>&nbsp;<\/p>\n","protected":false},"excerpt":{"rendered":"<p><a href=\"http:\/\/agora.xtec.cat\/ceip-dalmau-carles\/wp-content\/uploads\/usu245\/2014\/09\/consell_escolar-3.jpg\"><\/a><a href=\"http:\/\/agora.xtec.cat\/ceip-dalmau-carles\/wp-content\/uploads\/usu245\/2014\/09\/consell-escolar-1.png\"><\/a><a href=\"http:\/\/agora.xtec.cat\/ceip-dalmau-carles\/wp-content\/uploads\/usu245\/2014\/09\/consell_escolar-3.jpg\"><\/a><\/p>\n<p>Equip Directiu:<br \/>\nVanessa Faig Doblado<br \/>\nJordi Badosa Font<br \/>\nRa\u00fal Arjona Flores<br \/>\n&nbsp;<br \/>\n&nbsp;<br \/>\n&nbsp;<br \/>\nSector Mestres:<br \/>\nMireia Bertran<br \/>\nElisenda Codina<br \/>\nJosep Margarit<br \/>\nNorma Fontana<br \/>\nLaura Mayoral<br \/>\nAriadna Burbail<br \/>\nSector Fam\u00edlies:<br \/>\nAllal Ghouzali Khatiri<br \/>\nBen Abderrahmane<br \/>\nCristina Ramos<br \/>\nBelhamy Matamoros<br \/>\nMustafa Jaatite<\/p>\n<p>Sector Pas:<br \/>\n\u00c0lex Mart\u00edn<br \/>\nRepresentant de l&#8217;AFA:<br \/>\nSheila Su\u00e1rez<br \/>\nRepresentant de l&#8217;Ajuntament:<br \/>\nAmy Sabaly<\/p>\n<p>\u00a0<br \/>\nEl Consell Escolar del Centre \u00e9s l\u2019\u00f2rgan de participaci\u00f3 dels diferents membres de&hellip;  <a href=\"https:\/\/agora.xtec.cat\/ceip-dalmau-carles\/lescola\/consell-escolar\/\" title=\"Read Consell escolar\">Llegeix m\u00e9s\u00bb<\/a><\/p>\n","protected":false},"author":2,"featured_media":0,"parent":22,"menu_order":30,"comment_status":"closed","ping_status":"closed","template":"page-templates\/side-menu.php","meta":{"_bbp_topic_count":0,"_bbp_reply_count":0,"_bbp_total_topic_count":0,"_bbp_total_reply_count":0,"_bbp_voice_count":0,"_bbp_anonymous_reply_count":0,"_bbp_topic_count_hidden":0,"_bbp_reply_count_hidden":0,"_bbp_forum_subforum_count":0,"footnotes":""},"class_list":["post-28","page","type-page","status-publish","hentry"],"post_mailing_queue_ids":[],"_links":{"self":[{"href":"https:\/\/agora.xtec.cat\/ceip-dalmau-carles\/wp-json\/wp\/v2\/pages\/28","targetHints":{"allow":["GET"]}}],"collection":[{"href":"https:\/\/agora.xtec.cat\/ceip-dalmau-carles\/wp-json\/wp\/v2\/pages"}],"about":[{"href":"https:\/\/agora.xtec.cat\/ceip-dalmau-carles\/wp-json\/wp\/v2\/types\/page"}],"author":[{"embeddable":true,"href":"https:\/\/agora.xtec.cat\/ceip-dalmau-carles\/wp-json\/wp\/v2\/users\/2"}],"replies":[{"embeddable":true,"href":"https:\/\/agora.xtec.cat\/ceip-dalmau-carles\/wp-json\/wp\/v2\/comments?post=28"}],"version-history":[{"count":5,"href":"https:\/\/agora.xtec.cat\/ceip-dalmau-carles\/wp-json\/wp\/v2\/pages\/28\/revisions"}],"predecessor-version":[{"id":11403,"href":"https:\/\/agora.xtec.cat\/ceip-dalmau-carles\/wp-json\/wp\/v2\/pages\/28\/revisions\/11403"}],"up":[{"embeddable":true,"href":"https:\/\/agora.xtec.cat\/ceip-dalmau-carles\/wp-json\/wp\/v2\/pages\/22"}],"wp:attachment":[{"href":"https:\/\/agora.xtec.cat\/ceip-dalmau-carles\/wp-json\/wp\/v2\/media?parent=28"}],"curies":[{"name":"wp","href":"https:\/\/api.w.org\/{rel}","templated":true}]}}