{"id":26,"date":"2014-09-18T12:24:32","date_gmt":"2014-09-18T12:24:32","guid":{"rendered":"http:\/\/agora.xtec.cat\/ceip-dalmau-carles\/?page_id=26"},"modified":"2018-12-09T12:07:19","modified_gmt":"2018-12-09T11:07:19","slug":"historia","status":"publish","type":"page","link":"https:\/\/agora.xtec.cat\/ceip-dalmau-carles\/lescola\/historia\/","title":{"rendered":"Hist\u00f2ria"},"content":{"rendered":"<h3 align=\"justify\">Des de 1976 Acompanyant l&#8217;Aprenentatge dels Infants<\/h3>\n<h6 class=\"Estilo4\" align=\"justify\">\r\n\t<div class=\"slideshow_container slideshow_container_style-light\" style=\"height: 500px; \" data-slideshow-id=\"976\" data-style-name=\"style-light\" data-style-version=\"2.3.1\" >\r\n\r\n\t\t\t\t\t<div class=\"slideshow_loading_icon\"><\/div>\r\n\t\t\r\n\t\t<div class=\"slideshow_content\" style=\"display: none;\">\r\n\r\n\t\t\t<div class=\"slideshow_view\">\r\n\t\t\t\t<div class=\"slideshow_slide slideshow_slide_image\">\r\n\t\t\t\t\t\t\t\t\t\t\t<img src=\"https:\/\/agora.xtec.cat\/ceip-dalmau-carles\/wp-content\/uploads\/usu245\/2014\/09\/Primers-Pisos-2.jpg\" alt=\"Primers Pisos 2\" width=\"554\" height=\"297\" \/>\r\n\t\t\t\t\t\t\t\t\t\t<div class=\"slideshow_description_box slideshow_transparent\">\r\n\t\t\t\t\t\t<div class=\"slideshow_title\">Primers Pisos 2<\/div>\t\t\t\t\t\t\t\t\t\t\t<\/div>\r\n\t\t\t\t<\/div>\r\n\r\n\t\t\t\t\t\t<div style=\"clear: both;\"><\/div><\/div><div class=\"slideshow_view\">\r\n\t\t\t\t<div class=\"slideshow_slide slideshow_slide_image\">\r\n\t\t\t\t\t\t\t\t\t\t\t<img src=\"https:\/\/agora.xtec.cat\/ceip-dalmau-carles\/wp-content\/uploads\/usu245\/2014\/09\/Primers-Pisos-3.jpg\" alt=\"Primers Pisos 3\" width=\"554\" height=\"339\" \/>\r\n\t\t\t\t\t\t\t\t\t\t<div class=\"slideshow_description_box slideshow_transparent\">\r\n\t\t\t\t\t\t<div class=\"slideshow_title\">Primers Pisos 3<\/div>\t\t\t\t\t\t\t\t\t\t\t<\/div>\r\n\t\t\t\t<\/div>\r\n\r\n\t\t\t\t\t\t<div style=\"clear: both;\"><\/div><\/div><div class=\"slideshow_view\">\r\n\t\t\t\t<div class=\"slideshow_slide slideshow_slide_image\">\r\n\t\t\t\t\t\t\t\t\t\t\t<img src=\"https:\/\/agora.xtec.cat\/ceip-dalmau-carles\/wp-content\/uploads\/usu245\/2014\/09\/Primers-Pisos.jpg\" alt=\"Primers Pisos\" width=\"503\" height=\"321\" \/>\r\n\t\t\t\t\t\t\t\t\t\t<div class=\"slideshow_description_box slideshow_transparent\">\r\n\t\t\t\t\t\t<div class=\"slideshow_title\">Primers Pisos<\/div>\t\t\t\t\t\t\t\t\t\t\t<\/div>\r\n\t\t\t\t<\/div>\r\n\r\n\t\t\t\t\t\t<div style=\"clear: both;\"><\/div><\/div>\r\n\t\t<\/div>\r\n\r\n\t\t<div class=\"slideshow_controlPanel slideshow_transparent\" style=\"display: none;\"><ul><li class=\"slideshow_togglePlay\" data-play-text=\"Visualitza\" data-pause-text=\"Pausa\"><\/li><\/ul><\/div>\r\n\r\n\t\t<div class=\"slideshow_button slideshow_previous slideshow_transparent\" role=\"button\" data-previous-text=\"Anterior\" style=\"display: none;\"><\/div>\r\n\t\t<div class=\"slideshow_button slideshow_next slideshow_transparent\" role=\"button\" data-next-text=\"Seg\u00fcent\" style=\"display: none;\"><\/div>\r\n\r\n\t\t<div class=\"slideshow_pagination\" style=\"display: none;\" data-go-to-text=\"V\u00e9s a la diapositiva\"><div class=\"slideshow_pagination_center\"><\/div><\/div>\r\n\r\n\t\t<!-- WordPress Slideshow Version 2.3.1 -->\r\n\r\n\t\t\t<\/div>\r\n\r\n<\/h6>\n<p>&nbsp;<\/p>\n<p>L&#8217;\u00fanica informaci<a href=\"http:\/\/agora.xtec.cat\/ceip-dalmau-carles\/wp-content\/uploads\/usu245\/2014\/09\/Retall-del-diari.jpg\"><img loading=\"lazy\" decoding=\"async\" class=\"wp-image-200 alignleft\" src=\"http:\/\/agora.xtec.cat\/ceip-dalmau-carles\/wp-content\/uploads\/usu245\/2014\/09\/Retall-del-diari.jpg\" alt=\"Retall del diari\" width=\"206\" height=\"583\" srcset=\"https:\/\/agora.xtec.cat\/ceip-dalmau-carles\/wp-content\/uploads\/usu245\/2014\/09\/Retall-del-diari.jpg 260w, https:\/\/agora.xtec.cat\/ceip-dalmau-carles\/wp-content\/uploads\/usu245\/2014\/09\/Retall-del-diari-106x300.jpg 106w\" sizes=\"auto, (max-width: 206px) 100vw, 206px\" \/><\/a>\u00f3 que tenim dels inicis de l&#8217;escola \u00e9s un retall del diari de &#8220;Los Sitios&#8221; (actualment Diari de Girona) que ens va cedir un ex-regidor de l&#8217;ajuntament de Girona. La not\u00edcia explica com el Sr. Bonet Cuff\u00ed alcalde de Girona, va signar la compra dels\u00a0\u00a0terrenys on es va construir l&#8217;escola. El lloc on es va construir l&#8217;escola el denominaven &#8220;El Llano&#8221; suposem per la seva gran explanada i ocupava una superf\u00edcie de 9.946 mestres quadrats. La compra es va fer per un total de 1.833.292,10 pessetes de l&#8217;\u00e8poca ( avui en dia uns 11.000 \u20ac aproximadament). El barri segons l&#8217;article era Santa Eug\u00e8nia del Ter, actualment Can Gibert del Pla.<\/p>\n<p class=\"Estilo4\" align=\"justify\">La inauguraci\u00f3 de l&#8217;escola no va ser fins al\u00a0 mes de setembre de l&#8217;any 1976 que va ser denominada com CEIP Josep Dalmau Carles, en honor al mestre\u00a0Josep Dalmau Carles qui fou un dels mestres pioners de la renovaci\u00f3 pedag\u00f2gica del primer ter\u00e7 del segle xx a Catalunya.<\/p>\n<p class=\"Estilo4\" align=\"justify\"><a href=\"http:\/\/agora.xtec.cat\/ceip-dalmau-carles\/wp-content\/uploads\/usu245\/2014\/09\/Josep-Dalmau-Carles.pdf\">Josep Dalmau Carles<\/a><\/p>\n<p align=\"justify\"><span class=\"Estilo4\"><span class=\"auto-style67\">El curs 2001-2002 l&#8217;escola Josep Dalmau Carles va celebrar el 25\u00e8 aniversari del centre amb una gran celebraci\u00f3 i amb una autoritat destacada el Sr. Francesc Torres i Mons\u00f3, escultor giron\u00ed de molt de renom.\u00a0<\/span><\/span><\/p>\n<p align=\"justify\">A la fa\u00e7ana de la nostra escola tenim el privilegi de tenir una escultura del citat art\u00edsta anomenada &#8220;Parella&#8221; i que hem agafat com a anagrama. Aquesta escultura va ser un enc\u00e0rrec que va rebre el Sr. Torres del Delegat del Ministeri d&#8217;Educaci\u00f3.<\/p>\n<p align=\"justify\">Aquesta escultura mural que hi ha a la fa\u00e7ana principal de la nostra escola \u00e9s feta amb ciment i tija de ferro i fou col\u00b7locada l\u2019any 1976 i representa una parella amb un llibre. Tothom pensa que s\u00f3n una parella amb un nen per\u00f2 en veritat no.<\/p>\n<p align=\"justify\">Uns alumnes amb motiu del 25\u00e8 aniversari li van fer una entrevista en la que l&#8217;autor va comentar les seg\u00fcents paraules:<\/p>\n<p align=\"justify\">&#8220;Aquesta <a href=\"http:\/\/agora.xtec.cat\/ceip-dalmau-carles\/wp-content\/uploads\/usu245\/2014\/09\/Escultura-J.Dalmau-Carles.jpg\"><img loading=\"lazy\" decoding=\"async\" class=\"size-medium wp-image-979 alignleft\" src=\"http:\/\/agora.xtec.cat\/ceip-dalmau-carles\/wp-content\/uploads\/usu245\/2014\/09\/Escultura-J.Dalmau-Carles-222x300.jpg\" alt=\"\" width=\"222\" height=\"300\" \/><\/a>obra us haig de dir que va ser un xic especial. Jo no volia fer la Parella. Tenia al cap fer dos llavis que s\u2019estaven fent un pet\u00f3 i el material havia de ser poliester vermell. Per\u00f2 eren altres temps i es veu que aquesta idea no va semblar prou correcte i a disgust meu, la vaig canviar per la Parella. Un artista s\u2019havia d\u2019expressar sempre lliurement\u2026 per\u00f2 en aquest cas, no va ser aix\u00ed.&#8221;<\/p>\n<p align=\"justify\"><a href=\"http:\/\/agora.xtec.cat\/ceip-dalmau-carles\/wp-content\/uploads\/usu245\/2014\/09\/torres_monso.jpg\"><img loading=\"lazy\" decoding=\"async\" class=\"wp-image-974 alignright\" src=\"http:\/\/agora.xtec.cat\/ceip-dalmau-carles\/wp-content\/uploads\/usu245\/2014\/09\/torres_monso.jpg\" alt=\"\" width=\"217\" height=\"320\" \/><\/a><\/p>\n<p align=\"justify\">A continuaci\u00f3 us deixem alguns enlla\u00e7os que us explicaran l&#8217;obra de Francesc Torres i Mons\u00f3:<\/p>\n<p align=\"justify\"><a href=\"https:\/\/ca.wikipedia.org\/wiki\/Francesc_Torres_i_Mons%C3%B3\" target=\"_blank\" rel=\"noopener noreferrer\">Francesc Torres i Mons\u00f3<\/a><\/p>\n<p align=\"justify\"><a href=\"http:\/\/www.girona.cat\/artalcarrer\/obra_fitxa.php?id=118\">Escultura &#8220;Parella&#8221;<\/a><\/p>\n","protected":false},"excerpt":{"rendered":"<p>Des de 1976 Acompanyant l&#8217;Aprenentatge dels Infants<\/p>\n<p>\t\t\t\t\t\tPrimers Pisos 2\t\t\t\t\t\t\t\t\t\t\t<\/p>\n<p>\t\t\t\t\t\tPrimers Pisos 3\t\t\t\t\t\t\t\t\t\t\t<\/p>\n<p>\t\t\t\t\t\tPrimers Pisos\t\t\t\t\t\t\t\t\t\t\t<\/p>\n<ul>\n<li class=\"slideshow_togglePlay\" data-play-text=\"Visualitza\" data-pause-text=\"Pausa\"><\/li>\n<\/ul>\n<p>&nbsp;<br \/>\nL&#8217;\u00fanica informaci<a href=\"http:\/\/agora.xtec.cat\/ceip-dalmau-carles\/wp-content\/uploads\/usu245\/2014\/09\/Retall-del-diari.jpg\"><\/a>\u00f3 que tenim dels inicis de l&#8217;escola \u00e9s un retall del diari de &#8220;Los Sitios&#8221; (actualment Diari de Girona) que ens va cedir un ex-regidor de l&#8217;ajuntament de Girona.&hellip;  <a href=\"https:\/\/agora.xtec.cat\/ceip-dalmau-carles\/lescola\/historia\/\" title=\"Read Hist\u00f2ria\">Llegeix m\u00e9s\u00bb<\/a><\/p>\n","protected":false},"author":2,"featured_media":0,"parent":22,"menu_order":20,"comment_status":"closed","ping_status":"closed","template":"page-templates\/side-menu.php","meta":{"_bbp_topic_count":0,"_bbp_reply_count":0,"_bbp_total_topic_count":0,"_bbp_total_reply_count":0,"_bbp_voice_count":0,"_bbp_anonymous_reply_count":0,"_bbp_topic_count_hidden":0,"_bbp_reply_count_hidden":0,"_bbp_forum_subforum_count":0,"footnotes":""},"class_list":["post-26","page","type-page","status-publish","hentry"],"post_mailing_queue_ids":[],"_links":{"self":[{"href":"https:\/\/agora.xtec.cat\/ceip-dalmau-carles\/wp-json\/wp\/v2\/pages\/26","targetHints":{"allow":["GET"]}}],"collection":[{"href":"https:\/\/agora.xtec.cat\/ceip-dalmau-carles\/wp-json\/wp\/v2\/pages"}],"about":[{"href":"https:\/\/agora.xtec.cat\/ceip-dalmau-carles\/wp-json\/wp\/v2\/types\/page"}],"author":[{"embeddable":true,"href":"https:\/\/agora.xtec.cat\/ceip-dalmau-carles\/wp-json\/wp\/v2\/users\/2"}],"replies":[{"embeddable":true,"href":"https:\/\/agora.xtec.cat\/ceip-dalmau-carles\/wp-json\/wp\/v2\/comments?post=26"}],"version-history":[{"count":3,"href":"https:\/\/agora.xtec.cat\/ceip-dalmau-carles\/wp-json\/wp\/v2\/pages\/26\/revisions"}],"predecessor-version":[{"id":1084,"href":"https:\/\/agora.xtec.cat\/ceip-dalmau-carles\/wp-json\/wp\/v2\/pages\/26\/revisions\/1084"}],"up":[{"embeddable":true,"href":"https:\/\/agora.xtec.cat\/ceip-dalmau-carles\/wp-json\/wp\/v2\/pages\/22"}],"wp:attachment":[{"href":"https:\/\/agora.xtec.cat\/ceip-dalmau-carles\/wp-json\/wp\/v2\/media?parent=26"}],"curies":[{"name":"wp","href":"https:\/\/api.w.org\/{rel}","templated":true}]}}