{"id":253,"date":"2016-03-03T18:54:35","date_gmt":"2016-03-03T17:54:35","guid":{"rendered":"http:\/\/agora.xtec.cat\/ceip-dalmau-carles\/?page_id=253"},"modified":"2023-09-23T18:24:27","modified_gmt":"2023-09-23T16:24:27","slug":"pla-catala-de-lesport","status":"publish","type":"page","link":"https:\/\/agora.xtec.cat\/ceip-dalmau-carles\/projecte-educatiu\/pla-catala-de-lesport\/","title":{"rendered":"Pla catal\u00e0 de l&#8217;esport"},"content":{"rendered":"<p>Des del curs 2008-2009 formem part del Pla catal\u00e0 de l&#8217;esport per tal de fomentar h\u00e0bits saludables i esportius dins i fora de l&#8217;horari escolar.<\/p>\n<p>El Pla pret\u00e9n posar a l&#8217;abast de tot\u00a0 l&#8217;alumnat de prim\u00e0ria i secund\u00e0ria la pr\u00e0ctica d&#8217;activitats f\u00edsiques i esportives, i aprofitar el gran potencial d&#8217;aquestes activitats per contribuir a la formaci\u00f3 personal i c\u00edvica dels nostres infants i joves.<br \/>\nM\u00e9s concretament, podem destacar els objectius seg\u00fcents:<\/p>\n<ul>\n<li>Incrementar la participaci\u00f3 en activitats f\u00edsiques i esportives en horari no lectiu de l&#8217;alumnat dels centres educatius de prim\u00e0ria i de secund\u00e0ria, amb una incid\u00e8ncia especial en el col\u00b7lectiu de noies.<\/li>\n<li>Aprofitar el gran potencial educatiu i formatiu de les activitats f\u00edsiques i esportives, cercant la participaci\u00f3 per damunt de la competitivitat.<\/li>\n<li>Potenciar la funci\u00f3 integradora i de cohesi\u00f3 social de l&#8217;esport escolar, facilitant l&#8217;acc\u00e9s de tots els nens i nenes a la pr\u00e0ctica esportiva escolar, i en especial dels nouvinguts.<\/li>\n<li>Contribuir mitjan\u00e7ant la pr\u00e0ctica esportiva a la formaci\u00f3 en valors com la toler\u00e0ncia, el respecte als altres i a les regles, la confian\u00e7a en un mateix, l&#8217;esfor\u00e7 de superaci\u00f3, l&#8217;autocr\u00edtica, l&#8217;autonomia, la capacitat de decisi\u00f3, l&#8217;autogesti\u00f3, la cooperaci\u00f3, el treball en equip, entre d&#8217;altres.<\/li>\n<li>Fomentar la pr\u00e0ctica regular d&#8217;activitats f\u00edsiques i esportives i l&#8217;adquisici\u00f3 d&#8217;h\u00e0bits saludables que contribueixin a un millor benestar.<\/li>\n<li>Formar joves en els valors ciutadans mitjan\u00e7ant la seva participaci\u00f3 activa en la gesti\u00f3 de les associacions esportives escolars de nova creaci\u00f3.<\/li>\n<\/ul>\n<h6><a href=\"http:\/\/agora.xtec.cat\/ceip-dalmau-carles\/wp-content\/uploads\/usu245\/2017\/03\/piscina-t\u00edtol-1024x576-1.jpg\"><img loading=\"lazy\" decoding=\"async\" class=\"wp-image-617 aligncenter\" src=\"http:\/\/agora.xtec.cat\/ceip-dalmau-carles\/wp-content\/uploads\/usu245\/2017\/03\/piscina-t\u00edtol-1024x576-1.jpg\" alt=\"\" width=\"724\" height=\"407\" srcset=\"https:\/\/agora.xtec.cat\/ceip-dalmau-carles\/wp-content\/uploads\/usu245\/2017\/03\/piscina-t\u00edtol-1024x576-1.jpg 1024w, https:\/\/agora.xtec.cat\/ceip-dalmau-carles\/wp-content\/uploads\/usu245\/2017\/03\/piscina-t\u00edtol-1024x576-1-300x169.jpg 300w, https:\/\/agora.xtec.cat\/ceip-dalmau-carles\/wp-content\/uploads\/usu245\/2017\/03\/piscina-t\u00edtol-1024x576-1-768x432.jpg 768w\" sizes=\"auto, (max-width: 724px) 100vw, 724px\" \/><\/a><\/h6>\n<h6><a href=\"http:\/\/esport.gencat.cat\/ca\/arees_dactuacio\/escolar-i-universitari\/esport-escolar\/programes-desport-escolar-\/pla-catala-desport-a-lescola-pcee\/\">WEB PLA CATAL\u00c0 DE L&#8217;ESPORT<\/a><\/h6>\n<p>&nbsp;<\/p>\n","protected":false},"excerpt":{"rendered":"<p>Des del curs 2008-2009 formem part del Pla catal\u00e0 de l&#8217;esport per tal de fomentar h\u00e0bits saludables i esportius dins i fora de l&#8217;horari escolar.<br \/>\nEl Pla pret\u00e9n posar a l&#8217;abast de tot\u00a0 l&#8217;alumnat de prim\u00e0ria i secund\u00e0ria la pr\u00e0ctica d&#8217;activitats f\u00edsiques i esportives, i aprofitar&hellip;  <a href=\"https:\/\/agora.xtec.cat\/ceip-dalmau-carles\/projecte-educatiu\/pla-catala-de-lesport\/\" title=\"Read Pla catal\u00e0 de l&#8217;esport\">Llegeix m\u00e9s\u00bb<\/a><\/p>\n","protected":false},"author":1,"featured_media":0,"parent":64,"menu_order":0,"comment_status":"closed","ping_status":"closed","template":"page-templates\/side-menu.php","meta":{"_bbp_topic_count":0,"_bbp_reply_count":0,"_bbp_total_topic_count":0,"_bbp_total_reply_count":0,"_bbp_voice_count":0,"_bbp_anonymous_reply_count":0,"_bbp_topic_count_hidden":0,"_bbp_reply_count_hidden":0,"_bbp_forum_subforum_count":0,"footnotes":""},"class_list":["post-253","page","type-page","status-publish","hentry"],"post_mailing_queue_ids":[],"_links":{"self":[{"href":"https:\/\/agora.xtec.cat\/ceip-dalmau-carles\/wp-json\/wp\/v2\/pages\/253","targetHints":{"allow":["GET"]}}],"collection":[{"href":"https:\/\/agora.xtec.cat\/ceip-dalmau-carles\/wp-json\/wp\/v2\/pages"}],"about":[{"href":"https:\/\/agora.xtec.cat\/ceip-dalmau-carles\/wp-json\/wp\/v2\/types\/page"}],"author":[{"embeddable":true,"href":"https:\/\/agora.xtec.cat\/ceip-dalmau-carles\/wp-json\/wp\/v2\/users\/1"}],"replies":[{"embeddable":true,"href":"https:\/\/agora.xtec.cat\/ceip-dalmau-carles\/wp-json\/wp\/v2\/comments?post=253"}],"version-history":[{"count":3,"href":"https:\/\/agora.xtec.cat\/ceip-dalmau-carles\/wp-json\/wp\/v2\/pages\/253\/revisions"}],"predecessor-version":[{"id":10239,"href":"https:\/\/agora.xtec.cat\/ceip-dalmau-carles\/wp-json\/wp\/v2\/pages\/253\/revisions\/10239"}],"up":[{"embeddable":true,"href":"https:\/\/agora.xtec.cat\/ceip-dalmau-carles\/wp-json\/wp\/v2\/pages\/64"}],"wp:attachment":[{"href":"https:\/\/agora.xtec.cat\/ceip-dalmau-carles\/wp-json\/wp\/v2\/media?parent=253"}],"curies":[{"name":"wp","href":"https:\/\/api.w.org\/{rel}","templated":true}]}}