{"id":209,"date":"2016-03-01T19:18:20","date_gmt":"2016-03-01T18:18:20","guid":{"rendered":"http:\/\/agora.xtec.cat\/ceip-dalmau-carles\/?page_id=209"},"modified":"2016-03-01T19:31:02","modified_gmt":"2016-03-01T18:31:02","slug":"josep-dalmau-carles","status":"publish","type":"page","link":"https:\/\/agora.xtec.cat\/ceip-dalmau-carles\/lescola\/historia\/josep-dalmau-carles\/","title":{"rendered":"Josep Dalmau Carles"},"content":{"rendered":"<p>BIOGRAFIA<\/p>\n<p style=\"text-align: justify;\">Josep Dalmau Carle<a href=\"http:\/\/agora.xtec.cat\/ceip-dalmau-carles\/wp-content\/uploads\/usu245\/2016\/03\/Dalmau-Carles.jpg\"><img loading=\"lazy\" decoding=\"async\" class=\"alignleft wp-image-211 size-medium\" src=\"http:\/\/agora.xtec.cat\/ceip-dalmau-carles\/wp-content\/uploads\/usu245\/2016\/03\/Dalmau-Carles-184x300.jpg\" alt=\"Dalmau Carles\" width=\"184\" height=\"300\" \/><\/a>s (Sant Cebri\u00e0 dels Alls, 1857 &#8211; Girona, 1928).<br \/>\nVa cr\u00e9ixer en una masia i aix\u00f2 va fer que tingu\u00e9s una gran estimaci\u00f3 vers la natura.<br \/>\nCom que venia d&#8217;una fam\u00edlia humil, durant la seva inf\u00e0ncia havia de treballar, quan sortia de l&#8217;escola, en un escorxador de suro.<br \/>\nEra molt treballador, tant a l&#8217;escola com a la feina, i l&#8217;estimaven molt a tot arreu.<br \/>\nAls tretze anys va anar a viure a Palam\u00f3s i va continuar treballant i estudiant alhora. Va comen\u00e7ar a fer petites publicacions als diaris.<br \/>\nEs va casar als 19 anys amb Maria Casademont i Riu.<\/p>\n<p style=\"text-align: justify;\">No estava gaire content amb la societat en qu\u00e8 vivia i durant la seva vida va lluitar per a millorar-la.<\/p>\n<p style=\"text-align: justify;\">Va comen\u00e7ar a fer classes gratu\u00eftes pels obrers. Els ensenyava a llegir i escriure. Els obrers estaven tan contents d&#8217;aprendre que li van demanar que fes classes als seus fills. Aix\u00f2 va despertar el seu amor per l&#8217;ensenyament i aix\u00ed va comen\u00e7ar la seva llarga traject\u00f2ria com a mestre.<\/p>\n<p style=\"text-align: justify;\">Va estudiar magisteri mentre treballava per a poder mantenir la seva fam\u00edlia. Va comen\u00e7ar el primer curs a l&#8217;escola Normal de mestres de Girona i l&#8217;any seg\u00fcent ja va obtenir el t\u00edtol de mestre de primera ensenyan\u00e7a.<br \/>\nVa continuar estudiant i treballant com a mestre durant tres anys, fins que va obtenir el t\u00edtol de grau superior amb nota excel\u00b7lent. Va treure&#8217;s les oposicions amb el n\u00famero 2 i va ser destinat a l&#8217;escola de Ventall\u00f3.<br \/>\nPer obtenir el m\u00e0xim grau de Mestre a la seva carrera, l&#8217;any 1883, va haver d&#8217;anar a finalitzar els estudis a Madrid. All\u00e0 es va relacionar amb personalitats que van influir en les seves idees. L&#8217;any 1884 va aconseguir el t\u00edtol a Madrid i el certificat d&#8217;estudis de l&#8217;especialitat d&#8217;ensenyament a sord-muts.<\/p>\n<p style=\"text-align: justify;\">La seva escola estava a l&#8217;edifici de &#8220;Les \u00c0ligues&#8221;, on actualment hi ha la Universitat de Girona. A causa del mal estat de l&#8217;edifici, Dalmau Carles va decidir fer l\u00b4escola a casa seva, per\u00f2 com que no hi cabien tants nens va haver de llogar un altre pis. L&#8217;Ajuntament, avergonyit, va pagar el lloguer del pis i el va arreglar. Cada cop tenia m\u00e9s alumnes i per aix\u00f2 necessitava locals m\u00e9s grans i altres mestres. La seva fama es va estendre per tota la ciutat i prov\u00edncia, fent que es valor\u00e9s m\u00e9s l&#8217;escola p\u00fablica.<br \/>\nA la seva escola no nom\u00e9s es donaven coneixements b\u00e0sics, sin\u00f3 que els preparava per a la vida professional i els ensenyava lleng\u00fces estrangeres. Va convertir casa seva en un internat.<br \/>\nFinalment, es va aconseguir la construcci\u00f3 del &#8220;Grupo escolar&#8221; d&#8217;on va ser director i que actualment \u00e9s l&#8217;escola Joan Bruguera.<\/p>\n<p style=\"text-align: justify;\">Va viure i treballar a Girona durant m\u00e9s de 40 anys seguits. Va crear un nou tipus d&#8217;escola p\u00fablica i va publicar molts llibres que van ser una revoluci\u00f3 per a l&#8217;ensenyament primari:<\/p>\n<ul style=\"list-style-type: square;\">\n<li style=\"text-align: justify;\">Lecciones de Aritm\u00e9tica 1\u00aa i 2\u00aa parte<\/li>\n<li style=\"text-align: justify;\">Aritm\u00e8tica raonada i nocions d&#8217;\u00e0lgebra<\/li>\n<li style=\"text-align: justify;\">Solucions anal\u00edtiques<\/li>\n<li style=\"text-align: justify;\">Rudimentos de Derecho<\/li>\n<li style=\"text-align: justify;\">M\u00e9todo completo de lectura: El camarada, Infancia, Lecciones de cosas, Deures, El primer manuscrit, El segon manuscrit<\/li>\n<li style=\"text-align: justify;\">M\u00e8todes de cal.ligrafia i escriptura vertical<\/li>\n<li style=\"text-align: justify;\">Enciclop\u00e8dia on es recollien les ensenyances reglament\u00e0ries a l&#8217;escola prim\u00e0ria<\/li>\n<\/ul>\n<p style=\"text-align: justify;\"><a href=\"http:\/\/agora.xtec.cat\/ceip-dalmau-carles\/wp-content\/uploads\/usu245\/2016\/03\/primermanuscrito.jpg\"><img loading=\"lazy\" decoding=\"async\" class=\"wp-image-210\" src=\"http:\/\/agora.xtec.cat\/ceip-dalmau-carles\/wp-content\/uploads\/usu245\/2016\/03\/aritm\u00e8tica.jpg\" alt=\"aritm\u00e8tica\" width=\"100\" height=\"154\" \/><img loading=\"lazy\" decoding=\"async\" class=\" wp-image-213 aligncenter\" src=\"http:\/\/agora.xtec.cat\/ceip-dalmau-carles\/wp-content\/uploads\/usu245\/2016\/03\/primermanuscrito.jpg\" alt=\"primermanuscrito\" width=\"100\" height=\"148\" \/><img loading=\"lazy\" decoding=\"async\" class=\" wp-image-212 alignright\" src=\"http:\/\/agora.xtec.cat\/ceip-dalmau-carles\/wp-content\/uploads\/usu245\/2016\/03\/Infancia.jpg\" alt=\"Infancia\" width=\"100\" height=\"155\" \/><\/a><\/p>\n","protected":false},"excerpt":{"rendered":"<p>BIOGRAFIA<br \/>\nJosep Dalmau Carle<a href=\"http:\/\/agora.xtec.cat\/ceip-dalmau-carles\/wp-content\/uploads\/usu245\/2016\/03\/Dalmau-Carles.jpg\"><\/a>s (Sant Cebri\u00e0 dels Alls, 1857 &#8211; Girona, 1928).<br \/>\nVa cr\u00e9ixer en una masia i aix\u00f2 va fer que tingu\u00e9s una gran estimaci\u00f3 vers la natura.<br \/>\nCom que venia d&#8217;una fam\u00edlia humil, durant la seva inf\u00e0ncia havia de treballar, quan sortia de l&#8217;escola, en&hellip;  <a href=\"https:\/\/agora.xtec.cat\/ceip-dalmau-carles\/lescola\/historia\/josep-dalmau-carles\/\" title=\"Read Josep Dalmau Carles\">Llegeix m\u00e9s\u00bb<\/a><\/p>\n","protected":false},"author":1,"featured_media":0,"parent":26,"menu_order":0,"comment_status":"closed","ping_status":"closed","template":"page-templates\/side-menu.php","meta":{"_bbp_topic_count":0,"_bbp_reply_count":0,"_bbp_total_topic_count":0,"_bbp_total_reply_count":0,"_bbp_voice_count":0,"_bbp_anonymous_reply_count":0,"_bbp_topic_count_hidden":0,"_bbp_reply_count_hidden":0,"_bbp_forum_subforum_count":0,"footnotes":""},"class_list":["post-209","page","type-page","status-publish","hentry"],"post_mailing_queue_ids":[],"_links":{"self":[{"href":"https:\/\/agora.xtec.cat\/ceip-dalmau-carles\/wp-json\/wp\/v2\/pages\/209","targetHints":{"allow":["GET"]}}],"collection":[{"href":"https:\/\/agora.xtec.cat\/ceip-dalmau-carles\/wp-json\/wp\/v2\/pages"}],"about":[{"href":"https:\/\/agora.xtec.cat\/ceip-dalmau-carles\/wp-json\/wp\/v2\/types\/page"}],"author":[{"embeddable":true,"href":"https:\/\/agora.xtec.cat\/ceip-dalmau-carles\/wp-json\/wp\/v2\/users\/1"}],"replies":[{"embeddable":true,"href":"https:\/\/agora.xtec.cat\/ceip-dalmau-carles\/wp-json\/wp\/v2\/comments?post=209"}],"version-history":[{"count":3,"href":"https:\/\/agora.xtec.cat\/ceip-dalmau-carles\/wp-json\/wp\/v2\/pages\/209\/revisions"}],"predecessor-version":[{"id":215,"href":"https:\/\/agora.xtec.cat\/ceip-dalmau-carles\/wp-json\/wp\/v2\/pages\/209\/revisions\/215"}],"up":[{"embeddable":true,"href":"https:\/\/agora.xtec.cat\/ceip-dalmau-carles\/wp-json\/wp\/v2\/pages\/26"}],"wp:attachment":[{"href":"https:\/\/agora.xtec.cat\/ceip-dalmau-carles\/wp-json\/wp\/v2\/media?parent=209"}],"curies":[{"name":"wp","href":"https:\/\/api.w.org\/{rel}","templated":true}]}}