{"id":2,"date":"2014-09-12T11:10:47","date_gmt":"2014-09-12T09:10:47","guid":{"rendered":"http:\/\/agora.xtec.cat\/ceip-dalmau-carles\/?page_id=2"},"modified":"2024-09-10T16:03:38","modified_gmt":"2024-09-10T14:03:38","slug":"pagina-exemple","status":"publish","type":"page","link":"https:\/\/agora.xtec.cat\/ceip-dalmau-carles\/serveis\/pagina-exemple\/","title":{"rendered":"Inici de curs 2024-2025"},"content":{"rendered":"<p>Benvolgudes fam\u00edlies<\/p>\n<p>Us presentem la normativa d&#8217;inici de curs que fem arribar a totes les fam\u00edlies perqu\u00e8 conegueu el calendari escolar aprovat en Consell Escolar i les dates dels dies festius i de lliure disposici\u00f3. Tamb\u00e9 trobareu informaci\u00f3 important que cal tenir present al funcionament del centre.<\/p>\n<p><a href=\"https:\/\/agora.xtec.cat\/ceip-dalmau-carles\/wp-content\/uploads\/usu245\/2024\/09\/Copia-de-Fulleto-INICI-CURS-2024-25.pdf\">C\u00f2pia de Fullet\u00f3 INICI CURS 2024-25<\/a><\/p>\n","protected":false},"excerpt":{"rendered":"<p>Benvolgudes fam\u00edlies<br \/>\nUs presentem la normativa d&#8217;inici de curs que fem arribar a totes les fam\u00edlies perqu\u00e8 conegueu el calendari escolar aprovat en Consell Escolar i les dates dels dies festius i de lliure disposici\u00f3. Tamb\u00e9 trobareu informaci\u00f3 important que cal tenir present al funcionament del&hellip;  <a href=\"https:\/\/agora.xtec.cat\/ceip-dalmau-carles\/serveis\/pagina-exemple\/\" title=\"Read Inici de curs 2024-2025\">Llegeix m\u00e9s\u00bb<\/a><\/p>\n","protected":false},"author":1,"featured_media":0,"parent":66,"menu_order":0,"comment_status":"closed","ping_status":"closed","template":"page-templates\/side-menu.php","meta":{"_bbp_topic_count":0,"_bbp_reply_count":0,"_bbp_total_topic_count":0,"_bbp_total_reply_count":0,"_bbp_voice_count":0,"_bbp_anonymous_reply_count":0,"_bbp_topic_count_hidden":0,"_bbp_reply_count_hidden":0,"_bbp_forum_subforum_count":0,"footnotes":""},"class_list":["post-2","page","type-page","status-publish","hentry"],"post_mailing_queue_ids":[],"_links":{"self":[{"href":"https:\/\/agora.xtec.cat\/ceip-dalmau-carles\/wp-json\/wp\/v2\/pages\/2","targetHints":{"allow":["GET"]}}],"collection":[{"href":"https:\/\/agora.xtec.cat\/ceip-dalmau-carles\/wp-json\/wp\/v2\/pages"}],"about":[{"href":"https:\/\/agora.xtec.cat\/ceip-dalmau-carles\/wp-json\/wp\/v2\/types\/page"}],"author":[{"embeddable":true,"href":"https:\/\/agora.xtec.cat\/ceip-dalmau-carles\/wp-json\/wp\/v2\/users\/1"}],"replies":[{"embeddable":true,"href":"https:\/\/agora.xtec.cat\/ceip-dalmau-carles\/wp-json\/wp\/v2\/comments?post=2"}],"version-history":[{"count":5,"href":"https:\/\/agora.xtec.cat\/ceip-dalmau-carles\/wp-json\/wp\/v2\/pages\/2\/revisions"}],"predecessor-version":[{"id":11305,"href":"https:\/\/agora.xtec.cat\/ceip-dalmau-carles\/wp-json\/wp\/v2\/pages\/2\/revisions\/11305"}],"up":[{"embeddable":true,"href":"https:\/\/agora.xtec.cat\/ceip-dalmau-carles\/wp-json\/wp\/v2\/pages\/66"}],"wp:attachment":[{"href":"https:\/\/agora.xtec.cat\/ceip-dalmau-carles\/wp-json\/wp\/v2\/media?parent=2"}],"curies":[{"name":"wp","href":"https:\/\/api.w.org\/{rel}","templated":true}]}}