{"id":26,"date":"2014-09-18T12:24:32","date_gmt":"2014-09-18T11:24:32","guid":{"rendered":"http:\/\/agora.xtec.cat\/ceip-cristofor-mestre\/?page_id=26"},"modified":"2026-02-14T23:06:09","modified_gmt":"2026-02-14T22:06:09","slug":"historia","status":"publish","type":"page","link":"https:\/\/agora.xtec.cat\/ceip-cristofor-mestre\/lescola\/historia\/","title":{"rendered":"Trets d&#8217;identitat"},"content":{"rendered":"<p>L<b>&#8216;escola Crist\u00f2for Mestre<\/b> \u00e9s un centre d&#8217;ensenyament p\u00fablic fundat l&#8217;any 1982, on s&#8217;imparteixen els estudis d&#8217;Educaci\u00f3 Infantil i Prim\u00e0ria.<\/p>\n<p>La cooperaci\u00f3, el respecte, la integraci\u00f3, la la\u00efcitat, la catalanitat i l&#8217;adaptaci\u00f3 als canvis s\u00f3n els valors que defineixen la nostra escola.<\/p>\n<p>La comunitat educativa del nostre centre promou un ensenyament innovador, comprom\u00e8s i personalitzat. Intenta atendre la diversitat a les aules i fomenta l&#8217;autonomia personal, la creativitat i l\u2019exercici de la llibertat.<\/p>\n<p>La nostra escola t\u00e9 la particularitat de ser un centre d\u2019agrupament d\u2019alumnat amb defici\u00e8ncia auditiva. Per aix\u00f2, comptem amb una aula de logop\u00e8dia i amb docents especialistes en audici\u00f3 i llenguatge.<\/p>\n<p>Ens proposem incentivar la participaci\u00f3 de l\u2019alumnat, eix principal de la nostra pr\u00e0ctica educativa, per formar persones responsables, justes, solid\u00e0ries, cr\u00edtiques i compromeses amb l\u2019entorn.<\/p>\n<p>L&#8217;escola Crist\u00f2for Mestre es proposa continuar amb el mateix grau d\u2019exig\u00e8ncia que l\u2019ha caracteritzat des de la seva fundaci\u00f3. Vol mantenir l\u2019impuls del professorat i l\u2019elevat nivell de coordinaci\u00f3 per tal de possibilitar a cada un dels nostres alumnes el seu desenvolupament personal, acad\u00e8mic i hum\u00e0 segons les seves capacitats.<\/p>\n<p>ENS PROPOSEM:<\/p>\n<p>\u00b7 Potenciar l\u2019\u00fas del la llengua catalana dins i fora de l\u2019aula.<\/p>\n<p>\u00b7 Facilitar la integraci\u00f3 de l&#8217;alumnat nouvingut, refor\u00e7ant els valors de catalanitat,\u00a0 solidaritat i respecte.<\/p>\n<p>\u00b7 Mantenir la participaci\u00f3 de l\u2019alumnat a trav\u00e9s de les assembles de classe i de les reunions del Consell d\u2019Alumnes.<\/p>\n<p>\u00b7 Fomentar un entorn de treball participatiu i motivador que faciliti la implicaci\u00f3 de tota la comunitat educativa en el projecte i funcionament del Centre<\/p>\n<p>\u00b7 Poder atendre la diversitat d\u2019alumnat que trobem a les nostres aules.<\/p>\n<p>\u00b7 Implicar a totes les fam\u00edlies en el proc\u00e9s educatiu dels seus fills\/es.<\/p>\n<p>\u00b7 Promoure cursos de formaci\u00f3 per al professorat per millorar la seva tasca docent.<\/p>\n<p>\u00b7 Continuar potenciant l\u2019\u00fas de les TAC dins les \u00e0rees curriculars.<\/p>\n<p>\u00b7 Impulsar accions que contribueixin a col\u00b7laborar en la preservaci\u00f3 del Medi Ambient.<\/p>\n<p>\u00b7 Dotar l\u2019alumnat dels instruments necessaris per tal que desenvolupi una actitud cr\u00edtica i responsable envers all\u00f2 que l&#8217;envolta.<\/p>\n<p>\u00b7 Avan\u00e7ar l\u2019ensenyament de la llengua anglesa a Ed. Infantil.<\/p>\n","protected":false},"excerpt":{"rendered":"<p>L&#8216;escola Crist\u00f2for Mestre \u00e9s un centre d&#8217;ensenyament p\u00fablic fundat l&#8217;any 1982, on s&#8217;imparteixen els estudis d&#8217;Educaci\u00f3 Infantil i Prim\u00e0ria. La cooperaci\u00f3, el respecte, la integraci\u00f3, la la\u00efcitat, la catalanitat i l&#8217;adaptaci\u00f3 als canvis s\u00f3n els valors que defineixen la nostra escola. La comunitat educativa del nostre centre promou un ensenyament innovador, comprom\u00e8s i personalitzat. Intenta [&hellip;]<\/p>\n","protected":false},"author":1,"featured_media":0,"parent":22,"menu_order":20,"comment_status":"closed","ping_status":"closed","template":"","meta":{"_bbp_topic_count":0,"_bbp_reply_count":0,"_bbp_total_topic_count":0,"_bbp_total_reply_count":0,"_bbp_voice_count":0,"_bbp_anonymous_reply_count":0,"_bbp_topic_count_hidden":0,"_bbp_reply_count_hidden":0,"_bbp_forum_subforum_count":0,"site-sidebar-layout":"default","site-content-layout":"","ast-site-content-layout":"default","site-content-style":"default","site-sidebar-style":"default","ast-global-header-display":"","ast-banner-title-visibility":"","ast-main-header-display":"","ast-hfb-above-header-display":"","ast-hfb-below-header-display":"","ast-hfb-mobile-header-display":"","site-post-title":"","ast-breadcrumbs-content":"","ast-featured-img":"","footer-sml-layout":"","theme-transparent-header-meta":"default","adv-header-id-meta":"","stick-header-meta":"","header-above-stick-meta":"","header-main-stick-meta":"","header-below-stick-meta":"","astra-migrate-meta-layouts":"set","ast-page-background-enabled":"default","ast-page-background-meta":{"desktop":{"background-color":"var(--ast-global-color-4)","background-image":"","background-repeat":"repeat","background-position":"center center","background-size":"auto","background-attachment":"scroll","background-type":"","background-media":"","overlay-type":"","overlay-color":"","overlay-opacity":"","overlay-gradient":""},"tablet":{"background-color":"","background-image":"","background-repeat":"repeat","background-position":"center center","background-size":"auto","background-attachment":"scroll","background-type":"","background-media":"","overlay-type":"","overlay-color":"","overlay-opacity":"","overlay-gradient":""},"mobile":{"background-color":"","background-image":"","background-repeat":"repeat","background-position":"center center","background-size":"auto","background-attachment":"scroll","background-type":"","background-media":"","overlay-type":"","overlay-color":"","overlay-opacity":"","overlay-gradient":""}},"ast-content-background-meta":{"desktop":{"background-color":"var(--ast-global-color-5)","background-image":"","background-repeat":"repeat","background-position":"center center","background-size":"auto","background-attachment":"scroll","background-type":"","background-media":"","overlay-type":"","overlay-color":"","overlay-opacity":"","overlay-gradient":""},"tablet":{"background-color":"var(--ast-global-color-5)","background-image":"","background-repeat":"repeat","background-position":"center center","background-size":"auto","background-attachment":"scroll","background-type":"","background-media":"","overlay-type":"","overlay-color":"","overlay-opacity":"","overlay-gradient":""},"mobile":{"background-color":"var(--ast-global-color-5)","background-image":"","background-repeat":"repeat","background-position":"center center","background-size":"auto","background-attachment":"scroll","background-type":"","background-media":"","overlay-type":"","overlay-color":"","overlay-opacity":"","overlay-gradient":""}},"footnotes":""},"class_list":["post-26","page","type-page","status-publish","hentry"],"post_mailing_queue_ids":[],"_links":{"self":[{"href":"https:\/\/agora.xtec.cat\/ceip-cristofor-mestre\/wp-json\/wp\/v2\/pages\/26","targetHints":{"allow":["GET"]}}],"collection":[{"href":"https:\/\/agora.xtec.cat\/ceip-cristofor-mestre\/wp-json\/wp\/v2\/pages"}],"about":[{"href":"https:\/\/agora.xtec.cat\/ceip-cristofor-mestre\/wp-json\/wp\/v2\/types\/page"}],"author":[{"embeddable":true,"href":"https:\/\/agora.xtec.cat\/ceip-cristofor-mestre\/wp-json\/wp\/v2\/users\/1"}],"replies":[{"embeddable":true,"href":"https:\/\/agora.xtec.cat\/ceip-cristofor-mestre\/wp-json\/wp\/v2\/comments?post=26"}],"version-history":[{"count":5,"href":"https:\/\/agora.xtec.cat\/ceip-cristofor-mestre\/wp-json\/wp\/v2\/pages\/26\/revisions"}],"predecessor-version":[{"id":8506,"href":"https:\/\/agora.xtec.cat\/ceip-cristofor-mestre\/wp-json\/wp\/v2\/pages\/26\/revisions\/8506"}],"up":[{"embeddable":true,"href":"https:\/\/agora.xtec.cat\/ceip-cristofor-mestre\/wp-json\/wp\/v2\/pages\/22"}],"wp:attachment":[{"href":"https:\/\/agora.xtec.cat\/ceip-cristofor-mestre\/wp-json\/wp\/v2\/media?parent=26"}],"curies":[{"name":"wp","href":"https:\/\/api.w.org\/{rel}","templated":true}]}}