{"id":2491,"date":"2020-02-04T17:47:23","date_gmt":"2020-02-04T16:47:23","guid":{"rendered":"https:\/\/agora.xtec.cat\/ceip-cristofor-mestre\/?page_id=2491"},"modified":"2021-02-26T16:00:11","modified_gmt":"2021-02-26T15:00:11","slug":"escola-saludable","status":"publish","type":"page","link":"https:\/\/agora.xtec.cat\/ceip-cristofor-mestre\/projectes-escolars\/escola-saludable\/","title":{"rendered":"Escola Saludable"},"content":{"rendered":"<p><a href=\"https:\/\/www.canva.com\/design\/DAD7wka78L8\/dRsOyznjTyU9ZxrmYWXwuA\/view?utm_content=DAD7wka78L8&amp;utm_campaign=designshare&amp;utm_medium=link&amp;utm_source=publishsharelinkhttp:\/\/\" target=\"_blank\" rel=\"noopener noreferrer\"><span style=\"color: #000000;\">Des de l&#8217;escola ens proposem fomentar h\u00e0bits saludables incidint en determinats aspectes com s\u00f3n:<\/span><\/a><\/p>\n<ul>\n<li>Promoci\u00f3 de l&#8217;activitat f\u00edsica i esportiva.<\/li>\n<li>Activitats relacionades amb la salut i la higiene.<\/li>\n<li>Consells sobre alimentaci\u00f3 saludable.<\/li>\n<li>Propostes per tenir cura del medi ambient.<\/li>\n<\/ul>\n<p><a href=\"https:\/\/www.canva.com\/design\/DAD7wka78L8\/dRsOyznjTyU9ZxrmYWXwuA\/view?utm_content=DAD7wka78L8&amp;utm_campaign=designshare&amp;utm_medium=link&amp;utm_source=publishsharelinkhttp:\/\/\" target=\"_blank\" rel=\"noopener noreferrer\"><img loading=\"lazy\" decoding=\"async\" class=\"aligncenter wp-image-4038\" src=\"https:\/\/agora.xtec.cat\/ceip-cristofor-mestre\/wp-content\/uploads\/usu89\/2021\/02\/Captura-2-300x169.jpg\" alt=\"\" width=\"400\" height=\"225\" srcset=\"https:\/\/agora.xtec.cat\/ceip-cristofor-mestre\/wp-content\/uploads\/usu89\/2021\/02\/Captura-2-300x169.jpg 300w, https:\/\/agora.xtec.cat\/ceip-cristofor-mestre\/wp-content\/uploads\/usu89\/2021\/02\/Captura-2-768x432.jpg 768w, https:\/\/agora.xtec.cat\/ceip-cristofor-mestre\/wp-content\/uploads\/usu89\/2021\/02\/Captura-2-1024x576.jpg 1024w, https:\/\/agora.xtec.cat\/ceip-cristofor-mestre\/wp-content\/uploads\/usu89\/2021\/02\/Captura-2.jpg 1181w\" sizes=\"auto, (max-width: 400px) 100vw, 400px\" \/><\/a><\/p>\n<p>&nbsp;<\/p>\n","protected":false},"excerpt":{"rendered":"<p>Des de l&#8217;escola ens proposem fomentar h\u00e0bits saludables incidint en determinats aspectes com s\u00f3n: Promoci\u00f3 de l&#8217;activitat f\u00edsica i esportiva. Activitats relacionades amb la salut i la higiene. Consells sobre alimentaci\u00f3 saludable. Propostes per tenir cura del medi ambient. &nbsp;<\/p>\n","protected":false},"author":1,"featured_media":0,"parent":2468,"menu_order":60,"comment_status":"closed","ping_status":"closed","template":"page-templates\/side-menu.php","meta":{"_bbp_topic_count":0,"_bbp_reply_count":0,"_bbp_total_topic_count":0,"_bbp_total_reply_count":0,"_bbp_voice_count":0,"_bbp_anonymous_reply_count":0,"_bbp_topic_count_hidden":0,"_bbp_reply_count_hidden":0,"_bbp_forum_subforum_count":0,"site-sidebar-layout":"default","site-content-layout":"","ast-site-content-layout":"","site-content-style":"default","site-sidebar-style":"default","ast-global-header-display":"","ast-banner-title-visibility":"","ast-main-header-display":"","ast-hfb-above-header-display":"","ast-hfb-below-header-display":"","ast-hfb-mobile-header-display":"","site-post-title":"","ast-breadcrumbs-content":"","ast-featured-img":"","footer-sml-layout":"","theme-transparent-header-meta":"","adv-header-id-meta":"","stick-header-meta":"","header-above-stick-meta":"","header-main-stick-meta":"","header-below-stick-meta":"","astra-migrate-meta-layouts":"default","ast-page-background-enabled":"default","ast-page-background-meta":{"desktop":{"background-color":"var(--ast-global-color-4)","background-image":"","background-repeat":"repeat","background-position":"center center","background-size":"auto","background-attachment":"scroll","background-type":"","background-media":"","overlay-type":"","overlay-color":"","overlay-opacity":"","overlay-gradient":""},"tablet":{"background-color":"","background-image":"","background-repeat":"repeat","background-position":"center center","background-size":"auto","background-attachment":"scroll","background-type":"","background-media":"","overlay-type":"","overlay-color":"","overlay-opacity":"","overlay-gradient":""},"mobile":{"background-color":"","background-image":"","background-repeat":"repeat","background-position":"center center","background-size":"auto","background-attachment":"scroll","background-type":"","background-media":"","overlay-type":"","overlay-color":"","overlay-opacity":"","overlay-gradient":""}},"ast-content-background-meta":{"desktop":{"background-color":"var(--ast-global-color-5)","background-image":"","background-repeat":"repeat","background-position":"center center","background-size":"auto","background-attachment":"scroll","background-type":"","background-media":"","overlay-type":"","overlay-color":"","overlay-opacity":"","overlay-gradient":""},"tablet":{"background-color":"var(--ast-global-color-5)","background-image":"","background-repeat":"repeat","background-position":"center center","background-size":"auto","background-attachment":"scroll","background-type":"","background-media":"","overlay-type":"","overlay-color":"","overlay-opacity":"","overlay-gradient":""},"mobile":{"background-color":"var(--ast-global-color-5)","background-image":"","background-repeat":"repeat","background-position":"center center","background-size":"auto","background-attachment":"scroll","background-type":"","background-media":"","overlay-type":"","overlay-color":"","overlay-opacity":"","overlay-gradient":""}},"footnotes":""},"class_list":["post-2491","page","type-page","status-publish","hentry"],"post_mailing_queue_ids":[],"_links":{"self":[{"href":"https:\/\/agora.xtec.cat\/ceip-cristofor-mestre\/wp-json\/wp\/v2\/pages\/2491","targetHints":{"allow":["GET"]}}],"collection":[{"href":"https:\/\/agora.xtec.cat\/ceip-cristofor-mestre\/wp-json\/wp\/v2\/pages"}],"about":[{"href":"https:\/\/agora.xtec.cat\/ceip-cristofor-mestre\/wp-json\/wp\/v2\/types\/page"}],"author":[{"embeddable":true,"href":"https:\/\/agora.xtec.cat\/ceip-cristofor-mestre\/wp-json\/wp\/v2\/users\/1"}],"replies":[{"embeddable":true,"href":"https:\/\/agora.xtec.cat\/ceip-cristofor-mestre\/wp-json\/wp\/v2\/comments?post=2491"}],"version-history":[{"count":3,"href":"https:\/\/agora.xtec.cat\/ceip-cristofor-mestre\/wp-json\/wp\/v2\/pages\/2491\/revisions"}],"predecessor-version":[{"id":4044,"href":"https:\/\/agora.xtec.cat\/ceip-cristofor-mestre\/wp-json\/wp\/v2\/pages\/2491\/revisions\/4044"}],"up":[{"embeddable":true,"href":"https:\/\/agora.xtec.cat\/ceip-cristofor-mestre\/wp-json\/wp\/v2\/pages\/2468"}],"wp:attachment":[{"href":"https:\/\/agora.xtec.cat\/ceip-cristofor-mestre\/wp-json\/wp\/v2\/media?parent=2491"}],"curies":[{"name":"wp","href":"https:\/\/api.w.org\/{rel}","templated":true}]}}