{"id":2486,"date":"2020-02-04T17:41:53","date_gmt":"2020-02-04T16:41:53","guid":{"rendered":"https:\/\/agora.xtec.cat\/ceip-cristofor-mestre\/?page_id=2486"},"modified":"2026-02-14T21:31:52","modified_gmt":"2026-02-14T20:31:52","slug":"pedagogia-restaurativa","status":"publish","type":"page","link":"https:\/\/agora.xtec.cat\/ceip-cristofor-mestre\/projectes-escolars\/pedagogia-restaurativa\/","title":{"rendered":"Pedagogia Restaurativa"},"content":{"rendered":"<p data-start=\"236\" data-end=\"567\">La <strong data-start=\"239\" data-end=\"265\">pedagogia restaurativa<\/strong> \u00e9s un enfocament educatiu que posa les <strong data-start=\"305\" data-end=\"339\">relacions i la responsabilitat<\/strong> al centre del proc\u00e9s d\u2019aprenentatge. Es basa en la comprensi\u00f3, el di\u00e0leg i la resoluci\u00f3 positiva de conflictes, amb l\u2019objectiu de <strong data-start=\"470\" data-end=\"555\">restaurar les relacions quan sorgeixen conflictes i fomentar un clima de respecte<\/strong> a l\u2019aula.<\/p>\n<hr data-start=\"569\" data-end=\"572\" \/>\n<h4 data-start=\"574\" data-end=\"592\"><strong data-start=\"577\" data-end=\"590\">Objectius<\/strong><\/h4>\n<ul data-start=\"593\" data-end=\"1015\">\n<li data-start=\"593\" data-end=\"678\">\n<p data-start=\"595\" data-end=\"678\">Promoure la <strong data-start=\"607\" data-end=\"631\">conviv\u00e8ncia positiva<\/strong> i la responsabilitat personal i col\u00b7lectiva.<\/p>\n<\/li>\n<li data-start=\"679\" data-end=\"792\">\n<p data-start=\"681\" data-end=\"792\">Desenvolupar <strong data-start=\"694\" data-end=\"729\">habilitats socials i emocionals<\/strong>, com l\u2019empatia, l\u2019escolta activa i la comunicaci\u00f3 assertiva.<\/p>\n<\/li>\n<li data-start=\"793\" data-end=\"917\">\n<p data-start=\"795\" data-end=\"917\">Facilitar la <strong data-start=\"808\" data-end=\"848\">resoluci\u00f3 constructiva de conflictes<\/strong>, centrant-se en la reparaci\u00f3 del dany i la restauraci\u00f3 de vincles.<\/p>\n<\/li>\n<li data-start=\"918\" data-end=\"1015\">\n<p data-start=\"920\" data-end=\"1015\">Millorar el <strong data-start=\"932\" data-end=\"949\">clima escolar<\/strong>, fomentant la cooperaci\u00f3 i la participaci\u00f3 activa de l\u2019alumnat.<\/p>\n<\/li>\n<\/ul>\n<hr data-start=\"1017\" data-end=\"1020\" \/>\n<h4 data-start=\"1022\" data-end=\"1052\"><strong data-start=\"1025\" data-end=\"1050\">Funcionament a l\u2019aula<\/strong><\/h4>\n<ul data-start=\"1053\" data-end=\"1459\">\n<li data-start=\"1053\" data-end=\"1150\">\n<p data-start=\"1055\" data-end=\"1150\"><strong data-start=\"1055\" data-end=\"1080\">Cercles restauratius:<\/strong> espais de conversa estructurats per parlar i escoltar amb respecte.<\/p>\n<\/li>\n<li data-start=\"1151\" data-end=\"1259\">\n<p data-start=\"1153\" data-end=\"1259\"><strong data-start=\"1153\" data-end=\"1181\">Resoluci\u00f3 de conflictes:<\/strong> identificar problemes, recon\u00e8ixer emocions i buscar solucions consensuades.<\/p>\n<\/li>\n<li data-start=\"1260\" data-end=\"1356\">\n<p data-start=\"1262\" data-end=\"1356\"><strong data-start=\"1262\" data-end=\"1289\">Reparaci\u00f3 de relacions:<\/strong> restaurar la confian\u00e7a quan hi ha hagut malentesos o conflictes.<\/p>\n<\/li>\n<li data-start=\"1357\" data-end=\"1459\">\n<p data-start=\"1359\" data-end=\"1459\"><strong data-start=\"1359\" data-end=\"1387\">Reflexi\u00f3 i aprenentatge:<\/strong> afavorir la presa de consci\u00e8ncia personal i l\u2019aprenentatge emocional.<\/p>\n<\/li>\n<\/ul>\n<hr data-start=\"1461\" data-end=\"1464\" \/>\n<h4 data-start=\"1466\" data-end=\"1484\"><strong data-start=\"1469\" data-end=\"1482\">Beneficis<\/strong><\/h4>\n<ul data-start=\"1485\" data-end=\"1730\">\n<li data-start=\"1485\" data-end=\"1541\">\n<p data-start=\"1487\" data-end=\"1541\">Millora el clima de l\u2019aula i la conviv\u00e8ncia escolar.<\/p>\n<\/li>\n<li data-start=\"1542\" data-end=\"1607\">\n<p data-start=\"1544\" data-end=\"1607\">Fomenta <strong data-start=\"1552\" data-end=\"1591\">empatia, respecte i responsabilitat<\/strong> en l\u2019alumnat.<\/p>\n<\/li>\n<li data-start=\"1608\" data-end=\"1654\">\n<p data-start=\"1610\" data-end=\"1654\">Redueix conflictes i promou la cooperaci\u00f3.<\/p>\n<\/li>\n<li data-start=\"1655\" data-end=\"1730\">\n<p data-start=\"1657\" data-end=\"1730\">Potencia la <strong data-start=\"1669\" data-end=\"1714\">gesti\u00f3 emocional i les habilitats socials<\/strong> de l\u2019alumnat.<\/p>\n<\/li>\n<\/ul>\n<h4 style=\"text-align: center;\"><\/h4>\n","protected":false},"excerpt":{"rendered":"<p>La pedagogia restaurativa \u00e9s un enfocament educatiu que posa les relacions i la responsabilitat al centre del proc\u00e9s d\u2019aprenentatge. Es basa en la comprensi\u00f3, el di\u00e0leg i la resoluci\u00f3 positiva de conflictes, amb l\u2019objectiu de restaurar les relacions quan sorgeixen conflictes i fomentar un clima de respecte a l\u2019aula. Objectius Promoure la conviv\u00e8ncia positiva i [&hellip;]<\/p>\n","protected":false},"author":1,"featured_media":0,"parent":2468,"menu_order":4,"comment_status":"closed","ping_status":"closed","template":"","meta":{"_bbp_topic_count":0,"_bbp_reply_count":0,"_bbp_total_topic_count":0,"_bbp_total_reply_count":0,"_bbp_voice_count":0,"_bbp_anonymous_reply_count":0,"_bbp_topic_count_hidden":0,"_bbp_reply_count_hidden":0,"_bbp_forum_subforum_count":0,"site-sidebar-layout":"default","site-content-layout":"","ast-site-content-layout":"default","site-content-style":"default","site-sidebar-style":"default","ast-global-header-display":"","ast-banner-title-visibility":"","ast-main-header-display":"","ast-hfb-above-header-display":"","ast-hfb-below-header-display":"","ast-hfb-mobile-header-display":"","site-post-title":"","ast-breadcrumbs-content":"","ast-featured-img":"","footer-sml-layout":"","theme-transparent-header-meta":"default","adv-header-id-meta":"","stick-header-meta":"","header-above-stick-meta":"","header-main-stick-meta":"","header-below-stick-meta":"","astra-migrate-meta-layouts":"set","ast-page-background-enabled":"default","ast-page-background-meta":{"desktop":{"background-color":"var(--ast-global-color-4)","background-image":"","background-repeat":"repeat","background-position":"center center","background-size":"auto","background-attachment":"scroll","background-type":"","background-media":"","overlay-type":"","overlay-color":"","overlay-opacity":"","overlay-gradient":""},"tablet":{"background-color":"","background-image":"","background-repeat":"repeat","background-position":"center center","background-size":"auto","background-attachment":"scroll","background-type":"","background-media":"","overlay-type":"","overlay-color":"","overlay-opacity":"","overlay-gradient":""},"mobile":{"background-color":"","background-image":"","background-repeat":"repeat","background-position":"center center","background-size":"auto","background-attachment":"scroll","background-type":"","background-media":"","overlay-type":"","overlay-color":"","overlay-opacity":"","overlay-gradient":""}},"ast-content-background-meta":{"desktop":{"background-color":"var(--ast-global-color-5)","background-image":"","background-repeat":"repeat","background-position":"center center","background-size":"auto","background-attachment":"scroll","background-type":"","background-media":"","overlay-type":"","overlay-color":"","overlay-opacity":"","overlay-gradient":""},"tablet":{"background-color":"var(--ast-global-color-5)","background-image":"","background-repeat":"repeat","background-position":"center center","background-size":"auto","background-attachment":"scroll","background-type":"","background-media":"","overlay-type":"","overlay-color":"","overlay-opacity":"","overlay-gradient":""},"mobile":{"background-color":"var(--ast-global-color-5)","background-image":"","background-repeat":"repeat","background-position":"center center","background-size":"auto","background-attachment":"scroll","background-type":"","background-media":"","overlay-type":"","overlay-color":"","overlay-opacity":"","overlay-gradient":""}},"footnotes":""},"class_list":["post-2486","page","type-page","status-publish","hentry"],"post_mailing_queue_ids":[],"_links":{"self":[{"href":"https:\/\/agora.xtec.cat\/ceip-cristofor-mestre\/wp-json\/wp\/v2\/pages\/2486","targetHints":{"allow":["GET"]}}],"collection":[{"href":"https:\/\/agora.xtec.cat\/ceip-cristofor-mestre\/wp-json\/wp\/v2\/pages"}],"about":[{"href":"https:\/\/agora.xtec.cat\/ceip-cristofor-mestre\/wp-json\/wp\/v2\/types\/page"}],"author":[{"embeddable":true,"href":"https:\/\/agora.xtec.cat\/ceip-cristofor-mestre\/wp-json\/wp\/v2\/users\/1"}],"replies":[{"embeddable":true,"href":"https:\/\/agora.xtec.cat\/ceip-cristofor-mestre\/wp-json\/wp\/v2\/comments?post=2486"}],"version-history":[{"count":5,"href":"https:\/\/agora.xtec.cat\/ceip-cristofor-mestre\/wp-json\/wp\/v2\/pages\/2486\/revisions"}],"predecessor-version":[{"id":3013,"href":"https:\/\/agora.xtec.cat\/ceip-cristofor-mestre\/wp-json\/wp\/v2\/pages\/2486\/revisions\/3013"}],"up":[{"embeddable":true,"href":"https:\/\/agora.xtec.cat\/ceip-cristofor-mestre\/wp-json\/wp\/v2\/pages\/2468"}],"wp:attachment":[{"href":"https:\/\/agora.xtec.cat\/ceip-cristofor-mestre\/wp-json\/wp\/v2\/media?parent=2486"}],"curies":[{"name":"wp","href":"https:\/\/api.w.org\/{rel}","templated":true}]}}