{"id":22,"date":"2014-09-18T12:19:57","date_gmt":"2014-09-18T11:19:57","guid":{"rendered":"http:\/\/agora.xtec.cat\/ceip-cristofor-mestre\/?page_id=22"},"modified":"2017-03-06T10:59:05","modified_gmt":"2017-03-06T09:59:05","slug":"lescola","status":"publish","type":"page","link":"https:\/\/agora.xtec.cat\/ceip-cristofor-mestre\/lescola\/","title":{"rendered":"L&#8217;escola"},"content":{"rendered":"<p>La nostra escola \u00e9s oberta, laica, pluralista i democr\u00e0tica.<br \/>\nFomentem el respecte vers altres cultures, religions i maneres de pensar.<br \/>\nDefugim de qualsevol discriminaci\u00f3 i ens oferim a la societat com una comunitat on tothom \u00e9s\u00a0acceptat, on tothom pot dialogar, escoltar i ser escoltat i on tots i totes els que hi participem ens sentim responsables.<br \/>\nFomentem la igualtat entre els sexes, preparant als infants per a una vida adulta sense prejudicis ni\u00a0discriminacions.<br \/>\nPretenem donar la formaci\u00f3, instrucci\u00f3 i eines necess\u00e0ries perqu\u00e8 l&#8217;alumnat adquireixi mica a\u00a0mica la capacitat d&#8217;integraci\u00f3 necess\u00e0ria per poder-se desenvolupar a la societat actual.<br \/>\nSom escola catalana i, per tant, la llengua que utilitzem com a vehicle de comunicaci\u00f3\u00a0\u00e9s la catalana. L&#8217;aprenentatge de la llengua castellana i de la llengua estrangera queda\u00a0concretat en el Projecte Ling\u00fc\u00edstic.<br \/>\nProcurem que el nen i la nena visquin la cultura, les tradicions i el coneixement de la seva\u00a0realitat m\u00e9s propera, \u00e9s a dir, Catalunya.<\/p>\n","protected":false},"excerpt":{"rendered":"<p>La nostra escola \u00e9s oberta, laica, pluralista i democr\u00e0tica. Fomentem el respecte vers altres cultures, religions i maneres de pensar. Defugim de qualsevol discriminaci\u00f3 i ens oferim a la societat com una comunitat on tothom \u00e9s\u00a0acceptat, on tothom pot dialogar, escoltar i ser escoltat i on tots i totes els que hi participem ens sentim [&hellip;]<\/p>\n","protected":false},"author":1,"featured_media":0,"parent":0,"menu_order":0,"comment_status":"closed","ping_status":"closed","template":"page-templates\/side-menu.php","meta":{"_bbp_topic_count":0,"_bbp_reply_count":0,"_bbp_total_topic_count":0,"_bbp_total_reply_count":0,"_bbp_voice_count":0,"_bbp_anonymous_reply_count":0,"_bbp_topic_count_hidden":0,"_bbp_reply_count_hidden":0,"_bbp_forum_subforum_count":0,"site-sidebar-layout":"default","site-content-layout":"","ast-site-content-layout":"","site-content-style":"default","site-sidebar-style":"default","ast-global-header-display":"","ast-banner-title-visibility":"","ast-main-header-display":"","ast-hfb-above-header-display":"","ast-hfb-below-header-display":"","ast-hfb-mobile-header-display":"","site-post-title":"","ast-breadcrumbs-content":"","ast-featured-img":"","footer-sml-layout":"","theme-transparent-header-meta":"","adv-header-id-meta":"","stick-header-meta":"","header-above-stick-meta":"","header-main-stick-meta":"","header-below-stick-meta":"","astra-migrate-meta-layouts":"default","ast-page-background-enabled":"default","ast-page-background-meta":{"desktop":{"background-color":"var(--ast-global-color-4)","background-image":"","background-repeat":"repeat","background-position":"center center","background-size":"auto","background-attachment":"scroll","background-type":"","background-media":"","overlay-type":"","overlay-color":"","overlay-opacity":"","overlay-gradient":""},"tablet":{"background-color":"","background-image":"","background-repeat":"repeat","background-position":"center center","background-size":"auto","background-attachment":"scroll","background-type":"","background-media":"","overlay-type":"","overlay-color":"","overlay-opacity":"","overlay-gradient":""},"mobile":{"background-color":"","background-image":"","background-repeat":"repeat","background-position":"center center","background-size":"auto","background-attachment":"scroll","background-type":"","background-media":"","overlay-type":"","overlay-color":"","overlay-opacity":"","overlay-gradient":""}},"ast-content-background-meta":{"desktop":{"background-color":"var(--ast-global-color-5)","background-image":"","background-repeat":"repeat","background-position":"center center","background-size":"auto","background-attachment":"scroll","background-type":"","background-media":"","overlay-type":"","overlay-color":"","overlay-opacity":"","overlay-gradient":""},"tablet":{"background-color":"var(--ast-global-color-5)","background-image":"","background-repeat":"repeat","background-position":"center center","background-size":"auto","background-attachment":"scroll","background-type":"","background-media":"","overlay-type":"","overlay-color":"","overlay-opacity":"","overlay-gradient":""},"mobile":{"background-color":"var(--ast-global-color-5)","background-image":"","background-repeat":"repeat","background-position":"center center","background-size":"auto","background-attachment":"scroll","background-type":"","background-media":"","overlay-type":"","overlay-color":"","overlay-opacity":"","overlay-gradient":""}},"footnotes":""},"class_list":["post-22","page","type-page","status-publish","hentry"],"post_mailing_queue_ids":[],"_links":{"self":[{"href":"https:\/\/agora.xtec.cat\/ceip-cristofor-mestre\/wp-json\/wp\/v2\/pages\/22","targetHints":{"allow":["GET"]}}],"collection":[{"href":"https:\/\/agora.xtec.cat\/ceip-cristofor-mestre\/wp-json\/wp\/v2\/pages"}],"about":[{"href":"https:\/\/agora.xtec.cat\/ceip-cristofor-mestre\/wp-json\/wp\/v2\/types\/page"}],"author":[{"embeddable":true,"href":"https:\/\/agora.xtec.cat\/ceip-cristofor-mestre\/wp-json\/wp\/v2\/users\/1"}],"replies":[{"embeddable":true,"href":"https:\/\/agora.xtec.cat\/ceip-cristofor-mestre\/wp-json\/wp\/v2\/comments?post=22"}],"version-history":[{"count":3,"href":"https:\/\/agora.xtec.cat\/ceip-cristofor-mestre\/wp-json\/wp\/v2\/pages\/22\/revisions"}],"predecessor-version":[{"id":684,"href":"https:\/\/agora.xtec.cat\/ceip-cristofor-mestre\/wp-json\/wp\/v2\/pages\/22\/revisions\/684"}],"wp:attachment":[{"href":"https:\/\/agora.xtec.cat\/ceip-cristofor-mestre\/wp-json\/wp\/v2\/media?parent=22"}],"curies":[{"name":"wp","href":"https:\/\/api.w.org\/{rel}","templated":true}]}}