{"id":867,"date":"2017-04-20T23:54:22","date_gmt":"2017-04-20T21:54:22","guid":{"rendered":"http:\/\/agora.xtec.cat\/ceip-cossetania\/?page_id=867"},"modified":"2023-10-25T11:27:32","modified_gmt":"2023-10-25T09:27:32","slug":"la-junta","status":"publish","type":"page","link":"https:\/\/agora.xtec.cat\/ceip-cossetania\/lescola\/afa\/la-junta\/","title":{"rendered":"La junta"},"content":{"rendered":"<ul>\n<li>La <strong>Junta Directiva<\/strong> de l\u2019AFA est\u00e0 composta per:\n<ul>\n<li><strong>President:<\/strong> \u00a0Laura Gil<\/li>\n<li><strong>Secret\u00e0ria: <\/strong>Cristina Tanco<\/li>\n<li><strong>Tresoreria: <\/strong>Dani Serradell<strong><br \/>\n<\/strong><\/li>\n<\/ul>\n<\/li>\n<\/ul>\n<p>A m\u00e9s a m\u00e9s, en formen part els vocals de les seg\u00fcents<\/p>\n<ul>\n<li>\n<h4><strong>COMISSIONS<\/strong><\/h4>\n<ul>\n<li><strong>Menjador: <\/strong><span dir=\"ltr\" role=\"presentation\">Cristina Tanco i Montse Ferrer.<\/span><\/li>\n<li><strong>Extraescolars:<\/strong> <span dir=\"ltr\" role=\"presentation\"> Maria Bascu\u00f1ana, Marta Larrosa i Rosa Mallol<\/span><\/li>\n<li><strong>Festes:<\/strong> Cristina Tanco, Laura Gil i Carme Est\u00e9vez<\/li>\n<li><strong>Biblioteca i Reciclatge de llibres de text:\u00a0 <\/strong><span dir=\"ltr\" role=\"presentation\"> Maria Bascu\u00f1ana<\/span><\/li>\n<li><strong>Comunicaci\u00f3:<\/strong><\/li>\n<li><strong>Comunicaci\u00f3 (Delegats, xarxes socials i Web de l&#8217;AFA):<\/strong> <span dir=\"ltr\" role=\"presentation\">Aida Navales, Carme Estevez i Cristina Tanco<br \/>\n<\/span><\/li>\n<li><strong>G\u00e8nere:<\/strong><\/li>\n<li><strong>Comissi\u00f3 Pedag\u00f2gica: <\/strong>Anna Rovira i Carme Est\u00e9vez<\/li>\n<li><strong>Camins escolars:<\/strong> Aida Navales<\/li>\n<li><strong>Representant al Consell escolar:<\/strong> <span dir=\"ltr\" role=\"presentation\">Marta Larrosa.<\/span><\/li>\n<li><strong>Enlla\u00e7 Consell d&#8217;AFA municipal:<\/strong> Aida Navales<\/li>\n<\/ul>\n<\/li>\n<\/ul>\n","protected":false},"excerpt":{"rendered":"<ul>\n<li>La Junta Directiva de l\u2019AFA est\u00e0 composta per:\n<ul>\n<li>President: \u00a0Laura Gil<\/li>\n<li>Secret\u00e0ria: Cristina Tanco<\/li>\n<li>Tresoreria: Dani Serradell\n<\/li>\n<\/ul>\n<\/li>\n<\/ul>\n<p>A m\u00e9s a m\u00e9s, en formen part els vocals de les seg\u00fcents<\/p>\n<ul>\n<li>\nCOMISSIONS<\/p>\n<ul>\n<li>Menjador: Cristina Tanco i Montse Ferrer.<\/li>\n<li>Extraescolars:  Maria Bascu\u00f1ana, Marta Larrosa i Rosa Mallol<\/li>\n<li>Festes: Cristina Tanco, Laura Gil i Carme Est\u00e9vez<\/li>\n<li>Biblioteca&hellip;  <a href=\"https:\/\/agora.xtec.cat\/ceip-cossetania\/lescola\/afa\/la-junta\/\" title=\"Read La junta\">Llegeix m\u00e9s\u00bb<\/a><br \/>\n","protected":false},"author":1,"featured_media":0,"parent":857,"menu_order":9,"comment_status":"closed","ping_status":"closed","template":"page-templates\/side-menu.php","meta":{"_bbp_topic_count":0,"_bbp_reply_count":0,"_bbp_total_topic_count":0,"_bbp_total_reply_count":0,"_bbp_voice_count":0,"_bbp_anonymous_reply_count":0,"_bbp_topic_count_hidden":0,"_bbp_reply_count_hidden":0,"_bbp_forum_subforum_count":0,"footnotes":""},"class_list":["post-867","page","type-page","status-publish","hentry"],"post_mailing_queue_ids":[],"_links":{"self":[{"href":"https:\/\/agora.xtec.cat\/ceip-cossetania\/wp-json\/wp\/v2\/pages\/867","targetHints":{"allow":["GET"]}}],"collection":[{"href":"https:\/\/agora.xtec.cat\/ceip-cossetania\/wp-json\/wp\/v2\/pages"}],"about":[{"href":"https:\/\/agora.xtec.cat\/ceip-cossetania\/wp-json\/wp\/v2\/types\/page"}],"author":[{"embeddable":true,"href":"https:\/\/agora.xtec.cat\/ceip-cossetania\/wp-json\/wp\/v2\/users\/1"}],"replies":[{"embeddable":true,"href":"https:\/\/agora.xtec.cat\/ceip-cossetania\/wp-json\/wp\/v2\/comments?post=867"}],"version-history":[{"count":5,"href":"https:\/\/agora.xtec.cat\/ceip-cossetania\/wp-json\/wp\/v2\/pages\/867\/revisions"}],"predecessor-version":[{"id":5364,"href":"https:\/\/agora.xtec.cat\/ceip-cossetania\/wp-json\/wp\/v2\/pages\/867\/revisions\/5364"}],"up":[{"embeddable":true,"href":"https:\/\/agora.xtec.cat\/ceip-cossetania\/wp-json\/wp\/v2\/pages\/857"}],"wp:attachment":[{"href":"https:\/\/agora.xtec.cat\/ceip-cossetania\/wp-json\/wp\/v2\/media?parent=867"}],"curies":[{"name":"wp","href":"https:\/\/api.w.org\/{rel}","templated":true}]}}