{"id":4982,"date":"2022-11-16T15:47:56","date_gmt":"2022-11-16T14:47:56","guid":{"rendered":"https:\/\/agora.xtec.cat\/ceip-cossetania\/?page_id=4982"},"modified":"2025-10-16T13:06:12","modified_gmt":"2025-10-16T11:06:12","slug":"filosofia","status":"publish","type":"page","link":"https:\/\/agora.xtec.cat\/ceip-cossetania\/filosofia\/","title":{"rendered":"FILOSOFIA"},"content":{"rendered":"<p><a href=\"https:\/\/agora.xtec.cat\/ceip-cossetania\/wp-content\/uploads\/usu617\/2022\/11\/Filosofia.png\"><img loading=\"lazy\" decoding=\"async\" class=\"alignnone size-full wp-image-4986\" src=\"https:\/\/agora.xtec.cat\/ceip-cossetania\/wp-content\/uploads\/usu617\/2022\/11\/Filosofia.png\" alt=\"\" width=\"474\" height=\"439\" srcset=\"https:\/\/agora.xtec.cat\/ceip-cossetania\/wp-content\/uploads\/usu617\/2022\/11\/Filosofia.png 474w, https:\/\/agora.xtec.cat\/ceip-cossetania\/wp-content\/uploads\/usu617\/2022\/11\/Filosofia-300x278.png 300w\" sizes=\"auto, (max-width: 474px) 100vw, 474px\" \/><\/a><\/p>\n<p>&nbsp;<\/p>\n<table style=\"border-collapse: collapse; width: 100%;\">\n<tbody>\n<tr>\n<td style=\"width: 33.3333%; text-align: center;\"><strong>Nom<\/strong><\/td>\n<td style=\"width: 33.3333%; text-align: center;\"><strong>Enlla\u00e7<\/strong><\/td>\n<td style=\"width: 33.3333%; text-align: center;\"><strong>Breu descripci\u00f3<\/strong><\/td>\n<\/tr>\n<tr>\n<td style=\"width: 33.3333%;\"><strong>La Filosof\u00eda<\/strong><\/td>\n<td style=\"width: 33.3333%; text-align: center;\"><a href=\"https:\/\/www.todamateria.com\/filosofia\/\">LINK<\/a><\/td>\n<td style=\"width: 33.3333%;\">P\u00e0gina web Todamateria.com on podem trobar qu\u00e8 \u00e9s la Filosof\u00eda i una gran quantitat d&#8217;articles i informaci\u00f3 sobre aquest camp.<\/td>\n<\/tr>\n<\/tbody>\n<\/table>\n<table style=\"width: 100%; height: 183px;\">\n<tbody>\n<tr style=\"height: 153px;\">\n<td style=\"height: 151px; width: 24.2812%;\"><a href=\"https:\/\/agora.xtec.cat\/ceip-cossetania\/filosofia\/2\/\"><img loading=\"lazy\" decoding=\"async\" class=\"aligncenter wp-image-4983\" src=\"https:\/\/agora.xtec.cat\/ceip-cossetania\/wp-content\/uploads\/usu617\/2022\/11\/Ciencies-ocultes.png\" alt=\"\" width=\"250\" height=\"233\" \/><\/a><\/td>\n<td style=\"width: 23.6422%; height: 151px; text-align: center;\"><a href=\"https:\/\/agora.xtec.cat\/ceip-cossetania\/filosofia\/3\/\"><img loading=\"lazy\" decoding=\"async\" class=\"aligncenter wp-image-4987\" src=\"https:\/\/agora.xtec.cat\/ceip-cossetania\/wp-content\/uploads\/usu617\/2022\/11\/Psicologia.png\" alt=\"\" width=\"250\" height=\"232\" \/><\/a><\/td>\n<td style=\"width: 25.0799%; height: 151px; text-align: center;\"><a href=\"https:\/\/agora.xtec.cat\/ceip-cossetania\/filosofia\/4\/\"><img loading=\"lazy\" decoding=\"async\" class=\"aligncenter wp-image-4984\" src=\"https:\/\/agora.xtec.cat\/ceip-cossetania\/wp-content\/uploads\/usu617\/2022\/11\/Estimulacio.png\" alt=\"\" width=\"250\" height=\"228\" \/><\/a><\/td>\n<td style=\"width: 26.3579%; height: 151px; text-align: center;\"><a href=\"https:\/\/agora.xtec.cat\/ceip-cossetania\/filosofia\/5\/\"><img loading=\"lazy\" decoding=\"async\" class=\"aligncenter wp-image-4985\" src=\"https:\/\/agora.xtec.cat\/ceip-cossetania\/wp-content\/uploads\/usu617\/2022\/11\/Etica.png\" alt=\"\" width=\"250\" height=\"227\" \/><\/a><\/td>\n<\/tr>\n<tr style=\"height: 25px;\">\n<td style=\"text-align: center; height: 32px; width: 24.2812%;\"><strong>CI\u00c8NCIES OCULTES<\/strong><\/td>\n<td style=\"width: 23.6422%; text-align: center; height: 32px;\"><strong>PSICOLOGIA<\/strong><\/td>\n<td style=\"width: 25.0799%; text-align: center; height: 32px;\"><strong>ESTIMULACI\u00d3<\/strong><\/td>\n<td style=\"width: 26.3579%; text-align: center; height: 32px;\"><strong>\u00c8TICA<\/strong><\/td>\n<\/tr>\n<\/tbody>\n<\/table>\n<p>&nbsp;<\/p>\n<p>&nbsp;<\/p>\n<p>&nbsp;<\/p>\n<p><!--nextpage--><\/p>\n<h2>CI\u00c8NCIES OCULTES<\/h2>\n<table style=\"height: 265px; width: 100%; border-collapse: collapse; border-style: none;\">\n<tbody>\n<tr style=\"height: 265px;\">\n<td style=\"width: 50%; height: 265px; border-style: none;\"><a href=\"https:\/\/agora.xtec.cat\/ceip-cossetania\/filosofia\/2\/\"><img loading=\"lazy\" decoding=\"async\" class=\"aligncenter wp-image-4983\" src=\"https:\/\/agora.xtec.cat\/ceip-cossetania\/wp-content\/uploads\/usu617\/2022\/11\/Ciencies-ocultes.png\" alt=\"\" width=\"250\" height=\"233\" \/><\/a><\/td>\n<td style=\"width: 50%; height: 265px; border-style: none;\">&nbsp;<\/p>\n<p>&nbsp;<\/p>\n<p>&nbsp;<\/p>\n<p>&nbsp;<\/p>\n<p><a href=\"https:\/\/agora.xtec.cat\/ceip-cossetania\/filosofia\/\"><img loading=\"lazy\" decoding=\"async\" class=\"alignright wp-image-4763\" src=\"https:\/\/agora.xtec.cat\/ceip-cossetania\/wp-content\/uploads\/usu617\/2022\/10\/casa.png\" alt=\"\" width=\"68\" height=\"72\" \/><\/a><\/td>\n<\/tr>\n<\/tbody>\n<\/table>\n<p>&nbsp;<\/p>\n<p><!--nextpage--><\/p>\n<h2>PSICOLOGIA<\/h2>\n<table style=\"height: 265px; width: 100%; border-collapse: collapse; border-style: none;\">\n<tbody>\n<tr style=\"height: 265px;\">\n<td style=\"width: 50%; height: 265px; border-style: none;\"><a href=\"https:\/\/agora.xtec.cat\/ceip-cossetania\/filosofia\/3\/\"><img loading=\"lazy\" decoding=\"async\" class=\"aligncenter wp-image-4987\" src=\"https:\/\/agora.xtec.cat\/ceip-cossetania\/wp-content\/uploads\/usu617\/2022\/11\/Psicologia.png\" alt=\"\" width=\"250\" height=\"232\" \/><\/a><\/td>\n<td style=\"width: 50%; height: 265px; border-style: none;\">&nbsp;<\/p>\n<p>&nbsp;<\/p>\n<p>&nbsp;<\/p>\n<p>&nbsp;<\/p>\n<p><a href=\"https:\/\/agora.xtec.cat\/ceip-cossetania\/filosofia\/\"><img loading=\"lazy\" decoding=\"async\" class=\"alignright wp-image-4763\" src=\"https:\/\/agora.xtec.cat\/ceip-cossetania\/wp-content\/uploads\/usu617\/2022\/10\/casa.png\" alt=\"\" width=\"68\" height=\"72\" \/><\/a><\/td>\n<\/tr>\n<\/tbody>\n<\/table>\n<p><!--nextpage--><\/p>\n<h2>ESTIMULACI\u00d3<\/h2>\n<table style=\"height: 266px; width: 100%; border-collapse: collapse; border-style: none;\">\n<tbody>\n<tr style=\"height: 265px;\">\n<td style=\"width: 50%; height: 266px; border-style: none;\"><a href=\"https:\/\/agora.xtec.cat\/ceip-cossetania\/filosofia\/4\/\"><img loading=\"lazy\" decoding=\"async\" class=\"aligncenter wp-image-4984\" src=\"https:\/\/agora.xtec.cat\/ceip-cossetania\/wp-content\/uploads\/usu617\/2022\/11\/Estimulacio.png\" alt=\"\" width=\"250\" height=\"228\" \/><\/a><\/td>\n<td style=\"width: 50%; height: 266px; border-style: none;\">&nbsp;<\/p>\n<p>&nbsp;<\/p>\n<p>&nbsp;<\/p>\n<p>&nbsp;<\/p>\n<p><a href=\"https:\/\/agora.xtec.cat\/ceip-cossetania\/filosofia\/\"><img loading=\"lazy\" decoding=\"async\" class=\"alignright wp-image-4763\" src=\"https:\/\/agora.xtec.cat\/ceip-cossetania\/wp-content\/uploads\/usu617\/2022\/10\/casa.png\" alt=\"\" width=\"68\" height=\"72\" \/><\/a><\/td>\n<\/tr>\n<\/tbody>\n<\/table>\n<blockquote><p><strong><em>P\u00e0gines web<\/em><\/strong><\/p><\/blockquote>\n<table style=\"height: 320px; width: 97.6251%;\">\n<tbody>\n<tr style=\"height: 52px;\">\n<td style=\"width: 33.3333%; height: 52px;\">\n<h4 style=\"text-align: center;\">Nom<\/h4>\n<\/td>\n<td style=\"width: 33.3333%; height: 52px; text-align: center;\">\n<h4 style=\"text-align: center;\">Enlla\u00e7<\/h4>\n<\/td>\n<td style=\"width: 33.3333%; height: 52px;\">\n<h4 style=\"text-align: center;\">Breu descripci\u00f3<\/h4>\n<\/td>\n<\/tr>\n<tr style=\"height: 29px;\">\n<td style=\"width: 33.3333%; height: 29px;\" width=\"140\"><em><strong>Com gestionar el proc\u00e9s del dol a la inf\u00e0ncia.<\/strong><\/em><\/td>\n<td style=\"width: 33.3333%; height: 29px; text-align: center;\"><a href=\"https:\/\/blogs.uoc.edu\/epce\/com-gestionar-proces-dol-en-la-infancia-psicologia-infantil\/\" target=\"_blank\" rel=\"noopener\">LINK<\/a><\/td>\n<td style=\"width: 33.3333%; height: 29px;\" width=\"206\">Article d\u2019una professora de la UOC.<\/td>\n<\/tr>\n<tr style=\"height: 49px;\">\n<td style=\"width: 33.3333%; height: 49px;\" width=\"140\"><em><strong>Com explicar la mort als nens i nenes.<\/strong><\/em><\/td>\n<td style=\"width: 33.3333%; text-align: center; height: 49px;\"><a href=\"https:\/\/escolasalut.sjdhospitalbarcelona.org\/ca\/consells-salut\/salut-mental\/com-explicar-mort-als-nens\">LINK<\/a><\/td>\n<td style=\"width: 33.3333%; height: 49px;\" width=\"206\">Article de l\u2019Hospital Sant Joan de D\u00e8u.<\/td>\n<\/tr>\n<tr style=\"height: 61px;\">\n<td style=\"width: 33.3333%; height: 61px;\" width=\"140\"><em><strong>Treballem la Mort i el Dol a l\u2019Escola.<\/strong><\/em><\/td>\n<td style=\"width: 33.3333%; text-align: center; height: 61px;\"><a href=\"https:\/\/psicologosemergenciasbaleares.files.wordpress.com\/2015\/12\/treballem-el-dol-ci-def.pdf\" target=\"_blank\" rel=\"noopener\">LINK<\/a><\/td>\n<td style=\"width: 33.3333%; height: 61px;\" width=\"206\">Proposta did\u00e0ctica per a CI.<\/td>\n<\/tr>\n<tr style=\"height: 80px;\">\n<td style=\"width: 33.3333%; height: 80px;\" width=\"140\"><em><strong>58 contes per treballar la mort i el dol.<\/strong><\/em><\/td>\n<td style=\"width: 33.3333%; text-align: center; height: 80px;\"><a href=\"https:\/\/natibergada.cat\/58-contes-per-parlar-de-la-mort\/\" target=\"_blank\" rel=\"noopener\">LINK<\/a><\/td>\n<td style=\"width: 33.3333%; height: 80px;\" width=\"206\">La Nati Bergad\u00e0 ens proposa contes per a poder treballar la mort i el dol amb els nostres nens i nenes.<\/td>\n<\/tr>\n<\/tbody>\n<\/table>\n<blockquote><p><strong><em>Videos<\/em><\/strong><\/p><\/blockquote>\n<table style=\"height: 158px; width: 97.6251%;\">\n<tbody>\n<tr style=\"height: 49px;\">\n<td style=\"width: 33.3333%; height: 49px;\">\n<h4 style=\"text-align: center;\">Nom<\/h4>\n<\/td>\n<td style=\"width: 33.3333%; height: 49px;\">\n<h4 style=\"text-align: center;\">Enlla\u00e7<\/h4>\n<\/td>\n<td style=\"width: 33.3333%; height: 49px;\">\n<h4 style=\"text-align: center;\">Breu descripci\u00f3<\/h4>\n<\/td>\n<\/tr>\n<tr style=\"height: 109px;\">\n<td style=\"width: 33.3333%; height: 109px;\" width=\"67\"><strong><em>El dol.<\/em><\/strong><\/td>\n<td style=\"width: 33.3333%; height: 109px; text-align: center;\"><a href=\"https:\/\/www.youtube.com\/watch?v=Pfkj9hRXAvI\" target=\"_blank\" rel=\"noopener\">LINK<\/a><\/td>\n<td style=\"width: 33.3333%; height: 109px;\" width=\"215\">Programa fam\u00edlies i escola del Departament d\u2019Educaci\u00f3 dedicat a com treballar el dol amb infants.<\/td>\n<\/tr>\n<\/tbody>\n<\/table>\n<p>&nbsp;<\/p>\n<p><!--nextpage--><\/p>\n<h2>\u00c8TICA<\/h2>\n<table style=\"height: 265px; width: 100%; border-collapse: collapse; border-style: none;\">\n<tbody>\n<tr style=\"height: 265px;\">\n<td style=\"width: 50%; height: 265px; border-style: none;\"><a href=\"https:\/\/agora.xtec.cat\/ceip-cossetania\/filosofia\/5\/\"><img loading=\"lazy\" decoding=\"async\" class=\"aligncenter wp-image-4985\" src=\"https:\/\/agora.xtec.cat\/ceip-cossetania\/wp-content\/uploads\/usu617\/2022\/11\/Etica.png\" alt=\"\" width=\"250\" height=\"227\" \/><\/a><\/td>\n<td style=\"width: 50%; height: 265px; border-style: none;\">&nbsp;<\/p>\n<p>&nbsp;<\/p>\n<p>&nbsp;<\/p>\n<p>&nbsp;<\/p>\n<p><a href=\"https:\/\/agora.xtec.cat\/ceip-cossetania\/filosofia\/\"><img loading=\"lazy\" decoding=\"async\" class=\"alignright wp-image-4763\" src=\"https:\/\/agora.xtec.cat\/ceip-cossetania\/wp-content\/uploads\/usu617\/2022\/10\/casa.png\" alt=\"\" width=\"68\" height=\"72\" \/><\/a><\/td>\n<\/tr>\n<\/tbody>\n<\/table>\n","protected":false},"excerpt":{"rendered":"<p><a href=\"https:\/\/agora.xtec.cat\/ceip-cossetania\/wp-content\/uploads\/usu617\/2022\/11\/Filosofia.png\"><\/a><br \/>\n&nbsp;<\/p>\n<p>Nom<br \/>\nEnlla\u00e7<br \/>\nBreu descripci\u00f3<\/p>\n<p>La Filosof\u00eda<br \/>\n<a href=\"https:\/\/www.todamateria.com\/filosofia\/\">LINK<\/a><br \/>\nP\u00e0gina web Todamateria.com on podem trobar qu\u00e8 \u00e9s la Filosof\u00eda i una gran quantitat d&#8217;articles i informaci\u00f3 sobre aquest camp.<\/p>\n<p><a href=\"https:\/\/agora.xtec.cat\/ceip-cossetania\/filosofia\/2\/\"><\/a><br \/>\n<a href=\"https:\/\/agora.xtec.cat\/ceip-cossetania\/filosofia\/3\/\"><\/a><br \/>\n<a href=\"https:\/\/agora.xtec.cat\/ceip-cossetania\/filosofia\/4\/\"><\/a><br \/>\n<a href=\"https:\/\/agora.xtec.cat\/ceip-cossetania\/filosofia\/5\/\"><\/a><\/p>\n<p>CI\u00c8NCIES OCULTES<br \/>\nPSICOLOGIA<br \/>\nESTIMULACI\u00d3<br \/>\n\u00c8TICA<\/p>\n<p>&nbsp;<br \/>\n&nbsp;<br \/>\n&nbsp;<\/p>\n","protected":false},"author":1,"featured_media":0,"parent":0,"menu_order":0,"comment_status":"closed","ping_status":"closed","template":"","meta":{"_bbp_topic_count":0,"_bbp_reply_count":0,"_bbp_total_topic_count":0,"_bbp_total_reply_count":0,"_bbp_voice_count":0,"_bbp_anonymous_reply_count":0,"_bbp_topic_count_hidden":0,"_bbp_reply_count_hidden":0,"_bbp_forum_subforum_count":0,"footnotes":""},"class_list":["post-4982","page","type-page","status-publish","hentry"],"post_mailing_queue_ids":[],"_links":{"self":[{"href":"https:\/\/agora.xtec.cat\/ceip-cossetania\/wp-json\/wp\/v2\/pages\/4982","targetHints":{"allow":["GET"]}}],"collection":[{"href":"https:\/\/agora.xtec.cat\/ceip-cossetania\/wp-json\/wp\/v2\/pages"}],"about":[{"href":"https:\/\/agora.xtec.cat\/ceip-cossetania\/wp-json\/wp\/v2\/types\/page"}],"author":[{"embeddable":true,"href":"https:\/\/agora.xtec.cat\/ceip-cossetania\/wp-json\/wp\/v2\/users\/1"}],"replies":[{"embeddable":true,"href":"https:\/\/agora.xtec.cat\/ceip-cossetania\/wp-json\/wp\/v2\/comments?post=4982"}],"version-history":[{"count":7,"href":"https:\/\/agora.xtec.cat\/ceip-cossetania\/wp-json\/wp\/v2\/pages\/4982\/revisions"}],"predecessor-version":[{"id":5749,"href":"https:\/\/agora.xtec.cat\/ceip-cossetania\/wp-json\/wp\/v2\/pages\/4982\/revisions\/5749"}],"wp:attachment":[{"href":"https:\/\/agora.xtec.cat\/ceip-cossetania\/wp-json\/wp\/v2\/media?parent=4982"}],"curies":[{"name":"wp","href":"https:\/\/api.w.org\/{rel}","templated":true}]}}