{"id":419,"date":"2016-09-08T10:54:38","date_gmt":"2016-09-08T09:54:38","guid":{"rendered":"http:\/\/agora.xtec.cat\/ceip-cossetania\/?page_id=419"},"modified":"2025-12-11T10:20:49","modified_gmt":"2025-12-11T09:20:49","slug":"documents-descola","status":"publish","type":"page","link":"https:\/\/agora.xtec.cat\/ceip-cossetania\/documents-descola\/","title":{"rendered":"Documents d&#8217;escola"},"content":{"rendered":"<p>&nbsp;<\/p>\n<table style=\"width: 91.848%; height: 474px;\">\n<tbody>\n<tr style=\"height: 61px;\">\n<td style=\"text-align: center; width: 21.6495%; height: 61px;\"><strong>Documents pedag\u00f2gics i de centre<\/strong><\/td>\n<td style=\"text-align: center; width: 26.8041%; height: 61px;\"><strong>Documents informatius<\/strong><\/td>\n<td style=\"text-align: center; width: 23.7113%; height: 61px;\"><strong>Autoritzacions i altres<\/strong><\/td>\n<td style=\"text-align: center; width: 26.0677%; height: 61px;\"><strong>Documents audiovisuals<\/strong><\/td>\n<\/tr>\n<tr style=\"height: 46px;\">\n<td style=\"text-align: center; width: 21.6495%; height: 46px;\"><a href=\"https:\/\/agora.xtec.cat\/ceip-cossetania\/wp-content\/uploads\/usu617\/2025\/12\/PEC-COSSETANIA.pdf\">Projecte Educatiu<\/a><\/td>\n<td style=\"text-align: center; width: 26.8041%; height: 46px;\"><a href=\"https:\/\/drive.google.com\/file\/d\/1b6MJRozaZsaaHV_98nDAeAXQJvB1K8P9\/view\">Normes del pati obert<\/a><\/td>\n<td style=\"text-align: center; width: 23.7113%; height: 46px;\"><a href=\"https:\/\/drive.google.com\/file\/d\/1lufCOHQTOrdIXZhbwKgUBPAnsnvnjy1C\/view?usp=sharing\">Plantilla per proposar can\u00e7ons<\/a><\/td>\n<td style=\"text-align: center; width: 26.0677%; height: 46px;\">Tutorial 1: <a href=\"https:\/\/www.youtube.com\/watch?v=XaZ3mxk1_c8&amp;t=21s\">Com entrar a Google Classroom<\/a><\/td>\n<\/tr>\n<tr style=\"height: 61px;\">\n<td style=\"text-align: center; width: 21.6495%; height: 61px;\"><a href=\"https:\/\/drive.google.com\/a\/xtec.cat\/file\/d\/0B4PMa2IjMabpRFJoTC1paUFpYjg\/view?usp=sharing\" target=\"_blank\" rel=\"noopener noreferrer\">L&#8217;Escola que volem<\/a><\/td>\n<td style=\"text-align: center; width: 26.8041%; height: 61px;\"><a href=\"https:\/\/agora.xtec.cat\/ceip-cossetania\/wp-content\/uploads\/usu617\/2023\/09\/Calendari-Escolar-23-24.pdf\">Calendari del curs<\/a><\/td>\n<td style=\"text-align: center; width: 23.7113%; height: 61px;\"><a href=\"https:\/\/agora.xtec.cat\/ceip-cossetania\/wp-content\/uploads\/usu617\/2022\/08\/autoritzacio-medicaments-22-23.pdf\">autoritzaci\u00f3 medicaments<\/a><\/td>\n<td style=\"text-align: center; width: 26.0677%; height: 61px;\">Tutorial 2: <a href=\"https:\/\/youtu.be\/kCTAt8e-g9I\">\u00das de Google Classroom a 5\u00e8 i 6\u00e8<\/a><\/td>\n<\/tr>\n<tr style=\"height: 61px;\">\n<td style=\"text-align: center; width: 21.6495%; height: 61px;\"><a href=\"https:\/\/agora.xtec.cat\/ceip-cossetania\/wp-content\/uploads\/usu617\/2025\/09\/NOFC.pdf\">NOFC<\/a><\/td>\n<td style=\"text-align: center; width: 26.8041%; height: 61px;\"><a href=\"https:\/\/agora.xtec.cat\/ceip-cossetania\/wp-content\/uploads\/usu617\/2025\/10\/PLA-EMERGENCIA-2025-26.pdf\">Pla d&#8217;Emerg\u00e8ncia<\/a><\/td>\n<td style=\"text-align: center; width: 23.7113%; height: 61px;\"><\/td>\n<td style=\"text-align: center; width: 26.0677%; height: 61px;\"><\/td>\n<\/tr>\n<tr style=\"height: 61px;\">\n<td style=\"text-align: center; width: 21.6495%; height: 61px;\"><a href=\"https:\/\/drive.google.com\/file\/d\/1u1W1cHAnBari7PnLch7DoTZZ3-TS86KQ\/view?usp=sharing\">Pla de Lectura de Centre (PLEC)<\/a><\/td>\n<td style=\"text-align: center; width: 26.8041%; height: 61px;\"><a href=\"https:\/\/agora.xtec.cat\/ceip-cossetania\/wp-content\/uploads\/usu617\/2024\/09\/Organitzacio-inici-de-curs-24-25.pdf\">Normes de funcionament 2024-25<\/a><\/td>\n<td style=\"text-align: center; width: 23.7113%; height: 61px;\"><a href=\"https:\/\/drive.google.com\/open?id=1YOxRdrHPDAQK2j-5c7Lq7rMfBBZ0jtqm\">Autoritzaci\u00f3 Paracetamol<\/a><\/td>\n<td style=\"text-align: center; width: 26.0677%; height: 61px;\"><\/td>\n<\/tr>\n<tr style=\"height: 61px;\">\n<td style=\"text-align: center; width: 21.6495%; height: 61px;\"><a href=\"https:\/\/drive.google.com\/file\/d\/17NKTz5295njuu9hzTE1S-eiWtP16w_DF\/view?usp=sharing\">Carta de comprom\u00eds educatiu<\/a><\/td>\n<td style=\"text-align: center; width: 26.8041%; height: 61px;\"><\/td>\n<td style=\"text-align: center; width: 23.7113%; height: 61px;\"><a style=\"color: #2795b6;\" href=\"https:\/\/agora.xtec.cat\/ceip-cossetania\/wp-content\/uploads\/usu617\/2020\/09\/Autoritzaci\u00f3-tractament-de-dades-16.pdf\">Autoritzaci\u00f3 tractament de dades<\/a><\/td>\n<td style=\"text-align: center; width: 26.0677%; height: 61px;\"><\/td>\n<\/tr>\n<tr style=\"height: 46px;\">\n<td style=\"text-align: center; width: 21.6495%; height: 46px;\"><a href=\"https:\/\/drive.google.com\/file\/d\/1gVt4Ku-dEwVJ-QM4SABS1FRbEgLc9tEY\/view?usp=sharing\">Projecte de Biblioteca<\/a><\/td>\n<td style=\"text-align: center; width: 26.8041%; height: 46px;\"><\/td>\n<td style=\"text-align: center; width: 23.7113%; height: 46px;\"><a href=\"https:\/\/drive.google.com\/file\/d\/1D9a6WYneigdZch122rdq2ZlNQkYIFJK0\/view?usp=sharing\">El Pati que volem<\/a><\/td>\n<td style=\"text-align: center; width: 26.0677%; height: 46px;\"><\/td>\n<\/tr>\n<tr style=\"height: 31px;\">\n<td style=\"text-align: center; width: 21.6495%; height: 31px;\"><a href=\"https:\/\/drive.google.com\/file\/d\/1EEh1ghBeUntTTR6OrgE8PGKQZvtl_zFZ\/view?usp=sharing\">Projecte Ling\u00fc\u00edstic\u00a0<\/a><\/td>\n<td style=\"text-align: center; width: 26.8041%; height: 31px;\"><\/td>\n<td style=\"text-align: center; width: 23.7113%; height: 31px;\"><a href=\"https:\/\/agora.xtec.cat\/ceip-cossetania\/wp-content\/uploads\/usu617\/2023\/09\/Guia-de-jocs-2020.pdf\">Guia de jocs 2020<\/a><\/td>\n<td style=\"text-align: center; width: 26.0677%; height: 31px;\"><\/td>\n<\/tr>\n<tr style=\"height: 46px;\">\n<td style=\"text-align: center; width: 21.6495%; height: 46px;\"><a href=\"https:\/\/agora.xtec.cat\/ceip-cossetania\/wp-content\/uploads\/usu617\/2023\/12\/PLA-TAC-2023.docx.pdf\">PLA TAC<\/a><\/td>\n<td style=\"text-align: center; width: 26.8041%; height: 46px;\"><\/td>\n<td style=\"text-align: center; width: 23.7113%; height: 46px;\"><a href=\"https:\/\/agora.xtec.cat\/ceip-cossetania\/wp-content\/uploads\/usu617\/2023\/09\/Guia-de-jocs-2021.pdf\">Guia de jocs 2021<\/a><\/td>\n<td style=\"text-align: center; width: 26.0677%; height: 46px;\"><\/td>\n<\/tr>\n<tr>\n<td style=\"text-align: center; width: 21.6495%;\"><a href=\"https:\/\/agora.xtec.cat\/ceip-cossetania\/wp-content\/uploads\/usu617\/2023\/12\/08043917-Escola-Cossetania-Resum-de-lEDC.pdf\">Estrat\u00e8gia Digital de centre<\/a><\/td>\n<td style=\"text-align: center; width: 26.8041%;\"><\/td>\n<td style=\"text-align: center; width: 23.7113%;\"><a href=\"https:\/\/agora.xtec.cat\/ceip-cossetania\/wp-content\/uploads\/usu617\/2023\/09\/Guia-de-jocs-2022.pdf\">Guia de jocs 2022<\/a><\/td>\n<td style=\"text-align: center; width: 26.0677%;\"><\/td>\n<\/tr>\n<tr>\n<td style=\"text-align: center; width: 21.6495%;\"><a href=\"https:\/\/agora.xtec.cat\/ceip-cossetania\/wp-content\/uploads\/usu617\/2025\/12\/PROJECTE-DE-CONVIVENCIA.pdf\">Projecte de conviv\u00e8ncia<\/a><\/td>\n<td style=\"text-align: center; width: 26.8041%;\"><\/td>\n<td style=\"text-align: center; width: 23.7113%;\"><a href=\"https:\/\/agora.xtec.cat\/ceip-cossetania\/wp-content\/uploads\/usu617\/2023\/12\/GUIA-DE-JOCS-comi-pedagogica-23-24.pdf\">Guia de Jocs 2023<\/a><\/td>\n<td style=\"text-align: center; width: 26.0677%;\"><\/td>\n<\/tr>\n<tr>\n<td style=\"text-align: center; width: 21.6495%;\"><\/td>\n<td style=\"text-align: center; width: 26.8041%;\"><\/td>\n<td style=\"text-align: center; width: 23.7113%;\"><a href=\"https:\/\/agora.xtec.cat\/ceip-cossetania\/wp-content\/uploads\/usu617\/2024\/11\/24-25-GUIA-DE-JOCS-comi-pedagogica-.pdf\">Guia de jocs 2024<\/a><\/td>\n<td style=\"text-align: center; width: 26.0677%;\"><\/td>\n<\/tr>\n<tr>\n<td style=\"text-align: center; width: 21.6495%;\"><\/td>\n<td style=\"text-align: center; width: 26.8041%;\"><\/td>\n<td style=\"text-align: center; width: 23.7113%;\"><a href=\"https:\/\/agora.xtec.cat\/ceip-cossetania\/wp-content\/uploads\/usu617\/2025\/12\/25-26-GUIA-DE-JOCS.pdf\">Guia de jocs 2025<\/a><\/td>\n<td style=\"text-align: center; width: 26.0677%;\"><\/td>\n<\/tr>\n<\/tbody>\n<\/table>\n","protected":false},"excerpt":{"rendered":"<p>&nbsp;<\/p>\n<p>Documents pedag\u00f2gics i de centre<br \/>\nDocuments informatius<br \/>\nAutoritzacions i altres<br \/>\nDocuments audiovisuals<\/p>\n<p><a href=\"https:\/\/agora.xtec.cat\/ceip-cossetania\/wp-content\/uploads\/usu617\/2025\/12\/PEC-COSSETANIA.pdf\">Projecte Educatiu<\/a><br \/>\n<a href=\"https:\/\/drive.google.com\/file\/d\/1b6MJRozaZsaaHV_98nDAeAXQJvB1K8P9\/view\">Normes del pati obert<\/a><br \/>\n<a href=\"https:\/\/drive.google.com\/file\/d\/1lufCOHQTOrdIXZhbwKgUBPAnsnvnjy1C\/view?usp=sharing\">Plantilla per proposar can\u00e7ons<\/a><br \/>\nTutorial 1: <a href=\"https:\/\/www.youtube.com\/watch?v=XaZ3mxk1_c8&amp;t=21s\">Com entrar a Google Classroom<\/a><\/p>\n<p><a href=\"https:\/\/drive.google.com\/a\/xtec.cat\/file\/d\/0B4PMa2IjMabpRFJoTC1paUFpYjg\/view?usp=sharing\" target=\"_blank\" rel=\"noopener noreferrer\">L&#8217;Escola que volem<\/a><br \/>\n<a href=\"https:\/\/agora.xtec.cat\/ceip-cossetania\/wp-content\/uploads\/usu617\/2023\/09\/Calendari-Escolar-23-24.pdf\">Calendari del curs<\/a><br \/>\n<a href=\"https:\/\/agora.xtec.cat\/ceip-cossetania\/wp-content\/uploads\/usu617\/2022\/08\/autoritzacio-medicaments-22-23.pdf\">autoritzaci\u00f3 medicaments<\/a><br \/>\nTutorial 2: <a href=\"https:\/\/youtu.be\/kCTAt8e-g9I\">\u00das de Google Classroom a 5\u00e8&hellip;  <a href=\"https:\/\/agora.xtec.cat\/ceip-cossetania\/documents-descola\/\" title=\"Read Documents d&#8217;escola\">Llegeix m\u00e9s\u00bb<\/a><\/p>\n","protected":false},"author":6,"featured_media":0,"parent":0,"menu_order":0,"comment_status":"closed","ping_status":"closed","template":"","meta":{"_bbp_topic_count":0,"_bbp_reply_count":0,"_bbp_total_topic_count":0,"_bbp_total_reply_count":0,"_bbp_voice_count":0,"_bbp_anonymous_reply_count":0,"_bbp_topic_count_hidden":0,"_bbp_reply_count_hidden":0,"_bbp_forum_subforum_count":0,"footnotes":""},"class_list":["post-419","page","type-page","status-publish","hentry"],"post_mailing_queue_ids":[],"_links":{"self":[{"href":"https:\/\/agora.xtec.cat\/ceip-cossetania\/wp-json\/wp\/v2\/pages\/419","targetHints":{"allow":["GET"]}}],"collection":[{"href":"https:\/\/agora.xtec.cat\/ceip-cossetania\/wp-json\/wp\/v2\/pages"}],"about":[{"href":"https:\/\/agora.xtec.cat\/ceip-cossetania\/wp-json\/wp\/v2\/types\/page"}],"author":[{"embeddable":true,"href":"https:\/\/agora.xtec.cat\/ceip-cossetania\/wp-json\/wp\/v2\/users\/6"}],"replies":[{"embeddable":true,"href":"https:\/\/agora.xtec.cat\/ceip-cossetania\/wp-json\/wp\/v2\/comments?post=419"}],"version-history":[{"count":8,"href":"https:\/\/agora.xtec.cat\/ceip-cossetania\/wp-json\/wp\/v2\/pages\/419\/revisions"}],"predecessor-version":[{"id":5778,"href":"https:\/\/agora.xtec.cat\/ceip-cossetania\/wp-json\/wp\/v2\/pages\/419\/revisions\/5778"}],"wp:attachment":[{"href":"https:\/\/agora.xtec.cat\/ceip-cossetania\/wp-json\/wp\/v2\/media?parent=419"}],"curies":[{"name":"wp","href":"https:\/\/api.w.org\/{rel}","templated":true}]}}