{"id":3517,"date":"2020-05-08T18:15:22","date_gmt":"2020-05-08T16:15:22","guid":{"rendered":"http:\/\/agora.xtec.cat\/ceip-cossetania\/?page_id=3517"},"modified":"2026-04-29T09:06:31","modified_gmt":"2026-04-29T07:06:31","slug":"preinscripcio-26-27","status":"publish","type":"page","link":"https:\/\/agora.xtec.cat\/ceip-cossetania\/preinscripcio-26-27\/","title":{"rendered":"Preinscripci\u00f3 26-27"},"content":{"rendered":"<p>&nbsp;<\/p>\n<p><a href=\"https:\/\/agora.xtec.cat\/ceip-cossetania\/wp-content\/uploads\/usu617\/2026\/02\/PREINSCRIPCION-1.jpg\"><img loading=\"lazy\" decoding=\"async\" class=\"wp-image-5783 aligncenter\" src=\"https:\/\/agora.xtec.cat\/ceip-cossetania\/wp-content\/uploads\/usu617\/2026\/02\/PREINSCRIPCION-1-300x169.jpg\" alt=\"\" width=\"744\" height=\"419\" srcset=\"https:\/\/agora.xtec.cat\/ceip-cossetania\/wp-content\/uploads\/usu617\/2026\/02\/PREINSCRIPCION-1-300x169.jpg 300w, https:\/\/agora.xtec.cat\/ceip-cossetania\/wp-content\/uploads\/usu617\/2026\/02\/PREINSCRIPCION-1-1024x576.jpg 1024w, https:\/\/agora.xtec.cat\/ceip-cossetania\/wp-content\/uploads\/usu617\/2026\/02\/PREINSCRIPCION-1-768x432.jpg 768w, https:\/\/agora.xtec.cat\/ceip-cossetania\/wp-content\/uploads\/usu617\/2026\/02\/PREINSCRIPCION-1-1536x864.jpg 1536w, https:\/\/agora.xtec.cat\/ceip-cossetania\/wp-content\/uploads\/usu617\/2026\/02\/PREINSCRIPCION-1.jpg 1920w\" sizes=\"auto, (max-width: 744px) 100vw, 744px\" \/><\/a><\/p>\n<div><\/div>\n<table class=\" aligncenter\" style=\"border-style: solid; border-color: #000000; background-color: #f56c22; height: 99px;\" width=\"741\">\n<tbody>\n<tr>\n<td style=\"text-align: center; width: 735px;\"><strong>TEL\u00c8FON: 938933899<\/strong><\/p>\n<p><strong>CORREU ELECTR\u00d2NIC: a8043917@xtec.cat<\/strong><\/td>\n<\/tr>\n<\/tbody>\n<\/table>\n<p>&nbsp;<\/p>\n<table class=\" aligncenter\" style=\"width: 70.245%; height: 1213px;\">\n<tbody>\n<tr style=\"height: 31px;\">\n<td style=\"width: 145.806%; text-align: center; height: 31px;\" colspan=\"3\"><strong>CALENDARI DE PREINSCRIPCI\u00d3 I MATRICULACI\u00d3 PEL CURS 25-26<\/strong><\/td>\n<\/tr>\n<tr style=\"height: 120px;\">\n<td style=\"width: 22.2222%; text-align: center; height: 61px;\">3 de mar\u00e7<\/td>\n<td style=\"width: 53.6066%; height: 61px;\">Publicaci\u00f3 de l&#8217;<strong>OFERTA INICIAL<\/strong> de places del centre<\/td>\n<td style=\"width: 69.9776%; text-align: center; height: 61px;\"><a href=\"https:\/\/agora.xtec.cat\/ceip-cossetania\/wp-content\/uploads\/usu617\/2026\/03\/INFORME_OFERTA_OME_INFORME_OFERTA.pdf\"><img loading=\"lazy\" decoding=\"async\" class=\"alignnone size-medium wp-image-3520\" src=\"https:\/\/agora.xtec.cat\/ceip-cossetania\/wp-content\/uploads\/usu617\/2020\/05\/icono-PDF-258x300.png\" alt=\"\" width=\"258\" height=\"300\" srcset=\"https:\/\/agora.xtec.cat\/ceip-cossetania\/wp-content\/uploads\/usu617\/2020\/05\/icono-PDF-258x300.png 258w, https:\/\/agora.xtec.cat\/ceip-cossetania\/wp-content\/uploads\/usu617\/2020\/05\/icono-PDF.png 360w\" sizes=\"auto, (max-width: 258px) 100vw, 258px\" \/><\/a><\/td>\n<\/tr>\n<tr style=\"height: 31px;\">\n<td style=\"width: 22.2222%; text-align: center; height: 31px;\">4 al 18 de mar\u00e7<\/td>\n<td style=\"width: 53.6066%; height: 31px;\">Per\u00edode d&#8217;entrega de sol\u00b7licituds de preinscripci\u00f3.<\/p>\n<p><strong>(A partir de les 9 hores del mat\u00ed)<\/strong>.<\/td>\n<td style=\"width: 69.9776%; height: 31px;\">\n<ul>\n<li>Preinscripci\u00f3 (3-6 anys): cliqueu <strong><a href=\"https:\/\/preinscripcio.gencat.cat\/ca\/estudis\/infantil-3-6\/inici\/\">AQU\u00cd<\/a><\/strong><\/li>\n<li>Preinscripci\u00f3 (6-12 anys): cliqueu <a href=\"https:\/\/preinscripcio.gencat.cat\/ca\/estudis\/primaria\/preinscriute\/\"><strong>AQU\u00cd<\/strong><\/a><\/li>\n<\/ul>\n<\/td>\n<\/tr>\n<tr style=\"height: 31px;\">\n<td style=\"width: 22.2222%; text-align: center; height: 31px;\">15 d&#8217;abril<\/td>\n<td style=\"width: 53.6066%; height: 31px;\">Publicaci\u00f3 de llistes amb barem provisional<\/td>\n<td style=\"width: 69.9776%; height: 31px;\"><a href=\"https:\/\/agora.xtec.cat\/ceip-cossetania\/wp-content\/uploads\/usu617\/2026\/04\/INFORME_BAREM_PROVISIONAL_BAREM.pdf\"><img loading=\"lazy\" decoding=\"async\" class=\"alignnone size-medium wp-image-3520\" src=\"https:\/\/agora.xtec.cat\/ceip-cossetania\/wp-content\/uploads\/usu617\/2020\/05\/icono-PDF-258x300.png\" alt=\"\" width=\"258\" height=\"300\" srcset=\"https:\/\/agora.xtec.cat\/ceip-cossetania\/wp-content\/uploads\/usu617\/2020\/05\/icono-PDF-258x300.png 258w, https:\/\/agora.xtec.cat\/ceip-cossetania\/wp-content\/uploads\/usu617\/2020\/05\/icono-PDF.png 360w\" sizes=\"auto, (max-width: 258px) 100vw, 258px\" \/><\/a><\/td>\n<\/tr>\n<tr style=\"height: 31px;\">\n<td style=\"width: 22.2222%; text-align: center; height: 31px;\">15 al 20 d&#8217;abril<\/td>\n<td style=\"width: 53.6066%; height: 31px;\">Per\u00edode de reclamacions<\/td>\n<td style=\"width: 69.9776%; height: 31px;\"><\/td>\n<\/tr>\n<tr style=\"height: 46px;\">\n<td style=\"width: 22.2222%; text-align: center; height: 46px;\">23 d&#8217;abril<\/td>\n<td style=\"width: 53.6066%; height: 46px;\">Publicaci\u00f3 de llistes amb barem definitiu un cop resoltes les reclamacions<\/td>\n<td style=\"width: 69.9776%; height: 46px;\"><a href=\"https:\/\/agora.xtec.cat\/ceip-cossetania\/wp-content\/uploads\/usu617\/2026\/04\/INFORME_BAREM_RESOLTES_BAREM.pdf\"><img loading=\"lazy\" decoding=\"async\" class=\"alignnone size-medium wp-image-3520\" src=\"https:\/\/agora.xtec.cat\/ceip-cossetania\/wp-content\/uploads\/usu617\/2020\/05\/icono-PDF-258x300.png\" alt=\"\" width=\"258\" height=\"300\" srcset=\"https:\/\/agora.xtec.cat\/ceip-cossetania\/wp-content\/uploads\/usu617\/2020\/05\/icono-PDF-258x300.png 258w, https:\/\/agora.xtec.cat\/ceip-cossetania\/wp-content\/uploads\/usu617\/2020\/05\/icono-PDF.png 360w\" sizes=\"auto, (max-width: 258px) 100vw, 258px\" \/><\/a><\/td>\n<\/tr>\n<tr style=\"height: 31px;\">\n<td style=\"width: 22.2222%; text-align: center; height: 31px;\">28 d&#8217;abril<\/td>\n<td style=\"width: 53.6066%; height: 31px;\">Sorteig de desempat<\/td>\n<td style=\"width: 69.9776%; height: 31px;\">42.129<\/td>\n<\/tr>\n<tr style=\"height: 106px;\">\n<td style=\"width: 22.2222%; text-align: center; height: 106px;\">29 d&#8217;abril<\/td>\n<td style=\"width: 53.6066%; height: 106px;\">Llista ordenada definitiva<\/td>\n<td style=\"width: 69.9776%; height: 106px;\"><a href=\"https:\/\/agora.xtec.cat\/ceip-cossetania\/wp-content\/uploads\/usu617\/2026\/04\/INFORME_BAREM_DEFINITIU_BAREM.pdf\"><img loading=\"lazy\" decoding=\"async\" class=\"alignnone size-medium wp-image-3520\" src=\"https:\/\/agora.xtec.cat\/ceip-cossetania\/wp-content\/uploads\/usu617\/2020\/05\/icono-PDF-258x300.png\" alt=\"\" width=\"258\" height=\"300\" srcset=\"https:\/\/agora.xtec.cat\/ceip-cossetania\/wp-content\/uploads\/usu617\/2020\/05\/icono-PDF-258x300.png 258w, https:\/\/agora.xtec.cat\/ceip-cossetania\/wp-content\/uploads\/usu617\/2020\/05\/icono-PDF.png 360w\" sizes=\"auto, (max-width: 258px) 100vw, 258px\" \/><\/a><\/td>\n<\/tr>\n<tr style=\"height: 46px;\">\n<td style=\"width: 22.2222%; text-align: center; height: 46px;\">1 al 3 de juny<\/td>\n<td style=\"width: 53.6066%; height: 46px;\">Ampliaci\u00f3 de petici\u00f3 de centres per a sol\u00b7licituds que no han obtingut cap assignaci\u00f3<\/td>\n<td style=\"width: 69.9776%; height: 46px;\"><\/td>\n<\/tr>\n<tr style=\"height: 31px;\">\n<td style=\"width: 22.2222%; text-align: center; height: 31px;\">10 de juny<\/td>\n<td style=\"width: 53.6066%; height: 31px;\">Publicaci\u00f3 de l&#8217;oferta final de places<\/td>\n<td style=\"width: 69.9776%; height: 31px;\"><\/td>\n<\/tr>\n<tr style=\"height: 103px;\">\n<td style=\"width: 22.2222%; text-align: center; height: 206px;\" rowspan=\"2\">10 de juny<\/td>\n<td style=\"width: 53.6066%; height: 103px;\">Llista d&#8217;alumnat assignat al centre<\/td>\n<td style=\"width: 69.9776%; height: 103px;\"><\/td>\n<\/tr>\n<tr style=\"height: 103px;\">\n<td style=\"width: 53.6066%; height: 103px;\">Llista d&#8217;espera<\/td>\n<td style=\"width: 69.9776%; height: 103px;\"><\/td>\n<\/tr>\n<tr style=\"height: 31px;\">\n<td style=\"width: 22.2222%; height: 31px;\">\n<p style=\"text-align: left;\">22 a<span style=\"font-family: inherit; font-size: 1em;\">l\u00a0<\/span>30 de juny<\/p>\n<\/td>\n<td style=\"width: 53.6066%; height: 31px;\">Per\u00edode de matriculaci\u00f3<\/td>\n<td style=\"width: 69.9776%; height: 31px;\"><\/td>\n<\/tr>\n<\/tbody>\n<\/table>\n<p>&nbsp;<\/p>\n<p>&nbsp;<\/p>\n<p><span style=\"text-decoration: underline;\"><strong>PRESENTACI\u00d3 DE SOL\u00b7LICITUDS TELEM\u00c0TIQUES<\/strong><\/span><\/p>\n<p>Per presentar una sol\u00b7licitud de preinscripci\u00f3 telem\u00e0tica heu d&#8217;accedir a la p\u00e0gina Preinscripci\u00f3 del Departament d&#8217;Educaci\u00f3 i seguir les indicacions. Per a qualsevol dubte, ens podeu trucar per tel\u00e8fon al 938933899 o enviar un correu electr\u00f2nic a escola@escolacossetania.cat<\/p>\n<p><span style=\"text-decoration: underline;\"><strong>CONSULTA DE LLISTES<\/strong><\/span><\/p>\n<p>Per a consultar els diferents llistats que s&#8217;aniran publicant (barems provisionals, definitius, n\u00famero de desempat, llistat de persones admeses&#8230;) podreu fer-ho <strong>a trav\u00e9s d&#8217;aquesta mateixa p\u00e0gina web<\/strong>, que anirem actualitzant cada dia.<\/p>\n<p><span style=\"text-decoration: underline;\"><strong>PRESENTACI\u00d3 DE RECLAMACIONS<\/strong><\/span><\/p>\n<p>El procediment per a presentar una reclamaci\u00f3, un cop publicades les llistes amb el barem (punts) provisional \u00e9s similar al de presentaci\u00f3 de sol\u00b7licituds:<\/p>\n<ul>\n<li>CONSULTA ELS <a href=\"https:\/\/preinscripcio.gencat.cat\/ca\/estudis\/infantil-3-6\/informat\/criteris-assignacio\/\">CRITERIS DE PRIORITAT I BAREM DE PUNTS PER COMPROVAR<\/a> QUE \u00c9S CORRECTE LA TEVA PUNTUACI\u00d3.<\/li>\n<\/ul>\n<p><span style=\"text-decoration: underline;\"><strong>PER A M\u00c9S INFORMACI\u00d3<\/strong><\/span><\/p>\n<p>Si teniu qualsevol dubte sobre aquest proc\u00e9s podeu enviar un correu electr\u00f2nic a l&#8217;adre\u00e7a <strong>a8043917@xtec.cat<\/strong> o trucar al 938933899.<\/p>\n<p>Tamb\u00e9 podeu consultar aquestes i altres informacions sobre aquest proc\u00e9s a la web <a href=\"https:\/\/preinscripcio.gencat.cat\/ca\/inici\/\">Preinscripci\u00f3<\/a> del Departament d&#8217;Educaci\u00f3 de la Generalitat de Catalunya<\/p>\n<p>Per informaci\u00f3 sobre el centre, podeu consultar el Projecte Educatiu i altres documents d&#8217;inter\u00e8s clicant <a href=\"https:\/\/agora.xtec.cat\/ceip-cossetania\/documents-descola\/\">aqu\u00ed<\/a>.<\/p>\n","protected":false},"excerpt":{"rendered":"<p>&nbsp;<br \/>\n<a href=\"https:\/\/agora.xtec.cat\/ceip-cossetania\/wp-content\/uploads\/usu617\/2026\/02\/PREINSCRIPCION-1.jpg\"><\/a><\/p>\n<p>TEL\u00c8FON: 938933899<br \/>\nCORREU ELECTR\u00d2NIC: a8043917@xtec.cat<\/p>\n<p>&nbsp;<\/p>\n<p>CALENDARI DE PREINSCRIPCI\u00d3 I MATRICULACI\u00d3 PEL CURS 25-26<\/p>\n<p>3 de mar\u00e7<br \/>\nPublicaci\u00f3 de l&#8217;OFERTA INICIAL de places del centre<br \/>\n<a href=\"https:\/\/agora.xtec.cat\/ceip-cossetania\/wp-content\/uploads\/usu617\/2026\/03\/INFORME_OFERTA_OME_INFORME_OFERTA.pdf\"><\/a><\/p>\n<p>4 al 18 de mar\u00e7<br \/>\nPer\u00edode d&#8217;entrega de sol\u00b7licituds de preinscripci\u00f3.<br \/>\n(A partir de les 9 hores del mat\u00ed).<\/p>\n<ul>\n<li>Preinscripci\u00f3 (3-6 anys): cliqueu <a href=\"https:\/\/preinscripcio.gencat.cat\/ca\/estudis\/infantil-3-6\/inici\/\">AQU\u00cd<\/a><\/li>\n<li>Preinscripci\u00f3 (6-12 anys):&hellip;  <a href=\"https:\/\/agora.xtec.cat\/ceip-cossetania\/preinscripcio-26-27\/\" title=\"Read Preinscripci\u00f3 26-27\">Llegeix m\u00e9s\u00bb<\/a><br \/>\n","protected":false},"author":4,"featured_media":0,"parent":0,"menu_order":0,"comment_status":"closed","ping_status":"closed","template":"","meta":{"_bbp_topic_count":0,"_bbp_reply_count":0,"_bbp_total_topic_count":0,"_bbp_total_reply_count":0,"_bbp_voice_count":0,"_bbp_anonymous_reply_count":0,"_bbp_topic_count_hidden":0,"_bbp_reply_count_hidden":0,"_bbp_forum_subforum_count":0,"footnotes":""},"class_list":["post-3517","page","type-page","status-publish","hentry"],"post_mailing_queue_ids":[],"_links":{"self":[{"href":"https:\/\/agora.xtec.cat\/ceip-cossetania\/wp-json\/wp\/v2\/pages\/3517","targetHints":{"allow":["GET"]}}],"collection":[{"href":"https:\/\/agora.xtec.cat\/ceip-cossetania\/wp-json\/wp\/v2\/pages"}],"about":[{"href":"https:\/\/agora.xtec.cat\/ceip-cossetania\/wp-json\/wp\/v2\/types\/page"}],"author":[{"embeddable":true,"href":"https:\/\/agora.xtec.cat\/ceip-cossetania\/wp-json\/wp\/v2\/users\/4"}],"replies":[{"embeddable":true,"href":"https:\/\/agora.xtec.cat\/ceip-cossetania\/wp-json\/wp\/v2\/comments?post=3517"}],"version-history":[{"count":9,"href":"https:\/\/agora.xtec.cat\/ceip-cossetania\/wp-json\/wp\/v2\/pages\/3517\/revisions"}],"predecessor-version":[{"id":5810,"href":"https:\/\/agora.xtec.cat\/ceip-cossetania\/wp-json\/wp\/v2\/pages\/3517\/revisions\/5810"}],"wp:attachment":[{"href":"https:\/\/agora.xtec.cat\/ceip-cossetania\/wp-json\/wp\/v2\/media?parent=3517"}],"curies":[{"name":"wp","href":"https:\/\/api.w.org\/{rel}","templated":true}]}}