{"id":26,"date":"2014-09-18T12:24:32","date_gmt":"2014-09-18T11:24:32","guid":{"rendered":"http:\/\/agora.xtec.cat\/ceip-cossetania\/?page_id=26"},"modified":"2016-07-20T09:33:30","modified_gmt":"2016-07-20T08:33:30","slug":"historia","status":"publish","type":"page","link":"https:\/\/agora.xtec.cat\/ceip-cossetania\/lescola\/historia\/","title":{"rendered":"Hist\u00f2ria"},"content":{"rendered":"<div style=\"text-align: center;\">\n<div style=\"margin: 8px 0px 4px;\">\n<p style=\"text-align: left;\">L \u2018Escola Cosset\u00e0nia neix el curs 1966\/67 com a resposta d\u2019unes fam\u00edlies que es plategen com ha de ser l\u2019 escola dels seus fills, ja que demanen un model diferent del que en aquells moments s\u2019ofereix a les escoles p\u00fabliques (del R\u00e8gim) o b\u00e9 a les escoles religioses establertes a la ciutat. Aquesta inquietud porta a fundar l\u2019Escola Cosset\u00e0nia amb la voluntat de passar a ser escola p\u00fablica quan el sistema sigui democr\u00e0tic i estigui normalitzat.<a href=\"http:\/\/agora.xtec.cat\/ceip-cossetania\/wp-content\/uploads\/usu617\/2014\/09\/hist\u00f2ria1.jpg\"><img loading=\"lazy\" decoding=\"async\" class=\"wp-image-352 alignright\" src=\"http:\/\/agora.xtec.cat\/ceip-cossetania\/wp-content\/uploads\/usu617\/2014\/09\/hist\u00f2ria1.jpg\" alt=\"hist\u00f2ria1\" width=\"180\" height=\"246\" srcset=\"https:\/\/agora.xtec.cat\/ceip-cossetania\/wp-content\/uploads\/usu617\/2014\/09\/hist\u00f2ria1.jpg 353w, https:\/\/agora.xtec.cat\/ceip-cossetania\/wp-content\/uploads\/usu617\/2014\/09\/hist\u00f2ria1-220x300.jpg 220w\" sizes=\"auto, (max-width: 180px) 100vw, 180px\" \/><\/a><\/p>\n<p style=\"text-align: left;\">L\u2019octubre de 1967, l\u2018Escola Cosset\u00e0nia obre les portes per primera vegada als baixos del carrer de l\u2019Aigua 138, amb 40 alumnes i dues mestres. Al cap d\u2019un any, les fam\u00edlies decideixen constitu\u00efr-se en cooperativa de consum a efectes legals. No obstant, a nivell intern, funciona com a cooperativa de pares, mares i mestres. El 1968 es redacten els principis de l\u2019escola, que s\u00f3n aprovats per fam\u00edlies i mestres en assemblea.<\/p>\n<p style=\"text-align: left;\">Des d\u2019un bon principi, el model d\u2019escola que es vol connecta amb el del Moviment d\u2019Escola Activa que s\u2019inicia poc abans al voltant de l\u2019escola de mestres Rosa Sensat. Fam\u00edlies i mestres participen activament en aquest moviment, tant en feines de coordinaci\u00f3 com en trobades pedag\u00f2giques.<\/p>\n<p style=\"text-align: left;\"><a href=\"http:\/\/agora.xtec.cat\/ceip-cossetania\/wp-content\/uploads\/usu617\/2014\/09\/hist\u00f2ria-2.jpg\"><img loading=\"lazy\" decoding=\"async\" class=\"wp-image-350 alignleft\" src=\"http:\/\/agora.xtec.cat\/ceip-cossetania\/wp-content\/uploads\/usu617\/2014\/09\/hist\u00f2ria-2.jpg\" alt=\"hist\u00f2ria 2\" width=\"158\" height=\"214\" srcset=\"https:\/\/agora.xtec.cat\/ceip-cossetania\/wp-content\/uploads\/usu617\/2014\/09\/hist\u00f2ria-2.jpg 304w, https:\/\/agora.xtec.cat\/ceip-cossetania\/wp-content\/uploads\/usu617\/2014\/09\/hist\u00f2ria-2-222x300.jpg 222w\" sizes=\"auto, (max-width: 158px) 100vw, 158px\" \/><\/a>A partir del 1972, comencen a introduir-se les t\u00e8cniques Freinet, que seran vigents fins a finals dels anys 90.<\/p>\n<p style=\"text-align: left;\">L\u2019escola es fa gran i despr\u00e8s de passar per diferents espais dins la ciutat, la cooperativa decideix construir un edifici nou als afores de la vila. S\u2019inaugura el gener de 1977 la prim\u00e0ria, mentre el parvulari romandr\u00e0 al carrer Dr. Fleming. Finalment, el gener de 1981 s\u2019inaugura el parvulari i el gimn\u00e0s. Despr\u00e9s de molts anys, tots els infants i mestres poden estar al mateix edifici, l\u2019actual.<\/p>\n<p style=\"text-align: left;\">Aquest mateix any l\u2019escola es declara oficialment Escola Catalana.<\/p>\n<p style=\"text-align: left;\">El 1977 l\u2019escola entra a formar part del <em>Col\u00b7lectiu d\u2019Escoles per a una Escola P\u00fablica Catalana<\/em> (CEPEPC), que t\u00e9 com a finalitat la integraci\u00f3 d\u2019aquests centres a la xarxa d\u2019escoles p\u00fabliques. El 1983, el Parlament de Catalunya aprova la llei que ho far\u00e0 possible i l\u2019assemblea acorda, per majoria, la voluntat d\u2019esdevenir escola p\u00fablica. Finalment, el gener de 1988, l\u2019Escola passa a ser de titularitat p\u00fablica, ja que, com es deia des de els seus inicis &#8230; \u201cl \u0301Escola Cosset\u00e0nia es configura en base a la vocaci\u00f3 d\u2019escola p\u00fablica\u201d.<a href=\"http:\/\/agora.xtec.cat\/ceip-cossetania\/wp-content\/uploads\/usu617\/2014\/09\/historia-3.jpg\"><img loading=\"lazy\" decoding=\"async\" class=\"wp-image-351 alignright\" src=\"http:\/\/agora.xtec.cat\/ceip-cossetania\/wp-content\/uploads\/usu617\/2014\/09\/historia-3.jpg\" alt=\"historia 3\" width=\"162\" height=\"225\" srcset=\"https:\/\/agora.xtec.cat\/ceip-cossetania\/wp-content\/uploads\/usu617\/2014\/09\/historia-3.jpg 287w, https:\/\/agora.xtec.cat\/ceip-cossetania\/wp-content\/uploads\/usu617\/2014\/09\/historia-3-216x300.jpg 216w\" sizes=\"auto, (max-width: 162px) 100vw, 162px\" \/><\/a><\/p>\n<p style=\"text-align: left;\">Les fam\u00edlies de la cooperativa es constitueixen, llavors, en AMPA i el seu funcionament intern continua sent similar al de la cooperativa.<\/p>\n<p style=\"text-align: left;\">Malgrat el pas del temps i els canvis que ha viscut el barri, la societat i la ciutat, a l\u2019Escola Cosset\u00e0nia continuen vigents el principis fundacionals d\u2019una escola que vol ser p\u00fablica, de qualitat, democr\u00e0tica, catalana i arrelada al medi. A m\u00e9s a m\u00e9s, la comunitat educativa que la formen, fam\u00edlies, mestres i alumnes, continua treballant per adaptar els espais, l\u2019organitzaci\u00f3 i la l\u00ednia pedag\u00f2gica als nous temps.<\/p>\n<\/div>\n<div style=\"text-align: center;\">\n<div style=\"margin: 8px 0px 4px;\">\n<table style=\"height: 691px;\" border=\"2px\" width=\"906\">\n<tbody>\n<tr>\n<td>\n<div style=\"text-align: center;\">\n<div style=\"margin: 8px 0px 4px;\"><a href=\"http:\/\/www.calameo.com\/books\/000617583f3077790ff5d\" target=\"_blank\">llibret 20 anys<\/a><\/div>\n<p><iframe loading=\"lazy\" style=\"margin: 0 auto;\" src=\"\/\/v.calameo.com\/?bkcode=000617583f3077790ff5d&amp;mode=mini&amp;view=book&amp;clickto=view&amp;clicktarget=_blank\" width=\"400\" height=\"250\" frameborder=\"0\" scrolling=\"no\" allowfullscreen=\"allowfullscreen\"><\/iframe><\/p>\n<div style=\"margin: 4px 0px 8px;\"><a href=\"http:\/\/www.calameo.com\/\" target=\"_blank\">Leer m\u00e1s publicaciones en Calam\u00e9o<\/a><\/div>\n<\/div>\n<\/td>\n<td>\n<div style=\"text-align: center;\">\n<div style=\"margin: 8px 0px 4px;\"><a href=\"http:\/\/www.calameo.com\/books\/0006175832fbed888aba1\" target=\"_blank\">25 anys<\/a><\/div>\n<p><iframe loading=\"lazy\" style=\"margin: 0 auto;\" src=\"\/\/v.calameo.com\/?bkcode=0006175832fbed888aba1&amp;mode=mini&amp;view=book&amp;clickto=view&amp;clicktarget=_blank\" width=\"400\" height=\"250\" frameborder=\"0\" scrolling=\"no\" allowfullscreen=\"allowfullscreen\"><\/iframe><\/p>\n<div style=\"margin: 4px 0px 8px;\"><a href=\"http:\/\/www.calameo.com\/\" target=\"_blank\">Leer m\u00e1s publicaciones en Calam\u00e9o<\/a><\/div>\n<\/div>\n<\/td>\n<\/tr>\n<tr>\n<td>\n<div style=\"text-align: center;\">\n<div style=\"margin: 8px 0px 4px;\"><a href=\"http:\/\/www.calameo.com\/books\/0006175832dc5535f4091\" target=\"_blank\">30anys<\/a><\/div>\n<p><iframe loading=\"lazy\" style=\"margin: 0 auto;\" src=\"\/\/v.calameo.com\/?bkcode=0006175832dc5535f4091&amp;mode=mini&amp;view=book&amp;clickto=view&amp;clicktarget=_blank\" width=\"400\" height=\"250\" frameborder=\"0\" scrolling=\"no\" allowfullscreen=\"allowfullscreen\"><\/iframe><\/p>\n<div style=\"margin: 4px 0px 8px;\"><a href=\"http:\/\/www.calameo.com\/\" target=\"_blank\">Leer m\u00e1s publicaciones en Calam\u00e9o<\/a><\/div>\n<\/div>\n<\/td>\n<td>\n<div style=\"text-align: center;\">\n<div style=\"margin: 8px 0px 4px;\"><a href=\"http:\/\/www.calameo.com\/books\/000617583c9408cf8bd03\" target=\"_blank\">40 anys<\/a><\/div>\n<p><iframe loading=\"lazy\" style=\"margin: 0 auto;\" src=\"\/\/v.calameo.com\/?bkcode=000617583c9408cf8bd03&amp;mode=mini&amp;view=book&amp;clickto=view&amp;clicktarget=_blank\" width=\"400\" height=\"250\" frameborder=\"0\" scrolling=\"no\" allowfullscreen=\"allowfullscreen\"><\/iframe><\/p>\n<div style=\"margin: 4px 0px 8px;\"><a href=\"http:\/\/www.calameo.com\/\" target=\"_blank\">Leer m\u00e1s publicaciones en Calam\u00e9o<\/a><\/div>\n<\/div>\n<\/td>\n<\/tr>\n<\/tbody>\n<\/table>\n<\/div>\n<\/div>\n<\/div>\n<table>\n<tbody>\n<tr>\n<td><iframe loading=\"lazy\" src=\"https:\/\/www.youtube.com\/embed\/fdOJv7ybWHs\" width=\"275\" height=\"175\" frameborder=\"0\" allowfullscreen=\"allowfullscreen\"><\/iframe><\/td>\n<td><iframe loading=\"lazy\" src=\"https:\/\/www.youtube.com\/embed\/Njz5TSeqlDg\" width=\"275\" height=\"175\" frameborder=\"0\" allowfullscreen=\"allowfullscreen\"><\/iframe><\/td>\n<td><iframe loading=\"lazy\" src=\"https:\/\/www.youtube.com\/embed\/uoj5HsYSoOY\" width=\"275\" height=\"175\" frameborder=\"0\" allowfullscreen=\"allowfullscreen\"><\/iframe><\/td>\n<\/tr>\n<\/tbody>\n<\/table>\n","protected":false},"excerpt":{"rendered":"<p>L \u2018Escola Cosset\u00e0nia neix el curs 1966\/67 com a resposta d\u2019unes fam\u00edlies que es plategen com ha de ser l\u2019 escola dels seus fills, ja que demanen un model diferent del que en aquells moments s\u2019ofereix a les escoles p\u00fabliques (del R\u00e8gim) o b\u00e9 a&hellip;  <a href=\"https:\/\/agora.xtec.cat\/ceip-cossetania\/lescola\/historia\/\" title=\"Read Hist\u00f2ria\">Llegeix m\u00e9s\u00bb<\/a><\/p>\n","protected":false},"author":1,"featured_media":0,"parent":22,"menu_order":20,"comment_status":"closed","ping_status":"closed","template":"page-templates\/side-menu.php","meta":{"_bbp_topic_count":0,"_bbp_reply_count":0,"_bbp_total_topic_count":0,"_bbp_total_reply_count":0,"_bbp_voice_count":0,"_bbp_anonymous_reply_count":0,"_bbp_topic_count_hidden":0,"_bbp_reply_count_hidden":0,"_bbp_forum_subforum_count":0,"footnotes":""},"class_list":["post-26","page","type-page","status-publish","hentry"],"post_mailing_queue_ids":[],"_links":{"self":[{"href":"https:\/\/agora.xtec.cat\/ceip-cossetania\/wp-json\/wp\/v2\/pages\/26","targetHints":{"allow":["GET"]}}],"collection":[{"href":"https:\/\/agora.xtec.cat\/ceip-cossetania\/wp-json\/wp\/v2\/pages"}],"about":[{"href":"https:\/\/agora.xtec.cat\/ceip-cossetania\/wp-json\/wp\/v2\/types\/page"}],"author":[{"embeddable":true,"href":"https:\/\/agora.xtec.cat\/ceip-cossetania\/wp-json\/wp\/v2\/users\/1"}],"replies":[{"embeddable":true,"href":"https:\/\/agora.xtec.cat\/ceip-cossetania\/wp-json\/wp\/v2\/comments?post=26"}],"version-history":[{"count":3,"href":"https:\/\/agora.xtec.cat\/ceip-cossetania\/wp-json\/wp\/v2\/pages\/26\/revisions"}],"predecessor-version":[{"id":379,"href":"https:\/\/agora.xtec.cat\/ceip-cossetania\/wp-json\/wp\/v2\/pages\/26\/revisions\/379"}],"up":[{"embeddable":true,"href":"https:\/\/agora.xtec.cat\/ceip-cossetania\/wp-json\/wp\/v2\/pages\/22"}],"wp:attachment":[{"href":"https:\/\/agora.xtec.cat\/ceip-cossetania\/wp-json\/wp\/v2\/media?parent=26"}],"curies":[{"name":"wp","href":"https:\/\/api.w.org\/{rel}","templated":true}]}}