{"id":1374,"date":"2017-10-09T15:47:17","date_gmt":"2017-10-09T13:47:17","guid":{"rendered":"http:\/\/agora.xtec.cat\/ceip-cossetania\/?page_id=1374"},"modified":"2022-07-27T12:55:10","modified_gmt":"2022-07-27T10:55:10","slug":"contacte","status":"publish","type":"page","link":"https:\/\/agora.xtec.cat\/ceip-cossetania\/lescola\/afa\/contacte\/","title":{"rendered":"Contacte"},"content":{"rendered":"<p>Pots contactar f\u00e0cilment en persona amb molts membres de la Junta qualsevol dia al centre. A m\u00e9s a m\u00e9s, pots adre\u00e7ar-te a la secretaria. Tamb\u00e9 ens pots enviar un correu a <a href=\"mailto:afa@escolacossetania.cat\">afa@escolacossetania.cat<\/a><\/p>\n<p>&nbsp;<\/p>\n<h3>B\u00daSTIA DE SUGGERIMENTS<\/h3>\n<h3>Com puc participar?<\/h3>\n<p>Si ens vols fer arribar alguna proposta, alguna idea, sugger\u00e8ncia, aportaci\u00f3, el que sigui, pots fer-ho f\u00e0cilment omplint el seg\u00fcent formulari.<\/p>\n<p><iframe loading=\"lazy\" src=\"https:\/\/docs.google.com\/forms\/d\/e\/1FAIpQLSefCJ3rnRTMDnhQNO3MVzzGrN4MzKGV0v8G8bNuIOtLseyy1w\/viewform?embedded=true\" width=\"640\" height=\"700\" frameborder=\"0\" marginwidth=\"0\" marginheight=\"0\"><span data-mce-type=\"bookmark\" style=\"display: inline-block; width: 0px; overflow: hidden; line-height: 0;\" class=\"mce_SELRES_start\">\ufeff<\/span>Cargando\u2026<\/iframe><\/p>\n","protected":false},"excerpt":{"rendered":"<p>Pots contactar f\u00e0cilment en persona amb molts membres de la Junta qualsevol dia al centre. A m\u00e9s a m\u00e9s, pots adre\u00e7ar-te a la secretaria. Tamb\u00e9 ens pots enviar un correu a <a href=\"mailto:afa@escolacossetania.cat\">afa@escolacossetania.cat<\/a><br \/>\n&nbsp;<br \/>\nB\u00daSTIA DE SUGGERIMENTS<br \/>\nCom puc participar?<br \/>\nSi ens vols fer arribar alguna proposta, alguna idea,&hellip;  <a href=\"https:\/\/agora.xtec.cat\/ceip-cossetania\/lescola\/afa\/contacte\/\" title=\"Read Contacte\">Llegeix m\u00e9s\u00bb<\/a><\/p>\n","protected":false},"author":1,"featured_media":0,"parent":857,"menu_order":10,"comment_status":"closed","ping_status":"closed","template":"page-templates\/side-menu.php","meta":{"_bbp_topic_count":0,"_bbp_reply_count":0,"_bbp_total_topic_count":0,"_bbp_total_reply_count":0,"_bbp_voice_count":0,"_bbp_anonymous_reply_count":0,"_bbp_topic_count_hidden":0,"_bbp_reply_count_hidden":0,"_bbp_forum_subforum_count":0,"footnotes":""},"class_list":["post-1374","page","type-page","status-publish","hentry"],"post_mailing_queue_ids":[],"_links":{"self":[{"href":"https:\/\/agora.xtec.cat\/ceip-cossetania\/wp-json\/wp\/v2\/pages\/1374","targetHints":{"allow":["GET"]}}],"collection":[{"href":"https:\/\/agora.xtec.cat\/ceip-cossetania\/wp-json\/wp\/v2\/pages"}],"about":[{"href":"https:\/\/agora.xtec.cat\/ceip-cossetania\/wp-json\/wp\/v2\/types\/page"}],"author":[{"embeddable":true,"href":"https:\/\/agora.xtec.cat\/ceip-cossetania\/wp-json\/wp\/v2\/users\/1"}],"replies":[{"embeddable":true,"href":"https:\/\/agora.xtec.cat\/ceip-cossetania\/wp-json\/wp\/v2\/comments?post=1374"}],"version-history":[{"count":3,"href":"https:\/\/agora.xtec.cat\/ceip-cossetania\/wp-json\/wp\/v2\/pages\/1374\/revisions"}],"predecessor-version":[{"id":4671,"href":"https:\/\/agora.xtec.cat\/ceip-cossetania\/wp-json\/wp\/v2\/pages\/1374\/revisions\/4671"}],"up":[{"embeddable":true,"href":"https:\/\/agora.xtec.cat\/ceip-cossetania\/wp-json\/wp\/v2\/pages\/857"}],"wp:attachment":[{"href":"https:\/\/agora.xtec.cat\/ceip-cossetania\/wp-json\/wp\/v2\/media?parent=1374"}],"curies":[{"name":"wp","href":"https:\/\/api.w.org\/{rel}","templated":true}]}}