{"id":1180,"date":"2017-06-13T23:26:53","date_gmt":"2017-06-13T21:26:53","guid":{"rendered":"http:\/\/agora.xtec.cat\/ceip-cossetania\/?page_id=1180"},"modified":"2019-10-22T16:44:30","modified_gmt":"2019-10-22T14:44:30","slug":"reutilitzacio-de-llibres","status":"publish","type":"page","link":"https:\/\/agora.xtec.cat\/ceip-cossetania\/lescola\/afa\/reutilitzacio-de-llibres\/","title":{"rendered":"Reutilitzaci\u00f3 de llibres"},"content":{"rendered":"<p>Tota la documentaci\u00f3 necess\u00e0ria per a participar.<\/p>\n<ul style=\"list-style-type: circle;\">\n<li>Presentaci\u00f3 del projecte: \u00a0<a href=\"http:\/\/agora.xtec.cat\/ceip-cossetania\/reutilitzacio-de-llibres-2\/\">D\u00edptic Projecte de reutilitzaci\u00f3 dels llibres<\/a><\/li>\n<li>Passos que cal seguir:\u00a0<a href=\"http:\/\/agora.xtec.cat\/ceip-cossetania\/wp-content\/uploads\/usu617\/2017\/06\/PROC\u00c8S-PROJECTE-RECICLATGE.pdf\">PROC\u00c8S PROJECTE RECICLATGE<\/a><\/li>\n<li>Full de comprom\u00eds per a signar:\u00a0<a href=\"http:\/\/agora.xtec.cat\/ceip-cossetania\/lescola\/afa\/documents-i-descarregues\/compromis-reutilitzacio-llibres\/\">COMPROM\u00cdS DE PARTICIPACI\u00d3<\/a><\/li>\n<\/ul>\n","protected":false},"excerpt":{"rendered":"<p>Tota la documentaci\u00f3 necess\u00e0ria per a participar.<\/p>\n<ul style=\"list-style-type: circle;\">\n<li>Presentaci\u00f3 del projecte: \u00a0<a href=\"http:\/\/agora.xtec.cat\/ceip-cossetania\/reutilitzacio-de-llibres-2\/\">D\u00edptic Projecte de reutilitzaci\u00f3 dels llibres<\/a><\/li>\n<li>Passos que cal seguir:\u00a0<a href=\"http:\/\/agora.xtec.cat\/ceip-cossetania\/wp-content\/uploads\/usu617\/2017\/06\/PROC\u00c8S-PROJECTE-RECICLATGE.pdf\">PROC\u00c8S PROJECTE RECICLATGE<\/a><\/li>\n<li>Full de comprom\u00eds per a signar:\u00a0<a href=\"http:\/\/agora.xtec.cat\/ceip-cossetania\/lescola\/afa\/documents-i-descarregues\/compromis-reutilitzacio-llibres\/\">COMPROM\u00cdS DE PARTICIPACI\u00d3<\/a><\/li>\n<\/ul>\n","protected":false},"author":1,"featured_media":0,"parent":857,"menu_order":7,"comment_status":"closed","ping_status":"closed","template":"","meta":{"_bbp_topic_count":0,"_bbp_reply_count":0,"_bbp_total_topic_count":0,"_bbp_total_reply_count":0,"_bbp_voice_count":0,"_bbp_anonymous_reply_count":0,"_bbp_topic_count_hidden":0,"_bbp_reply_count_hidden":0,"_bbp_forum_subforum_count":0,"footnotes":""},"class_list":["post-1180","page","type-page","status-publish","hentry"],"post_mailing_queue_ids":[],"_links":{"self":[{"href":"https:\/\/agora.xtec.cat\/ceip-cossetania\/wp-json\/wp\/v2\/pages\/1180","targetHints":{"allow":["GET"]}}],"collection":[{"href":"https:\/\/agora.xtec.cat\/ceip-cossetania\/wp-json\/wp\/v2\/pages"}],"about":[{"href":"https:\/\/agora.xtec.cat\/ceip-cossetania\/wp-json\/wp\/v2\/types\/page"}],"author":[{"embeddable":true,"href":"https:\/\/agora.xtec.cat\/ceip-cossetania\/wp-json\/wp\/v2\/users\/1"}],"replies":[{"embeddable":true,"href":"https:\/\/agora.xtec.cat\/ceip-cossetania\/wp-json\/wp\/v2\/comments?post=1180"}],"version-history":[{"count":3,"href":"https:\/\/agora.xtec.cat\/ceip-cossetania\/wp-json\/wp\/v2\/pages\/1180\/revisions"}],"predecessor-version":[{"id":3245,"href":"https:\/\/agora.xtec.cat\/ceip-cossetania\/wp-json\/wp\/v2\/pages\/1180\/revisions\/3245"}],"up":[{"embeddable":true,"href":"https:\/\/agora.xtec.cat\/ceip-cossetania\/wp-json\/wp\/v2\/pages\/857"}],"wp:attachment":[{"href":"https:\/\/agora.xtec.cat\/ceip-cossetania\/wp-json\/wp\/v2\/media?parent=1180"}],"curies":[{"name":"wp","href":"https:\/\/api.w.org\/{rel}","templated":true}]}}