{"id":7,"date":"2014-09-17T15:07:41","date_gmt":"2014-09-17T15:07:41","guid":{"rendered":"http:\/\/agora.xtec.cat\/ceip-collaso\/\/?page_id=7"},"modified":"2026-04-08T21:24:53","modified_gmt":"2026-04-08T19:24:53","slug":"pagines-dinici","status":"publish","type":"page","link":"https:\/\/agora.xtec.cat\/ceip-collaso\/","title":{"rendered":"S&#8217;acosta Sant Jordi&#8230;"},"content":{"rendered":"\n<p>M\u00e9s endavant hi haur\u00e0 m\u00e9s detalls de la diada de Sant Jordi a l&#8217;escola!<\/p>\n\n\n\n<figure class=\"wp-block-image size-large\"><a href=\"https:\/\/agora.xtec.cat\/ceip-collaso\/wp-content\/uploads\/usu505\/2026\/04\/IMG_5278.jpeg\"><img loading=\"lazy\" decoding=\"async\" width=\"836\" height=\"1024\" src=\"https:\/\/agora.xtec.cat\/ceip-collaso\/wp-content\/uploads\/usu505\/2026\/04\/IMG_5278-836x1024.jpeg\" alt=\"\" class=\"wp-image-11586\" srcset=\"https:\/\/agora.xtec.cat\/ceip-collaso\/wp-content\/uploads\/usu505\/2026\/04\/IMG_5278-836x1024.jpeg 836w, https:\/\/agora.xtec.cat\/ceip-collaso\/wp-content\/uploads\/usu505\/2026\/04\/IMG_5278-245x300.jpeg 245w, https:\/\/agora.xtec.cat\/ceip-collaso\/wp-content\/uploads\/usu505\/2026\/04\/IMG_5278-768x941.jpeg 768w, https:\/\/agora.xtec.cat\/ceip-collaso\/wp-content\/uploads\/usu505\/2026\/04\/IMG_5278.jpeg 1170w\" sizes=\"auto, (max-width: 836px) 100vw, 836px\" \/><\/a><figcaption class=\"wp-element-caption\">Screenshot<\/figcaption><\/figure>\n\n\n\n<p><strong>20 de Mar\u00e7<\/strong><\/p>\n\n\n\n<div class=\"wp-block-getwid-section alignfull alignfull getwid-section-content-custom-width\"><div class=\"wp-block-getwid-section__wrapper getwid-padding-left-medium getwid-padding-right-medium\"><div class=\"wp-block-getwid-section__inner-wrapper\" style=\"max-width:1140px\"><div class=\"wp-block-getwid-section__background-holder\"><div class=\"wp-block-getwid-section__background\"><\/div><div class=\"wp-block-getwid-section__foreground\"><\/div><\/div><div class=\"wp-block-getwid-section__content\"><div class=\"wp-block-getwid-section__inner-content\">\n<div class=\"wp-block-columns has-2-columns are-vertically-aligned-center is-layout-flex wp-container-core-columns-is-layout-2 wp-block-columns-is-layout-flex\">\n<div class=\"wp-block-column is-vertically-aligned-center is-layout-flow wp-block-column-is-layout-flow\">\n<div class=\"wp-block-columns is-layout-flex wp-container-core-columns-is-layout-1 wp-block-columns-is-layout-flex\">\n<div class=\"wp-block-column is-layout-flow wp-block-column-is-layout-flow\" style=\"flex-basis:100%\">\n<div class=\"wp-block-getwid-advanced-heading\" style=\"margin-bottom:0px;margin-top:0px\"><span class=\"wp-block-getwid-advanced-heading__content\"><\/span><\/div>\n<\/div>\n<\/div>\n\n\n\n<div class=\"wp-block-getwid-advanced-heading\" style=\"margin-bottom:30px;margin-top:10px\"><h2 class=\"wp-block-getwid-advanced-heading__content\">Per una Educaci\u00f3 p\u00fablica i de qualitat!<\/h2><\/div>\n\n\n\n<p>A l\u2019educaci\u00f3: &#8221;m\u00e9s salari, m\u00e9s recursos, menys r\u00e0tios, menys burocr\u00e0cia\u201d.<\/p>\n\n\n\n<p>\u201cLluitant tamb\u00e9 este educant\u201d.<\/p>\n\n\n\n<div class=\"wp-block-button is-style-outline is-style-outline--1\"><a class=\"wp-block-button__link has-text-color wp-element-button\" href=\"#\" style=\"color:#000000\">Il\u00b7lustraci\u00f3: Joan Turu<\/a><\/div>\n<\/div>\n\n\n\n<div class=\"wp-block-column is-vertically-aligned-center is-layout-flow wp-block-column-is-layout-flow\">\n<figure class=\"wp-block-image size-large\"><a href=\"https:\/\/agora.xtec.cat\/ceip-collaso\/wp-content\/uploads\/usu505\/2026\/03\/Imatge.jpeg\"><img loading=\"lazy\" decoding=\"async\" width=\"724\" height=\"1024\" src=\"https:\/\/agora.xtec.cat\/ceip-collaso\/wp-content\/uploads\/usu505\/2026\/03\/Imatge-724x1024.jpeg\" alt=\"\" class=\"wp-image-11578\" srcset=\"https:\/\/agora.xtec.cat\/ceip-collaso\/wp-content\/uploads\/usu505\/2026\/03\/Imatge-724x1024.jpeg 724w, https:\/\/agora.xtec.cat\/ceip-collaso\/wp-content\/uploads\/usu505\/2026\/03\/Imatge-212x300.jpeg 212w, https:\/\/agora.xtec.cat\/ceip-collaso\/wp-content\/uploads\/usu505\/2026\/03\/Imatge-768x1086.jpeg 768w, https:\/\/agora.xtec.cat\/ceip-collaso\/wp-content\/uploads\/usu505\/2026\/03\/Imatge-1086x1536.jpeg 1086w, https:\/\/agora.xtec.cat\/ceip-collaso\/wp-content\/uploads\/usu505\/2026\/03\/Imatge.jpeg 1241w\" sizes=\"auto, (max-width: 724px) 100vw, 724px\" \/><\/a><\/figure>\n<\/div>\n<\/div>\n<\/div><\/div><\/div><\/div><\/div>\n\n\n\n<p><\/p>\n\n\n\n<p><strong>Rodajoc 2026<\/strong><\/p>\n\n\n\n<div class=\"wp-block-media-text is-stacked-on-mobile\"><figure class=\"wp-block-media-text__media\"><img loading=\"lazy\" decoding=\"async\" width=\"819\" height=\"1024\" src=\"https:\/\/agora.xtec.cat\/ceip-collaso\/wp-content\/uploads\/usu505\/2026\/03\/IMG_5063-819x1024.jpeg\" alt=\"\" class=\"wp-image-11575 size-full\" srcset=\"https:\/\/agora.xtec.cat\/ceip-collaso\/wp-content\/uploads\/usu505\/2026\/03\/IMG_5063-819x1024.jpeg 819w, https:\/\/agora.xtec.cat\/ceip-collaso\/wp-content\/uploads\/usu505\/2026\/03\/IMG_5063-240x300.jpeg 240w, https:\/\/agora.xtec.cat\/ceip-collaso\/wp-content\/uploads\/usu505\/2026\/03\/IMG_5063-768x960.jpeg 768w, https:\/\/agora.xtec.cat\/ceip-collaso\/wp-content\/uploads\/usu505\/2026\/03\/IMG_5063-1229x1536.jpeg 1229w, https:\/\/agora.xtec.cat\/ceip-collaso\/wp-content\/uploads\/usu505\/2026\/03\/IMG_5063-1639x2048.jpeg 1639w\" sizes=\"auto, (max-width: 819px) 100vw, 819px\" \/><\/figure><div class=\"wp-block-media-text__content\">\n<p>ELS NENS I NENES DE 3R HAN PARTICIPAT AVUI AL RODAJOC. HA SIGUT MOLT INTERESSANT COMPARTIR-HO AMB ALTRES ESCOLES.<\/p>\n<\/div><\/div>\n\n\n\n<p><strong>Visita al Zoo de Barcelona<\/strong><\/p>\n\n\n\n<p>La comunitat de mitjans va anar divendres a visitar el Zoo de Barcelona. Vam veure un munt d&#8217;animals i vam estar jugant a un dels parcs que hi ha. Un dia genial. A l&#8217;instagram de l&#8217;escola podeu veure un petit recull de la sortida.<\/p>\n\n\n\n<p>@escolacollasoigil<\/p>\n\n\n\n<figure class=\"wp-block-embed is-type-video is-provider-youtube wp-block-embed-youtube wp-embed-aspect-16-9 wp-has-aspect-ratio\"><div class=\"wp-block-embed__wrapper\">\n<div class=\"ast-oembed-container \" style=\"height: 100%;\"><iframe loading=\"lazy\" title=\"Mitjans al Zoo de Barcelona\" width=\"500\" height=\"281\" src=\"https:\/\/www.youtube.com\/embed\/g-5PIqXmM7Q?feature=oembed\" frameborder=\"0\" allow=\"accelerometer; autoplay; clipboard-write; encrypted-media; gyroscope; picture-in-picture; web-share\" referrerpolicy=\"strict-origin-when-cross-origin\" allowfullscreen><\/iframe><\/div>\n<\/div><\/figure>\n\n\n\n<p><strong>Preinscripcions 2026-2027<\/strong><\/p>\n\n\n\n<p>\ud83d\udc49 <strong>Sol\u00b7licita cita pr\u00e8via<\/strong><\/p>\n\n\n\n<p><a href=\"https:\/\/docs.google.com\/forms\/d\/e\/1FAIpQLSe1JjhhSOGDmE6AXOaapaG1_ZMdAp99ZaERHBhVf6QYYJP9pQ\/viewform?usp=header\">https:\/\/docs.google.com\/forms\/d\/e\/1FAIpQLSe1JjhhSOGDmE6AXOaapaG1_ZMdAp99ZaERHBhVf6QYYJP9pQ\/viewform?usp=header<\/a><\/p>\n\n\n\n<figure class=\"wp-block-image\" id=\"block-31ec8265-6071-43e6-9b7a-74dc1d3f99bd\"><a href=\"https:\/\/agora.xtec.cat\/ceip-collaso\/wp-content\/uploads\/usu505\/2026\/02\/cartell-preinscripcions-5.jpg\"><img decoding=\"async\" src=\"https:\/\/agora.xtec.cat\/ceip-collaso\/wp-content\/uploads\/usu505\/2026\/02\/cartell-preinscripcions-5.jpg\" alt=\"Aquesta imatge t\u00e9 l'atribut alt buit; el seu nom \u00e9s cartell-preinscripcions-5.jpg\"\/><\/a><\/figure>\n\n\n\n<p><strong>Carnestoltes 2026<\/strong><\/p>\n\n\n\n<figure class=\"wp-block-embed is-type-video is-provider-youtube wp-block-embed-youtube wp-embed-aspect-16-9 wp-has-aspect-ratio\"><div class=\"wp-block-embed__wrapper\">\n<div class=\"ast-oembed-container \" style=\"height: 100%;\"><iframe loading=\"lazy\" title=\"Carnestoltes 2026\" width=\"500\" height=\"281\" src=\"https:\/\/www.youtube.com\/embed\/VXseydVWQso?feature=oembed\" frameborder=\"0\" allow=\"accelerometer; autoplay; clipboard-write; encrypted-media; gyroscope; picture-in-picture; web-share\" referrerpolicy=\"strict-origin-when-cross-origin\" allowfullscreen><\/iframe><\/div>\n<\/div><\/figure>\n\n\n\n<h1 class=\"wp-block-heading\">Portes obertes<\/h1>\n\n\n\n<figure class=\"wp-block-image alignwide\"><img loading=\"lazy\" decoding=\"async\" width=\"1414\" height=\"2000\" src=\"https:\/\/agora.xtec.cat\/ceip-collaso\/wp-content\/uploads\/usu505\/2026\/02\/IMG_4818.jpg\" alt=\"\" class=\"wp-image-11321\" srcset=\"https:\/\/agora.xtec.cat\/ceip-collaso\/wp-content\/uploads\/usu505\/2026\/02\/IMG_4818.jpg 1414w, https:\/\/agora.xtec.cat\/ceip-collaso\/wp-content\/uploads\/usu505\/2026\/02\/IMG_4818-212x300.jpg 212w, https:\/\/agora.xtec.cat\/ceip-collaso\/wp-content\/uploads\/usu505\/2026\/02\/IMG_4818-724x1024.jpg 724w, https:\/\/agora.xtec.cat\/ceip-collaso\/wp-content\/uploads\/usu505\/2026\/02\/IMG_4818-768x1086.jpg 768w, https:\/\/agora.xtec.cat\/ceip-collaso\/wp-content\/uploads\/usu505\/2026\/02\/IMG_4818-1086x1536.jpg 1086w\" sizes=\"auto, (max-width: 1414px) 100vw, 1414px\" \/><\/figure>\n\n\n\n<p class=\"has-x-large-font-size\">Carnestoltes 2026<\/p>\n\n\n\n<p>El divendres va arribar el rei Carnestoltes i ens va explicar les consignes per a aquesta setmana:<\/p>\n\n\n\n<p><strong>Dilluns<\/strong>: mitjons diferents<\/p>\n\n\n\n<p><strong>Dimarts<\/strong>: pentinat divertit<\/p>\n\n\n\n<p><strong>Dimecres<\/strong>: vestits d\u2019esportistes<\/p>\n\n\n\n<p><strong>Dijous<\/strong>: pijama<\/p>\n\n\n\n<p><strong>Divendres<\/strong>: disfressa del grup (animals en perill d\u2019extinci\u00f3)<\/p>\n\n\n\n<figure class=\"wp-block-image\"><a href=\"https:\/\/agora.xtec.cat\/ceip-collaso\/wp-content\/uploads\/usu505\/2026\/02\/image.png\"><img loading=\"lazy\" decoding=\"async\" width=\"225\" height=\"225\" src=\"https:\/\/agora.xtec.cat\/ceip-collaso\/wp-content\/uploads\/usu505\/2026\/02\/image.png\" alt=\"\" class=\"wp-image-11305\" srcset=\"https:\/\/agora.xtec.cat\/ceip-collaso\/wp-content\/uploads\/usu505\/2026\/02\/image.png 225w, https:\/\/agora.xtec.cat\/ceip-collaso\/wp-content\/uploads\/usu505\/2026\/02\/image-150x150.png 150w\" sizes=\"auto, (max-width: 225px) 100vw, 225px\" \/><\/a><\/figure>\n\n\n\n<p><\/p>\n\n\n\n<p class=\"has-large-font-size\">Us desitjem bones festes i feli\u00e7 any nou!<\/p>\n\n\n\n<figure class=\"wp-block-image size-large\"><a href=\"https:\/\/agora.xtec.cat\/ceip-collaso\/wp-content\/uploads\/usu505\/2025\/12\/06842eab-4e17-48f6-a551-53fb1288aed0.jpeg\"><img loading=\"lazy\" decoding=\"async\" width=\"1024\" height=\"768\" src=\"https:\/\/agora.xtec.cat\/ceip-collaso\/wp-content\/uploads\/usu505\/2025\/12\/06842eab-4e17-48f6-a551-53fb1288aed0-1024x768.jpeg\" alt=\"\" class=\"wp-image-11256\" srcset=\"https:\/\/agora.xtec.cat\/ceip-collaso\/wp-content\/uploads\/usu505\/2025\/12\/06842eab-4e17-48f6-a551-53fb1288aed0-1024x768.jpeg 1024w, https:\/\/agora.xtec.cat\/ceip-collaso\/wp-content\/uploads\/usu505\/2025\/12\/06842eab-4e17-48f6-a551-53fb1288aed0-300x225.jpeg 300w, https:\/\/agora.xtec.cat\/ceip-collaso\/wp-content\/uploads\/usu505\/2025\/12\/06842eab-4e17-48f6-a551-53fb1288aed0-768x576.jpeg 768w, https:\/\/agora.xtec.cat\/ceip-collaso\/wp-content\/uploads\/usu505\/2025\/12\/06842eab-4e17-48f6-a551-53fb1288aed0-1536x1152.jpeg 1536w, https:\/\/agora.xtec.cat\/ceip-collaso\/wp-content\/uploads\/usu505\/2025\/12\/06842eab-4e17-48f6-a551-53fb1288aed0.jpeg 1600w\" sizes=\"auto, (max-width: 1024px) 100vw, 1024px\" \/><\/a><\/figure>\n\n\n\n<h2 class=\"wp-block-heading has-text-align-center\"><strong><mark style=\"background-color:rgba(0, 0, 0, 0)\" class=\"has-inline-color has-ast-global-color-1-color\">Fam\u00edlies! Aqu\u00ed teniu avisos d&#8217;informaci\u00f3 important<\/mark><\/strong><\/h2>\n\n\n\n<div class=\"wp-block-group is-nowrap is-layout-flex wp-container-core-group-is-layout-1 wp-block-group-is-layout-flex\">\n<div data-wp-interactive=\"core\/file\" class=\"wp-block-file\"><object data-wp-bind--hidden=\"!state.hasPdfPreview\" hidden class=\"wp-block-file__embed\" data=\"https:\/\/agora.xtec.cat\/ceip-collaso\/wp-content\/uploads\/usu505\/2025\/06\/INFORME_LLISTA_ESPERA_OME_LLISTA_ESPERA-3-1.pdf\" type=\"application\/pdf\" style=\"width:100%;height:600px\" aria-label=\"Incrustaci\u00f3 del fitxer INFORME_LLISTA_ESPERA_OME_LLISTA_ESPERA (3).\"><\/object><a id=\"wp-block-file--media-af9cb999-7c9c-4efa-89aa-6b58064ac4e4\" href=\"https:\/\/agora.xtec.cat\/ceip-collaso\/wp-content\/uploads\/usu505\/2025\/06\/INFORME_LLISTA_ESPERA_OME_LLISTA_ESPERA-3-1.pdf\">INFORME_LLISTA_ESPERA_OME_LLISTA_ESPERA (3)<\/a><a href=\"https:\/\/agora.xtec.cat\/ceip-collaso\/wp-content\/uploads\/usu505\/2025\/06\/INFORME_LLISTA_ESPERA_OME_LLISTA_ESPERA-3-1.pdf\" class=\"wp-block-file__button wp-element-button\" download aria-describedby=\"wp-block-file--media-af9cb999-7c9c-4efa-89aa-6b58064ac4e4\">Baixa<\/a><\/div>\n\n\n\n<div data-wp-interactive=\"core\/file\" class=\"wp-block-file\"><object data-wp-bind--hidden=\"!state.hasPdfPreview\" hidden class=\"wp-block-file__embed\" data=\"https:\/\/agora.xtec.cat\/ceip-collaso\/wp-content\/uploads\/usu505\/2025\/06\/INFORME_PREINSCRITES_OME_INFORME_PREINSCRITES_OME-3-1.pdf\" type=\"application\/pdf\" style=\"width:100%;height:600px\" aria-label=\"Incrustaci\u00f3 del fitxer INFORME_PREINSCRITES_OME_INFORME_PREINSCRITES_OME (3).\"><\/object><a id=\"wp-block-file--media-f079edd9-504f-410d-a38e-07b4dfbba17e\" href=\"https:\/\/agora.xtec.cat\/ceip-collaso\/wp-content\/uploads\/usu505\/2025\/06\/INFORME_PREINSCRITES_OME_INFORME_PREINSCRITES_OME-3-1.pdf\">INFORME_PREINSCRITES_OME_INFORME_PREINSCRITES_OME (3)<\/a><a href=\"https:\/\/agora.xtec.cat\/ceip-collaso\/wp-content\/uploads\/usu505\/2025\/06\/INFORME_PREINSCRITES_OME_INFORME_PREINSCRITES_OME-3-1.pdf\" class=\"wp-block-file__button wp-element-button\" download aria-describedby=\"wp-block-file--media-f079edd9-504f-410d-a38e-07b4dfbba17e\">Baixa<\/a><\/div>\n<\/div>\n\n\n\n<div class=\"wp-block-group is-nowrap is-layout-flex wp-container-core-group-is-layout-2 wp-block-group-is-layout-flex\">\n<div data-wp-interactive=\"core\/file\" class=\"wp-block-file\"><object data-wp-bind--hidden=\"!state.hasPdfPreview\" hidden class=\"wp-block-file__embed\" data=\"https:\/\/agora.xtec.cat\/ceip-collaso\/wp-content\/uploads\/usu505\/2025\/06\/INFORME_PREINSCRITES_OME_INFORME_PREINSCRITES_OME-3-2.pdf\" type=\"application\/pdf\" style=\"width:100%;height:600px\" aria-label=\"Incrustaci\u00f3 del fitxer INFORME_PREINSCRITES_OME_INFORME_PREINSCRITES_OME (3).\"><\/object><a id=\"wp-block-file--media-ed75ea4e-a870-4e72-8f41-b180c5737c04\" href=\"https:\/\/agora.xtec.cat\/ceip-collaso\/wp-content\/uploads\/usu505\/2025\/06\/INFORME_PREINSCRITES_OME_INFORME_PREINSCRITES_OME-3-2.pdf\">INFORME_PREINSCRITES_OME_INFORME_PREINSCRITES_OME (3)<\/a><a href=\"https:\/\/agora.xtec.cat\/ceip-collaso\/wp-content\/uploads\/usu505\/2025\/06\/INFORME_PREINSCRITES_OME_INFORME_PREINSCRITES_OME-3-2.pdf\" class=\"wp-block-file__button wp-element-button\" download aria-describedby=\"wp-block-file--media-ed75ea4e-a870-4e72-8f41-b180c5737c04\">Baixa<\/a><\/div>\n\n\n\n<figure class=\"wp-block-image aligncenter size-large is-resized\"><a href=\"https:\/\/agora.xtec.cat\/ceip-collaso\/wp-content\/uploads\/usu505\/2025\/05\/Avisos.jpg\"><img loading=\"lazy\" decoding=\"async\" width=\"1024\" height=\"1024\" src=\"https:\/\/agora.xtec.cat\/ceip-collaso\/wp-content\/uploads\/usu505\/2025\/05\/Avisos-1024x1024.jpg\" alt=\"\" class=\"wp-image-11121\" style=\"width:507px;height:auto\" srcset=\"https:\/\/agora.xtec.cat\/ceip-collaso\/wp-content\/uploads\/usu505\/2025\/05\/Avisos-1024x1024.jpg 1024w, https:\/\/agora.xtec.cat\/ceip-collaso\/wp-content\/uploads\/usu505\/2025\/05\/Avisos-300x300.jpg 300w, https:\/\/agora.xtec.cat\/ceip-collaso\/wp-content\/uploads\/usu505\/2025\/05\/Avisos-150x150.jpg 150w, https:\/\/agora.xtec.cat\/ceip-collaso\/wp-content\/uploads\/usu505\/2025\/05\/Avisos-768x768.jpg 768w, https:\/\/agora.xtec.cat\/ceip-collaso\/wp-content\/uploads\/usu505\/2025\/05\/Avisos.jpg 1080w\" sizes=\"auto, (max-width: 1024px) 100vw, 1024px\" \/><\/a><\/figure>\n<\/div>\n\n\n\n<p><strong>PREMIADA LA CLASSE DE 4T B ALS JOCS FLORALS DE CIUTAT VELLA I ALS JOCS FLORALS DE BARCELONA<\/strong><\/p>\n\n\n\n<p>La classe de 4t B ha guanyat el primer premi dels Jocs Florals de Ciutat Vella i Barcelona en la categoria H de Conte Audiovisual&nbsp;amb el projecte \u201cEl retorn dels llibres\u201d!&nbsp;<\/p>\n\n\n\n<p>Van estar seleccionats per participar a la fase de Barcelona, que va tenir lloc el 28 de maig al Sal\u00f3 de Cent. Estem molt orgullosos\/es del treball fet, de l\u2019esfor\u00e7 i la il\u00b7lusi\u00f3 de tot l\u2019alumnat.<\/p>\n\n\n\n<p>Enhorabona 4t B!&nbsp;<\/p>\n\n\n\n<p>Link del v\u00eddeo: <a href=\"https:\/\/youtu.be\/_VGLaYsIWX8\">https:\/\/youtu.be\/_VGLaYsIWX8<\/a><\/p>\n\n\n\n<figure class=\"wp-block-image size-large is-resized\"><a href=\"https:\/\/agora.xtec.cat\/ceip-collaso\/wp-content\/uploads\/usu505\/2025\/05\/unnamed-5.jpg\"><img loading=\"lazy\" decoding=\"async\" width=\"1024\" height=\"1010\" src=\"https:\/\/agora.xtec.cat\/ceip-collaso\/wp-content\/uploads\/usu505\/2025\/05\/unnamed-5-1024x1010.jpg\" alt=\"\" class=\"wp-image-11165\" style=\"width:478px;height:auto\" srcset=\"https:\/\/agora.xtec.cat\/ceip-collaso\/wp-content\/uploads\/usu505\/2025\/05\/unnamed-5-1024x1010.jpg 1024w, https:\/\/agora.xtec.cat\/ceip-collaso\/wp-content\/uploads\/usu505\/2025\/05\/unnamed-5-300x296.jpg 300w, https:\/\/agora.xtec.cat\/ceip-collaso\/wp-content\/uploads\/usu505\/2025\/05\/unnamed-5-768x757.jpg 768w, https:\/\/agora.xtec.cat\/ceip-collaso\/wp-content\/uploads\/usu505\/2025\/05\/unnamed-5.jpg 1521w\" sizes=\"auto, (max-width: 1024px) 100vw, 1024px\" \/><\/a><\/figure>\n\n\n\n<p><\/p>\n\n\n\n<p><\/p>\n","protected":false},"excerpt":{"rendered":"<p>M\u00e9s endavant hi haur\u00e0 m\u00e9s detalls de la diada de Sant Jordi a l&#8217;escola! 20 de Mar\u00e7 Rodajoc 2026 ELS [&hellip;]<\/p>\n","protected":false},"author":2,"featured_media":0,"parent":0,"menu_order":0,"comment_status":"closed","ping_status":"closed","template":"","meta":{"_bbp_topic_count":0,"_bbp_reply_count":0,"_bbp_total_topic_count":0,"_bbp_total_reply_count":0,"_bbp_voice_count":0,"_bbp_anonymous_reply_count":0,"_bbp_topic_count_hidden":0,"_bbp_reply_count_hidden":0,"_bbp_forum_subforum_count":0,"site-sidebar-layout":"default","site-content-layout":"","ast-site-content-layout":"default","site-content-style":"default","site-sidebar-style":"default","ast-global-header-display":"","ast-banner-title-visibility":"","ast-main-header-display":"","ast-hfb-above-header-display":"","ast-hfb-below-header-display":"","ast-hfb-mobile-header-display":"","site-post-title":"","ast-breadcrumbs-content":"","ast-featured-img":"","footer-sml-layout":"","theme-transparent-header-meta":"","adv-header-id-meta":"","stick-header-meta":"","header-above-stick-meta":"","header-main-stick-meta":"","header-below-stick-meta":"","astra-migrate-meta-layouts":"set","ast-page-background-enabled":"default","ast-page-background-meta":{"desktop":{"background-color":"var(--ast-global-color-4)","background-image":"","background-repeat":"repeat","background-position":"center center","background-size":"auto","background-attachment":"scroll","background-type":"","background-media":"","overlay-type":"","overlay-color":"","overlay-opacity":"","overlay-gradient":""},"tablet":{"background-color":"","background-image":"","background-repeat":"repeat","background-position":"center center","background-size":"auto","background-attachment":"scroll","background-type":"","background-media":"","overlay-type":"","overlay-color":"","overlay-opacity":"","overlay-gradient":""},"mobile":{"background-color":"","background-image":"","background-repeat":"repeat","background-position":"center center","background-size":"auto","background-attachment":"scroll","background-type":"","background-media":"","overlay-type":"","overlay-color":"","overlay-opacity":"","overlay-gradient":""}},"ast-content-background-meta":{"desktop":{"background-color":"var(--ast-global-color-5)","background-image":"","background-repeat":"repeat","background-position":"center center","background-size":"auto","background-attachment":"scroll","background-type":"","background-media":"","overlay-type":"","overlay-color":"","overlay-opacity":"","overlay-gradient":""},"tablet":{"background-color":"var(--ast-global-color-5)","background-image":"","background-repeat":"repeat","background-position":"center center","background-size":"auto","background-attachment":"scroll","background-type":"","background-media":"","overlay-type":"","overlay-color":"","overlay-opacity":"","overlay-gradient":""},"mobile":{"background-color":"var(--ast-global-color-5)","background-image":"","background-repeat":"repeat","background-position":"center center","background-size":"auto","background-attachment":"scroll","background-type":"","background-media":"","overlay-type":"","overlay-color":"","overlay-opacity":"","overlay-gradient":""}},"footnotes":""},"class_list":["post-7","page","type-page","status-publish","hentry"],"post_mailing_queue_ids":[],"_links":{"self":[{"href":"https:\/\/agora.xtec.cat\/ceip-collaso\/wp-json\/wp\/v2\/pages\/7","targetHints":{"allow":["GET"]}}],"collection":[{"href":"https:\/\/agora.xtec.cat\/ceip-collaso\/wp-json\/wp\/v2\/pages"}],"about":[{"href":"https:\/\/agora.xtec.cat\/ceip-collaso\/wp-json\/wp\/v2\/types\/page"}],"author":[{"embeddable":true,"href":"https:\/\/agora.xtec.cat\/ceip-collaso\/wp-json\/wp\/v2\/users\/2"}],"replies":[{"embeddable":true,"href":"https:\/\/agora.xtec.cat\/ceip-collaso\/wp-json\/wp\/v2\/comments?post=7"}],"version-history":[{"count":6,"href":"https:\/\/agora.xtec.cat\/ceip-collaso\/wp-json\/wp\/v2\/pages\/7\/revisions"}],"predecessor-version":[{"id":11587,"href":"https:\/\/agora.xtec.cat\/ceip-collaso\/wp-json\/wp\/v2\/pages\/7\/revisions\/11587"}],"wp:attachment":[{"href":"https:\/\/agora.xtec.cat\/ceip-collaso\/wp-json\/wp\/v2\/media?parent=7"}],"curies":[{"name":"wp","href":"https:\/\/api.w.org\/{rel}","templated":true}]}}