{"id":6828,"date":"2021-02-23T15:37:36","date_gmt":"2021-02-23T14:37:36","guid":{"rendered":"http:\/\/agora.xtec.cat\/ceip-collaso\/?page_id=6828"},"modified":"2021-06-30T10:50:55","modified_gmt":"2021-06-30T08:50:55","slug":"arnau-itinerant","status":"publish","type":"page","link":"https:\/\/agora.xtec.cat\/ceip-collaso\/https-agora-xtec-cat-ceip-collaso-lescola-10977-2\/documents-de-centre\/projecte-educatiu\/arnau-itinerant\/","title":{"rendered":"Teatre Arnau Itinerant"},"content":{"rendered":"<p>La nostra escola participa activament de les propostes art\u00edstiques del Teatre Arnau Itinerant, una iniciativa per donar vida a l&#8217;antic Teatre Arnau del Raval, ara en des\u00fas i abandonat, amb la intenci\u00f3 de fomentar les arts esc\u00e8niques i la cultura al barri del Raval, mentres es lluita per la recuperaci\u00f3 de l&#8217;antic teatre. Els nostres alumnes participen en propostes de teatre, art urb\u00e0, m\u00fasica&#8230;i descobreixen la import\u00e0ncia de l&#8217;art en l&#8217;educaci\u00f3 i el creixement com a persones. Aqu\u00ed podeu veure recollides algunes activitats emmarcades dins els diferents projectes de l&#8217;Arnau Itinerant:<\/p>\n<p><a href=\"https:\/\/www.barcelona.cat\/teatrearnau\/arnau-musicat\/\" target=\"_blank\" rel=\"noopener noreferrer\">ARNAU, MUSICA&#8217;T !!! <\/a>(Amb la col\u00b7laboraci\u00f3 de l&#8217;<a href=\"https:\/\/lescolademusicsijpc.wordpress.com\/2021\/05\/27\/arnau-musicat\/\" target=\"_blank\" rel=\"noopener noreferrer\">Escola de M\u00fasics i JPC<\/a>)<\/p>\n<p><a href=\"https:\/\/youtu.be\/XBsve8kEnPQ\">https:\/\/youtu.be\/XBsve8kEnPQ<\/a><\/p>\n<p><a href=\"https:\/\/lescolademusicsijpc.wordpress.com\/2021\/02\/15\/fabulos-escola-collasso\/\" target=\"_blank\" rel=\"noopener noreferrer\"><img loading=\"lazy\" decoding=\"async\" class=\"wp-image-7017 alignleft\" src=\"https:\/\/agora.xtec.cat\/ceip-collaso\/wp-content\/uploads\/usu505\/2021\/03\/BATUCADA.png\" alt=\"\" width=\"312\" height=\"296\" srcset=\"https:\/\/agora.xtec.cat\/ceip-collaso\/wp-content\/uploads\/usu505\/2021\/03\/BATUCADA.png 888w, https:\/\/agora.xtec.cat\/ceip-collaso\/wp-content\/uploads\/usu505\/2021\/03\/BATUCADA-300x285.png 300w, https:\/\/agora.xtec.cat\/ceip-collaso\/wp-content\/uploads\/usu505\/2021\/03\/BATUCADA-768x729.png 768w\" sizes=\"auto, (max-width: 312px) 100vw, 312px\" \/><\/a><a href=\"https:\/\/lescolademusicsijpc.wordpress.com\/2021\/02\/25\/arnau-itinerant-en-marxa\/\" target=\"_blank\" rel=\"noopener noreferrer\"><img loading=\"lazy\" decoding=\"async\" class=\"wp-image-7018 alignleft\" src=\"https:\/\/agora.xtec.cat\/ceip-collaso\/wp-content\/uploads\/usu505\/2021\/03\/musical.png\" alt=\"\" width=\"294\" height=\"316\" srcset=\"https:\/\/agora.xtec.cat\/ceip-collaso\/wp-content\/uploads\/usu505\/2021\/03\/musical.png 728w, https:\/\/agora.xtec.cat\/ceip-collaso\/wp-content\/uploads\/usu505\/2021\/03\/musical-279x300.png 279w\" sizes=\"auto, (max-width: 294px) 100vw, 294px\" \/><\/a><\/p>\n<p><a href=\"https:\/\/www.barcelona.cat\/teatrearnau\/arnau-musicat\/\" target=\"_blank\" rel=\"noopener noreferrer\"><img loading=\"lazy\" decoding=\"async\" class=\"aligncenter wp-image-7019\" src=\"https:\/\/agora.xtec.cat\/ceip-collaso\/wp-content\/uploads\/usu505\/2021\/03\/ARNAUMUSICAT.png\" alt=\"\" width=\"338\" height=\"279\" srcset=\"https:\/\/agora.xtec.cat\/ceip-collaso\/wp-content\/uploads\/usu505\/2021\/03\/ARNAUMUSICAT.png 818w, https:\/\/agora.xtec.cat\/ceip-collaso\/wp-content\/uploads\/usu505\/2021\/03\/ARNAUMUSICAT-300x248.png 300w, https:\/\/agora.xtec.cat\/ceip-collaso\/wp-content\/uploads\/usu505\/2021\/03\/ARNAUMUSICAT-768x634.png 768w\" sizes=\"auto, (max-width: 338px) 100vw, 338px\" \/><\/a><\/p>\n<p>&nbsp;<\/p>\n<p><a href=\"https:\/\/continguts-www.barcelona.cat\/teatrearnau\/muralisme-i-ecologia-als-jardins-de-sant-pau-del-camp\/\">ARNAU GALLERY: ART URB\u00c0 I ECOLOGIA <\/a>(Amb la col\u00b7laboraci\u00f3 de l&#8217;artista urb\u00e0 <a href=\"https:\/\/deih.pro\/\">DEIH<\/a> )<\/p>\n<figure id=\"attachment_6667\" aria-describedby=\"caption-attachment-6667\" style=\"width: 187px\" class=\"wp-caption alignleft\"><a href=\"https:\/\/agora.xtec.cat\/ceip-collaso\/general\/arnau-gallery-art-urba-i-ecologia\/\"><img loading=\"lazy\" decoding=\"async\" class=\" wp-image-6667\" src=\"https:\/\/agora.xtec.cat\/ceip-collaso\/wp-content\/uploads\/usu505\/2021\/01\/IMG-20210122-WA0012.jpg\" alt=\"\" width=\"187\" height=\"332\" srcset=\"https:\/\/agora.xtec.cat\/ceip-collaso\/wp-content\/uploads\/usu505\/2021\/01\/IMG-20210122-WA0012.jpg 900w, https:\/\/agora.xtec.cat\/ceip-collaso\/wp-content\/uploads\/usu505\/2021\/01\/IMG-20210122-WA0012-169x300.jpg 169w, https:\/\/agora.xtec.cat\/ceip-collaso\/wp-content\/uploads\/usu505\/2021\/01\/IMG-20210122-WA0012-768x1365.jpg 768w, https:\/\/agora.xtec.cat\/ceip-collaso\/wp-content\/uploads\/usu505\/2021\/01\/IMG-20210122-WA0012-576x1024.jpg 576w\" sizes=\"auto, (max-width: 187px) 100vw, 187px\" \/><\/a><figcaption id=\"caption-attachment-6667\" class=\"wp-caption-text\">PRIMER DISSENYEM EL MURAL<\/figcaption><\/figure>\n<p>&nbsp;<\/p>\n<figure id=\"attachment_6959\" aria-describedby=\"caption-attachment-6959\" style=\"width: 363px\" class=\"wp-caption aligncenter\"><a href=\"https:\/\/agora.xtec.cat\/ceip-collaso\/portada\/arnau-gallery-art-urba-i-ecologia-2-pintem-el-mural\/\"><img loading=\"lazy\" decoding=\"async\" class=\" wp-image-6959\" src=\"https:\/\/agora.xtec.cat\/ceip-collaso\/wp-content\/uploads\/usu505\/2021\/03\/IMG_20210308_153050.redimensionada.jpg\" alt=\"\" width=\"363\" height=\"272\" srcset=\"https:\/\/agora.xtec.cat\/ceip-collaso\/wp-content\/uploads\/usu505\/2021\/03\/IMG_20210308_153050.redimensionada.jpg 1280w, https:\/\/agora.xtec.cat\/ceip-collaso\/wp-content\/uploads\/usu505\/2021\/03\/IMG_20210308_153050.redimensionada-300x225.jpg 300w, https:\/\/agora.xtec.cat\/ceip-collaso\/wp-content\/uploads\/usu505\/2021\/03\/IMG_20210308_153050.redimensionada-768x576.jpg 768w, https:\/\/agora.xtec.cat\/ceip-collaso\/wp-content\/uploads\/usu505\/2021\/03\/IMG_20210308_153050.redimensionada-1024x768.jpg 1024w, https:\/\/agora.xtec.cat\/ceip-collaso\/wp-content\/uploads\/usu505\/2021\/03\/IMG_20210308_153050.redimensionada-200x150.jpg 200w\" sizes=\"auto, (max-width: 363px) 100vw, 363px\" \/><\/a><figcaption id=\"caption-attachment-6959\" class=\"wp-caption-text\">DESPR\u00c9S PINTEM EL MURAL AMB L&#8217;ARTISTA DEIH<\/figcaption><\/figure>\n<p>&nbsp;<\/p>\n<p>&nbsp;<\/p>\n<p><a href=\"https:\/\/www.barcelona.cat\/teatrearnau\/noticies\/quan-lart-urba-i-lecologia-van-de-la-ma\/\"><img loading=\"lazy\" decoding=\"async\" class=\"wp-image-7132 alignleft\" src=\"https:\/\/agora.xtec.cat\/ceip-collaso\/wp-content\/uploads\/usu505\/2021\/04\/ARNAUGALLERY.jpg\" alt=\"\" width=\"373\" height=\"299\" srcset=\"https:\/\/agora.xtec.cat\/ceip-collaso\/wp-content\/uploads\/usu505\/2021\/04\/ARNAUGALLERY.jpg 852w, https:\/\/agora.xtec.cat\/ceip-collaso\/wp-content\/uploads\/usu505\/2021\/04\/ARNAUGALLERY-300x240.jpg 300w, https:\/\/agora.xtec.cat\/ceip-collaso\/wp-content\/uploads\/usu505\/2021\/04\/ARNAUGALLERY-768x616.jpg 768w\" sizes=\"auto, (max-width: 373px) 100vw, 373px\" \/><\/a><\/p>\n<p><a href=\"https:\/\/arnaugallery.wordpress.com\/\"><img loading=\"lazy\" decoding=\"async\" class=\"wp-image-7133 alignright\" src=\"https:\/\/agora.xtec.cat\/ceip-collaso\/wp-content\/uploads\/usu505\/2021\/04\/ARNAUGALLERY2.jpg\" alt=\"\" width=\"583\" height=\"296\" srcset=\"https:\/\/agora.xtec.cat\/ceip-collaso\/wp-content\/uploads\/usu505\/2021\/04\/ARNAUGALLERY2.jpg 1606w, https:\/\/agora.xtec.cat\/ceip-collaso\/wp-content\/uploads\/usu505\/2021\/04\/ARNAUGALLERY2-300x152.jpg 300w, https:\/\/agora.xtec.cat\/ceip-collaso\/wp-content\/uploads\/usu505\/2021\/04\/ARNAUGALLERY2-768x389.jpg 768w, https:\/\/agora.xtec.cat\/ceip-collaso\/wp-content\/uploads\/usu505\/2021\/04\/ARNAUGALLERY2-1024x519.jpg 1024w\" sizes=\"auto, (max-width: 583px) 100vw, 583px\" \/><\/a><\/p>\n<p>&nbsp;<\/p>\n<p>&nbsp;<\/p>\n<p>&nbsp;<\/p>\n<p>&nbsp;<\/p>\n<p>&nbsp;<\/p>\n<p>&nbsp;<\/p>\n<p>&nbsp;<\/p>\n<p>&nbsp;<\/p>\n<p><a href=\"https:\/\/youtu.be\/uhVFdp6CuHM\">https:\/\/youtu.be\/uhVFdp6CuHM<\/a><\/p>\n<p>&nbsp;<\/p>\n<p>&nbsp;<\/p>\n<p>&nbsp;<\/p>\n<p>&nbsp;<\/p>\n<p>&nbsp;<\/p>\n<p>&nbsp;<\/p>\n<p>&nbsp;<\/p>\n<p>&nbsp;<\/p>\n<p>&nbsp;<\/p>\n","protected":false},"excerpt":{"rendered":"<p>La nostra escola participa activament de les propostes art\u00edstiques del Teatre Arnau Itinerant, una iniciativa per donar vida a l&#8217;antic [&hellip;]<\/p>\n","protected":false},"author":1,"featured_media":0,"parent":64,"menu_order":0,"comment_status":"closed","ping_status":"closed","template":"page-templates\/side-menu.php","meta":{"_bbp_topic_count":0,"_bbp_reply_count":0,"_bbp_total_topic_count":0,"_bbp_total_reply_count":0,"_bbp_voice_count":0,"_bbp_anonymous_reply_count":0,"_bbp_topic_count_hidden":0,"_bbp_reply_count_hidden":0,"_bbp_forum_subforum_count":0,"site-sidebar-layout":"default","site-content-layout":"","ast-site-content-layout":"","site-content-style":"default","site-sidebar-style":"default","ast-global-header-display":"","ast-banner-title-visibility":"","ast-main-header-display":"","ast-hfb-above-header-display":"","ast-hfb-below-header-display":"","ast-hfb-mobile-header-display":"","site-post-title":"","ast-breadcrumbs-content":"","ast-featured-img":"","footer-sml-layout":"","theme-transparent-header-meta":"","adv-header-id-meta":"","stick-header-meta":"","header-above-stick-meta":"","header-main-stick-meta":"","header-below-stick-meta":"","astra-migrate-meta-layouts":"default","ast-page-background-enabled":"default","ast-page-background-meta":{"desktop":{"background-color":"var(--ast-global-color-4)","background-image":"","background-repeat":"repeat","background-position":"center center","background-size":"auto","background-attachment":"scroll","background-type":"","background-media":"","overlay-type":"","overlay-color":"","overlay-opacity":"","overlay-gradient":""},"tablet":{"background-color":"","background-image":"","background-repeat":"repeat","background-position":"center center","background-size":"auto","background-attachment":"scroll","background-type":"","background-media":"","overlay-type":"","overlay-color":"","overlay-opacity":"","overlay-gradient":""},"mobile":{"background-color":"","background-image":"","background-repeat":"repeat","background-position":"center center","background-size":"auto","background-attachment":"scroll","background-type":"","background-media":"","overlay-type":"","overlay-color":"","overlay-opacity":"","overlay-gradient":""}},"ast-content-background-meta":{"desktop":{"background-color":"var(--ast-global-color-5)","background-image":"","background-repeat":"repeat","background-position":"center center","background-size":"auto","background-attachment":"scroll","background-type":"","background-media":"","overlay-type":"","overlay-color":"","overlay-opacity":"","overlay-gradient":""},"tablet":{"background-color":"var(--ast-global-color-5)","background-image":"","background-repeat":"repeat","background-position":"center center","background-size":"auto","background-attachment":"scroll","background-type":"","background-media":"","overlay-type":"","overlay-color":"","overlay-opacity":"","overlay-gradient":""},"mobile":{"background-color":"var(--ast-global-color-5)","background-image":"","background-repeat":"repeat","background-position":"center center","background-size":"auto","background-attachment":"scroll","background-type":"","background-media":"","overlay-type":"","overlay-color":"","overlay-opacity":"","overlay-gradient":""}},"footnotes":""},"class_list":["post-6828","page","type-page","status-publish","hentry"],"post_mailing_queue_ids":[],"_links":{"self":[{"href":"https:\/\/agora.xtec.cat\/ceip-collaso\/wp-json\/wp\/v2\/pages\/6828","targetHints":{"allow":["GET"]}}],"collection":[{"href":"https:\/\/agora.xtec.cat\/ceip-collaso\/wp-json\/wp\/v2\/pages"}],"about":[{"href":"https:\/\/agora.xtec.cat\/ceip-collaso\/wp-json\/wp\/v2\/types\/page"}],"author":[{"embeddable":true,"href":"https:\/\/agora.xtec.cat\/ceip-collaso\/wp-json\/wp\/v2\/users\/1"}],"replies":[{"embeddable":true,"href":"https:\/\/agora.xtec.cat\/ceip-collaso\/wp-json\/wp\/v2\/comments?post=6828"}],"version-history":[{"count":3,"href":"https:\/\/agora.xtec.cat\/ceip-collaso\/wp-json\/wp\/v2\/pages\/6828\/revisions"}],"predecessor-version":[{"id":7416,"href":"https:\/\/agora.xtec.cat\/ceip-collaso\/wp-json\/wp\/v2\/pages\/6828\/revisions\/7416"}],"up":[{"embeddable":true,"href":"https:\/\/agora.xtec.cat\/ceip-collaso\/wp-json\/wp\/v2\/pages\/64"}],"wp:attachment":[{"href":"https:\/\/agora.xtec.cat\/ceip-collaso\/wp-json\/wp\/v2\/media?parent=6828"}],"curies":[{"name":"wp","href":"https:\/\/api.w.org\/{rel}","templated":true}]}}