{"id":4828,"date":"2025-01-10T13:15:37","date_gmt":"2025-01-10T12:15:37","guid":{"rendered":"http:\/\/agora.xtec.cat\/ceip-collaso\/?page_id=4828"},"modified":"2025-01-10T13:15:37","modified_gmt":"2025-01-10T12:15:37","slug":"documents-de-centre","status":"publish","type":"page","link":"https:\/\/agora.xtec.cat\/ceip-collaso\/https-agora-xtec-cat-ceip-collaso-lescola-10977-2\/documents-de-centre\/","title":{"rendered":"Documents de centre"},"content":{"rendered":"<p>Aqu\u00ed podeu consultar els seg\u00fcents documents de centre:<\/p>\n<p><a href=\"https:\/\/agora.xtec.cat\/ceip-collaso\/wp-content\/uploads\/usu505\/2024\/03\/PdD-JJFS-22-26-bo-web.pdf\"><strong><span style=\"color: #000000;\">PROJECTE DE DIRECCI\u00d3 22-26<\/span><\/strong><\/a><\/p>\n<p>&nbsp;<\/p>\n<p><a href=\"https:\/\/agora.xtec.cat\/ceip-collaso\/wp-content\/uploads\/usu505\/2024\/03\/Pla-educacio-digital-del-centre-20-21.pdf\"><strong><span style=\"color: #000000;\">PLA D&#8217;EDUCACI\u00d3 DIGITAL<\/span><\/strong><\/a><\/p>\n<p>&nbsp;<\/p>\n<p><a style=\"color: #2795b6;\" href=\"https:\/\/agora.xtec.cat\/ceip-collaso\/wp-content\/uploads\/usu505\/2024\/04\/Carta-de-compromis-Escola-Collaso-i-Gil.pdf\"><strong><span style=\"color: #000000;\">CARTA DE COMPROM\u00cdS<\/span><\/strong><\/a><\/p>\n<p>&nbsp;<\/p>\n<p><a href=\"https:\/\/sites.google.com\/xtec.cat\/escola-collaso-i-gil\/inici\" target=\"_blank\" rel=\"noopener\">ESTRAT\u00c8GIA DIGITAL DE CENTRE 2022-2025<\/a><\/p>\n<p>&nbsp;<\/p>\n","protected":false},"excerpt":{"rendered":"<p>Aqu\u00ed podeu consultar els seg\u00fcents documents de centre: PROJECTE DE DIRECCI\u00d3 22-26 &nbsp; PLA D&#8217;EDUCACI\u00d3 DIGITAL &nbsp; CARTA DE COMPROM\u00cdS [&hellip;]<\/p>\n","protected":false},"author":1,"featured_media":0,"parent":22,"menu_order":6,"comment_status":"closed","ping_status":"closed","template":"page-templates\/side-menu.php","meta":{"_bbp_topic_count":0,"_bbp_reply_count":0,"_bbp_total_topic_count":0,"_bbp_total_reply_count":0,"_bbp_voice_count":0,"_bbp_anonymous_reply_count":0,"_bbp_topic_count_hidden":0,"_bbp_reply_count_hidden":0,"_bbp_forum_subforum_count":0,"site-sidebar-layout":"default","site-content-layout":"","ast-site-content-layout":"","site-content-style":"default","site-sidebar-style":"default","ast-global-header-display":"","ast-banner-title-visibility":"","ast-main-header-display":"","ast-hfb-above-header-display":"","ast-hfb-below-header-display":"","ast-hfb-mobile-header-display":"","site-post-title":"","ast-breadcrumbs-content":"","ast-featured-img":"","footer-sml-layout":"","theme-transparent-header-meta":"","adv-header-id-meta":"","stick-header-meta":"","header-above-stick-meta":"","header-main-stick-meta":"","header-below-stick-meta":"","astra-migrate-meta-layouts":"default","ast-page-background-enabled":"default","ast-page-background-meta":{"desktop":{"background-color":"var(--ast-global-color-4)","background-image":"","background-repeat":"repeat","background-position":"center center","background-size":"auto","background-attachment":"scroll","background-type":"","background-media":"","overlay-type":"","overlay-color":"","overlay-opacity":"","overlay-gradient":""},"tablet":{"background-color":"","background-image":"","background-repeat":"repeat","background-position":"center center","background-size":"auto","background-attachment":"scroll","background-type":"","background-media":"","overlay-type":"","overlay-color":"","overlay-opacity":"","overlay-gradient":""},"mobile":{"background-color":"","background-image":"","background-repeat":"repeat","background-position":"center center","background-size":"auto","background-attachment":"scroll","background-type":"","background-media":"","overlay-type":"","overlay-color":"","overlay-opacity":"","overlay-gradient":""}},"ast-content-background-meta":{"desktop":{"background-color":"var(--ast-global-color-5)","background-image":"","background-repeat":"repeat","background-position":"center center","background-size":"auto","background-attachment":"scroll","background-type":"","background-media":"","overlay-type":"","overlay-color":"","overlay-opacity":"","overlay-gradient":""},"tablet":{"background-color":"var(--ast-global-color-5)","background-image":"","background-repeat":"repeat","background-position":"center center","background-size":"auto","background-attachment":"scroll","background-type":"","background-media":"","overlay-type":"","overlay-color":"","overlay-opacity":"","overlay-gradient":""},"mobile":{"background-color":"var(--ast-global-color-5)","background-image":"","background-repeat":"repeat","background-position":"center center","background-size":"auto","background-attachment":"scroll","background-type":"","background-media":"","overlay-type":"","overlay-color":"","overlay-opacity":"","overlay-gradient":""}},"footnotes":""},"class_list":["post-4828","page","type-page","status-publish","hentry"],"post_mailing_queue_ids":[],"_links":{"self":[{"href":"https:\/\/agora.xtec.cat\/ceip-collaso\/wp-json\/wp\/v2\/pages\/4828","targetHints":{"allow":["GET"]}}],"collection":[{"href":"https:\/\/agora.xtec.cat\/ceip-collaso\/wp-json\/wp\/v2\/pages"}],"about":[{"href":"https:\/\/agora.xtec.cat\/ceip-collaso\/wp-json\/wp\/v2\/types\/page"}],"author":[{"embeddable":true,"href":"https:\/\/agora.xtec.cat\/ceip-collaso\/wp-json\/wp\/v2\/users\/1"}],"replies":[{"embeddable":true,"href":"https:\/\/agora.xtec.cat\/ceip-collaso\/wp-json\/wp\/v2\/comments?post=4828"}],"version-history":[{"count":5,"href":"https:\/\/agora.xtec.cat\/ceip-collaso\/wp-json\/wp\/v2\/pages\/4828\/revisions"}],"predecessor-version":[{"id":9769,"href":"https:\/\/agora.xtec.cat\/ceip-collaso\/wp-json\/wp\/v2\/pages\/4828\/revisions\/9769"}],"up":[{"embeddable":true,"href":"https:\/\/agora.xtec.cat\/ceip-collaso\/wp-json\/wp\/v2\/pages\/22"}],"wp:attachment":[{"href":"https:\/\/agora.xtec.cat\/ceip-collaso\/wp-json\/wp\/v2\/media?parent=4828"}],"curies":[{"name":"wp","href":"https:\/\/api.w.org\/{rel}","templated":true}]}}