{"id":11535,"date":"2026-02-24T15:46:19","date_gmt":"2026-02-24T14:46:19","guid":{"rendered":"https:\/\/agora.xtec.cat\/ceip-collaso\/?page_id=11535"},"modified":"2026-02-24T15:46:20","modified_gmt":"2026-02-24T14:46:20","slug":"equip-huma","status":"publish","type":"page","link":"https:\/\/agora.xtec.cat\/ceip-collaso\/equip-huma\/","title":{"rendered":"Equip hum\u00e0"},"content":{"rendered":"\n<p><strong>EQUIP DIRECTIU, EQUIP D\u2019ADMINISTRACI\u00d3 I EQUIP DE COORDINACI\u00d3<\/strong><\/p>\n\n\n\n<figure class=\"wp-block-table\"><table class=\"has-fixed-layout\"><tbody><tr><td colspan=\"2\"><strong>Director<\/strong><\/td><td colspan=\"2\">Juan Jos\u00e9 Fern\u00e1ndez<\/td><\/tr><tr><td colspan=\"2\"><strong>Cap d\u2019Estudis<\/strong><\/td><td colspan=\"2\">Natalia M\u00e0laga<\/td><\/tr><tr><td colspan=\"2\"><strong>Secret\u00e0ria<\/strong><\/td><td colspan=\"2\">Berta Fern\u00e1ndez<\/td><\/tr><tr><td colspan=\"2\"><strong>Administrativa<\/strong><\/td><td colspan=\"2\">Laura Clemente<\/td><\/tr><tr><td colspan=\"2\"><strong>Consergeria<\/strong><\/td><td colspan=\"2\">Jordi Moya<\/td><\/tr><tr><td><strong>PETITS<\/strong><\/td><td>Marta Vivancos<\/td><td><strong>TAC<\/strong><\/td><td>Anna Ramis<\/td><\/tr><tr><td><strong>MITJANS<\/strong><\/td><td>V\u00edctor Bueso<\/td><td><strong>COCOBE<\/strong><\/td><td>Nat\u00e0lia M\u00e0laga<\/td><\/tr><tr><td><strong>GRANS<\/strong><\/td><td>Raquel Casares<\/td><td><strong>RISCOS LABORALS<\/strong><\/td><td>Marc Blanch<\/td><\/tr><tr><td><strong>PROJECTES<\/strong><\/td><td>Mariona Badia<\/td><td><strong>LING\u00dcISTIC\/BIBLIOTECA<\/strong><\/td><td>Toni Armis\u00e9n<\/td><\/tr><\/tbody><\/table><\/figure>\n\n\n\n<p><strong>&nbsp;<\/strong><strong>EQUIP DE MESTRES<\/strong><\/p>\n\n\n\n<figure class=\"wp-block-table\"><table class=\"has-fixed-layout\"><tbody><tr><td><strong>NIVELL<\/strong><\/td><td><strong>GRUP A<\/strong><\/td><td><strong>GRUP B<\/strong><\/td><td><strong>GRUP C<\/strong><\/td><\/tr><tr><td><strong>I3<\/strong><\/td><td>Jacint Bernaus<\/td><td>Sara Molina<\/td><td rowspan=\"4\"><\/td><\/tr><tr><td><strong>I4<\/strong><\/td><td>Leticia Saturio<\/td><td>Laura Arcega<\/td><\/tr><tr><td><strong>I5<\/strong><\/td><td>Merc\u00e8 Salvad\u00f3<\/td><td>Maite Sande<\/td><\/tr><tr><td><strong>1r<\/strong><\/td><td>Soraya Ruiz<\/td><td>Marta P\u00e9rez<\/td><\/tr><tr><td><strong>2n<\/strong><\/td><td>Raquel Catal\u00e0<\/td><td>Aureli Segarra<\/td><td><\/td><\/tr><tr><td><strong>3r<\/strong><\/td><td>Marc Blanch<\/td><td>Carme Caballero<\/td><td>Al\u00edcia Peracaula<\/td><\/tr><tr><td><strong>4t<\/strong><\/td><td>Toni Armis\u00e9n<\/td><td>Mireia Chico<\/td><td><\/td><\/tr><tr><td><strong>5\u00e8<\/strong><\/td><td>Dora Valent\u00edn<\/td><td>Berta Farr\u00e9<\/td><td><\/td><\/tr><tr><td><strong>6\u00e8<\/strong><\/td><td>Raquel Casares<\/td><td>\u00c1lex G\u00f3rriz<\/td><td><\/td><\/tr><\/tbody><\/table><\/figure>\n\n\n\n<figure class=\"wp-block-table\"><table class=\"has-fixed-layout\"><tbody><tr><td><strong>M\u00fasica<\/strong><\/td><td colspan=\"3\">J\u00falia Font<\/td><\/tr><tr><td><strong>Art<\/strong><\/td><td colspan=\"3\">Tutors\/es<\/td><\/tr><tr><td><strong>Castellano<\/strong><\/td><td colspan=\"2\">Alba Cabrera (mitjans)<\/td><td>Marta Escarrabill (grans)<\/td><\/tr><tr><td><strong>Angl\u00e8s<\/strong><\/td><td colspan=\"2\">Jessica Sansom (1r, 2n i 3rC), Carme Caballero (3r A i B) i X\u00e8nia Mart\u00edn (grans)<\/td><td><\/td><\/tr><tr><td><strong>Religi\u00f3<\/strong><\/td><td colspan=\"3\">Azucena Estrada- Luc\u00eda Navarro<\/td><\/tr><tr><td><strong>Educaci\u00f3 f\u00edsica<\/strong><\/td><td colspan=\"2\">V\u00edctor Bueso<\/td><td>Sergi Pascual<\/td><\/tr><tr><td><strong>Rob\u00f2tica<\/strong><\/td><td colspan=\"3\">Anna Ramis<\/td><\/tr><tr><td><strong>Aula d\u2019acollida<\/strong><\/td><td colspan=\"2\">Merc\u00e8 Bassaga\u00f1as<\/td><td><\/td><\/tr><tr><td><strong>Educaci\u00f3 especial<\/strong><\/td><td>Cristina Jard\u00f3n<\/td><td>Esmeralda Palanca<\/td><td>Lydia Escudero<\/td><\/tr><tr><td><strong>SIEI<\/strong><\/td><td colspan=\"3\">Anna Rigol<\/td><\/tr><tr><td><strong>Educadora d\u2019EE<\/strong><\/td><td colspan=\"3\">Patricia Gay\u00e0<\/td><\/tr><tr><td><strong>TEI<\/strong><\/td><td colspan=\"3\">&nbsp;Sandra Vidal i Noelia Fern\u00e1ndez<\/td><\/tr><tr><td><strong>Vetlladores<\/strong><\/td><td>Mireia Ib\u00e1\u00f1ez<\/td><td>Susana Vicente<\/td><td>Ariadna Monfils<\/td><\/tr><\/tbody><\/table><\/figure>\n\n\n\n<figure class=\"wp-block-table\"><table class=\"has-fixed-layout\"><tbody><tr><td><strong>Refor\u00e7 Infantil<\/strong><\/td><td>Marta Vivancos, Alba San Nicol\u00e1s, Teresa Gil i Susana Berdie.<\/td><\/tr><tr><td><strong>Refor\u00e7 Prim\u00e0ria<\/strong><\/td><td>Azucena Estrada,&nbsp; V\u00edctor Bueso, Aura Pons, Rebeca Morgado<\/td><\/tr><\/tbody><\/table><\/figure>\n\n\n\n<p><strong>&nbsp;<\/strong><strong>EQUIP SOCIAL<\/strong><\/p>\n\n\n\n<figure class=\"wp-block-table\"><table class=\"has-fixed-layout\"><tbody><tr><td><strong>Educadora Social<\/strong><\/td><td>Anna Blasco<\/td><\/tr><tr><td><strong>T\u00e8cnica d\u2019Integraci\u00f3 Social (TIS)<\/strong><\/td><td>Nat\u00e0lia Allu\u00e9<\/td><\/tr><\/tbody><\/table><\/figure>\n\n\n","protected":false},"excerpt":{"rendered":"<p>EQUIP DIRECTIU, EQUIP D\u2019ADMINISTRACI\u00d3 I EQUIP DE COORDINACI\u00d3 Director Juan Jos\u00e9 Fern\u00e1ndez Cap d\u2019Estudis Natalia M\u00e0laga Secret\u00e0ria Berta Fern\u00e1ndez Administrativa [&hellip;]<\/p>\n","protected":false},"author":1,"featured_media":0,"parent":0,"menu_order":0,"comment_status":"closed","ping_status":"close","template":"","meta":{"_bbp_topic_count":0,"_bbp_reply_count":0,"_bbp_total_topic_count":0,"_bbp_total_reply_count":0,"_bbp_voice_count":0,"_bbp_anonymous_reply_count":0,"_bbp_topic_count_hidden":0,"_bbp_reply_count_hidden":0,"_bbp_forum_subforum_count":0,"site-sidebar-layout":"default","site-content-layout":"","ast-site-content-layout":"default","site-content-style":"default","site-sidebar-style":"default","ast-global-header-display":"","ast-banner-title-visibility":"","ast-main-header-display":"","ast-hfb-above-header-display":"","ast-hfb-below-header-display":"","ast-hfb-mobile-header-display":"","site-post-title":"","ast-breadcrumbs-content":"","ast-featured-img":"","footer-sml-layout":"","theme-transparent-header-meta":"","adv-header-id-meta":"","stick-header-meta":"","header-above-stick-meta":"","header-main-stick-meta":"","header-below-stick-meta":"","astra-migrate-meta-layouts":"set","ast-page-background-enabled":"default","ast-page-background-meta":{"desktop":{"background-color":"var(--ast-global-color-4)","background-image":"","background-repeat":"repeat","background-position":"center center","background-size":"auto","background-attachment":"scroll","background-type":"","background-media":"","overlay-type":"","overlay-color":"","overlay-opacity":"","overlay-gradient":""},"tablet":{"background-color":"","background-image":"","background-repeat":"repeat","background-position":"center center","background-size":"auto","background-attachment":"scroll","background-type":"","background-media":"","overlay-type":"","overlay-color":"","overlay-opacity":"","overlay-gradient":""},"mobile":{"background-color":"","background-image":"","background-repeat":"repeat","background-position":"center center","background-size":"auto","background-attachment":"scroll","background-type":"","background-media":"","overlay-type":"","overlay-color":"","overlay-opacity":"","overlay-gradient":""}},"ast-content-background-meta":{"desktop":{"background-color":"var(--ast-global-color-5)","background-image":"","background-repeat":"repeat","background-position":"center center","background-size":"auto","background-attachment":"scroll","background-type":"","background-media":"","overlay-type":"","overlay-color":"","overlay-opacity":"","overlay-gradient":""},"tablet":{"background-color":"var(--ast-global-color-5)","background-image":"","background-repeat":"repeat","background-position":"center center","background-size":"auto","background-attachment":"scroll","background-type":"","background-media":"","overlay-type":"","overlay-color":"","overlay-opacity":"","overlay-gradient":""},"mobile":{"background-color":"var(--ast-global-color-5)","background-image":"","background-repeat":"repeat","background-position":"center center","background-size":"auto","background-attachment":"scroll","background-type":"","background-media":"","overlay-type":"","overlay-color":"","overlay-opacity":"","overlay-gradient":""}},"footnotes":""},"class_list":["post-11535","page","type-page","status-publish","hentry"],"post_mailing_queue_ids":[],"_links":{"self":[{"href":"https:\/\/agora.xtec.cat\/ceip-collaso\/wp-json\/wp\/v2\/pages\/11535","targetHints":{"allow":["GET"]}}],"collection":[{"href":"https:\/\/agora.xtec.cat\/ceip-collaso\/wp-json\/wp\/v2\/pages"}],"about":[{"href":"https:\/\/agora.xtec.cat\/ceip-collaso\/wp-json\/wp\/v2\/types\/page"}],"author":[{"embeddable":true,"href":"https:\/\/agora.xtec.cat\/ceip-collaso\/wp-json\/wp\/v2\/users\/1"}],"replies":[{"embeddable":true,"href":"https:\/\/agora.xtec.cat\/ceip-collaso\/wp-json\/wp\/v2\/comments?post=11535"}],"version-history":[{"count":1,"href":"https:\/\/agora.xtec.cat\/ceip-collaso\/wp-json\/wp\/v2\/pages\/11535\/revisions"}],"predecessor-version":[{"id":11538,"href":"https:\/\/agora.xtec.cat\/ceip-collaso\/wp-json\/wp\/v2\/pages\/11535\/revisions\/11538"}],"wp:attachment":[{"href":"https:\/\/agora.xtec.cat\/ceip-collaso\/wp-json\/wp\/v2\/media?parent=11535"}],"curies":[{"name":"wp","href":"https:\/\/api.w.org\/{rel}","templated":true}]}}