{"id":10578,"date":"2025-02-11T12:35:49","date_gmt":"2025-02-11T11:35:49","guid":{"rendered":"https:\/\/agora.xtec.cat\/ceip-collaso\/?page_id=10578"},"modified":"2026-02-23T13:30:26","modified_gmt":"2026-02-23T12:30:26","slug":"5aula-de-colors-siei","status":"publish","type":"page","link":"https:\/\/agora.xtec.cat\/ceip-collaso\/blocs__trashed\/5aula-de-colors-siei\/","title":{"rendered":"Aula de Colors (SIEI)"},"content":{"rendered":"\n<p>Benvinguts a l&#8217;Aula de Colors (SIEI)! Aquest espai est\u00e0 pensat per oferir un acompanyament individualitzat a aquells alumnes que necessiten una atenci\u00f3 especial per poder desenvolupar-se de manera plena, tant a nivell acad\u00e8mic com emocional. A l&#8217;Aula de Colors, cada nen i nena troba un entorn segur, acollidor i adaptat a les seves necessitats, on els ajudem a superar els seus reptes i a potenciar les seves fortaleses.<\/p>\n\n\n\n<p>El nostre equip educatiu treballa estretament amb cada alumne, establint objectius personalitzats i utilitzant metodologies i estrat\u00e8gies que permetin a cada nen o nena progressar al seu ritme. Creiem en l\u2019aprenentatge individualitzat, ja que cada infant \u00e9s \u00fanic i necessita el seu propi temps i suport per desenvolupar les seves habilitats i afrontar els obstacles amb confian\u00e7a.<\/p>\n\n\n\n<p>A m\u00e9s de les activitats acad\u00e8miques, a l&#8217;Aula de Colors tamb\u00e9 donem molta import\u00e0ncia a l\u2019aspecte emocional i social, ajudant els alumnes a gestionar les seves emocions, a desenvolupar habilitats socials i a construir una autoestima positiva. El nostre objectiu \u00e9s que tots els alumnes se sentin valorats, respectats i capa\u00e7os d&#8217;afrontar el seu dia a dia amb seguretat i motivaci\u00f3.<\/p>\n\n\n\n<p>L&#8217;Aula de Colors \u00e9s un espai on el teu fill o filla trobar\u00e0 tot el suport necessari per cr\u00e9ixer i aprendre en un ambient de confian\u00e7a, respectant els seus temps i ritmes. Benvinguts a l&#8217;Aula de Colors, un lloc on cada infant pot brillar a la seva manera i avan\u00e7ar en el seu cam\u00ed d\u2019aprenentatge i creixement personal!<\/p>\n","protected":false},"excerpt":{"rendered":"<p>Benvinguts a l&#8217;Aula de Colors (SIEI)! Aquest espai est\u00e0 pensat per oferir un acompanyament individualitzat a aquells alumnes que necessiten [&hellip;]<\/p>\n","protected":false},"author":1,"featured_media":0,"parent":10571,"menu_order":0,"comment_status":"closed","ping_status":"closed","template":"","meta":{"_bbp_topic_count":0,"_bbp_reply_count":0,"_bbp_total_topic_count":0,"_bbp_total_reply_count":0,"_bbp_voice_count":0,"_bbp_anonymous_reply_count":0,"_bbp_topic_count_hidden":0,"_bbp_reply_count_hidden":0,"_bbp_forum_subforum_count":0,"site-sidebar-layout":"default","site-content-layout":"","ast-site-content-layout":"default","site-content-style":"default","site-sidebar-style":"default","ast-global-header-display":"","ast-banner-title-visibility":"","ast-main-header-display":"","ast-hfb-above-header-display":"","ast-hfb-below-header-display":"","ast-hfb-mobile-header-display":"","site-post-title":"","ast-breadcrumbs-content":"","ast-featured-img":"","footer-sml-layout":"","theme-transparent-header-meta":"","adv-header-id-meta":"","stick-header-meta":"","header-above-stick-meta":"","header-main-stick-meta":"","header-below-stick-meta":"","astra-migrate-meta-layouts":"set","ast-page-background-enabled":"default","ast-page-background-meta":{"desktop":{"background-color":"var(--ast-global-color-4)","background-image":"","background-repeat":"repeat","background-position":"center center","background-size":"auto","background-attachment":"scroll","background-type":"","background-media":"","overlay-type":"","overlay-color":"","overlay-opacity":"","overlay-gradient":""},"tablet":{"background-color":"","background-image":"","background-repeat":"repeat","background-position":"center center","background-size":"auto","background-attachment":"scroll","background-type":"","background-media":"","overlay-type":"","overlay-color":"","overlay-opacity":"","overlay-gradient":""},"mobile":{"background-color":"","background-image":"","background-repeat":"repeat","background-position":"center center","background-size":"auto","background-attachment":"scroll","background-type":"","background-media":"","overlay-type":"","overlay-color":"","overlay-opacity":"","overlay-gradient":""}},"ast-content-background-meta":{"desktop":{"background-color":"var(--ast-global-color-5)","background-image":"","background-repeat":"repeat","background-position":"center center","background-size":"auto","background-attachment":"scroll","background-type":"","background-media":"","overlay-type":"","overlay-color":"","overlay-opacity":"","overlay-gradient":""},"tablet":{"background-color":"var(--ast-global-color-5)","background-image":"","background-repeat":"repeat","background-position":"center center","background-size":"auto","background-attachment":"scroll","background-type":"","background-media":"","overlay-type":"","overlay-color":"","overlay-opacity":"","overlay-gradient":""},"mobile":{"background-color":"var(--ast-global-color-5)","background-image":"","background-repeat":"repeat","background-position":"center center","background-size":"auto","background-attachment":"scroll","background-type":"","background-media":"","overlay-type":"","overlay-color":"","overlay-opacity":"","overlay-gradient":""}},"footnotes":""},"class_list":["post-10578","page","type-page","status-publish","hentry"],"post_mailing_queue_ids":[],"_links":{"self":[{"href":"https:\/\/agora.xtec.cat\/ceip-collaso\/wp-json\/wp\/v2\/pages\/10578","targetHints":{"allow":["GET"]}}],"collection":[{"href":"https:\/\/agora.xtec.cat\/ceip-collaso\/wp-json\/wp\/v2\/pages"}],"about":[{"href":"https:\/\/agora.xtec.cat\/ceip-collaso\/wp-json\/wp\/v2\/types\/page"}],"author":[{"embeddable":true,"href":"https:\/\/agora.xtec.cat\/ceip-collaso\/wp-json\/wp\/v2\/users\/1"}],"replies":[{"embeddable":true,"href":"https:\/\/agora.xtec.cat\/ceip-collaso\/wp-json\/wp\/v2\/comments?post=10578"}],"version-history":[{"count":3,"href":"https:\/\/agora.xtec.cat\/ceip-collaso\/wp-json\/wp\/v2\/pages\/10578\/revisions"}],"predecessor-version":[{"id":11017,"href":"https:\/\/agora.xtec.cat\/ceip-collaso\/wp-json\/wp\/v2\/pages\/10578\/revisions\/11017"}],"up":[{"embeddable":true,"href":"https:\/\/agora.xtec.cat\/ceip-collaso\/wp-json\/wp\/v2\/pages\/10571"}],"wp:attachment":[{"href":"https:\/\/agora.xtec.cat\/ceip-collaso\/wp-json\/wp\/v2\/media?parent=10578"}],"curies":[{"name":"wp","href":"https:\/\/api.w.org\/{rel}","templated":true}]}}