{"id":10576,"date":"2025-02-11T12:35:49","date_gmt":"2025-02-11T11:35:49","guid":{"rendered":"https:\/\/agora.xtec.cat\/ceip-collaso\/?page_id=10576"},"modified":"2026-02-23T13:30:35","modified_gmt":"2026-02-23T12:30:35","slug":"4aula-dacollida","status":"publish","type":"page","link":"https:\/\/agora.xtec.cat\/ceip-collaso\/blocs__trashed\/4aula-dacollida\/","title":{"rendered":"Aula d\u2019Acollida"},"content":{"rendered":"\n<p>Benvinguts a l&#8217;Aula d&#8217;Acollida! Aqu\u00ed, els alumnes que arriben a la nostra escola des de diferents or\u00edgens i cultures troben un espai segur i acollidor on poden comen\u00e7ar a integrar-se i desenvolupar-se a nivell acad\u00e8mic i personal. L\u2019Aula d\u2019Acollida t\u00e9 com a objectiu principal oferir suport i orientaci\u00f3 als alumnes que necessiten aprendre o millorar el seu domini del catal\u00e0 i del castell\u00e0, aix\u00ed com adaptar-se al nostre sistema educatiu.<\/p>\n\n\n\n<p>El nostre equip educatiu treballa de manera individualitzada, adaptant les activitats a les necessitats i ritmes de cada nen o nena, per tal que es sentin c\u00f2modes i motivats a aprendre. A m\u00e9s de les mat\u00e8ries b\u00e0siques, tamb\u00e9 oferim activitats que promouen la socialitzaci\u00f3, el respecte per la diversitat i la conviv\u00e8ncia, ja que creiem que \u00e9s fonamental que els nostres alumnes se sentin part de la comunitat escolar i tinguin les eines per desenvolupar-se plenament en tots els aspectes de la seva vida.<\/p>\n\n\n\n<p>L&#8217;Aula d&#8217;Acollida no nom\u00e9s \u00e9s un espai d&#8217;aprenentatge de lleng\u00fces, sin\u00f3 tamb\u00e9 un lloc on els alumnes poden compartir les seves experi\u00e8ncies, con\u00e8ixer altres companys i sentir-se recolzats durant el seu proc\u00e9s d&#8217;adaptaci\u00f3. Ens agrada veure com cada nen i nena guanya confian\u00e7a en si mateixos, millora les seves habilitats i fa amics mentre apr\u00e8n i creix en un entorn inclusiu i respectu\u00f3s.<\/p>\n\n\n\n<p><\/p>\n","protected":false},"excerpt":{"rendered":"<p>Benvinguts a l&#8217;Aula d&#8217;Acollida! Aqu\u00ed, els alumnes que arriben a la nostra escola des de diferents or\u00edgens i cultures troben [&hellip;]<\/p>\n","protected":false},"author":1,"featured_media":0,"parent":10571,"menu_order":0,"comment_status":"closed","ping_status":"closed","template":"","meta":{"_bbp_topic_count":0,"_bbp_reply_count":0,"_bbp_total_topic_count":0,"_bbp_total_reply_count":0,"_bbp_voice_count":0,"_bbp_anonymous_reply_count":0,"_bbp_topic_count_hidden":0,"_bbp_reply_count_hidden":0,"_bbp_forum_subforum_count":0,"site-sidebar-layout":"default","site-content-layout":"","ast-site-content-layout":"default","site-content-style":"default","site-sidebar-style":"default","ast-global-header-display":"","ast-banner-title-visibility":"","ast-main-header-display":"","ast-hfb-above-header-display":"","ast-hfb-below-header-display":"","ast-hfb-mobile-header-display":"","site-post-title":"","ast-breadcrumbs-content":"","ast-featured-img":"","footer-sml-layout":"","theme-transparent-header-meta":"","adv-header-id-meta":"","stick-header-meta":"","header-above-stick-meta":"","header-main-stick-meta":"","header-below-stick-meta":"","astra-migrate-meta-layouts":"set","ast-page-background-enabled":"default","ast-page-background-meta":{"desktop":{"background-color":"var(--ast-global-color-4)","background-image":"","background-repeat":"repeat","background-position":"center center","background-size":"auto","background-attachment":"scroll","background-type":"","background-media":"","overlay-type":"","overlay-color":"","overlay-opacity":"","overlay-gradient":""},"tablet":{"background-color":"","background-image":"","background-repeat":"repeat","background-position":"center center","background-size":"auto","background-attachment":"scroll","background-type":"","background-media":"","overlay-type":"","overlay-color":"","overlay-opacity":"","overlay-gradient":""},"mobile":{"background-color":"","background-image":"","background-repeat":"repeat","background-position":"center center","background-size":"auto","background-attachment":"scroll","background-type":"","background-media":"","overlay-type":"","overlay-color":"","overlay-opacity":"","overlay-gradient":""}},"ast-content-background-meta":{"desktop":{"background-color":"var(--ast-global-color-5)","background-image":"","background-repeat":"repeat","background-position":"center center","background-size":"auto","background-attachment":"scroll","background-type":"","background-media":"","overlay-type":"","overlay-color":"","overlay-opacity":"","overlay-gradient":""},"tablet":{"background-color":"var(--ast-global-color-5)","background-image":"","background-repeat":"repeat","background-position":"center center","background-size":"auto","background-attachment":"scroll","background-type":"","background-media":"","overlay-type":"","overlay-color":"","overlay-opacity":"","overlay-gradient":""},"mobile":{"background-color":"var(--ast-global-color-5)","background-image":"","background-repeat":"repeat","background-position":"center center","background-size":"auto","background-attachment":"scroll","background-type":"","background-media":"","overlay-type":"","overlay-color":"","overlay-opacity":"","overlay-gradient":""}},"footnotes":""},"class_list":["post-10576","page","type-page","status-publish","hentry"],"post_mailing_queue_ids":[],"_links":{"self":[{"href":"https:\/\/agora.xtec.cat\/ceip-collaso\/wp-json\/wp\/v2\/pages\/10576","targetHints":{"allow":["GET"]}}],"collection":[{"href":"https:\/\/agora.xtec.cat\/ceip-collaso\/wp-json\/wp\/v2\/pages"}],"about":[{"href":"https:\/\/agora.xtec.cat\/ceip-collaso\/wp-json\/wp\/v2\/types\/page"}],"author":[{"embeddable":true,"href":"https:\/\/agora.xtec.cat\/ceip-collaso\/wp-json\/wp\/v2\/users\/1"}],"replies":[{"embeddable":true,"href":"https:\/\/agora.xtec.cat\/ceip-collaso\/wp-json\/wp\/v2\/comments?post=10576"}],"version-history":[{"count":3,"href":"https:\/\/agora.xtec.cat\/ceip-collaso\/wp-json\/wp\/v2\/pages\/10576\/revisions"}],"predecessor-version":[{"id":11016,"href":"https:\/\/agora.xtec.cat\/ceip-collaso\/wp-json\/wp\/v2\/pages\/10576\/revisions\/11016"}],"up":[{"embeddable":true,"href":"https:\/\/agora.xtec.cat\/ceip-collaso\/wp-json\/wp\/v2\/pages\/10571"}],"wp:attachment":[{"href":"https:\/\/agora.xtec.cat\/ceip-collaso\/wp-json\/wp\/v2\/media?parent=10576"}],"curies":[{"name":"wp","href":"https:\/\/api.w.org\/{rel}","templated":true}]}}