{"id":10575,"date":"2025-02-11T12:35:49","date_gmt":"2025-02-11T11:35:49","guid":{"rendered":"https:\/\/agora.xtec.cat\/ceip-collaso\/?page_id=10575"},"modified":"2026-02-23T13:33:37","modified_gmt":"2026-02-23T12:33:37","slug":"3grans-4t-5e-6e","status":"publish","type":"page","link":"https:\/\/agora.xtec.cat\/ceip-collaso\/nivells\/3grans-4t-5e-6e\/","title":{"rendered":"Grans (4t-5\u00e8-6\u00e8)"},"content":{"rendered":"\n<p>El cicle superior \u00e9s un moment fonamental per a la seva preparaci\u00f3 cap a la secund\u00e0ria i la vida adulta, i estem aqu\u00ed per guiar-los i acompanyar-los en aquest cam\u00ed.<\/p>\n\n\n\n<p>Els nostres mestres treballen de manera individualitzada, tenint en compte els interessos i les necessitats de cada alumne, per garantir que tots els alumnes tinguin les eines necess\u00e0ries per afrontar els reptes que es presenten. A trav\u00e9s d\u2019activitats que fomenten l\u2019autonomia, la responsabilitat i el treball en equip, els alumnes aprenen a gestionar els seus estudis, a resoldre problemes i a reflexionar sobre el m\u00f3n que els envolta.<\/p>\n\n\n\n<p>A m\u00e9s de les mat\u00e8ries acad\u00e8miques, a la nostra escola posem especial atenci\u00f3 al desenvolupament personal i social dels alumnes, promovent valors com el respecte, la solidaritat i la conviv\u00e8ncia. Creiem en la import\u00e0ncia de formar persones responsables, amb esperit cr\u00edtic i compromeses amb la societat.<\/p>\n\n\n\n<p>Al cicle superior, cada dia \u00e9s una nova oportunitat per descobrir, aprendre i cr\u00e9ixer. Ens entusiasma veure com els nostres alumnes es preparen per als grans reptes del futur, amb confian\u00e7a, motivaci\u00f3 i ganes d\u2019aportar el millor de si mateixos. Benvinguts al cicle superior, on el teu fill o filla continuar\u00e0 la seva traject\u00f2ria educativa amb il\u00b7lusi\u00f3 i determinaci\u00f3!<\/p>\n","protected":false},"excerpt":{"rendered":"<p>El cicle superior \u00e9s un moment fonamental per a la seva preparaci\u00f3 cap a la secund\u00e0ria i la vida adulta, [&hellip;]<\/p>\n","protected":false},"author":1,"featured_media":0,"parent":87,"menu_order":0,"comment_status":"closed","ping_status":"closed","template":"","meta":{"_bbp_topic_count":0,"_bbp_reply_count":0,"_bbp_total_topic_count":0,"_bbp_total_reply_count":0,"_bbp_voice_count":0,"_bbp_anonymous_reply_count":0,"_bbp_topic_count_hidden":0,"_bbp_reply_count_hidden":0,"_bbp_forum_subforum_count":0,"site-sidebar-layout":"default","site-content-layout":"","ast-site-content-layout":"default","site-content-style":"default","site-sidebar-style":"default","ast-global-header-display":"","ast-banner-title-visibility":"","ast-main-header-display":"","ast-hfb-above-header-display":"","ast-hfb-below-header-display":"","ast-hfb-mobile-header-display":"","site-post-title":"","ast-breadcrumbs-content":"","ast-featured-img":"","footer-sml-layout":"","theme-transparent-header-meta":"","adv-header-id-meta":"","stick-header-meta":"","header-above-stick-meta":"","header-main-stick-meta":"","header-below-stick-meta":"","astra-migrate-meta-layouts":"set","ast-page-background-enabled":"default","ast-page-background-meta":{"desktop":{"background-color":"var(--ast-global-color-4)","background-image":"","background-repeat":"repeat","background-position":"center center","background-size":"auto","background-attachment":"scroll","background-type":"","background-media":"","overlay-type":"","overlay-color":"","overlay-opacity":"","overlay-gradient":""},"tablet":{"background-color":"","background-image":"","background-repeat":"repeat","background-position":"center center","background-size":"auto","background-attachment":"scroll","background-type":"","background-media":"","overlay-type":"","overlay-color":"","overlay-opacity":"","overlay-gradient":""},"mobile":{"background-color":"","background-image":"","background-repeat":"repeat","background-position":"center center","background-size":"auto","background-attachment":"scroll","background-type":"","background-media":"","overlay-type":"","overlay-color":"","overlay-opacity":"","overlay-gradient":""}},"ast-content-background-meta":{"desktop":{"background-color":"var(--ast-global-color-5)","background-image":"","background-repeat":"repeat","background-position":"center center","background-size":"auto","background-attachment":"scroll","background-type":"","background-media":"","overlay-type":"","overlay-color":"","overlay-opacity":"","overlay-gradient":""},"tablet":{"background-color":"var(--ast-global-color-5)","background-image":"","background-repeat":"repeat","background-position":"center center","background-size":"auto","background-attachment":"scroll","background-type":"","background-media":"","overlay-type":"","overlay-color":"","overlay-opacity":"","overlay-gradient":""},"mobile":{"background-color":"var(--ast-global-color-5)","background-image":"","background-repeat":"repeat","background-position":"center center","background-size":"auto","background-attachment":"scroll","background-type":"","background-media":"","overlay-type":"","overlay-color":"","overlay-opacity":"","overlay-gradient":""}},"footnotes":""},"class_list":["post-10575","page","type-page","status-publish","hentry"],"post_mailing_queue_ids":[],"_links":{"self":[{"href":"https:\/\/agora.xtec.cat\/ceip-collaso\/wp-json\/wp\/v2\/pages\/10575","targetHints":{"allow":["GET"]}}],"collection":[{"href":"https:\/\/agora.xtec.cat\/ceip-collaso\/wp-json\/wp\/v2\/pages"}],"about":[{"href":"https:\/\/agora.xtec.cat\/ceip-collaso\/wp-json\/wp\/v2\/types\/page"}],"author":[{"embeddable":true,"href":"https:\/\/agora.xtec.cat\/ceip-collaso\/wp-json\/wp\/v2\/users\/1"}],"replies":[{"embeddable":true,"href":"https:\/\/agora.xtec.cat\/ceip-collaso\/wp-json\/wp\/v2\/comments?post=10575"}],"version-history":[{"count":3,"href":"https:\/\/agora.xtec.cat\/ceip-collaso\/wp-json\/wp\/v2\/pages\/10575\/revisions"}],"predecessor-version":[{"id":11015,"href":"https:\/\/agora.xtec.cat\/ceip-collaso\/wp-json\/wp\/v2\/pages\/10575\/revisions\/11015"}],"up":[{"embeddable":true,"href":"https:\/\/agora.xtec.cat\/ceip-collaso\/wp-json\/wp\/v2\/pages\/87"}],"wp:attachment":[{"href":"https:\/\/agora.xtec.cat\/ceip-collaso\/wp-json\/wp\/v2\/media?parent=10575"}],"curies":[{"name":"wp","href":"https:\/\/api.w.org\/{rel}","templated":true}]}}