{"id":10574,"date":"2025-02-11T12:35:49","date_gmt":"2025-02-11T11:35:49","guid":{"rendered":"https:\/\/agora.xtec.cat\/ceip-collaso\/?page_id=10574"},"modified":"2026-02-23T13:35:17","modified_gmt":"2026-02-23T12:35:17","slug":"2mitjans-1r-2n-3r","status":"publish","type":"page","link":"https:\/\/agora.xtec.cat\/ceip-collaso\/nivells\/2mitjans-1r-2n-3r\/","title":{"rendered":"Mitjans (1r-2n-3r)"},"content":{"rendered":"\n<p>A l&#8217;etapa de cicle mitj\u00e0, el nostre objectiu \u00e9s que els infants continu\u00efn creixent, aprenent i descobrint el m\u00f3n d\u2019una manera emocionant i creativa. Aqu\u00ed, fomentem l&#8217;autonomia, la curiositat i el treball en equip, tot promovent un ambient d&#8217;aprenentatge din\u00e0mic i respectu\u00f3s. Cada nen i nena t\u00e9 l&#8217;oportunitat de descobrir noves capacitats, explorar interessos i afrontar reptes de manera que els faci sentir-se segurs i capa\u00e7os.<\/p>\n\n\n\n<p>Els mestres de cicle mitj\u00e0 es dediquen a acompanyar cada infant en el seu cam\u00ed, proporcionant activitats estimulants que fomentin la seva creativitat, la seva capacitat cr\u00edtica i el seu pensament independent. A m\u00e9s de les mat\u00e8ries tradicionals, tamb\u00e9 donem molta import\u00e0ncia al desenvolupament personal i social, perqu\u00e8 cada alumne aprengui a respectar-se a si mateix i als altres, i a treballar en grup per aconseguir objectius comuns.<\/p>\n\n\n\n<p>Aquesta etapa \u00e9s un moment clau per a la seva maduresa emocional i acad\u00e8mica, i volem que els alumnes gaudeixin d\u2019un aprenentatge que els motivi i els prepari per als nous reptes que vindran. A la nostra escola, cada dia \u00e9s una oportunitat per cr\u00e9ixer junts, gaudir de les noves descobertes i construir una base s\u00f2lida per al futur. Benvinguts al cicle mitj\u00e0, on el teu fill o filla continuar\u00e0 aprenent, explorant i fent amics mentre es prepara per a un futur brillant!<\/p>\n","protected":false},"excerpt":{"rendered":"<p>A l&#8217;etapa de cicle mitj\u00e0, el nostre objectiu \u00e9s que els infants continu\u00efn creixent, aprenent i descobrint el m\u00f3n d\u2019una [&hellip;]<\/p>\n","protected":false},"author":1,"featured_media":0,"parent":87,"menu_order":0,"comment_status":"closed","ping_status":"closed","template":"","meta":{"_bbp_topic_count":0,"_bbp_reply_count":0,"_bbp_total_topic_count":0,"_bbp_total_reply_count":0,"_bbp_voice_count":0,"_bbp_anonymous_reply_count":0,"_bbp_topic_count_hidden":0,"_bbp_reply_count_hidden":0,"_bbp_forum_subforum_count":0,"site-sidebar-layout":"default","site-content-layout":"","ast-site-content-layout":"default","site-content-style":"default","site-sidebar-style":"default","ast-global-header-display":"","ast-banner-title-visibility":"","ast-main-header-display":"","ast-hfb-above-header-display":"","ast-hfb-below-header-display":"","ast-hfb-mobile-header-display":"","site-post-title":"","ast-breadcrumbs-content":"","ast-featured-img":"","footer-sml-layout":"","theme-transparent-header-meta":"","adv-header-id-meta":"","stick-header-meta":"","header-above-stick-meta":"","header-main-stick-meta":"","header-below-stick-meta":"","astra-migrate-meta-layouts":"set","ast-page-background-enabled":"default","ast-page-background-meta":{"desktop":{"background-color":"var(--ast-global-color-4)","background-image":"","background-repeat":"repeat","background-position":"center center","background-size":"auto","background-attachment":"scroll","background-type":"","background-media":"","overlay-type":"","overlay-color":"","overlay-opacity":"","overlay-gradient":""},"tablet":{"background-color":"","background-image":"","background-repeat":"repeat","background-position":"center center","background-size":"auto","background-attachment":"scroll","background-type":"","background-media":"","overlay-type":"","overlay-color":"","overlay-opacity":"","overlay-gradient":""},"mobile":{"background-color":"","background-image":"","background-repeat":"repeat","background-position":"center center","background-size":"auto","background-attachment":"scroll","background-type":"","background-media":"","overlay-type":"","overlay-color":"","overlay-opacity":"","overlay-gradient":""}},"ast-content-background-meta":{"desktop":{"background-color":"var(--ast-global-color-5)","background-image":"","background-repeat":"repeat","background-position":"center center","background-size":"auto","background-attachment":"scroll","background-type":"","background-media":"","overlay-type":"","overlay-color":"","overlay-opacity":"","overlay-gradient":""},"tablet":{"background-color":"var(--ast-global-color-5)","background-image":"","background-repeat":"repeat","background-position":"center center","background-size":"auto","background-attachment":"scroll","background-type":"","background-media":"","overlay-type":"","overlay-color":"","overlay-opacity":"","overlay-gradient":""},"mobile":{"background-color":"var(--ast-global-color-5)","background-image":"","background-repeat":"repeat","background-position":"center center","background-size":"auto","background-attachment":"scroll","background-type":"","background-media":"","overlay-type":"","overlay-color":"","overlay-opacity":"","overlay-gradient":""}},"footnotes":""},"class_list":["post-10574","page","type-page","status-publish","hentry"],"post_mailing_queue_ids":[],"_links":{"self":[{"href":"https:\/\/agora.xtec.cat\/ceip-collaso\/wp-json\/wp\/v2\/pages\/10574","targetHints":{"allow":["GET"]}}],"collection":[{"href":"https:\/\/agora.xtec.cat\/ceip-collaso\/wp-json\/wp\/v2\/pages"}],"about":[{"href":"https:\/\/agora.xtec.cat\/ceip-collaso\/wp-json\/wp\/v2\/types\/page"}],"author":[{"embeddable":true,"href":"https:\/\/agora.xtec.cat\/ceip-collaso\/wp-json\/wp\/v2\/users\/1"}],"replies":[{"embeddable":true,"href":"https:\/\/agora.xtec.cat\/ceip-collaso\/wp-json\/wp\/v2\/comments?post=10574"}],"version-history":[{"count":3,"href":"https:\/\/agora.xtec.cat\/ceip-collaso\/wp-json\/wp\/v2\/pages\/10574\/revisions"}],"predecessor-version":[{"id":11014,"href":"https:\/\/agora.xtec.cat\/ceip-collaso\/wp-json\/wp\/v2\/pages\/10574\/revisions\/11014"}],"up":[{"embeddable":true,"href":"https:\/\/agora.xtec.cat\/ceip-collaso\/wp-json\/wp\/v2\/pages\/87"}],"wp:attachment":[{"href":"https:\/\/agora.xtec.cat\/ceip-collaso\/wp-json\/wp\/v2\/media?parent=10574"}],"curies":[{"name":"wp","href":"https:\/\/api.w.org\/{rel}","templated":true}]}}