{"id":10573,"date":"2025-02-11T12:35:49","date_gmt":"2025-02-11T11:35:49","guid":{"rendered":"https:\/\/agora.xtec.cat\/ceip-collaso\/?page_id=10573"},"modified":"2026-02-23T13:37:26","modified_gmt":"2026-02-23T12:37:26","slug":"1petits-i3-i4-i5","status":"publish","type":"page","link":"https:\/\/agora.xtec.cat\/ceip-collaso\/nivells\/1petits-i3-i4-i5\/","title":{"rendered":"Petits (I3-I4-I5)"},"content":{"rendered":"\n<p>A L&#8217;etapa d&#8217;educaci\u00f3 infantil, creiem que l&#8217;aprenentatge \u00e9s una aventura plena de descobriments, jocs i emocions. El nostre objectiu \u00e9s ajudar els infants a desenvolupar-se de manera integral, promovent la seva curiositat, creativitat i autonomia en un entorn segur i afectu\u00f3s.<\/p>\n\n\n\n<p>Els nostres mestres estan formats per acompanyar als m\u00e9s petits en cada pas del seu creixement, oferint-los activitats adaptades a les seves necessitats i interessos. A la nostra escola, cada moment \u00e9s una oportunitat per aprendre, jugar i cr\u00e9ixer junts. Ens encanta veure com cada nen i nena es fa gran, aprenent a compartir, a expressar-se i a gaudir de l\u2019aprenentatge amb alegria.<\/p>\n\n\n\n<p>Volem que cada fam\u00edlia se senti part d&#8217;aquesta gran aventura educativa, on tots els nens i nenes es poden sentir estimats, respectats i motivats a donar el millor de si mateixos. Benvinguts a la nostra escola, on el vostre petit\/a ser\u00e0 el centre de tot el que fem!<\/p>\n","protected":false},"excerpt":{"rendered":"<p>A L&#8217;etapa d&#8217;educaci\u00f3 infantil, creiem que l&#8217;aprenentatge \u00e9s una aventura plena de descobriments, jocs i emocions. El nostre objectiu \u00e9s [&hellip;]<\/p>\n","protected":false},"author":1,"featured_media":0,"parent":87,"menu_order":0,"comment_status":"closed","ping_status":"closed","template":"","meta":{"_bbp_topic_count":0,"_bbp_reply_count":0,"_bbp_total_topic_count":0,"_bbp_total_reply_count":0,"_bbp_voice_count":0,"_bbp_anonymous_reply_count":0,"_bbp_topic_count_hidden":0,"_bbp_reply_count_hidden":0,"_bbp_forum_subforum_count":0,"site-sidebar-layout":"default","site-content-layout":"","ast-site-content-layout":"default","site-content-style":"default","site-sidebar-style":"default","ast-global-header-display":"","ast-banner-title-visibility":"","ast-main-header-display":"","ast-hfb-above-header-display":"","ast-hfb-below-header-display":"","ast-hfb-mobile-header-display":"","site-post-title":"","ast-breadcrumbs-content":"","ast-featured-img":"","footer-sml-layout":"","theme-transparent-header-meta":"","adv-header-id-meta":"","stick-header-meta":"","header-above-stick-meta":"","header-main-stick-meta":"","header-below-stick-meta":"","astra-migrate-meta-layouts":"set","ast-page-background-enabled":"default","ast-page-background-meta":{"desktop":{"background-color":"var(--ast-global-color-4)","background-image":"","background-repeat":"repeat","background-position":"center center","background-size":"auto","background-attachment":"scroll","background-type":"","background-media":"","overlay-type":"","overlay-color":"","overlay-opacity":"","overlay-gradient":""},"tablet":{"background-color":"","background-image":"","background-repeat":"repeat","background-position":"center center","background-size":"auto","background-attachment":"scroll","background-type":"","background-media":"","overlay-type":"","overlay-color":"","overlay-opacity":"","overlay-gradient":""},"mobile":{"background-color":"","background-image":"","background-repeat":"repeat","background-position":"center center","background-size":"auto","background-attachment":"scroll","background-type":"","background-media":"","overlay-type":"","overlay-color":"","overlay-opacity":"","overlay-gradient":""}},"ast-content-background-meta":{"desktop":{"background-color":"var(--ast-global-color-5)","background-image":"","background-repeat":"repeat","background-position":"center center","background-size":"auto","background-attachment":"scroll","background-type":"","background-media":"","overlay-type":"","overlay-color":"","overlay-opacity":"","overlay-gradient":""},"tablet":{"background-color":"var(--ast-global-color-5)","background-image":"","background-repeat":"repeat","background-position":"center center","background-size":"auto","background-attachment":"scroll","background-type":"","background-media":"","overlay-type":"","overlay-color":"","overlay-opacity":"","overlay-gradient":""},"mobile":{"background-color":"var(--ast-global-color-5)","background-image":"","background-repeat":"repeat","background-position":"center center","background-size":"auto","background-attachment":"scroll","background-type":"","background-media":"","overlay-type":"","overlay-color":"","overlay-opacity":"","overlay-gradient":""}},"footnotes":""},"class_list":["post-10573","page","type-page","status-publish","hentry"],"post_mailing_queue_ids":[],"_links":{"self":[{"href":"https:\/\/agora.xtec.cat\/ceip-collaso\/wp-json\/wp\/v2\/pages\/10573","targetHints":{"allow":["GET"]}}],"collection":[{"href":"https:\/\/agora.xtec.cat\/ceip-collaso\/wp-json\/wp\/v2\/pages"}],"about":[{"href":"https:\/\/agora.xtec.cat\/ceip-collaso\/wp-json\/wp\/v2\/types\/page"}],"author":[{"embeddable":true,"href":"https:\/\/agora.xtec.cat\/ceip-collaso\/wp-json\/wp\/v2\/users\/1"}],"replies":[{"embeddable":true,"href":"https:\/\/agora.xtec.cat\/ceip-collaso\/wp-json\/wp\/v2\/comments?post=10573"}],"version-history":[{"count":4,"href":"https:\/\/agora.xtec.cat\/ceip-collaso\/wp-json\/wp\/v2\/pages\/10573\/revisions"}],"predecessor-version":[{"id":11013,"href":"https:\/\/agora.xtec.cat\/ceip-collaso\/wp-json\/wp\/v2\/pages\/10573\/revisions\/11013"}],"up":[{"embeddable":true,"href":"https:\/\/agora.xtec.cat\/ceip-collaso\/wp-json\/wp\/v2\/pages\/87"}],"wp:attachment":[{"href":"https:\/\/agora.xtec.cat\/ceip-collaso\/wp-json\/wp\/v2\/media?parent=10573"}],"curies":[{"name":"wp","href":"https:\/\/api.w.org\/{rel}","templated":true}]}}