{"id":10553,"date":"2025-02-11T12:27:50","date_gmt":"2025-02-11T11:27:50","guid":{"rendered":"https:\/\/agora.xtec.cat\/ceip-collaso\/?page_id=10553"},"modified":"2026-02-23T13:40:16","modified_gmt":"2026-02-23T12:40:16","slug":"robotica","status":"publish","type":"page","link":"https:\/\/agora.xtec.cat\/ceip-collaso\/blocs__trashed\/robotica\/","title":{"rendered":"Rob\u00f2tica"},"content":{"rendered":"\n<p>Gr\u00e0cies a una subvenci\u00f3 recent, l&#8217;Escola Collaso i Gil ha incorporat una nova assignatura de rob\u00f2tica, oferint als alumnes l&#8217;oportunitat d&#8217;aprendre a trav\u00e9s de dispositius com el Blue Bot, Dash, Codey Rockey i tauletes. Aquesta iniciativa permet als estudiants desenvolupar habilitats en programaci\u00f3, resoluci\u00f3 de problemes i creativitat de manera pr\u00e0ctica i divertida.<\/p>\n\n\n\n<p>Amb l&#8217;\u00fas d&#8217;aquests robots, els alumnes exploren el m\u00f3n de la tecnologia i la ci\u00e8ncia, millorant les seves compet\u00e8ncies digitals des de joves. Aquesta \u00e9s una nova aposta de l\u2019escola per oferir una educaci\u00f3 innovadora que prepara els nostres alumnes per al futur digital.<\/p>\n\n\n\n<p>A l&#8217;Escola Collaso i Gil, estem compromesos amb una educaci\u00f3 de qualitat que fomenti la creativitat i la curiositat!<\/p>\n\n\n\n<figure class=\"wp-block-image size-large\"><a href=\"https:\/\/agora.xtec.cat\/ceip-collaso\/wp-content\/uploads\/usu505\/2025\/02\/21d66e20-cf29-425b-bb32-5ae7acd89cf8.jpg\"><img loading=\"lazy\" decoding=\"async\" width=\"1024\" height=\"768\" src=\"https:\/\/agora.xtec.cat\/ceip-collaso\/wp-content\/uploads\/usu505\/2025\/02\/21d66e20-cf29-425b-bb32-5ae7acd89cf8-1024x768.jpg\" alt=\"\" class=\"wp-image-10867\" srcset=\"https:\/\/agora.xtec.cat\/ceip-collaso\/wp-content\/uploads\/usu505\/2025\/02\/21d66e20-cf29-425b-bb32-5ae7acd89cf8-1024x768.jpg 1024w, https:\/\/agora.xtec.cat\/ceip-collaso\/wp-content\/uploads\/usu505\/2025\/02\/21d66e20-cf29-425b-bb32-5ae7acd89cf8-300x225.jpg 300w, https:\/\/agora.xtec.cat\/ceip-collaso\/wp-content\/uploads\/usu505\/2025\/02\/21d66e20-cf29-425b-bb32-5ae7acd89cf8-768x576.jpg 768w, https:\/\/agora.xtec.cat\/ceip-collaso\/wp-content\/uploads\/usu505\/2025\/02\/21d66e20-cf29-425b-bb32-5ae7acd89cf8-1536x1152.jpg 1536w, https:\/\/agora.xtec.cat\/ceip-collaso\/wp-content\/uploads\/usu505\/2025\/02\/21d66e20-cf29-425b-bb32-5ae7acd89cf8.jpg 2000w\" sizes=\"auto, (max-width: 1024px) 100vw, 1024px\" \/><\/a><\/figure>\n","protected":false},"excerpt":{"rendered":"<p>Gr\u00e0cies a una subvenci\u00f3 recent, l&#8217;Escola Collaso i Gil ha incorporat una nova assignatura de rob\u00f2tica, oferint als alumnes l&#8217;oportunitat [&hellip;]<\/p>\n","protected":false},"author":1,"featured_media":0,"parent":10571,"menu_order":0,"comment_status":"closed","ping_status":"closed","template":"","meta":{"_bbp_topic_count":0,"_bbp_reply_count":0,"_bbp_total_topic_count":0,"_bbp_total_reply_count":0,"_bbp_voice_count":0,"_bbp_anonymous_reply_count":0,"_bbp_topic_count_hidden":0,"_bbp_reply_count_hidden":0,"_bbp_forum_subforum_count":0,"site-sidebar-layout":"default","site-content-layout":"","ast-site-content-layout":"default","site-content-style":"default","site-sidebar-style":"default","ast-global-header-display":"","ast-banner-title-visibility":"","ast-main-header-display":"","ast-hfb-above-header-display":"","ast-hfb-below-header-display":"","ast-hfb-mobile-header-display":"","site-post-title":"","ast-breadcrumbs-content":"","ast-featured-img":"","footer-sml-layout":"","theme-transparent-header-meta":"","adv-header-id-meta":"","stick-header-meta":"","header-above-stick-meta":"","header-main-stick-meta":"","header-below-stick-meta":"","astra-migrate-meta-layouts":"set","ast-page-background-enabled":"default","ast-page-background-meta":{"desktop":{"background-color":"var(--ast-global-color-4)","background-image":"","background-repeat":"repeat","background-position":"center center","background-size":"auto","background-attachment":"scroll","background-type":"","background-media":"","overlay-type":"","overlay-color":"","overlay-opacity":"","overlay-gradient":""},"tablet":{"background-color":"","background-image":"","background-repeat":"repeat","background-position":"center center","background-size":"auto","background-attachment":"scroll","background-type":"","background-media":"","overlay-type":"","overlay-color":"","overlay-opacity":"","overlay-gradient":""},"mobile":{"background-color":"","background-image":"","background-repeat":"repeat","background-position":"center center","background-size":"auto","background-attachment":"scroll","background-type":"","background-media":"","overlay-type":"","overlay-color":"","overlay-opacity":"","overlay-gradient":""}},"ast-content-background-meta":{"desktop":{"background-color":"var(--ast-global-color-5)","background-image":"","background-repeat":"repeat","background-position":"center center","background-size":"auto","background-attachment":"scroll","background-type":"","background-media":"","overlay-type":"","overlay-color":"","overlay-opacity":"","overlay-gradient":""},"tablet":{"background-color":"var(--ast-global-color-5)","background-image":"","background-repeat":"repeat","background-position":"center center","background-size":"auto","background-attachment":"scroll","background-type":"","background-media":"","overlay-type":"","overlay-color":"","overlay-opacity":"","overlay-gradient":""},"mobile":{"background-color":"var(--ast-global-color-5)","background-image":"","background-repeat":"repeat","background-position":"center center","background-size":"auto","background-attachment":"scroll","background-type":"","background-media":"","overlay-type":"","overlay-color":"","overlay-opacity":"","overlay-gradient":""}},"footnotes":""},"class_list":["post-10553","page","type-page","status-publish","hentry"],"post_mailing_queue_ids":[],"_links":{"self":[{"href":"https:\/\/agora.xtec.cat\/ceip-collaso\/wp-json\/wp\/v2\/pages\/10553","targetHints":{"allow":["GET"]}}],"collection":[{"href":"https:\/\/agora.xtec.cat\/ceip-collaso\/wp-json\/wp\/v2\/pages"}],"about":[{"href":"https:\/\/agora.xtec.cat\/ceip-collaso\/wp-json\/wp\/v2\/types\/page"}],"author":[{"embeddable":true,"href":"https:\/\/agora.xtec.cat\/ceip-collaso\/wp-json\/wp\/v2\/users\/1"}],"replies":[{"embeddable":true,"href":"https:\/\/agora.xtec.cat\/ceip-collaso\/wp-json\/wp\/v2\/comments?post=10553"}],"version-history":[{"count":4,"href":"https:\/\/agora.xtec.cat\/ceip-collaso\/wp-json\/wp\/v2\/pages\/10553\/revisions"}],"predecessor-version":[{"id":10868,"href":"https:\/\/agora.xtec.cat\/ceip-collaso\/wp-json\/wp\/v2\/pages\/10553\/revisions\/10868"}],"up":[{"embeddable":true,"href":"https:\/\/agora.xtec.cat\/ceip-collaso\/wp-json\/wp\/v2\/pages\/10571"}],"wp:attachment":[{"href":"https:\/\/agora.xtec.cat\/ceip-collaso\/wp-json\/wp\/v2\/media?parent=10553"}],"curies":[{"name":"wp","href":"https:\/\/api.w.org\/{rel}","templated":true}]}}