{"id":9209,"date":"2018-08-30T18:28:14","date_gmt":"2018-08-30T16:28:14","guid":{"rendered":"http:\/\/agora.xtec.cat\/ceip-ciutat-cooperativa\/?page_id=9209"},"modified":"2025-09-23T17:03:28","modified_gmt":"2025-09-23T15:03:28","slug":"equip-huma","status":"publish","type":"page","link":"https:\/\/agora.xtec.cat\/ceip-ciutat-cooperativa\/lescola\/equip-huma\/","title":{"rendered":"Equip hum\u00e0"},"content":{"rendered":"<p style=\"text-align: center;\"><span style=\"font-family: arial, helvetica, sans-serif; font-size: 36pt; color: #617cbd;\"><strong>EQUIP HUM\u00c0<\/strong><\/span><\/p>\n<table style=\"height: 1058px; border-color: #2a663d; width: 40.7495%;\" width=\"487\">\n<tbody>\n<tr style=\"height: 31px;\">\n<td style=\"width: 98.5765%; height: 31px; text-align: left;\" colspan=\"2\"><span style=\"background-color: #f8b71b;\"><strong>Equip directiu<\/strong><\/span><\/td>\n<\/tr>\n<tr style=\"height: 31px;\">\n<td style=\"width: 49.1103%; height: 31px; text-align: left;\"><strong>Directora<\/strong><\/td>\n<td style=\"width: 49.4662%; height: 31px; text-align: left;\">Esther Prieto<\/td>\n<\/tr>\n<tr style=\"height: 31px;\">\n<td style=\"width: 49.1103%; height: 31px; text-align: left;\"><strong>Cap d&#8217;estudis<\/strong><\/td>\n<td style=\"width: 49.4662%; height: 31px; text-align: left;\">Irene P\u00e9rez<\/td>\n<\/tr>\n<tr style=\"height: 31px;\">\n<td style=\"width: 49.1103%; height: 31px; text-align: left;\"><strong>Secret\u00e0ria<\/strong><\/td>\n<td style=\"width: 49.4662%; height: 31px; text-align: left;\">Mireia Parra<\/td>\n<\/tr>\n<tr style=\"height: 31px;\">\n<td style=\"width: 98.5765%; height: 31px; text-align: left;\" colspan=\"2\"><span style=\"background-color: #f8b71b;\"><strong>Equip docent<\/strong><\/span><\/td>\n<\/tr>\n<tr style=\"height: 31px;\">\n<td style=\"width: 98.5765%; height: 31px; text-align: left;\" colspan=\"2\"><span style=\"background-color: #617cbd; color: #ffffff;\"><strong>Educaci\u00f3 infantil<\/strong><\/span><\/td>\n<\/tr>\n<tr style=\"height: 31px;\">\n<td style=\"width: 49.1103%; height: 31px; text-align: left;\"><strong>I3<\/strong><\/td>\n<td style=\"width: 49.4662%; height: 31px; text-align: left;\">Mireia Senserrich \/ Laura C\u00e1novas + Montse Albet (TEI)<\/td>\n<\/tr>\n<tr style=\"height: 31px;\">\n<td style=\"width: 49.1103%; height: 31px; text-align: left;\"><strong>I4<\/strong><\/td>\n<td style=\"width: 49.4662%; height: 31px; text-align: left;\">Lydia Rodr\u00edguez<\/td>\n<\/tr>\n<tr style=\"height: 31px;\">\n<td style=\"width: 49.1103%; height: 31px; text-align: left;\"><strong>I5<\/strong><\/td>\n<td style=\"width: 49.4662%; height: 31px; text-align: left;\">Helena Sol\u00e0<\/td>\n<\/tr>\n<tr style=\"height: 31px;\">\n<td style=\"width: 49.1103%; height: 31px; text-align: left;\"><strong>Refor\u00e7 infantil<\/strong><\/td>\n<td style=\"width: 49.4662%; height: 31px; text-align: left;\">Irene P\u00e9rez \/ Christel G\u00f3mez<\/td>\n<\/tr>\n<tr style=\"height: 31px;\">\n<td style=\"width: 98.5765%; height: 31px; text-align: left;\" colspan=\"2\"><strong><span style=\"background-color: #617cbd; color: #ffffff;\">Educaci\u00f3 prim\u00e0ria<\/span><\/strong><\/td>\n<\/tr>\n<tr style=\"height: 31px;\">\n<td style=\"width: 49.1103%; height: 31px; text-align: left;\"><strong>1r<\/strong><\/td>\n<td style=\"width: 49.4662%; height: 31px; text-align: left;\">Raquel Andr\u00e9s<\/td>\n<\/tr>\n<tr style=\"height: 31px;\">\n<td style=\"width: 49.1103%; height: 31px; text-align: left;\"><strong>2n<\/strong><\/td>\n<td style=\"width: 49.4662%; height: 31px; text-align: left;\">Pilar Caro<\/td>\n<\/tr>\n<tr>\n<td style=\"width: 49.1103%; text-align: left;\"><strong>Refor\u00e7 Cicle Inicial<\/strong><\/td>\n<td style=\"width: 49.4662%; text-align: left;\">Paula Romero<\/td>\n<\/tr>\n<tr style=\"height: 31px;\">\n<td style=\"width: 49.1103%; height: 31px; text-align: left;\"><strong>3r<\/strong><\/td>\n<td style=\"width: 49.4662%; height: 31px; text-align: left;\">Rossi Correa<\/td>\n<\/tr>\n<tr style=\"height: 31px;\">\n<td style=\"width: 49.1103%; height: 31px; text-align: left;\"><strong>4t<\/strong><\/td>\n<td style=\"width: 49.4662%; height: 31px; text-align: left;\">Vicenta Navarro<\/td>\n<\/tr>\n<tr style=\"height: 31px;\">\n<td style=\"width: 49.1103%; height: 31px; text-align: left;\"><strong>5\u00e8<\/strong><\/td>\n<td style=\"width: 49.4662%; height: 31px; text-align: left;\">Montse Ruiz<\/td>\n<\/tr>\n<tr style=\"height: 31px;\">\n<td style=\"width: 49.1103%; height: 31px; text-align: left;\"><strong>6\u00e8<\/strong><\/td>\n<td style=\"width: 49.4662%; height: 31px; text-align: left;\">Esther Gonz\u00e1lez<\/td>\n<\/tr>\n<tr style=\"height: 31px;\">\n<td style=\"width: 98.5765%; height: 31px; text-align: left;\" colspan=\"2\"><span style=\"background-color: #617cbd; color: #ffffff;\"><strong>Especialistes<\/strong><\/span><\/td>\n<\/tr>\n<tr style=\"height: 31px;\">\n<td style=\"width: 49.1103%; height: 31px; text-align: left;\"><strong>Educaci\u00f3 especial<\/strong><\/td>\n<td style=\"width: 49.4662%; height: 31px; text-align: left;\">Esther Prieto<\/td>\n<\/tr>\n<tr style=\"height: 31px;\">\n<td style=\"width: 49.1103%; height: 31px; text-align: left;\"><strong>Aula d&#8217;acollida\u00a0<\/strong><\/td>\n<td style=\"width: 49.4662%; height: 31px; text-align: left;\">Tania Martelo<\/td>\n<\/tr>\n<tr style=\"height: 31px;\">\n<td style=\"width: 49.1103%; height: 31px; text-align: left;\"><strong>Aula SIEI<\/strong><\/td>\n<td style=\"width: 49.4662%; height: 31px; text-align: left;\">Laia Mart\u00ednez<\/td>\n<\/tr>\n<tr style=\"height: 31px;\">\n<td style=\"width: 49.1103%; height: 31px; text-align: left;\"><strong>Educaci\u00f3 f\u00edsica<\/strong><\/td>\n<td style=\"width: 49.4662%; height: 31px; text-align: left;\">Jorge \u00c1lvarez<\/td>\n<\/tr>\n<tr>\n<td style=\"width: 49.1103%; text-align: left;\"><strong>M\u00fasica\u00a0<\/strong><\/td>\n<td style=\"width: 49.4662%; text-align: left;\">Rossi Correa<\/td>\n<\/tr>\n<tr style=\"height: 31px;\">\n<td style=\"width: 49.1103%; height: 31px; text-align: left;\"><strong>Llengua anglesa<\/strong><\/td>\n<td style=\"width: 49.4662%; height: 31px; text-align: left;\">Rafa Otaduy<\/td>\n<\/tr>\n<tr>\n<td style=\"width: 49.1103%; text-align: left;\"><strong>Religi\u00f3<\/strong><\/td>\n<td style=\"width: 49.4662%; text-align: left;\">Ana Cerrajero<\/td>\n<\/tr>\n<tr style=\"height: 31px;\">\n<td style=\"width: 49.1103%; height: 31px; text-align: left;\"><strong>Cultura digital<\/strong><\/td>\n<td style=\"width: 49.4662%; height: 31px; text-align: left;\">Merc\u00e8 Elvira \/ Mireia Parra<\/td>\n<\/tr>\n<tr style=\"height: 31px;\">\n<td style=\"width: 49.1103%; height: 31px; text-align: left;\"><span style=\"background-color: #f8b71b;\"><strong>Personal PAS<\/strong><\/span><\/td>\n<td style=\"width: 49.4662%; height: 31px; text-align: left;\"><\/td>\n<\/tr>\n<tr style=\"height: 31px;\">\n<td style=\"width: 49.1103%; height: 31px; text-align: left;\"><strong>TEI (t\u00e8cnic\/a d&#8217;educaci\u00f3 infantil)<\/strong><\/td>\n<td style=\"width: 49.4662%; height: 31px; text-align: left;\">Montse Albet<\/td>\n<\/tr>\n<tr style=\"height: 31px;\">\n<td style=\"width: 49.1103%; height: 31px; text-align: left;\"><strong>TIS (t\u00e8cnic\/a d&#8217;integraci\u00f3 social)<\/strong><\/td>\n<td style=\"width: 49.4662%; height: 31px; text-align: left;\">Nadia Ghazal \/ \u00d3scar Ar\u00eds<\/td>\n<\/tr>\n<tr style=\"height: 31px;\">\n<td style=\"width: 49.1103%; height: 31px; text-align: left;\"><strong>Educadora SIEI<\/strong><\/td>\n<td style=\"width: 49.4662%; height: 31px; text-align: left;\">Rosa Ru\u00edz<\/td>\n<\/tr>\n<tr>\n<td style=\"width: 49.1103%; text-align: left;\"><strong>Conserges<\/strong><\/td>\n<td style=\"width: 49.4662%; text-align: left;\">Juanfra Garc\u00eda \/ Maria<\/td>\n<\/tr>\n<\/tbody>\n<\/table>\n<p style=\"text-align: center;\">\n","protected":false},"excerpt":{"rendered":"<p>EQUIP HUM\u00c0 Equip directiu Directora Esther Prieto Cap d&#8217;estudis Irene P\u00e9rez Secret\u00e0ria Mireia Parra Equip docent Educaci\u00f3 infantil I3 Mireia Senserrich \/ Laura C\u00e1novas + Montse Albet (TEI) I4 Lydia Rodr\u00edguez I5 Helena Sol\u00e0 Refor\u00e7 infantil Irene P\u00e9rez \/ Christel G\u00f3mez Educaci\u00f3 prim\u00e0ria 1r Raquel Andr\u00e9s 2n Pilar Caro Refor\u00e7 Cicle Inicial Paula Romero 3r [&hellip;]<\/p>\n","protected":false},"author":1,"featured_media":0,"parent":22,"menu_order":0,"comment_status":"closed","ping_status":"closed","template":"page-templates\/side-menu.php","meta":{"_bbp_topic_count":0,"_bbp_reply_count":0,"_bbp_total_topic_count":0,"_bbp_total_reply_count":0,"_bbp_voice_count":0,"_bbp_anonymous_reply_count":0,"_bbp_topic_count_hidden":0,"_bbp_reply_count_hidden":0,"_bbp_forum_subforum_count":0,"site-sidebar-layout":"default","site-content-layout":"","ast-site-content-layout":"","site-content-style":"default","site-sidebar-style":"default","ast-global-header-display":"","ast-banner-title-visibility":"","ast-main-header-display":"","ast-hfb-above-header-display":"","ast-hfb-below-header-display":"","ast-hfb-mobile-header-display":"","site-post-title":"","ast-breadcrumbs-content":"","ast-featured-img":"","footer-sml-layout":"","theme-transparent-header-meta":"","adv-header-id-meta":"","stick-header-meta":"","header-above-stick-meta":"","header-main-stick-meta":"","header-below-stick-meta":"","astra-migrate-meta-layouts":"default","ast-page-background-enabled":"default","ast-page-background-meta":{"desktop":{"background-color":"var(--ast-global-color-4)","background-image":"","background-repeat":"repeat","background-position":"center center","background-size":"auto","background-attachment":"scroll","background-type":"","background-media":"","overlay-type":"","overlay-color":"","overlay-opacity":"","overlay-gradient":""},"tablet":{"background-color":"","background-image":"","background-repeat":"repeat","background-position":"center center","background-size":"auto","background-attachment":"scroll","background-type":"","background-media":"","overlay-type":"","overlay-color":"","overlay-opacity":"","overlay-gradient":""},"mobile":{"background-color":"","background-image":"","background-repeat":"repeat","background-position":"center center","background-size":"auto","background-attachment":"scroll","background-type":"","background-media":"","overlay-type":"","overlay-color":"","overlay-opacity":"","overlay-gradient":""}},"ast-content-background-meta":{"desktop":{"background-color":"var(--ast-global-color-5)","background-image":"","background-repeat":"repeat","background-position":"center center","background-size":"auto","background-attachment":"scroll","background-type":"","background-media":"","overlay-type":"","overlay-color":"","overlay-opacity":"","overlay-gradient":""},"tablet":{"background-color":"var(--ast-global-color-5)","background-image":"","background-repeat":"repeat","background-position":"center center","background-size":"auto","background-attachment":"scroll","background-type":"","background-media":"","overlay-type":"","overlay-color":"","overlay-opacity":"","overlay-gradient":""},"mobile":{"background-color":"var(--ast-global-color-5)","background-image":"","background-repeat":"repeat","background-position":"center center","background-size":"auto","background-attachment":"scroll","background-type":"","background-media":"","overlay-type":"","overlay-color":"","overlay-opacity":"","overlay-gradient":""}},"footnotes":""},"class_list":["post-9209","page","type-page","status-publish","hentry"],"post_mailing_queue_ids":[],"_links":{"self":[{"href":"https:\/\/agora.xtec.cat\/ceip-ciutat-cooperativa\/wp-json\/wp\/v2\/pages\/9209","targetHints":{"allow":["GET"]}}],"collection":[{"href":"https:\/\/agora.xtec.cat\/ceip-ciutat-cooperativa\/wp-json\/wp\/v2\/pages"}],"about":[{"href":"https:\/\/agora.xtec.cat\/ceip-ciutat-cooperativa\/wp-json\/wp\/v2\/types\/page"}],"author":[{"embeddable":true,"href":"https:\/\/agora.xtec.cat\/ceip-ciutat-cooperativa\/wp-json\/wp\/v2\/users\/1"}],"replies":[{"embeddable":true,"href":"https:\/\/agora.xtec.cat\/ceip-ciutat-cooperativa\/wp-json\/wp\/v2\/comments?post=9209"}],"version-history":[{"count":6,"href":"https:\/\/agora.xtec.cat\/ceip-ciutat-cooperativa\/wp-json\/wp\/v2\/pages\/9209\/revisions"}],"predecessor-version":[{"id":19497,"href":"https:\/\/agora.xtec.cat\/ceip-ciutat-cooperativa\/wp-json\/wp\/v2\/pages\/9209\/revisions\/19497"}],"up":[{"embeddable":true,"href":"https:\/\/agora.xtec.cat\/ceip-ciutat-cooperativa\/wp-json\/wp\/v2\/pages\/22"}],"wp:attachment":[{"href":"https:\/\/agora.xtec.cat\/ceip-ciutat-cooperativa\/wp-json\/wp\/v2\/media?parent=9209"}],"curies":[{"name":"wp","href":"https:\/\/api.w.org\/{rel}","templated":true}]}}