{"id":30,"date":"2014-09-18T12:30:23","date_gmt":"2014-09-18T11:30:23","guid":{"rendered":"http:\/\/agora.xtec.cat\/ceip-ciutat-cooperativa\/?page_id=30"},"modified":"2022-01-31T12:40:24","modified_gmt":"2022-01-31T11:40:24","slug":"instal%c2%b7lacions","status":"publish","type":"page","link":"https:\/\/agora.xtec.cat\/ceip-ciutat-cooperativa\/lescola\/instal%c2%b7lacions\/","title":{"rendered":"Instal\u00b7lacions"},"content":{"rendered":"<p style=\"text-align: center;\"><iframe loading=\"lazy\" src=\"https:\/\/www.youtube.com\/embed\/SU4JdraU2pY\" width=\"560\" height=\"315\" frameborder=\"0\" allowfullscreen=\"allowfullscreen\"><\/iframe><\/p>\n<p><span style=\"color: #617cbd;\"><strong>L&#8217;escola Ciutat Cooperativa<\/strong> <\/span>est\u00e0 equipada amb les seg\u00fcents instal\u00b7lacions:<\/p>\n<p><span style=\"color: #0000ff;\"><span style=\"color: #ea5a59;\"><strong>AULA D&#8217;EDUCACI\u00d3 INFANTIL:\u00a0<\/strong><\/span><em><span style=\"color: #000000;\">Una aula plena de recursos i d&#8217;est\u00edmuls per aprendre.\u00a0<\/span><\/em><\/span><\/p>\n<p><a href=\"https:\/\/agora.xtec.cat\/ceip-ciutat-cooperativa\/wp-content\/uploads\/usu936\/2018\/07\/DSC_0942.jpg\"><img loading=\"lazy\" decoding=\"async\" class=\"alignnone wp-image-9142\" src=\"https:\/\/agora.xtec.cat\/ceip-ciutat-cooperativa\/wp-content\/uploads\/usu936\/2018\/07\/DSC_0942-1024x576.jpg\" alt=\"\" width=\"457\" height=\"257\" \/><\/a><\/p>\n<p><span style=\"color: #0000ff;\"><strong><span style=\"color: #ea5a59;\">AULA D&#8217;EDUCACI\u00d3 PRIM\u00c0RIA:<\/span>\u00a0<\/strong><em><span style=\"color: #000000;\">Una aula que permet treballar en grups cooperatius.<\/span><\/em><\/span><\/p>\n<p><a href=\"https:\/\/agora.xtec.cat\/ceip-ciutat-cooperativa\/wp-content\/uploads\/usu936\/2018\/09\/IMG-20180925-WA0034.jpg\"><img loading=\"lazy\" decoding=\"async\" class=\"alignnone wp-image-9581\" src=\"https:\/\/agora.xtec.cat\/ceip-ciutat-cooperativa\/wp-content\/uploads\/usu936\/2018\/09\/IMG-20180925-WA0034-1024x768.jpg\" alt=\"\" width=\"448\" height=\"336\" \/><\/a><\/p>\n<p><strong><span style=\"color: #ea5a59;\">PATI:<\/span>\u00a0<\/strong><em>Un espai on jugar i imaginar.<\/em><\/p>\n<p><a href=\"https:\/\/agora.xtec.cat\/ceip-ciutat-cooperativa\/wp-content\/uploads\/usu936\/2018\/10\/PATI-4.jpg\"><img loading=\"lazy\" decoding=\"async\" class=\"alignnone wp-image-9836\" src=\"https:\/\/agora.xtec.cat\/ceip-ciutat-cooperativa\/wp-content\/uploads\/usu936\/2018\/10\/PATI-4-1024x763.jpg\" alt=\"\" width=\"447\" height=\"333\" srcset=\"https:\/\/agora.xtec.cat\/ceip-ciutat-cooperativa\/wp-content\/uploads\/usu936\/2018\/10\/PATI-4-1024x763.jpg 1024w, https:\/\/agora.xtec.cat\/ceip-ciutat-cooperativa\/wp-content\/uploads\/usu936\/2018\/10\/PATI-4-300x224.jpg 300w, https:\/\/agora.xtec.cat\/ceip-ciutat-cooperativa\/wp-content\/uploads\/usu936\/2018\/10\/PATI-4-768x573.jpg 768w, https:\/\/agora.xtec.cat\/ceip-ciutat-cooperativa\/wp-content\/uploads\/usu936\/2018\/10\/PATI-4-200x150.jpg 200w, https:\/\/agora.xtec.cat\/ceip-ciutat-cooperativa\/wp-content\/uploads\/usu936\/2018\/10\/PATI-4.jpg 1061w\" sizes=\"auto, (max-width: 447px) 100vw, 447px\" \/><\/a><\/p>\n<p><span style=\"color: #ea5a59;\"><strong>MENJADOR:<\/strong><\/span>\u00a0<em><span lang=\"ca\">Menjador escolar amb l&#8217;empresa FUNDESPLAI. D<\/span><span lang=\"ca\">ietes equilibrade<\/span><span lang=\"ca\">s\u00a0<\/span><span lang=\"ca\">i sanes, amb monitors que desenvolup<\/span><span lang=\"ca\">e<\/span><span lang=\"ca\">n\u00a0<\/span><span lang=\"ca\">activitats l\u00fadiques i que fan d&#8217;aquest espai un moment clau pel desenvolupament de l&#8217;infant<\/span><span lang=\"ca\">.\u00a0<\/span><\/em><\/p>\n<p><a href=\"https:\/\/agora.xtec.cat\/ceip-ciutat-cooperativa\/wp-content\/uploads\/usu936\/2019\/01\/FOTO-MENJADOR.jpeg\"><img loading=\"lazy\" decoding=\"async\" class=\"alignnone wp-image-10409\" src=\"https:\/\/agora.xtec.cat\/ceip-ciutat-cooperativa\/wp-content\/uploads\/usu936\/2019\/01\/FOTO-MENJADOR-1024x605.jpeg\" alt=\"\" width=\"429\" height=\"254\" srcset=\"https:\/\/agora.xtec.cat\/ceip-ciutat-cooperativa\/wp-content\/uploads\/usu936\/2019\/01\/FOTO-MENJADOR-1024x605.jpeg 1024w, https:\/\/agora.xtec.cat\/ceip-ciutat-cooperativa\/wp-content\/uploads\/usu936\/2019\/01\/FOTO-MENJADOR-300x177.jpeg 300w, https:\/\/agora.xtec.cat\/ceip-ciutat-cooperativa\/wp-content\/uploads\/usu936\/2019\/01\/FOTO-MENJADOR-768x453.jpeg 768w, https:\/\/agora.xtec.cat\/ceip-ciutat-cooperativa\/wp-content\/uploads\/usu936\/2019\/01\/FOTO-MENJADOR.jpeg 1599w\" sizes=\"auto, (max-width: 429px) 100vw, 429px\" \/><\/a><\/p>\n<p><span style=\"color: #ea5a59;\"><strong>AULA DE M\u00daSICA:\u00a0<\/strong><\/span><em>Un espai on la creativitat sorgeix a l&#8217;instant. El centre ofereix una aula plena d&#8217;instruments per treballar aquesta vessant art\u00edstica d&#8217;una manera l\u00fadica.<\/em><\/p>\n<p><a href=\"https:\/\/agora.xtec.cat\/ceip-ciutat-cooperativa\/wp-content\/uploads\/usu936\/2018\/10\/AULA-DE-M\u00daSICA.jpg\"><img loading=\"lazy\" decoding=\"async\" class=\"alignnone wp-image-9881\" src=\"https:\/\/agora.xtec.cat\/ceip-ciutat-cooperativa\/wp-content\/uploads\/usu936\/2018\/10\/AULA-DE-M\u00daSICA-1024x771.jpg\" alt=\"\" width=\"437\" height=\"329\" srcset=\"https:\/\/agora.xtec.cat\/ceip-ciutat-cooperativa\/wp-content\/uploads\/usu936\/2018\/10\/AULA-DE-M\u00daSICA-1024x771.jpg 1024w, https:\/\/agora.xtec.cat\/ceip-ciutat-cooperativa\/wp-content\/uploads\/usu936\/2018\/10\/AULA-DE-M\u00daSICA-300x226.jpg 300w, https:\/\/agora.xtec.cat\/ceip-ciutat-cooperativa\/wp-content\/uploads\/usu936\/2018\/10\/AULA-DE-M\u00daSICA-768x578.jpg 768w, https:\/\/agora.xtec.cat\/ceip-ciutat-cooperativa\/wp-content\/uploads\/usu936\/2018\/10\/AULA-DE-M\u00daSICA-200x150.jpg 200w, https:\/\/agora.xtec.cat\/ceip-ciutat-cooperativa\/wp-content\/uploads\/usu936\/2018\/10\/AULA-DE-M\u00daSICA.jpg 1227w\" sizes=\"auto, (max-width: 437px) 100vw, 437px\" \/><\/a><\/p>\n<p><span style=\"color: #ea5a59;\"><strong>AULA DE PSICOMOTRICITAT:<\/strong>\u00a0<\/span><em>El centre ofereix l\u2019activitat de psicomotricitat als seus alumnes d&#8217;Educaci\u00f3\u00a0Infantil en un espai adequat a aquesta finalitat.<\/em><\/p>\n<p><a href=\"https:\/\/agora.xtec.cat\/ceip-ciutat-cooperativa\/wp-content\/uploads\/usu936\/2018\/10\/Screenshot_14.jpg\"><img loading=\"lazy\" decoding=\"async\" class=\"alignnone wp-image-9652\" src=\"https:\/\/agora.xtec.cat\/ceip-ciutat-cooperativa\/wp-content\/uploads\/usu936\/2018\/10\/Screenshot_14.jpg\" alt=\"\" width=\"410\" height=\"411\" \/><\/a><\/p>\n<p><span style=\"color: #ea5a59;\"><strong>GIMN\u00c0S:<\/strong><\/span><em>\u00a0L&#8217;escola disposa de gimn\u00e0s per poder realitzar una activitat f\u00edsica adequada a cadascun dels nivells i necessitats dels alumnes.<\/em><\/p>\n<p><span style=\"color: #ea5a59;\"><strong>SIEI:\u00a0<\/strong><\/span><em>Aula de suport per als alumnes amb necessitats educatives especials, amb una mestra i una educadora especialitzades.<\/em><\/p>\n<p><a href=\"https:\/\/agora.xtec.cat\/ceip-ciutat-cooperativa\/wp-content\/uploads\/usu936\/2018\/10\/5a734c14-c13b-4a9e-b897-30980210b4ca.jpg\"><img loading=\"lazy\" decoding=\"async\" class=\"alignnone wp-image-9821\" src=\"https:\/\/agora.xtec.cat\/ceip-ciutat-cooperativa\/wp-content\/uploads\/usu936\/2018\/10\/5a734c14-c13b-4a9e-b897-30980210b4ca-1024x768.jpg\" alt=\"\" width=\"443\" height=\"332\" srcset=\"https:\/\/agora.xtec.cat\/ceip-ciutat-cooperativa\/wp-content\/uploads\/usu936\/2018\/10\/5a734c14-c13b-4a9e-b897-30980210b4ca-1024x768.jpg 1024w, https:\/\/agora.xtec.cat\/ceip-ciutat-cooperativa\/wp-content\/uploads\/usu936\/2018\/10\/5a734c14-c13b-4a9e-b897-30980210b4ca-300x225.jpg 300w, https:\/\/agora.xtec.cat\/ceip-ciutat-cooperativa\/wp-content\/uploads\/usu936\/2018\/10\/5a734c14-c13b-4a9e-b897-30980210b4ca-768x576.jpg 768w, https:\/\/agora.xtec.cat\/ceip-ciutat-cooperativa\/wp-content\/uploads\/usu936\/2018\/10\/5a734c14-c13b-4a9e-b897-30980210b4ca-200x150.jpg 200w, https:\/\/agora.xtec.cat\/ceip-ciutat-cooperativa\/wp-content\/uploads\/usu936\/2018\/10\/5a734c14-c13b-4a9e-b897-30980210b4ca.jpg 1600w\" sizes=\"auto, (max-width: 443px) 100vw, 443px\" \/><\/a><\/p>\n<p><span style=\"color: #ea5a59;\"><strong>DUES AULES D&#8217;INFORM\u00c0TICA:<\/strong><\/span>\u00a0<em>Disposem de dues aules d&#8217;inform\u00e0tica totalment equipades, per\u00a0tal que tots als alumnes puguin realitzar qualsevol tipus\u00a0d&#8217;activitat amb les noves tecnologies.<\/em><\/p>\n<p><a href=\"https:\/\/agora.xtec.cat\/ceip-ciutat-cooperativa\/wp-content\/uploads\/usu936\/2018\/11\/BARREJANT-3.jpg\"><img loading=\"lazy\" decoding=\"async\" class=\"alignnone wp-image-10012\" src=\"https:\/\/agora.xtec.cat\/ceip-ciutat-cooperativa\/wp-content\/uploads\/usu936\/2018\/11\/BARREJANT-3.jpg\" alt=\"\" width=\"442\" height=\"335\" srcset=\"https:\/\/agora.xtec.cat\/ceip-ciutat-cooperativa\/wp-content\/uploads\/usu936\/2018\/11\/BARREJANT-3.jpg 591w, https:\/\/agora.xtec.cat\/ceip-ciutat-cooperativa\/wp-content\/uploads\/usu936\/2018\/11\/BARREJANT-3-300x227.jpg 300w\" sizes=\"auto, (max-width: 442px) 100vw, 442px\" \/><\/a><\/p>\n<p><span style=\"color: #ea5a59;\"><strong>LABORATORI:\u00a0<\/strong><\/span><em>Observaci\u00f3, creaci\u00f3 d&#8217;hip\u00f2tesis, contrast d&#8217;opinions&#8230; aprenentatge experimental!<\/em><\/p>\n<p><span style=\"color: #ea5a59;\"><strong>BIBLIOTECA: <\/strong><\/span><em>Un esplai ple d&#8217;emocions, somnis i hist\u00f2ries!<\/em><\/p>\n<p><a href=\"https:\/\/agora.xtec.cat\/ceip-ciutat-cooperativa\/wp-content\/uploads\/usu936\/2018\/07\/IMG_20171018_160635.jpg\"><img loading=\"lazy\" decoding=\"async\" class=\"alignnone wp-image-9144\" src=\"https:\/\/agora.xtec.cat\/ceip-ciutat-cooperativa\/wp-content\/uploads\/usu936\/2018\/07\/IMG_20171018_160635-1024x768.jpg\" alt=\"\" width=\"433\" height=\"325\" \/><\/a><\/p>\n","protected":false},"excerpt":{"rendered":"<p>L&#8217;escola Ciutat Cooperativa est\u00e0 equipada amb les seg\u00fcents instal\u00b7lacions: AULA D&#8217;EDUCACI\u00d3 INFANTIL:\u00a0Una aula plena de recursos i d&#8217;est\u00edmuls per aprendre.\u00a0 AULA D&#8217;EDUCACI\u00d3 PRIM\u00c0RIA:\u00a0Una aula que permet treballar en grups cooperatius. PATI:\u00a0Un espai on jugar i imaginar. MENJADOR:\u00a0Menjador escolar amb l&#8217;empresa FUNDESPLAI. Dietes equilibrades\u00a0i sanes, amb monitors que desenvolupen\u00a0activitats l\u00fadiques i que fan d&#8217;aquest espai un [&hellip;]<\/p>\n","protected":false},"author":1,"featured_media":0,"parent":22,"menu_order":40,"comment_status":"closed","ping_status":"closed","template":"page-templates\/side-menu.php","meta":{"_bbp_topic_count":0,"_bbp_reply_count":0,"_bbp_total_topic_count":0,"_bbp_total_reply_count":0,"_bbp_voice_count":0,"_bbp_anonymous_reply_count":0,"_bbp_topic_count_hidden":0,"_bbp_reply_count_hidden":0,"_bbp_forum_subforum_count":0,"site-sidebar-layout":"default","site-content-layout":"","ast-site-content-layout":"","site-content-style":"default","site-sidebar-style":"default","ast-global-header-display":"","ast-banner-title-visibility":"","ast-main-header-display":"","ast-hfb-above-header-display":"","ast-hfb-below-header-display":"","ast-hfb-mobile-header-display":"","site-post-title":"","ast-breadcrumbs-content":"","ast-featured-img":"","footer-sml-layout":"","theme-transparent-header-meta":"","adv-header-id-meta":"","stick-header-meta":"","header-above-stick-meta":"","header-main-stick-meta":"","header-below-stick-meta":"","astra-migrate-meta-layouts":"default","ast-page-background-enabled":"default","ast-page-background-meta":{"desktop":{"background-color":"var(--ast-global-color-4)","background-image":"","background-repeat":"repeat","background-position":"center center","background-size":"auto","background-attachment":"scroll","background-type":"","background-media":"","overlay-type":"","overlay-color":"","overlay-opacity":"","overlay-gradient":""},"tablet":{"background-color":"","background-image":"","background-repeat":"repeat","background-position":"center center","background-size":"auto","background-attachment":"scroll","background-type":"","background-media":"","overlay-type":"","overlay-color":"","overlay-opacity":"","overlay-gradient":""},"mobile":{"background-color":"","background-image":"","background-repeat":"repeat","background-position":"center center","background-size":"auto","background-attachment":"scroll","background-type":"","background-media":"","overlay-type":"","overlay-color":"","overlay-opacity":"","overlay-gradient":""}},"ast-content-background-meta":{"desktop":{"background-color":"var(--ast-global-color-5)","background-image":"","background-repeat":"repeat","background-position":"center center","background-size":"auto","background-attachment":"scroll","background-type":"","background-media":"","overlay-type":"","overlay-color":"","overlay-opacity":"","overlay-gradient":""},"tablet":{"background-color":"var(--ast-global-color-5)","background-image":"","background-repeat":"repeat","background-position":"center center","background-size":"auto","background-attachment":"scroll","background-type":"","background-media":"","overlay-type":"","overlay-color":"","overlay-opacity":"","overlay-gradient":""},"mobile":{"background-color":"var(--ast-global-color-5)","background-image":"","background-repeat":"repeat","background-position":"center center","background-size":"auto","background-attachment":"scroll","background-type":"","background-media":"","overlay-type":"","overlay-color":"","overlay-opacity":"","overlay-gradient":""}},"footnotes":""},"class_list":["post-30","page","type-page","status-publish","hentry"],"post_mailing_queue_ids":[],"_links":{"self":[{"href":"https:\/\/agora.xtec.cat\/ceip-ciutat-cooperativa\/wp-json\/wp\/v2\/pages\/30","targetHints":{"allow":["GET"]}}],"collection":[{"href":"https:\/\/agora.xtec.cat\/ceip-ciutat-cooperativa\/wp-json\/wp\/v2\/pages"}],"about":[{"href":"https:\/\/agora.xtec.cat\/ceip-ciutat-cooperativa\/wp-json\/wp\/v2\/types\/page"}],"author":[{"embeddable":true,"href":"https:\/\/agora.xtec.cat\/ceip-ciutat-cooperativa\/wp-json\/wp\/v2\/users\/1"}],"replies":[{"embeddable":true,"href":"https:\/\/agora.xtec.cat\/ceip-ciutat-cooperativa\/wp-json\/wp\/v2\/comments?post=30"}],"version-history":[{"count":3,"href":"https:\/\/agora.xtec.cat\/ceip-ciutat-cooperativa\/wp-json\/wp\/v2\/pages\/30\/revisions"}],"predecessor-version":[{"id":16539,"href":"https:\/\/agora.xtec.cat\/ceip-ciutat-cooperativa\/wp-json\/wp\/v2\/pages\/30\/revisions\/16539"}],"up":[{"embeddable":true,"href":"https:\/\/agora.xtec.cat\/ceip-ciutat-cooperativa\/wp-json\/wp\/v2\/pages\/22"}],"wp:attachment":[{"href":"https:\/\/agora.xtec.cat\/ceip-ciutat-cooperativa\/wp-json\/wp\/v2\/media?parent=30"}],"curies":[{"name":"wp","href":"https:\/\/api.w.org\/{rel}","templated":true}]}}