{"id":26,"date":"2014-09-18T12:24:32","date_gmt":"2014-09-18T11:24:32","guid":{"rendered":"http:\/\/agora.xtec.cat\/ceip-ciutat-cooperativa\/?page_id=26"},"modified":"2026-01-30T16:25:34","modified_gmt":"2026-01-30T15:25:34","slug":"historia","status":"publish","type":"page","link":"https:\/\/agora.xtec.cat\/ceip-ciutat-cooperativa\/lescola\/historia\/","title":{"rendered":"La nostra escola + Documents"},"content":{"rendered":"\n<figure class=\"wp-block-gallery has-nested-images columns-default is-cropped wp-block-gallery-1 is-layout-flex wp-block-gallery-is-layout-flex\">\n<figure class=\"wp-block-image size-large\"><a href=\"https:\/\/agora.xtec.cat\/ceip-ciutat-cooperativa\/wp-content\/uploads\/usu936\/2026\/01\/1-1.jpg\"><img loading=\"lazy\" decoding=\"async\" width=\"1024\" height=\"1024\" data-id=\"19840\" src=\"https:\/\/agora.xtec.cat\/ceip-ciutat-cooperativa\/wp-content\/uploads\/usu936\/2026\/01\/1-1-1024x1024.jpg\" alt=\"\" class=\"wp-image-19840\" srcset=\"https:\/\/agora.xtec.cat\/ceip-ciutat-cooperativa\/wp-content\/uploads\/usu936\/2026\/01\/1-1-1024x1024.jpg 1024w, https:\/\/agora.xtec.cat\/ceip-ciutat-cooperativa\/wp-content\/uploads\/usu936\/2026\/01\/1-1-300x300.jpg 300w, https:\/\/agora.xtec.cat\/ceip-ciutat-cooperativa\/wp-content\/uploads\/usu936\/2026\/01\/1-1-150x150.jpg 150w, https:\/\/agora.xtec.cat\/ceip-ciutat-cooperativa\/wp-content\/uploads\/usu936\/2026\/01\/1-1-768x768.jpg 768w, https:\/\/agora.xtec.cat\/ceip-ciutat-cooperativa\/wp-content\/uploads\/usu936\/2026\/01\/1-1.jpg 1080w\" sizes=\"auto, (max-width: 1024px) 100vw, 1024px\" \/><\/a><\/figure>\n\n\n\n<figure class=\"wp-block-image size-large\"><a href=\"https:\/\/agora.xtec.cat\/ceip-ciutat-cooperativa\/wp-content\/uploads\/usu936\/2026\/01\/2-1.jpg\"><img loading=\"lazy\" decoding=\"async\" width=\"1024\" height=\"1024\" data-id=\"19839\" src=\"https:\/\/agora.xtec.cat\/ceip-ciutat-cooperativa\/wp-content\/uploads\/usu936\/2026\/01\/2-1-1024x1024.jpg\" alt=\"\" class=\"wp-image-19839\" srcset=\"https:\/\/agora.xtec.cat\/ceip-ciutat-cooperativa\/wp-content\/uploads\/usu936\/2026\/01\/2-1-1024x1024.jpg 1024w, https:\/\/agora.xtec.cat\/ceip-ciutat-cooperativa\/wp-content\/uploads\/usu936\/2026\/01\/2-1-300x300.jpg 300w, https:\/\/agora.xtec.cat\/ceip-ciutat-cooperativa\/wp-content\/uploads\/usu936\/2026\/01\/2-1-150x150.jpg 150w, https:\/\/agora.xtec.cat\/ceip-ciutat-cooperativa\/wp-content\/uploads\/usu936\/2026\/01\/2-1-768x768.jpg 768w, https:\/\/agora.xtec.cat\/ceip-ciutat-cooperativa\/wp-content\/uploads\/usu936\/2026\/01\/2-1.jpg 1080w\" sizes=\"auto, (max-width: 1024px) 100vw, 1024px\" \/><\/a><\/figure>\n\n\n\n<figure class=\"wp-block-image size-large\"><a href=\"https:\/\/agora.xtec.cat\/ceip-ciutat-cooperativa\/wp-content\/uploads\/usu936\/2026\/01\/3-1.jpg\"><img loading=\"lazy\" decoding=\"async\" width=\"1024\" height=\"1024\" data-id=\"19841\" src=\"https:\/\/agora.xtec.cat\/ceip-ciutat-cooperativa\/wp-content\/uploads\/usu936\/2026\/01\/3-1-1024x1024.jpg\" alt=\"\" class=\"wp-image-19841\" srcset=\"https:\/\/agora.xtec.cat\/ceip-ciutat-cooperativa\/wp-content\/uploads\/usu936\/2026\/01\/3-1-1024x1024.jpg 1024w, https:\/\/agora.xtec.cat\/ceip-ciutat-cooperativa\/wp-content\/uploads\/usu936\/2026\/01\/3-1-300x300.jpg 300w, https:\/\/agora.xtec.cat\/ceip-ciutat-cooperativa\/wp-content\/uploads\/usu936\/2026\/01\/3-1-150x150.jpg 150w, https:\/\/agora.xtec.cat\/ceip-ciutat-cooperativa\/wp-content\/uploads\/usu936\/2026\/01\/3-1-768x768.jpg 768w, https:\/\/agora.xtec.cat\/ceip-ciutat-cooperativa\/wp-content\/uploads\/usu936\/2026\/01\/3-1.jpg 1080w\" sizes=\"auto, (max-width: 1024px) 100vw, 1024px\" \/><\/a><\/figure>\n\n\n\n<figure class=\"wp-block-image size-large\"><a href=\"https:\/\/agora.xtec.cat\/ceip-ciutat-cooperativa\/wp-content\/uploads\/usu936\/2026\/01\/4-1.jpg\"><img loading=\"lazy\" decoding=\"async\" width=\"1024\" height=\"1024\" data-id=\"19843\" src=\"https:\/\/agora.xtec.cat\/ceip-ciutat-cooperativa\/wp-content\/uploads\/usu936\/2026\/01\/4-1-1024x1024.jpg\" alt=\"\" class=\"wp-image-19843\" srcset=\"https:\/\/agora.xtec.cat\/ceip-ciutat-cooperativa\/wp-content\/uploads\/usu936\/2026\/01\/4-1-1024x1024.jpg 1024w, https:\/\/agora.xtec.cat\/ceip-ciutat-cooperativa\/wp-content\/uploads\/usu936\/2026\/01\/4-1-300x300.jpg 300w, https:\/\/agora.xtec.cat\/ceip-ciutat-cooperativa\/wp-content\/uploads\/usu936\/2026\/01\/4-1-150x150.jpg 150w, https:\/\/agora.xtec.cat\/ceip-ciutat-cooperativa\/wp-content\/uploads\/usu936\/2026\/01\/4-1-768x768.jpg 768w, https:\/\/agora.xtec.cat\/ceip-ciutat-cooperativa\/wp-content\/uploads\/usu936\/2026\/01\/4-1.jpg 1080w\" sizes=\"auto, (max-width: 1024px) 100vw, 1024px\" \/><\/a><\/figure>\n\n\n\n<figure class=\"wp-block-image size-large\"><a href=\"https:\/\/agora.xtec.cat\/ceip-ciutat-cooperativa\/wp-content\/uploads\/usu936\/2026\/01\/5-1.jpg\"><img loading=\"lazy\" decoding=\"async\" width=\"1024\" height=\"1024\" data-id=\"19842\" src=\"https:\/\/agora.xtec.cat\/ceip-ciutat-cooperativa\/wp-content\/uploads\/usu936\/2026\/01\/5-1-1024x1024.jpg\" alt=\"\" class=\"wp-image-19842\" srcset=\"https:\/\/agora.xtec.cat\/ceip-ciutat-cooperativa\/wp-content\/uploads\/usu936\/2026\/01\/5-1-1024x1024.jpg 1024w, https:\/\/agora.xtec.cat\/ceip-ciutat-cooperativa\/wp-content\/uploads\/usu936\/2026\/01\/5-1-300x300.jpg 300w, https:\/\/agora.xtec.cat\/ceip-ciutat-cooperativa\/wp-content\/uploads\/usu936\/2026\/01\/5-1-150x150.jpg 150w, https:\/\/agora.xtec.cat\/ceip-ciutat-cooperativa\/wp-content\/uploads\/usu936\/2026\/01\/5-1-768x768.jpg 768w, https:\/\/agora.xtec.cat\/ceip-ciutat-cooperativa\/wp-content\/uploads\/usu936\/2026\/01\/5-1.jpg 1080w\" sizes=\"auto, (max-width: 1024px) 100vw, 1024px\" \/><\/a><\/figure>\n\n\n\n<figure class=\"wp-block-image size-large\"><a href=\"https:\/\/agora.xtec.cat\/ceip-ciutat-cooperativa\/wp-content\/uploads\/usu936\/2026\/01\/6-1.jpg\"><img loading=\"lazy\" decoding=\"async\" width=\"1024\" height=\"1024\" data-id=\"19844\" src=\"https:\/\/agora.xtec.cat\/ceip-ciutat-cooperativa\/wp-content\/uploads\/usu936\/2026\/01\/6-1-1024x1024.jpg\" alt=\"\" class=\"wp-image-19844\" srcset=\"https:\/\/agora.xtec.cat\/ceip-ciutat-cooperativa\/wp-content\/uploads\/usu936\/2026\/01\/6-1-1024x1024.jpg 1024w, https:\/\/agora.xtec.cat\/ceip-ciutat-cooperativa\/wp-content\/uploads\/usu936\/2026\/01\/6-1-300x300.jpg 300w, https:\/\/agora.xtec.cat\/ceip-ciutat-cooperativa\/wp-content\/uploads\/usu936\/2026\/01\/6-1-150x150.jpg 150w, https:\/\/agora.xtec.cat\/ceip-ciutat-cooperativa\/wp-content\/uploads\/usu936\/2026\/01\/6-1-768x768.jpg 768w, https:\/\/agora.xtec.cat\/ceip-ciutat-cooperativa\/wp-content\/uploads\/usu936\/2026\/01\/6-1.jpg 1080w\" sizes=\"auto, (max-width: 1024px) 100vw, 1024px\" \/><\/a><\/figure>\n\n\n\n<figure class=\"wp-block-image size-large\"><a href=\"https:\/\/agora.xtec.cat\/ceip-ciutat-cooperativa\/wp-content\/uploads\/usu936\/2026\/01\/7-1.jpg\"><img loading=\"lazy\" decoding=\"async\" width=\"1024\" height=\"1024\" data-id=\"19846\" src=\"https:\/\/agora.xtec.cat\/ceip-ciutat-cooperativa\/wp-content\/uploads\/usu936\/2026\/01\/7-1-1024x1024.jpg\" alt=\"\" class=\"wp-image-19846\" srcset=\"https:\/\/agora.xtec.cat\/ceip-ciutat-cooperativa\/wp-content\/uploads\/usu936\/2026\/01\/7-1-1024x1024.jpg 1024w, https:\/\/agora.xtec.cat\/ceip-ciutat-cooperativa\/wp-content\/uploads\/usu936\/2026\/01\/7-1-300x300.jpg 300w, https:\/\/agora.xtec.cat\/ceip-ciutat-cooperativa\/wp-content\/uploads\/usu936\/2026\/01\/7-1-150x150.jpg 150w, https:\/\/agora.xtec.cat\/ceip-ciutat-cooperativa\/wp-content\/uploads\/usu936\/2026\/01\/7-1-768x768.jpg 768w, https:\/\/agora.xtec.cat\/ceip-ciutat-cooperativa\/wp-content\/uploads\/usu936\/2026\/01\/7-1.jpg 1080w\" sizes=\"auto, (max-width: 1024px) 100vw, 1024px\" \/><\/a><\/figure>\n\n\n\n<figure class=\"wp-block-image size-large\"><a href=\"https:\/\/agora.xtec.cat\/ceip-ciutat-cooperativa\/wp-content\/uploads\/usu936\/2026\/01\/8-1.jpg\"><img loading=\"lazy\" decoding=\"async\" width=\"1024\" height=\"1024\" data-id=\"19845\" src=\"https:\/\/agora.xtec.cat\/ceip-ciutat-cooperativa\/wp-content\/uploads\/usu936\/2026\/01\/8-1-1024x1024.jpg\" alt=\"\" class=\"wp-image-19845\" srcset=\"https:\/\/agora.xtec.cat\/ceip-ciutat-cooperativa\/wp-content\/uploads\/usu936\/2026\/01\/8-1-1024x1024.jpg 1024w, https:\/\/agora.xtec.cat\/ceip-ciutat-cooperativa\/wp-content\/uploads\/usu936\/2026\/01\/8-1-300x300.jpg 300w, https:\/\/agora.xtec.cat\/ceip-ciutat-cooperativa\/wp-content\/uploads\/usu936\/2026\/01\/8-1-150x150.jpg 150w, https:\/\/agora.xtec.cat\/ceip-ciutat-cooperativa\/wp-content\/uploads\/usu936\/2026\/01\/8-1-768x768.jpg 768w, https:\/\/agora.xtec.cat\/ceip-ciutat-cooperativa\/wp-content\/uploads\/usu936\/2026\/01\/8-1.jpg 1080w\" sizes=\"auto, (max-width: 1024px) 100vw, 1024px\" \/><\/a><\/figure>\n<\/figure>\n\n\n<p style=\"text-align: justify;\"><span style=\"font-weight: 400;\">Som una escola arrelada al barri, <span style=\"color: #617cbd;\"><strong>inclusiva<\/strong>, <strong>petita<\/strong>, i <strong>familiar<\/strong>.<\/span> Aix\u00f2 ens permet crear unes estrat\u00e8gies organitzatives que ens assegura poder desenvolupar les diferents intel\u00b7lig\u00e8ncies m\u00faltiples de cada infant. Tenim clar que <span style=\"color: #617cbd;\"><strong>l&#8217;alumnat \u00e9s el centre de l&#8217;acci\u00f3 educativa<\/strong>\u00a0<\/span>i respectem el seu moment evolutiu, on l&#8217;equip hum\u00e0 l&#8217;acompanya en tot moment. <\/span><span style=\"font-weight: 400;\">Apostem per <span style=\"color: #617cbd;\"><strong>la cultura digital<\/strong><\/span> i formem a l&#8217;alumnat per afrontar la compet\u00e8ncia del futur. <\/span><span style=\"font-weight: 400;\">Creem entorns rics en est\u00edmuls, que <span style=\"color: #617cbd;\"><strong>respecten la diversitat<\/strong><\/span> i fan que els nostres infants gaudeixin de instant. <\/span>\u00a0Voleu saber m\u00e9s?<\/p>\n<p>A continuaci\u00f3 remarquem <span style=\"color: #617cbd;\"><strong>trets caracter\u00edstics<\/strong><\/span> de l&#8217;escola Ciutat Cooperativa:<\/p>\n<ul style=\"list-style-type: circle;\">\n<li style=\"text-align: justify;\"><span style=\"text-decoration: underline; color: #617cbd;\">Escola p\u00fablica<\/span> oberta a la participaci\u00f3 de tothom.<\/li>\n<li style=\"text-align: justify;\">Escola <span style=\"text-decoration: underline; color: #617cbd;\">arrelada al barri <\/span>amb m\u00e9s de 50 anys d&#8217;hist\u00f2ria.<\/li>\n<li style=\"text-align: justify;\"><span style=\"text-decoration: underline; color: #617cbd;\">Educaci\u00f3 individualitzada i inclusiva<\/span> que t\u00e9 present l&#8217;atenci\u00f3 a la diversitat (SIEI, EE, Aula d&#8217;acollida i refor\u00e7os)<\/li>\n<li style=\"text-align: justify;\">Projecte <span style=\"text-decoration: underline; color: #617cbd;\">Padrins lectors<\/span> (alumnes de cursos superiors ensenyen a llegir als alumnes m\u00e9s petits i es converteixen en aut\u00e8ntics referents)<\/li>\n<li style=\"text-align: justify;\">Fomentem <span style=\"text-decoration: underline; color: #617cbd;\">la cultura digital<\/span>. Tenim aules plenes de recursos inform\u00e0tics i audiovisuals.<\/li>\n<li style=\"text-align: justify;\">Fem <span style=\"text-decoration: underline; color: #617cbd;\">angl\u00e8s <\/span>des de I4 d&#8217;educaci\u00f3 infantil fins a 6\u00e8 de Prim\u00e0ria.<\/li>\n<li>Fem <span style=\"color: #617cbd;\"><span style=\"text-decoration: underline;\">racons de matem\u00e0tiques i de catal\u00e0<\/span>.<\/span><\/li>\n<li style=\"text-align: justify;\">Fem <span style=\"text-decoration: underline; color: #617cbd;\"><span style=\"text-decoration: underline;\">castell\u00e0<\/span> <\/span>des de 1r de Prim\u00e0ria.<\/li>\n<li style=\"text-align: justify;\">Duem a terme <span style=\"color: #617cbd;\"><span style=\"text-decoration: underline;\">el projecte de l&#8217;hort<\/span>.<\/span><\/li>\n<li><span style=\"color: #617cbd;\"><span style=\"text-decoration: underline;\">Projecte de socialitzaci\u00f3 i reutilitzaci\u00f3 de llibres<\/span>.<\/span><\/li>\n<\/ul>\n<p style=\"text-align: center;\">\u00a0<\/p>\n<p>Tamb\u00e9, us adjuntem els seg\u00fcents documents que us poden ser d&#8217;inter\u00e8s:<\/p>\n<ul>\n<li><strong><span style=\"font-size: 18pt;\"><a href=\"https:\/\/agora.xtec.cat\/ceip-ciutat-cooperativa\/wp-content\/uploads\/usu936\/2023\/05\/PdD-definitiu-22-26.pdf\">PdD definitiu 22-26<\/a><\/span><\/strong><\/li>\n<li>\n<h4><span style=\"font-size: 18pt;\"><a href=\"https:\/\/drive.google.com\/file\/d\/0B6klx5hdV58XSUw2b1JTM09lcFU\/view\">CARTA DE COMPROM\u00cdS<\/a><\/span><\/h4>\n<\/li>\n<li>\n<h4><a href=\"https:\/\/agora.xtec.cat\/ceip-ciutat-cooperativa\/wp-content\/uploads\/usu936\/2019\/09\/FULLET\u00d3-ESCOLA-CIUTAT-COOPERATIVA.pdf\">FULLET\u00d3 ESCOLA CIUTAT COOPERATIVA<\/a><\/h4>\n<\/li>\n<li>\n<h4><span style=\"font-size: 18pt;\"><a href=\"https:\/\/drive.google.com\/file\/d\/0B6klx5hdV58XbG1uMXZ4cnFNRlE\/view\">PROJECTE EDUCATIU DEL CENTRE (Document PEC)<\/a><\/span><\/h4>\n<\/li>\n<li>\n<h4><a href=\"https:\/\/agora.xtec.cat\/ceip-ciutat-cooperativa\/wp-content\/uploads\/usu936\/2020\/07\/PROJECTE-CONVIV\u00c8NCIA-2020.pdf\">PROJECTE CONVIV\u00c8NCIA<\/a><\/h4>\n<\/li>\n<li>\n<h4><a href=\"https:\/\/agora.xtec.cat\/ceip-ciutat-cooperativa\/wp-content\/uploads\/usu936\/2020\/07\/PLA-TAC-Escola-Ciutat-Cooperativa.pdf\">PLA TAC I DE CULTURA DIGITAL<\/a><\/h4>\n<\/li>\n<li>\n<h4><a href=\"https:\/\/agora.xtec.cat\/ceip-ciutat-cooperativa\/wp-content\/uploads\/usu936\/2022\/07\/projecte-linguistic-21-22.pdf\">PROJECTE LING\u00dc\u00cdSTIC<\/a> <span style=\"font-size: 12pt;\">&#8211; ACTUALITZAT<\/span><\/h4>\n<\/li>\n<li><span style=\"font-size: 18pt;\"><strong><a href=\"https:\/\/agora.xtec.cat\/ceip-ciutat-cooperativa\/wp-content\/uploads\/usu936\/2022\/07\/PLA-DATENCIO-A-LA-DIVERSITAT-.pdf\">PLA D&#8217;ATENCI\u00d3 A LA DIVERSITAT<\/a><\/strong><\/span><\/li>\n<li><span style=\"font-size: 18pt;\"><strong><a href=\"https:\/\/agora.xtec.cat\/ceip-ciutat-cooperativa\/wp-content\/uploads\/usu936\/2019\/11\/NOFC-ESCOLA-TOT.pdf\">DOCUMENT DE NORMATIVA I FUNCIONAMENT DEL CENTRE EDUCATIU<\/a><\/strong><\/span><\/li>\n<\/ul>\n<p>Finalment comentar-vos que tenim com a centre adscrit <a href=\"https:\/\/agora.xtec.cat\/iesrafaelcasanova\/\">l&#8217;institut Rafael Casanova<\/a><\/p>\n\n\n<figure class=\"wp-block-embed is-type-video is-provider-youtube wp-block-embed-youtube wp-embed-aspect-16-9 wp-has-aspect-ratio\"><div class=\"wp-block-embed__wrapper\">\n<div class=\"ast-oembed-container \" style=\"height: 100%;\"><iframe loading=\"lazy\" title=\"05 Escola Ciutat Cooperativa\" width=\"500\" height=\"281\" src=\"https:\/\/www.youtube.com\/embed\/dChe9vfU3AU?feature=oembed\" frameborder=\"0\" allow=\"accelerometer; autoplay; clipboard-write; encrypted-media; gyroscope; picture-in-picture; web-share\" referrerpolicy=\"strict-origin-when-cross-origin\" allowfullscreen><\/iframe><\/div>\n<\/div><\/figure>\n","protected":false},"excerpt":{"rendered":"<p>Som una escola arrelada al barri, inclusiva, petita, i familiar. Aix\u00f2 ens permet crear unes estrat\u00e8gies organitzatives que ens assegura poder desenvolupar les diferents intel\u00b7lig\u00e8ncies m\u00faltiples de cada infant. Tenim clar que l&#8217;alumnat \u00e9s el centre de l&#8217;acci\u00f3 educativa\u00a0i respectem el seu moment evolutiu, on l&#8217;equip hum\u00e0 l&#8217;acompanya en tot moment. Apostem per la cultura [&hellip;]<\/p>\n","protected":false},"author":1,"featured_media":0,"parent":22,"menu_order":20,"comment_status":"closed","ping_status":"closed","template":"","meta":{"_bbp_topic_count":0,"_bbp_reply_count":0,"_bbp_total_topic_count":0,"_bbp_total_reply_count":0,"_bbp_voice_count":0,"_bbp_anonymous_reply_count":0,"_bbp_topic_count_hidden":0,"_bbp_reply_count_hidden":0,"_bbp_forum_subforum_count":0,"site-sidebar-layout":"default","site-content-layout":"","ast-site-content-layout":"default","site-content-style":"default","site-sidebar-style":"default","ast-global-header-display":"","ast-banner-title-visibility":"","ast-main-header-display":"","ast-hfb-above-header-display":"","ast-hfb-below-header-display":"","ast-hfb-mobile-header-display":"","site-post-title":"","ast-breadcrumbs-content":"","ast-featured-img":"","footer-sml-layout":"","theme-transparent-header-meta":"","adv-header-id-meta":"","stick-header-meta":"","header-above-stick-meta":"","header-main-stick-meta":"","header-below-stick-meta":"","astra-migrate-meta-layouts":"set","ast-page-background-enabled":"default","ast-page-background-meta":{"desktop":{"background-color":"var(--ast-global-color-4)","background-image":"","background-repeat":"repeat","background-position":"center center","background-size":"auto","background-attachment":"scroll","background-type":"","background-media":"","overlay-type":"","overlay-color":"","overlay-opacity":"","overlay-gradient":""},"tablet":{"background-color":"","background-image":"","background-repeat":"repeat","background-position":"center center","background-size":"auto","background-attachment":"scroll","background-type":"","background-media":"","overlay-type":"","overlay-color":"","overlay-opacity":"","overlay-gradient":""},"mobile":{"background-color":"","background-image":"","background-repeat":"repeat","background-position":"center center","background-size":"auto","background-attachment":"scroll","background-type":"","background-media":"","overlay-type":"","overlay-color":"","overlay-opacity":"","overlay-gradient":""}},"ast-content-background-meta":{"desktop":{"background-color":"var(--ast-global-color-5)","background-image":"","background-repeat":"repeat","background-position":"center center","background-size":"auto","background-attachment":"scroll","background-type":"","background-media":"","overlay-type":"","overlay-color":"","overlay-opacity":"","overlay-gradient":""},"tablet":{"background-color":"var(--ast-global-color-5)","background-image":"","background-repeat":"repeat","background-position":"center center","background-size":"auto","background-attachment":"scroll","background-type":"","background-media":"","overlay-type":"","overlay-color":"","overlay-opacity":"","overlay-gradient":""},"mobile":{"background-color":"var(--ast-global-color-5)","background-image":"","background-repeat":"repeat","background-position":"center center","background-size":"auto","background-attachment":"scroll","background-type":"","background-media":"","overlay-type":"","overlay-color":"","overlay-opacity":"","overlay-gradient":""}},"footnotes":""},"class_list":["post-26","page","type-page","status-publish","hentry"],"post_mailing_queue_ids":[],"_links":{"self":[{"href":"https:\/\/agora.xtec.cat\/ceip-ciutat-cooperativa\/wp-json\/wp\/v2\/pages\/26","targetHints":{"allow":["GET"]}}],"collection":[{"href":"https:\/\/agora.xtec.cat\/ceip-ciutat-cooperativa\/wp-json\/wp\/v2\/pages"}],"about":[{"href":"https:\/\/agora.xtec.cat\/ceip-ciutat-cooperativa\/wp-json\/wp\/v2\/types\/page"}],"author":[{"embeddable":true,"href":"https:\/\/agora.xtec.cat\/ceip-ciutat-cooperativa\/wp-json\/wp\/v2\/users\/1"}],"replies":[{"embeddable":true,"href":"https:\/\/agora.xtec.cat\/ceip-ciutat-cooperativa\/wp-json\/wp\/v2\/comments?post=26"}],"version-history":[{"count":6,"href":"https:\/\/agora.xtec.cat\/ceip-ciutat-cooperativa\/wp-json\/wp\/v2\/pages\/26\/revisions"}],"predecessor-version":[{"id":19848,"href":"https:\/\/agora.xtec.cat\/ceip-ciutat-cooperativa\/wp-json\/wp\/v2\/pages\/26\/revisions\/19848"}],"up":[{"embeddable":true,"href":"https:\/\/agora.xtec.cat\/ceip-ciutat-cooperativa\/wp-json\/wp\/v2\/pages\/22"}],"wp:attachment":[{"href":"https:\/\/agora.xtec.cat\/ceip-ciutat-cooperativa\/wp-json\/wp\/v2\/media?parent=26"}],"curies":[{"name":"wp","href":"https:\/\/api.w.org\/{rel}","templated":true}]}}