{"id":12251,"date":"2019-12-16T09:30:24","date_gmt":"2019-12-16T08:30:24","guid":{"rendered":"http:\/\/agora.xtec.cat\/ceip-ciutat-cooperativa\/?page_id=12251"},"modified":"2026-01-15T17:21:25","modified_gmt":"2026-01-15T16:21:25","slug":"projecte-poefe-i-poefa","status":"publish","type":"page","link":"https:\/\/agora.xtec.cat\/ceip-ciutat-cooperativa\/projecte-educatiu\/projecte-poefe-i-poefa\/","title":{"rendered":"Projecte PMOE \/PROA +"},"content":{"rendered":"<p>El <span style=\"color: #3366ff;\"><strong>projecte de PMOE \/PROA +<\/strong> <\/span>t\u00e9 els seg\u00fcents objectius:<\/p>\n<ol>\n<li><strong><span style=\"text-decoration: underline;\">Activitat de sortides i col\u00f2nies<\/span>.<\/strong><\/li>\n<\/ol>\n<p>Objectiu estrat\u00e8gic de centre que es vol aconseguir: Millorar la participaci\u00f3 de les activitats ludo-educatives del nostre alumnat<\/p>\n<p><strong>2. <span style=\"text-decoration: underline;\">Activitat del Pla Educatiu d&#8217;entorn: TALLER DE SUPORT I ACOMPANYAMENT A L\u2019ESTUDI (TSAE).<\/span><\/strong><\/p>\n<p>Objectiu estrat\u00e8gic de centre que es vol aconseguir: Millorar el rendiment acad\u00e8mic del nostre alumnat, reduint el tant per cent d\u2019alumnat en risc de frac\u00e0s escolar.<\/p>\n<p><strong>3. Activitat de formaci\u00f3 de catal\u00e0 per a les fam\u00edlies i aplicaci\u00f3 Dinantia.<\/strong><\/p>\n<p>Objectiu estrat\u00e8gic de centre que es vol aconseguir: Millorar l\u2019\u00fas de la llengua catalana al centre.<\/p>\n<p><strong>4. Activitat de recursos materials.<\/strong><\/p>\n<p>Objectiu estrat\u00e8gic de centre que es vol aconseguir: Fomentar la participaci\u00f3 activa de tots els sectors de la comunitat educativa.<\/p>\n","protected":false},"excerpt":{"rendered":"<p>El projecte de PMOE \/PROA + t\u00e9 els seg\u00fcents objectius: Activitat de sortides i col\u00f2nies. Objectiu estrat\u00e8gic de centre que es vol aconseguir: Millorar la participaci\u00f3 de les activitats ludo-educatives del nostre alumnat 2. Activitat del Pla Educatiu d&#8217;entorn: TALLER DE SUPORT I ACOMPANYAMENT A L\u2019ESTUDI (TSAE). Objectiu estrat\u00e8gic de centre que es vol aconseguir: [&hellip;]<\/p>\n","protected":false},"author":1,"featured_media":0,"parent":64,"menu_order":0,"comment_status":"closed","ping_status":"closed","template":"","meta":{"_bbp_topic_count":0,"_bbp_reply_count":0,"_bbp_total_topic_count":0,"_bbp_total_reply_count":0,"_bbp_voice_count":0,"_bbp_anonymous_reply_count":0,"_bbp_topic_count_hidden":0,"_bbp_reply_count_hidden":0,"_bbp_forum_subforum_count":0,"site-sidebar-layout":"default","site-content-layout":"","ast-site-content-layout":"default","site-content-style":"default","site-sidebar-style":"default","ast-global-header-display":"","ast-banner-title-visibility":"","ast-main-header-display":"","ast-hfb-above-header-display":"","ast-hfb-below-header-display":"","ast-hfb-mobile-header-display":"","site-post-title":"","ast-breadcrumbs-content":"","ast-featured-img":"","footer-sml-layout":"","theme-transparent-header-meta":"","adv-header-id-meta":"","stick-header-meta":"","header-above-stick-meta":"","header-main-stick-meta":"","header-below-stick-meta":"","astra-migrate-meta-layouts":"set","ast-page-background-enabled":"default","ast-page-background-meta":{"desktop":{"background-color":"var(--ast-global-color-4)","background-image":"","background-repeat":"repeat","background-position":"center center","background-size":"auto","background-attachment":"scroll","background-type":"","background-media":"","overlay-type":"","overlay-color":"","overlay-opacity":"","overlay-gradient":""},"tablet":{"background-color":"","background-image":"","background-repeat":"repeat","background-position":"center center","background-size":"auto","background-attachment":"scroll","background-type":"","background-media":"","overlay-type":"","overlay-color":"","overlay-opacity":"","overlay-gradient":""},"mobile":{"background-color":"","background-image":"","background-repeat":"repeat","background-position":"center center","background-size":"auto","background-attachment":"scroll","background-type":"","background-media":"","overlay-type":"","overlay-color":"","overlay-opacity":"","overlay-gradient":""}},"ast-content-background-meta":{"desktop":{"background-color":"var(--ast-global-color-5)","background-image":"","background-repeat":"repeat","background-position":"center center","background-size":"auto","background-attachment":"scroll","background-type":"","background-media":"","overlay-type":"","overlay-color":"","overlay-opacity":"","overlay-gradient":""},"tablet":{"background-color":"var(--ast-global-color-5)","background-image":"","background-repeat":"repeat","background-position":"center center","background-size":"auto","background-attachment":"scroll","background-type":"","background-media":"","overlay-type":"","overlay-color":"","overlay-opacity":"","overlay-gradient":""},"mobile":{"background-color":"var(--ast-global-color-5)","background-image":"","background-repeat":"repeat","background-position":"center center","background-size":"auto","background-attachment":"scroll","background-type":"","background-media":"","overlay-type":"","overlay-color":"","overlay-opacity":"","overlay-gradient":""}},"footnotes":""},"class_list":["post-12251","page","type-page","status-publish","hentry"],"post_mailing_queue_ids":[],"_links":{"self":[{"href":"https:\/\/agora.xtec.cat\/ceip-ciutat-cooperativa\/wp-json\/wp\/v2\/pages\/12251","targetHints":{"allow":["GET"]}}],"collection":[{"href":"https:\/\/agora.xtec.cat\/ceip-ciutat-cooperativa\/wp-json\/wp\/v2\/pages"}],"about":[{"href":"https:\/\/agora.xtec.cat\/ceip-ciutat-cooperativa\/wp-json\/wp\/v2\/types\/page"}],"author":[{"embeddable":true,"href":"https:\/\/agora.xtec.cat\/ceip-ciutat-cooperativa\/wp-json\/wp\/v2\/users\/1"}],"replies":[{"embeddable":true,"href":"https:\/\/agora.xtec.cat\/ceip-ciutat-cooperativa\/wp-json\/wp\/v2\/comments?post=12251"}],"version-history":[{"count":6,"href":"https:\/\/agora.xtec.cat\/ceip-ciutat-cooperativa\/wp-json\/wp\/v2\/pages\/12251\/revisions"}],"predecessor-version":[{"id":19720,"href":"https:\/\/agora.xtec.cat\/ceip-ciutat-cooperativa\/wp-json\/wp\/v2\/pages\/12251\/revisions\/19720"}],"up":[{"embeddable":true,"href":"https:\/\/agora.xtec.cat\/ceip-ciutat-cooperativa\/wp-json\/wp\/v2\/pages\/64"}],"wp:attachment":[{"href":"https:\/\/agora.xtec.cat\/ceip-ciutat-cooperativa\/wp-json\/wp\/v2\/media?parent=12251"}],"curies":[{"name":"wp","href":"https:\/\/api.w.org\/{rel}","templated":true}]}}