{"id":10807,"date":"2019-03-19T13:03:15","date_gmt":"2019-03-19T12:03:15","guid":{"rendered":"http:\/\/agora.xtec.cat\/ceip-ciutat-cooperativa\/?page_id=10807"},"modified":"2026-01-08T13:23:22","modified_gmt":"2026-01-08T12:23:22","slug":"preinscripcio-2019-2020","status":"publish","type":"page","link":"https:\/\/agora.xtec.cat\/ceip-ciutat-cooperativa\/preinscripcio-2019-2020\/","title":{"rendered":"Quota de material i llibres!"},"content":{"rendered":"<p data-v-7467651b=\"\"><span style=\"color: #800080; font-size: 18pt;\"><b data-v-7467651b=\"\">Quota de material curs 2025 &#8211; 2026 &#8211; Prim\u00e0ria<\/b><\/span><\/p>\n<div data-v-7467651b=\"\">\n<div class=\"rich-text-editor position-relative message-body\" data-v-1ed34eda=\"\" data-v-7467651b=\"\">\n<div class=\"editor message-body disabled\" spellcheck=\"false\" data-v-1ed34eda=\"\">\n<p><span style=\"font-weight: 400;\">La quota pel curs 2025-2026 que inclou material i llibres ser\u00e0 de <\/span><b>120\u20ac amb AMPA<\/b><span style=\"font-weight: 400;\"> (105\u20ac + 15\u20ac quota AMPA)<\/span> <span style=\"font-weight: 400;\">i de <\/span><b>125\u20ac sense AMPA<\/b><span style=\"font-weight: 400;\">.<\/span><\/p>\n<p><span style=\"font-weight: 400;\">El pagament s\u2019efectuar\u00e0 en efectiu al centre o transfer\u00e8ncia <strong>ES66 0081 1638 7400 0100 0408<\/strong><\/span><\/p>\n<p><span style=\"font-weight: 400;\">El cost es pot veure redu\u00eft amb els vals escolars:<\/span><\/p>\n<table>\n<tbody>\n<tr>\n<td><\/td>\n<td><b> amb AMPA<\/b><\/td>\n<td><b> sense AMPA<\/b><\/td>\n<\/tr>\n<tr>\n<td><b>DONEM DOS VALS A L\u2019ESCOLA:<\/b><span style=\"font-weight: 400;\">\u00a0\u00a0\u00a0\u00a0\u00a060\u20ac dels vals escolars<\/span><\/td>\n<td><span style=\"font-weight: 400;\">45\u20ac<\/span><span style=\"font-weight: 400;\">+15\u20ac AMPA<\/span><\/td>\n<td><span style=\"font-weight: 400;\">65\u20ac<\/span><\/td>\n<\/tr>\n<tr>\n<td><b>DONEM 1 VAL A L\u2019ESCOLA:<\/b><span style=\"font-weight: 400;\">\u00a030\u20ac del val escolar\u00a0<\/span><\/td>\n<td><span style=\"font-weight: 400;\"> 75\u20ac<\/span><span style=\"font-weight: 400;\">+15\u20ac de AMPA<\/span><\/td>\n<td><span style=\"font-weight: 400;\">95\u20ac\u00a0<\/span><\/td>\n<\/tr>\n<tr>\n<td><b>NO DONEM\/TENIM VAL:<\/b><\/td>\n<td><span style=\"font-weight: 400;\"> 105\u20ac<\/span><span style=\"font-weight: 400;\">+15\u20ac de AMPA<\/span><\/td>\n<td><span style=\"font-weight: 400;\"> 125\u20ac<\/span><\/td>\n<\/tr>\n<\/tbody>\n<\/table>\n<p><span style=\"font-weight: 400;\">El total del cost material s&#8217;ha d&#8217;abonar abans del 19 de setembre de 2025. Podeu consultar la possibilitat de fer el pagament fraccionat.<\/span><\/p>\n<p><span style=\"font-weight: 400;\">La quota de L\u2019AMPA s\u2019haur\u00e0 d\u2019abonar en efectius en horari o transfer\u00e8ncia al compte del <\/span><span style=\"font-weight: 400;\">AMPA (<strong>ES84 2100 3274 8421 0040 4855<\/strong>)<\/span><span style=\"font-weight: 400;\"> o pagar en efectiu directament a l&#8217;AMPA.\u00a0<\/span><\/p>\n<p><span style=\"color: #800080; font-size: 18pt;\"><b data-v-7467651b=\"\">Quota de material curs 2025 &#8211; 2026 &#8211; Infantil<\/b><\/span><\/p>\n<p><span style=\"font-weight: 400;\">La quota pel curs 2025-2026 que inclou material i llibres ser\u00e0 de <\/span><b>115\u20ac amb AMPA<\/b><span style=\"font-weight: 400;\"> (100\u20ac + 15\u20ac quota AMPA)<\/span> <span style=\"font-weight: 400;\">i de <\/span><b>120\u20ac sense AMPA<\/b><span style=\"font-weight: 400;\">.<\/span><\/p>\n<p><span style=\"font-weight: 400;\">El pagament s\u2019efectuar\u00e0 en efectiu al centre o transfer\u00e8ncia ES66 0081 1638 7400 0100 0408<\/span><\/p>\n<p><span style=\"font-weight: 400;\">El pagament es podr\u00e0 fraccionar en <\/span><span style=\"font-weight: 400;\">tres terminis<\/span><span style=\"font-weight: 400;\"> en efectiu al centre o transfer\u00e8ncia:<\/span><\/p>\n<table>\n<tbody>\n<tr>\n<td><\/td>\n<td><b> amb AMPA<\/b><\/td>\n<td><b> sense AMPA<\/b><\/td>\n<\/tr>\n<tr>\n<td><b>PRIMER PAGAMENT<\/b><span style=\"font-weight: 400;\">\u00a0\u00a0\u00a0\u00a0\u00a0\u00a0\u00a0\u00a0\u00a0\u00a0\u00a0\u00a0\u00a0\u00a0\u00a0\u00a0\u00a0\u00a0\u00a0\u00a0\u00a0Del 01 al 12 <\/span><span style=\"font-weight: 400;\">juliol<\/span><\/td>\n<td><span style=\"font-weight: 400;\">40\u20ac<\/span><\/td>\n<td><span style=\"font-weight: 400;\">50\u20ac\u00a0<\/span><\/td>\n<\/tr>\n<tr>\n<td><b>SEGON PAGAMENT<\/b><span style=\"font-weight: 400;\">\u00a0Durant el mes de <\/span><span style=\"font-weight: 400;\">setembre<\/span><\/p>\n<p><span style=\"font-weight: 400;\">\u00a0<\/span><\/p>\n<p><i><span style=\"font-weight: 400;\">\u00a0\u00a0\u00a0<\/span><\/i><\/td>\n<td><span style=\"font-weight: 400;\">30\u20ac +<\/span><span style=\"font-weight: 400;\">15\u20ac\u00a0 AMPA\u00a0 per fam\u00edlia<\/span><\/td>\n<td><span style=\"font-weight: 400;\">40\u20ac\u00a0<\/span><\/td>\n<\/tr>\n<tr>\n<td><b>TERCER PAGAMENT<\/b><span style=\"font-weight: 400;\">\u00a0Durant el mes <\/span><span style=\"font-weight: 400;\">d\u2019octubre\u00a0<\/span><\/td>\n<td><span style=\"font-weight: 400;\"> 30\u20ac<\/span><\/td>\n<td><span style=\"font-weight: 400;\"> 30\u20ac<\/span><\/td>\n<\/tr>\n<\/tbody>\n<\/table>\n<p><span style=\"font-weight: 400;\">La quota de L\u2019AMPA s\u2019haur\u00e0 d\u2019abonar en efectius en horari o transfer\u00e8ncia al compte del <\/span><span style=\"font-weight: 400;\">AMPA (ES84 2100 3274 8421 0040 4855)<\/span><span style=\"font-weight: 400;\"> o pagar en efectiu directament a l&#8217;AMPA.<\/span><\/p>\n<\/div>\n<\/div>\n<\/div>\n<div class=\"editor message-body disabled\" spellcheck=\"false\" data-v-1ed34eda=\"\"><\/div>\n","protected":false},"excerpt":{"rendered":"<p>Quota de material curs 2025 &#8211; 2026 &#8211; Prim\u00e0ria La quota pel curs 2025-2026 que inclou material i llibres ser\u00e0 de 120\u20ac amb AMPA (105\u20ac + 15\u20ac quota AMPA) i de 125\u20ac sense AMPA. El pagament s\u2019efectuar\u00e0 en efectiu al centre o transfer\u00e8ncia ES66 0081 1638 7400 0100 0408 El cost es pot veure redu\u00eft [&hellip;]<\/p>\n","protected":false},"author":1,"featured_media":0,"parent":0,"menu_order":0,"comment_status":"closed","ping_status":"closed","template":"","meta":{"_bbp_topic_count":0,"_bbp_reply_count":0,"_bbp_total_topic_count":0,"_bbp_total_reply_count":0,"_bbp_voice_count":0,"_bbp_anonymous_reply_count":0,"_bbp_topic_count_hidden":0,"_bbp_reply_count_hidden":0,"_bbp_forum_subforum_count":0,"site-sidebar-layout":"default","site-content-layout":"","ast-site-content-layout":"default","site-content-style":"default","site-sidebar-style":"default","ast-global-header-display":"","ast-banner-title-visibility":"","ast-main-header-display":"","ast-hfb-above-header-display":"","ast-hfb-below-header-display":"","ast-hfb-mobile-header-display":"","site-post-title":"","ast-breadcrumbs-content":"","ast-featured-img":"","footer-sml-layout":"","theme-transparent-header-meta":"","adv-header-id-meta":"","stick-header-meta":"","header-above-stick-meta":"","header-main-stick-meta":"","header-below-stick-meta":"","astra-migrate-meta-layouts":"set","ast-page-background-enabled":"default","ast-page-background-meta":{"desktop":{"background-color":"var(--ast-global-color-4)","background-image":"","background-repeat":"repeat","background-position":"center center","background-size":"auto","background-attachment":"scroll","background-type":"","background-media":"","overlay-type":"","overlay-color":"","overlay-opacity":"","overlay-gradient":""},"tablet":{"background-color":"","background-image":"","background-repeat":"repeat","background-position":"center center","background-size":"auto","background-attachment":"scroll","background-type":"","background-media":"","overlay-type":"","overlay-color":"","overlay-opacity":"","overlay-gradient":""},"mobile":{"background-color":"","background-image":"","background-repeat":"repeat","background-position":"center center","background-size":"auto","background-attachment":"scroll","background-type":"","background-media":"","overlay-type":"","overlay-color":"","overlay-opacity":"","overlay-gradient":""}},"ast-content-background-meta":{"desktop":{"background-color":"var(--ast-global-color-5)","background-image":"","background-repeat":"repeat","background-position":"center center","background-size":"auto","background-attachment":"scroll","background-type":"","background-media":"","overlay-type":"","overlay-color":"","overlay-opacity":"","overlay-gradient":""},"tablet":{"background-color":"var(--ast-global-color-5)","background-image":"","background-repeat":"repeat","background-position":"center center","background-size":"auto","background-attachment":"scroll","background-type":"","background-media":"","overlay-type":"","overlay-color":"","overlay-opacity":"","overlay-gradient":""},"mobile":{"background-color":"var(--ast-global-color-5)","background-image":"","background-repeat":"repeat","background-position":"center center","background-size":"auto","background-attachment":"scroll","background-type":"","background-media":"","overlay-type":"","overlay-color":"","overlay-opacity":"","overlay-gradient":""}},"footnotes":""},"class_list":["post-10807","page","type-page","status-publish","hentry"],"post_mailing_queue_ids":[],"_links":{"self":[{"href":"https:\/\/agora.xtec.cat\/ceip-ciutat-cooperativa\/wp-json\/wp\/v2\/pages\/10807","targetHints":{"allow":["GET"]}}],"collection":[{"href":"https:\/\/agora.xtec.cat\/ceip-ciutat-cooperativa\/wp-json\/wp\/v2\/pages"}],"about":[{"href":"https:\/\/agora.xtec.cat\/ceip-ciutat-cooperativa\/wp-json\/wp\/v2\/types\/page"}],"author":[{"embeddable":true,"href":"https:\/\/agora.xtec.cat\/ceip-ciutat-cooperativa\/wp-json\/wp\/v2\/users\/1"}],"replies":[{"embeddable":true,"href":"https:\/\/agora.xtec.cat\/ceip-ciutat-cooperativa\/wp-json\/wp\/v2\/comments?post=10807"}],"version-history":[{"count":4,"href":"https:\/\/agora.xtec.cat\/ceip-ciutat-cooperativa\/wp-json\/wp\/v2\/pages\/10807\/revisions"}],"predecessor-version":[{"id":19680,"href":"https:\/\/agora.xtec.cat\/ceip-ciutat-cooperativa\/wp-json\/wp\/v2\/pages\/10807\/revisions\/19680"}],"wp:attachment":[{"href":"https:\/\/agora.xtec.cat\/ceip-ciutat-cooperativa\/wp-json\/wp\/v2\/media?parent=10807"}],"curies":[{"name":"wp","href":"https:\/\/api.w.org\/{rel}","templated":true}]}}