{"id":929,"date":"2021-02-03T15:10:27","date_gmt":"2021-02-03T14:10:27","guid":{"rendered":"http:\/\/agora.xtec.cat\/ceip-circell\/?page_id=929"},"modified":"2025-09-14T11:41:28","modified_gmt":"2025-09-14T09:41:28","slug":"projecte-linguistic","status":"publish","type":"page","link":"https:\/\/agora.xtec.cat\/ceip-circell\/projecte-educatiu\/projecte-linguistic\/","title":{"rendered":"Projecte ling\u00fc\u00edstic"},"content":{"rendered":"<p><a href=\"https:\/\/drive.google.com\/file\/d\/16sl2yVJeNwC0COdi6r7o7zQqYcTIsblN\/view?usp=share_link\">Enlla\u00e7 Projecte ling\u00fc\u00edstic<\/a><\/p>\n<h6>ATENCI\u00d3!!! Atualment aquest document est\u00e0 en proc\u00e9s de revisi\u00f3 i actualitzaci\u00f3.<\/h6>\n","protected":false},"excerpt":{"rendered":"<p><a href=\"https:\/\/drive.google.com\/file\/d\/16sl2yVJeNwC0COdi6r7o7zQqYcTIsblN\/view?usp=share_link\">Enlla\u00e7 Projecte ling\u00fc\u00edstic<\/a><br \/>\nATENCI\u00d3!!! Atualment aquest document est\u00e0 en proc\u00e9s de revisi\u00f3 i actualitzaci\u00f3.<\/p>\n","protected":false},"author":1,"featured_media":0,"parent":64,"menu_order":0,"comment_status":"closed","ping_status":"closed","template":"page-templates\/side-menu.php","meta":{"_bbp_topic_count":0,"_bbp_reply_count":0,"_bbp_total_topic_count":0,"_bbp_total_reply_count":0,"_bbp_voice_count":0,"_bbp_anonymous_reply_count":0,"_bbp_topic_count_hidden":0,"_bbp_reply_count_hidden":0,"_bbp_forum_subforum_count":0,"footnotes":""},"class_list":["post-929","page","type-page","status-publish","hentry"],"post_mailing_queue_ids":[],"_links":{"self":[{"href":"https:\/\/agora.xtec.cat\/ceip-circell\/wp-json\/wp\/v2\/pages\/929","targetHints":{"allow":["GET"]}}],"collection":[{"href":"https:\/\/agora.xtec.cat\/ceip-circell\/wp-json\/wp\/v2\/pages"}],"about":[{"href":"https:\/\/agora.xtec.cat\/ceip-circell\/wp-json\/wp\/v2\/types\/page"}],"author":[{"embeddable":true,"href":"https:\/\/agora.xtec.cat\/ceip-circell\/wp-json\/wp\/v2\/users\/1"}],"replies":[{"embeddable":true,"href":"https:\/\/agora.xtec.cat\/ceip-circell\/wp-json\/wp\/v2\/comments?post=929"}],"version-history":[{"count":4,"href":"https:\/\/agora.xtec.cat\/ceip-circell\/wp-json\/wp\/v2\/pages\/929\/revisions"}],"predecessor-version":[{"id":2686,"href":"https:\/\/agora.xtec.cat\/ceip-circell\/wp-json\/wp\/v2\/pages\/929\/revisions\/2686"}],"up":[{"embeddable":true,"href":"https:\/\/agora.xtec.cat\/ceip-circell\/wp-json\/wp\/v2\/pages\/64"}],"wp:attachment":[{"href":"https:\/\/agora.xtec.cat\/ceip-circell\/wp-json\/wp\/v2\/media?parent=929"}],"curies":[{"name":"wp","href":"https:\/\/api.w.org\/{rel}","templated":true}]}}