{"id":84,"date":"2014-09-18T14:11:31","date_gmt":"2014-09-18T13:11:31","guid":{"rendered":"http:\/\/agora.xtec.cat\/ceip-circell\/?page_id=84"},"modified":"2025-09-15T11:16:26","modified_gmt":"2025-09-15T09:16:26","slug":"activitats-extraescolars","status":"publish","type":"page","link":"https:\/\/agora.xtec.cat\/ceip-circell\/escola-familia\/activitats-extraescolars\/","title":{"rendered":"Quotes fam\u00edlies"},"content":{"rendered":"<p>A l&#8217;escola les fam\u00edlies realitzen els seg\u00fcents abonaments per transfer\u00e8ncia o per caixer autom\u00e0tic:<\/p>\n<h6><strong>Material del curs:<\/strong><\/h6>\n<ul>\n<li>Educaci\u00f3 Infantil:100\u20ac<\/li>\n<li>Educaci\u00f3 Prim\u00e0ria:70\u20ac<\/li>\n<\/ul>\n<h6>Llibres:<\/h6>\n<ul>\n<li>Infantil: material innovamat (32,35\u20ac). No fem servir llibres<\/li>\n<li>Prim\u00e0ria:\n<ul>\n<li>material innovamat: 42,65\u20ac<\/li>\n<li>quadernets catal\u00e0\/castell\u00e0 editorial Teide: 49,30\u20ac (alumnat de 3r a 6\u00e8)<\/li>\n<\/ul>\n<\/li>\n<\/ul>\n<h6><strong>Sortides:<\/strong><\/h6>\n<p>El pagament de les sortides, tallers i d&#8217;altres activitats de centre es faran per mitj\u00e0 de la plataforma TPVEscola.<\/p>\n<p>Uns dies abans de cada sortida o taller, es recorda a les fam\u00edlies per mitj\u00e0 del classdojo.<\/p>\n<p><span style=\"color: #993300;\"><strong><span style=\"color: #000000;\">Col\u00f2nies<\/span>:<\/strong><\/span><br \/>\nEs fan dos pagaments: la bestreta i la resta de l&#8217;import.<\/p>\n","protected":false},"excerpt":{"rendered":"<p>A l&#8217;escola les fam\u00edlies realitzen els seg\u00fcents abonaments per transfer\u00e8ncia o per caixer autom\u00e0tic:<br \/>\nMaterial del curs:<\/p>\n<ul>\n<li>Educaci\u00f3 Infantil:100\u20ac<\/li>\n<li>Educaci\u00f3 Prim\u00e0ria:70\u20ac<\/li>\n<\/ul>\n<p>Llibres:<\/p>\n<ul>\n<li>Infantil: material innovamat (32,35\u20ac). No fem servir llibres<\/li>\n<li>Prim\u00e0ria:\n<ul>\n<li>material innovamat: 42,65\u20ac<\/li>\n<li>quadernets catal\u00e0\/castell\u00e0 editorial Teide: 49,30\u20ac (alumnat de 3r a 6\u00e8)<\/li>\n<\/ul>\n<\/li>\n<\/ul>\n<p>Sortides:<br \/>\nEl pagament de les sortides, tallers i d&#8217;altres activitats de&hellip;  <a href=\"https:\/\/agora.xtec.cat\/ceip-circell\/escola-familia\/activitats-extraescolars\/\" title=\"Read Quotes fam\u00edlies\">Llegeix m\u00e9s\u00bb<\/a><\/p>\n","protected":false},"author":1,"featured_media":0,"parent":349,"menu_order":60,"comment_status":"closed","ping_status":"closed","template":"page-templates\/side-menu.php","meta":{"_bbp_topic_count":0,"_bbp_reply_count":0,"_bbp_total_topic_count":0,"_bbp_total_reply_count":0,"_bbp_voice_count":0,"_bbp_anonymous_reply_count":0,"_bbp_topic_count_hidden":0,"_bbp_reply_count_hidden":0,"_bbp_forum_subforum_count":0,"footnotes":""},"class_list":["post-84","page","type-page","status-publish","hentry"],"post_mailing_queue_ids":[],"_links":{"self":[{"href":"https:\/\/agora.xtec.cat\/ceip-circell\/wp-json\/wp\/v2\/pages\/84","targetHints":{"allow":["GET"]}}],"collection":[{"href":"https:\/\/agora.xtec.cat\/ceip-circell\/wp-json\/wp\/v2\/pages"}],"about":[{"href":"https:\/\/agora.xtec.cat\/ceip-circell\/wp-json\/wp\/v2\/types\/page"}],"author":[{"embeddable":true,"href":"https:\/\/agora.xtec.cat\/ceip-circell\/wp-json\/wp\/v2\/users\/1"}],"replies":[{"embeddable":true,"href":"https:\/\/agora.xtec.cat\/ceip-circell\/wp-json\/wp\/v2\/comments?post=84"}],"version-history":[{"count":8,"href":"https:\/\/agora.xtec.cat\/ceip-circell\/wp-json\/wp\/v2\/pages\/84\/revisions"}],"predecessor-version":[{"id":2698,"href":"https:\/\/agora.xtec.cat\/ceip-circell\/wp-json\/wp\/v2\/pages\/84\/revisions\/2698"}],"up":[{"embeddable":true,"href":"https:\/\/agora.xtec.cat\/ceip-circell\/wp-json\/wp\/v2\/pages\/349"}],"wp:attachment":[{"href":"https:\/\/agora.xtec.cat\/ceip-circell\/wp-json\/wp\/v2\/media?parent=84"}],"curies":[{"name":"wp","href":"https:\/\/api.w.org\/{rel}","templated":true}]}}