{"id":71,"date":"2014-09-18T12:44:56","date_gmt":"2014-09-18T11:44:56","guid":{"rendered":"http:\/\/agora.xtec.cat\/ceip-circell\/?page_id=71"},"modified":"2023-07-06T11:38:33","modified_gmt":"2023-07-06T09:38:33","slug":"serveis-digitals","status":"publish","type":"page","link":"https:\/\/agora.xtec.cat\/ceip-circell\/escola-familia\/serveis-digitals\/","title":{"rendered":"Pla de comunicaci\u00f3"},"content":{"rendered":"<p>El pla de comunicaci\u00f3 pret\u00e9n organitzar les comunicacions entre els membres de la comunitat educativa i ha de marcar els canals i accions a desenvolupar per generar una comunicaci\u00f3 eficient.<\/p>\n<p>A l&#8217;escola Circell tenim diversos canals de comunicaci\u00f3 aix\u00ed com un espai de treball integrat. A continuaci\u00f3 us detallem els canals i plataformes que fem servir:<\/p>\n<table style=\"height: 257px; width: 100%; border-collapse: collapse; border-color: #000000;\">\n<tbody>\n<tr style=\"height: 32px;\">\n<td style=\"width: 16.2074%; background-color: #ffffff; height: 12px;\">\n<p style=\"text-align: center;\"><a href=\"https:\/\/agora.xtec.cat\/ceip-circell\/wp-content\/uploads\/usu907\/2021\/12\/baixa.jpg\"><img loading=\"lazy\" decoding=\"async\" class=\"wp-image-1706 aligncenter\" src=\"https:\/\/agora.xtec.cat\/ceip-circell\/wp-content\/uploads\/usu907\/2021\/12\/baixa.jpg\" alt=\"\" width=\"110\" height=\"110\" srcset=\"https:\/\/agora.xtec.cat\/ceip-circell\/wp-content\/uploads\/usu907\/2021\/12\/baixa.jpg 225w, https:\/\/agora.xtec.cat\/ceip-circell\/wp-content\/uploads\/usu907\/2021\/12\/baixa-150x150.jpg 150w\" sizes=\"auto, (max-width: 110px) 100vw, 110px\" \/><\/a>Classdojo<\/p>\n<\/td>\n<td style=\"width: 83.7926%; background-color: #ffffff; height: 12px;\">Aquesta plataforma ofereix una comunicaci\u00f3 instant\u00e0nia amb la comunitat educativa. \u00c9s l&#8217;eina que fem servir\u00a0 com a interacci\u00f3 entre tutors\/tutores i les fam\u00edlies i l&#8217;escola en general.<\/p>\n<p>Per mitj\u00e0 de la &#8221; hist\u00f2ria de la classe&#8221; (que \u00e9s similar al mur del facebook), el tutor i tutora de cada grup penja fotos, v\u00eddeos&#8230; de l&#8217;activitat di\u00e0ria de la classe. D&#8217;altra banda, ofereix la possibilitat d&#8217;enviar missatges privats o a totes les fam\u00edlies a l&#8217;hora.<\/p>\n<p>Pel que fa a l&#8217;alumnat, recolza la feina del professorat per mitj\u00e0 d&#8217;una gesti\u00f3 d&#8217;aula basada en la gamificaci\u00f3 per mitj\u00e0 d&#8217;ins\u00edgnies.<\/p>\n<p>Amb l&#8217;\u00fas d&#8217;aquesta App s&#8217;ha fet un estalvi important de paper i t\u00f2ner a l&#8217;escola ja que s&#8217;han deixat d&#8217;imprimir circulars.<\/td>\n<\/tr>\n<tr style=\"height: 32px;\">\n<td style=\"width: 16.2074%; background-color: #ffffff; height: 32px;\"><a href=\"https:\/\/agora.xtec.cat\/ceip-circell\/wp-content\/uploads\/usu907\/2021\/12\/google.png\"><img loading=\"lazy\" decoding=\"async\" class=\"alignnone size-full wp-image-1707\" src=\"https:\/\/agora.xtec.cat\/ceip-circell\/wp-content\/uploads\/usu907\/2021\/12\/google.png\" alt=\"\" width=\"308\" height=\"164\" srcset=\"https:\/\/agora.xtec.cat\/ceip-circell\/wp-content\/uploads\/usu907\/2021\/12\/google.png 308w, https:\/\/agora.xtec.cat\/ceip-circell\/wp-content\/uploads\/usu907\/2021\/12\/google-300x160.png 300w\" sizes=\"auto, (max-width: 308px) 100vw, 308px\" \/><\/a><\/td>\n<td style=\"width: 83.7926%; background-color: #ffffff; height: 32px;\">\u00c9s un espai de treball integrat que inclou tots els serveis Google.\u00a0Permet crear comptes d&#8217;usuari a partir del domini de l&#8217;escola on tenim acc\u00e9s a totes les aplicacions en un entorn segur<\/p>\n<p>Pel que fa a l&#8217;alumnat, s&#8217;han creat comptes d&#8217;usuari a partir de 4t que els permet treballar de manera col\u00b7laborativa des del n\u00favol. Es controlen des de la consola d&#8217;administraci\u00f3, la qual ens permet configurar permisos en quant a aplicacions i tenir un control de l&#8217;activitat.<\/p>\n<p>Per mitj\u00e0 del mail (escolacircell@escolademoja.com), ens comuniquem de manera instant\u00e0nia i transmetem informacions de manera immediata amb les fam\u00edlies de l&#8217;escola, fet que ens ha ajudat tamb\u00e9 a fer un important estalvi de paper.<\/td>\n<\/tr>\n<tr style=\"height: 32px;\">\n<td style=\"width: 16.2074%; background-color: #ffffff; height: 32px;\"><a href=\"https:\/\/agora.xtec.cat\/ceip-circell\/wp-content\/uploads\/usu907\/2021\/12\/baixa-1.jpg\"><img loading=\"lazy\" decoding=\"async\" class=\"alignnone size-full wp-image-1705\" src=\"https:\/\/agora.xtec.cat\/ceip-circell\/wp-content\/uploads\/usu907\/2021\/12\/baixa-1.jpg\" alt=\"\" width=\"300\" height=\"168\" \/><\/a><\/td>\n<td style=\"width: 83.7926%; background-color: #ffffff; height: 32px;\">Tenim un compte d&#8217;empresa a instagram on anem penjant activitats, not\u00edcies, informacions&#8230; generals del centre.<\/p>\n<p>@escola_circell<\/td>\n<\/tr>\n<tr style=\"height: 32px;\">\n<td style=\"width: 16.2074%; background-color: #ffffff; height: 32px;\"><a href=\"https:\/\/agora.xtec.cat\/ceip-circell\/wp-content\/uploads\/usu907\/2021\/12\/blog.png\"><img loading=\"lazy\" decoding=\"async\" class=\"alignnone wp-image-1708 size-medium\" src=\"https:\/\/agora.xtec.cat\/ceip-circell\/wp-content\/uploads\/usu907\/2021\/12\/blog-294x300.png\" alt=\"\" width=\"294\" height=\"300\" srcset=\"https:\/\/agora.xtec.cat\/ceip-circell\/wp-content\/uploads\/usu907\/2021\/12\/blog-294x300.png 294w, https:\/\/agora.xtec.cat\/ceip-circell\/wp-content\/uploads\/usu907\/2021\/12\/blog.png 372w\" sizes=\"auto, (max-width: 294px) 100vw, 294px\" \/><\/a><\/td>\n<td style=\"width: 83.7926%; background-color: #ffffff; height: 32px;\">Blog del centre: https:\/\/agora.xtec.cat\/ceip-circell<\/p>\n<p>En aquest espai trobareu tota la informaci\u00f3 de l&#8217;escola, on us expliquem una mica com som i qu\u00e8 fem. L&#8217;anem actualitzant al llarg del curs.<\/p>\n<p>Tamb\u00e9 anem penjant not\u00edcies destacades de l&#8217;activitat de la nostra escola.<\/td>\n<\/tr>\n<tr style=\"height: 149px;\">\n<td style=\"width: 16.2074%; background-color: #ffffff; height: 149px;\">&nbsp;<\/p>\n<p><a href=\"https:\/\/agora.xtec.cat\/ceip-circell\/wp-content\/uploads\/usu907\/2023\/07\/download.jpg\"><img loading=\"lazy\" decoding=\"async\" class=\"aligncenter wp-image-2284\" src=\"https:\/\/agora.xtec.cat\/ceip-circell\/wp-content\/uploads\/usu907\/2023\/07\/download-150x150.jpg\" alt=\"\" width=\"75\" height=\"75\" srcset=\"https:\/\/agora.xtec.cat\/ceip-circell\/wp-content\/uploads\/usu907\/2023\/07\/download-150x150.jpg 150w, https:\/\/agora.xtec.cat\/ceip-circell\/wp-content\/uploads\/usu907\/2023\/07\/download.jpg 225w\" sizes=\"auto, (max-width: 75px) 100vw, 75px\" \/><\/a><\/td>\n<td style=\"width: 83.7926%; background-color: #ffffff; height: 149px;\">TPVEscola \u00e9s un sistema per gestionar els pagaments escolars, dissenyat per facilitar la gesti\u00f3 i control dels pagaments a les escoles i AMPAs.<\/p>\n<p>Altres serveis disponibles a l&#8217;app: comunicacions, signatura electr\u00f2nica, notificacions, passar llista a l&#8217;aula.<\/p>\n<p>M\u00e9s informaci\u00f3, clicant <a href=\"https:\/\/sites.google.com\/tpvescola.com\/preguntes-freqents-tpvescola-c\/preguntes-freq%C3%BCents\">aqu\u00ed<\/a>.<\/td>\n<\/tr>\n<\/tbody>\n<\/table>\n<p>&nbsp;<\/p>\n<p>&nbsp;<\/p>\n<p>&nbsp;<\/p>\n<p>&nbsp;<\/p>\n","protected":false},"excerpt":{"rendered":"<p>El pla de comunicaci\u00f3 pret\u00e9n organitzar les comunicacions entre els membres de la comunitat educativa i ha de marcar els canals i accions a desenvolupar per generar una comunicaci\u00f3 eficient.<br \/>\nA l&#8217;escola Circell tenim diversos canals de comunicaci\u00f3 aix\u00ed com un espai de treball integrat. A&hellip;  <a href=\"https:\/\/agora.xtec.cat\/ceip-circell\/escola-familia\/serveis-digitals\/\" title=\"Read Pla de comunicaci\u00f3\">Llegeix m\u00e9s\u00bb<\/a><\/p>\n","protected":false},"author":1,"featured_media":0,"parent":349,"menu_order":10,"comment_status":"closed","ping_status":"closed","template":"page-templates\/side-menu.php","meta":{"_bbp_topic_count":0,"_bbp_reply_count":0,"_bbp_total_topic_count":0,"_bbp_total_reply_count":0,"_bbp_voice_count":0,"_bbp_anonymous_reply_count":0,"_bbp_topic_count_hidden":0,"_bbp_reply_count_hidden":0,"_bbp_forum_subforum_count":0,"footnotes":""},"class_list":["post-71","page","type-page","status-publish","hentry"],"post_mailing_queue_ids":[],"_links":{"self":[{"href":"https:\/\/agora.xtec.cat\/ceip-circell\/wp-json\/wp\/v2\/pages\/71","targetHints":{"allow":["GET"]}}],"collection":[{"href":"https:\/\/agora.xtec.cat\/ceip-circell\/wp-json\/wp\/v2\/pages"}],"about":[{"href":"https:\/\/agora.xtec.cat\/ceip-circell\/wp-json\/wp\/v2\/types\/page"}],"author":[{"embeddable":true,"href":"https:\/\/agora.xtec.cat\/ceip-circell\/wp-json\/wp\/v2\/users\/1"}],"replies":[{"embeddable":true,"href":"https:\/\/agora.xtec.cat\/ceip-circell\/wp-json\/wp\/v2\/comments?post=71"}],"version-history":[{"count":4,"href":"https:\/\/agora.xtec.cat\/ceip-circell\/wp-json\/wp\/v2\/pages\/71\/revisions"}],"predecessor-version":[{"id":2288,"href":"https:\/\/agora.xtec.cat\/ceip-circell\/wp-json\/wp\/v2\/pages\/71\/revisions\/2288"}],"up":[{"embeddable":true,"href":"https:\/\/agora.xtec.cat\/ceip-circell\/wp-json\/wp\/v2\/pages\/349"}],"wp:attachment":[{"href":"https:\/\/agora.xtec.cat\/ceip-circell\/wp-json\/wp\/v2\/media?parent=71"}],"curies":[{"name":"wp","href":"https:\/\/api.w.org\/{rel}","templated":true}]}}