{"id":396,"date":"2017-07-26T20:15:42","date_gmt":"2017-07-26T18:15:42","guid":{"rendered":"http:\/\/agora.xtec.cat\/ceip-circell\/?page_id=396"},"modified":"2024-10-16T16:25:26","modified_gmt":"2024-10-16T14:25:26","slug":"vida-sana","status":"publish","type":"page","link":"https:\/\/agora.xtec.cat\/ceip-circell\/circell-verd\/vida-sana\/","title":{"rendered":"Vida sana"},"content":{"rendered":"<p>El proc\u00e9s de desenvolupament del nostre alumnat ha de conjugar l\u2019atenci\u00f3 als dos nivells: el mental i el f\u00edsic&#8230;. Ja sabeu, MENS SANA IN CORPORE SANO!<br \/>\nA l\u2019escola seguim un programa de salut basat en:<br \/>\n&#8211; atendre l\u2019alimentaci\u00f3 sana<br \/>\n&#8211; atendre l\u2019 higiene<br \/>\n&#8211; enfortir el desenvolupament maduratiu<br \/>\n&#8211; treball de l&#8217;empatia i les habilitats socials<br \/>\n&#8211; higiene i prevenci\u00f3 bucodental<br \/>\n&#8211; valorar l\u2019activitat f\u00edsica i el descans<br \/>\n&#8211; seguretat en el treball i en el joc (fixem normes, creem h\u00e0bits, realitzem simulacres i simulacions de diferents situacions&#8230;)<br \/>\n&#8211; higiene postural<br \/>\n&#8211; prevenci\u00f3 de malalties i creaci\u00f3 d&#8217;h\u00e0bits saludables i segurs (protecci\u00f3 solar, educaci\u00f3 vial&#8230;)<br \/>\n&#8211; participaci\u00f3 i col\u00b7laboraci\u00f3 en les campanyes de revisions m\u00e8diques i vacunacions del Departament de Salut<\/p>\n<h5>Pla de consum de fruita a les escoles<\/h5>\n<p><a href=\"https:\/\/agora.xtec.cat\/ceip-circell\/wp-content\/uploads\/usu907\/2021\/02\/plafruit1-3.jpg\"><img loading=\"lazy\" decoding=\"async\" class=\"alignnone size-full wp-image-1362\" src=\"https:\/\/agora.xtec.cat\/ceip-circell\/wp-content\/uploads\/usu907\/2021\/02\/plafruit1-3.jpg\" alt=\"\" width=\"448\" height=\"173\" srcset=\"https:\/\/agora.xtec.cat\/ceip-circell\/wp-content\/uploads\/usu907\/2021\/02\/plafruit1-3.jpg 448w, https:\/\/agora.xtec.cat\/ceip-circell\/wp-content\/uploads\/usu907\/2021\/02\/plafruit1-3-300x116.jpg 300w\" sizes=\"auto, (max-width: 448px) 100vw, 448px\" \/><\/a><\/p>\n<p>Aquest curs continuem amb la iniciativa de la Uni\u00f3 Europea que es fa efectiva per una acci\u00f3 coordinada dels Departaments d\u2019Agricultura, Salut i Ensenyament i que consisteix a distribuir fruita fresca als alumnes per potenciar accions que afavoreixin la salut dels infants, com ara augmentar el consum de fruites i verdures, fruita seca, llegums, aigua i joc actiu.<\/p>\n<p>Durant el curs escolar, una setmana de cada mes, es distribuir\u00e0 fruita seleccionada en funci\u00f3 de l\u2019estaci\u00f3 de l\u2019any, la proximitat de producci\u00f3 i la qualitat. La fruita es\u00a0repartir\u00e0 entre els nens i les nenes per a qu\u00e8 en consumeixin durant l\u2019esmorzar.<\/p>\n<p>En aquest <a href=\"https:\/\/agricultura.gencat.cat\/web\/.content\/04-alimentacio\/pla-consum-fruita-escoles\/enllacos-documents\/fitxers-binaris\/af-fruites_triptic.pdf\">enlla\u00e7<\/a> trobareu m\u00e9s informaci\u00f3. Tamb\u00e9 podeu visualitzar el seg\u00fcent <a href=\"https:\/\/youtu.be\/Ui-JYAOAdmk\">video<\/a>.<\/p>\n<h5>Programa de consum de Llet a les Escoles<\/h5>\n<p>Es tracta d&#8217;oferir llet gratu\u00efta dins del centre escolar a l&#8217;alumnat de segon cicle d&#8217;educaci\u00f3 infantil i de prim\u00e0ria (infants de 3 a 12 anys) de centres educatius que ho demanin.<\/p>\n<p>\u00c9s una iniciativa de la Uni\u00f3 Europea amb l&#8217;acci\u00f3 conjunta dels departaments d&#8217;Acci\u00f3 Climatica, Salut i Ensenyament.<\/p>\n<p>Els objectius s\u00f3n:<\/p>\n<ul>\n<li>Augmentar la sensibilitzaci\u00f3 per a una bona alimentaci\u00f3 i la transmissi\u00f3 de conductes d&#8217;h\u00e0bits saludables a trav\u00e9s de la distribuci\u00f3 de llet sencer UHT a l&#8217;alumnat de 3 a 12 anys.<\/li>\n<li>Donar a con\u00e8ixer el paper de la llet com a aliment important (o de consum diari) dins d&#8217;una alimentaci\u00f3 variada i saludable, i de les seves propietats nutricionals.<\/li>\n<li>Implicar tota la comunitat educativa (alumnat, docents i fam\u00edlies), perqu\u00e8 els h\u00e0bits alimentaris adquirits en la inf\u00e0ncia s\u00f3n decisius en el comportament alimentari en l&#8217;edat adulta. Per aix\u00f2 s&#8217;organitzaran xerrades de difusi\u00f3 en els centres educatius.<\/li>\n<\/ul>\n<p>Durant el curs escolar, es repartir\u00e0 entre els nens i les nenes per a qu\u00e8 en consumeixin durant l\u2019esmorzar.<\/p>\n<p>En aquest <a href=\"https:\/\/drive.google.com\/file\/d\/1wqHPpVSj84OcAT1ifhOZQVzPsQ9i2Wl6\/view?usp=sharing\">enlla\u00e7 <\/a>trobareu m\u00e9s informaci\u00f3. Tamb\u00e9 podeu visualitzar el seg\u00fcent <a href=\"https:\/\/youtu.be\/AwHkg-zDdQ8\">video<\/a>.<\/p>\n","protected":false},"excerpt":{"rendered":"<p>El proc\u00e9s de desenvolupament del nostre alumnat ha de conjugar l\u2019atenci\u00f3 als dos nivells: el mental i el f\u00edsic&#8230;. Ja sabeu, MENS SANA IN CORPORE SANO!<br \/>\nA l\u2019escola seguim un programa de salut basat en:<br \/>\n&#8211; atendre l\u2019alimentaci\u00f3 sana<br \/>\n&#8211; atendre l\u2019 higiene<br \/>\n&#8211; enfortir el desenvolupament maduratiu<br \/>\n&#8211; treball&hellip;  <a href=\"https:\/\/agora.xtec.cat\/ceip-circell\/circell-verd\/vida-sana\/\" title=\"Read Vida sana\">Llegeix m\u00e9s\u00bb<\/a><\/p>\n","protected":false},"author":1,"featured_media":0,"parent":376,"menu_order":0,"comment_status":"closed","ping_status":"closed","template":"page-templates\/side-menu.php","meta":{"_bbp_topic_count":0,"_bbp_reply_count":0,"_bbp_total_topic_count":0,"_bbp_total_reply_count":0,"_bbp_voice_count":0,"_bbp_anonymous_reply_count":0,"_bbp_topic_count_hidden":0,"_bbp_reply_count_hidden":0,"_bbp_forum_subforum_count":0,"footnotes":""},"class_list":["post-396","page","type-page","status-publish","hentry"],"post_mailing_queue_ids":[],"_links":{"self":[{"href":"https:\/\/agora.xtec.cat\/ceip-circell\/wp-json\/wp\/v2\/pages\/396","targetHints":{"allow":["GET"]}}],"collection":[{"href":"https:\/\/agora.xtec.cat\/ceip-circell\/wp-json\/wp\/v2\/pages"}],"about":[{"href":"https:\/\/agora.xtec.cat\/ceip-circell\/wp-json\/wp\/v2\/types\/page"}],"author":[{"embeddable":true,"href":"https:\/\/agora.xtec.cat\/ceip-circell\/wp-json\/wp\/v2\/users\/1"}],"replies":[{"embeddable":true,"href":"https:\/\/agora.xtec.cat\/ceip-circell\/wp-json\/wp\/v2\/comments?post=396"}],"version-history":[{"count":5,"href":"https:\/\/agora.xtec.cat\/ceip-circell\/wp-json\/wp\/v2\/pages\/396\/revisions"}],"predecessor-version":[{"id":2532,"href":"https:\/\/agora.xtec.cat\/ceip-circell\/wp-json\/wp\/v2\/pages\/396\/revisions\/2532"}],"up":[{"embeddable":true,"href":"https:\/\/agora.xtec.cat\/ceip-circell\/wp-json\/wp\/v2\/pages\/376"}],"wp:attachment":[{"href":"https:\/\/agora.xtec.cat\/ceip-circell\/wp-json\/wp\/v2\/media?parent=396"}],"curies":[{"name":"wp","href":"https:\/\/api.w.org\/{rel}","templated":true}]}}