{"id":390,"date":"2017-07-26T20:12:54","date_gmt":"2017-07-26T18:12:54","guid":{"rendered":"http:\/\/agora.xtec.cat\/ceip-circell\/?page_id=390"},"modified":"2021-02-16T19:59:41","modified_gmt":"2021-02-16T18:59:41","slug":"tenim-cura-de-lentorn","status":"publish","type":"page","link":"https:\/\/agora.xtec.cat\/ceip-circell\/circell-verd\/tenim-cura-de-lentorn\/","title":{"rendered":"Estaci\u00f3 meteorol\u00f2gica"},"content":{"rendered":"<p><a href=\"http:\/\/agora.xtec.cat\/ceip-circell\/wp-content\/uploads\/usu907\/2017\/07\/IMG_meteo.jpg\"><img loading=\"lazy\" decoding=\"async\" class=\"wp-image-393 aligncenter\" src=\"http:\/\/agora.xtec.cat\/ceip-circell\/wp-content\/uploads\/usu907\/2017\/07\/IMG_meteo.jpg\" alt=\"\" width=\"216\" height=\"145\" \/><\/a><\/p>\n<p>Al pati, hi ha una estaci\u00f3 meteorol\u00f2gica: observem, mesurem i anotem di\u00e0riament les dades meteorol\u00f2giques. A partir de les dades, fem gr\u00e0fiques i estad\u00edstiques que treballem a l\u2019aula.<\/p>\n","protected":false},"excerpt":{"rendered":"<p><a href=\"http:\/\/agora.xtec.cat\/ceip-circell\/wp-content\/uploads\/usu907\/2017\/07\/IMG_meteo.jpg\"><\/a><br \/>\nAl pati, hi ha una estaci\u00f3 meteorol\u00f2gica: observem, mesurem i anotem di\u00e0riament les dades meteorol\u00f2giques. A partir de les dades, fem gr\u00e0fiques i estad\u00edstiques que treballem a l\u2019aula.<\/p>\n","protected":false},"author":1,"featured_media":0,"parent":376,"menu_order":0,"comment_status":"closed","ping_status":"closed","template":"page-templates\/side-menu.php","meta":{"_bbp_topic_count":0,"_bbp_reply_count":0,"_bbp_total_topic_count":0,"_bbp_total_reply_count":0,"_bbp_voice_count":0,"_bbp_anonymous_reply_count":0,"_bbp_topic_count_hidden":0,"_bbp_reply_count_hidden":0,"_bbp_forum_subforum_count":0,"footnotes":""},"class_list":["post-390","page","type-page","status-publish","hentry"],"post_mailing_queue_ids":[],"_links":{"self":[{"href":"https:\/\/agora.xtec.cat\/ceip-circell\/wp-json\/wp\/v2\/pages\/390","targetHints":{"allow":["GET"]}}],"collection":[{"href":"https:\/\/agora.xtec.cat\/ceip-circell\/wp-json\/wp\/v2\/pages"}],"about":[{"href":"https:\/\/agora.xtec.cat\/ceip-circell\/wp-json\/wp\/v2\/types\/page"}],"author":[{"embeddable":true,"href":"https:\/\/agora.xtec.cat\/ceip-circell\/wp-json\/wp\/v2\/users\/1"}],"replies":[{"embeddable":true,"href":"https:\/\/agora.xtec.cat\/ceip-circell\/wp-json\/wp\/v2\/comments?post=390"}],"version-history":[{"count":3,"href":"https:\/\/agora.xtec.cat\/ceip-circell\/wp-json\/wp\/v2\/pages\/390\/revisions"}],"predecessor-version":[{"id":1447,"href":"https:\/\/agora.xtec.cat\/ceip-circell\/wp-json\/wp\/v2\/pages\/390\/revisions\/1447"}],"up":[{"embeddable":true,"href":"https:\/\/agora.xtec.cat\/ceip-circell\/wp-json\/wp\/v2\/pages\/376"}],"wp:attachment":[{"href":"https:\/\/agora.xtec.cat\/ceip-circell\/wp-json\/wp\/v2\/media?parent=390"}],"curies":[{"name":"wp","href":"https:\/\/api.w.org\/{rel}","templated":true}]}}