{"id":383,"date":"2017-07-26T20:08:36","date_gmt":"2017-07-26T18:08:36","guid":{"rendered":"http:\/\/agora.xtec.cat\/ceip-circell\/?page_id=383"},"modified":"2022-02-17T11:56:40","modified_gmt":"2022-02-17T10:56:40","slug":"hort-escolar","status":"publish","type":"page","link":"https:\/\/agora.xtec.cat\/ceip-circell\/circell-verd\/hort-escolar\/","title":{"rendered":"Hort escolar"},"content":{"rendered":"<p style=\"text-align: justify;\">A l\u2019escola tenim un petit hort en el que hi treballen dels m\u00e9s petits fins els m\u00e9s grans per tal de que totes les plantes que plantem i les llavors que sembrem donin el seu fruit.<\/p>\n<p style=\"text-align: justify;\">Els nens i les nenes s\u00f3n els encarregats de plantar-les i\/o sembrar-les, regar-les i treure les males herbes que sempre surten. Quan \u00e9s l\u2019\u00e8poca de recollir les verdures marxen a casa seva amb un enciam, una pastanaga &#8230; o b\u00e9 ho mengen a la classe!<\/p>\n<p style=\"text-align: justify;\">Paral\u00b7lelament al treball directe de l\u2019hort, cada curs t\u00e9 una llibreta per tal d\u2019anar escrivint i dibuixant el creixement de les plantes i fer activitats relacionades amb l\u2019horticultura.<\/p>\n<p style=\"text-align: justify;\">L\u2019alumnat de cicle superior est\u00e0 encarregat de tasques generals de manteniment de jardineria i hort. Els seus treballs s\u00f3n de manteniment i experimentaci\u00f3.<\/p>\n<p style=\"text-align: center;\">\r\n\t<div class=\"slideshow_container slideshow_container_style-light\" style=\"height: 300px; \" data-slideshow-id=\"1862\" data-style-name=\"style-light\" data-style-version=\"2.3.1\" >\r\n\r\n\t\t\t\t\t<div class=\"slideshow_loading_icon\"><\/div>\r\n\t\t\r\n\t\t<div class=\"slideshow_content\" style=\"display: none;\">\r\n\r\n\t\t\t<div class=\"slideshow_view\">\r\n\t\t\t\t<div class=\"slideshow_slide slideshow_slide_image\">\r\n\t\t\t\t\t\t\t\t\t\t\t<img src=\"https:\/\/agora.xtec.cat\/ceip-circell\/wp-content\/uploads\/usu907\/2022\/02\/IMG_hort5.jpg\" alt=\"IMG_hort5\" width=\"179\" height=\"120\" \/>\r\n\t\t\t\t\t\t\t\t\t\t<div class=\"slideshow_description_box slideshow_transparent\">\r\n\t\t\t\t\t\t<div class=\"slideshow_title\">IMG_hort5<\/div>\t\t\t\t\t\t\t\t\t\t\t<\/div>\r\n\t\t\t\t<\/div>\r\n\r\n\t\t\t\t\t\t<div style=\"clear: both;\"><\/div><\/div><div class=\"slideshow_view\">\r\n\t\t\t\t<div class=\"slideshow_slide slideshow_slide_image\">\r\n\t\t\t\t\t\t\t\t\t\t\t<img src=\"https:\/\/agora.xtec.cat\/ceip-circell\/wp-content\/uploads\/usu907\/2022\/02\/hort5-rotated.jpg\" alt=\"hort5\" width=\"649\" height=\"867\" \/>\r\n\t\t\t\t\t\t\t\t\t\t<div class=\"slideshow_description_box slideshow_transparent\">\r\n\t\t\t\t\t\t<div class=\"slideshow_title\">hort5<\/div>\t\t\t\t\t\t\t\t\t\t\t<\/div>\r\n\t\t\t\t<\/div>\r\n\r\n\t\t\t\t\t\t<div style=\"clear: both;\"><\/div><\/div><div class=\"slideshow_view\">\r\n\t\t\t\t<div class=\"slideshow_slide slideshow_slide_image\">\r\n\t\t\t\t\t\t\t\t\t\t\t<img src=\"https:\/\/agora.xtec.cat\/ceip-circell\/wp-content\/uploads\/usu907\/2022\/02\/hort4.jpg\" alt=\"hort4\" width=\"511\" height=\"718\" \/>\r\n\t\t\t\t\t\t\t\t\t\t<div class=\"slideshow_description_box slideshow_transparent\">\r\n\t\t\t\t\t\t<div class=\"slideshow_title\">hort4<\/div>\t\t\t\t\t\t\t\t\t\t\t<\/div>\r\n\t\t\t\t<\/div>\r\n\r\n\t\t\t\t\t\t<div style=\"clear: both;\"><\/div><\/div><div class=\"slideshow_view\">\r\n\t\t\t\t<div class=\"slideshow_slide slideshow_slide_image\">\r\n\t\t\t\t\t\t\t\t\t\t\t<img src=\"https:\/\/agora.xtec.cat\/ceip-circell\/wp-content\/uploads\/usu907\/2022\/02\/hort2.jpg\" alt=\"hort2\" width=\"689\" height=\"517\" \/>\r\n\t\t\t\t\t\t\t\t\t\t<div class=\"slideshow_description_box slideshow_transparent\">\r\n\t\t\t\t\t\t<div class=\"slideshow_title\">hort2<\/div>\t\t\t\t\t\t\t\t\t\t\t<\/div>\r\n\t\t\t\t<\/div>\r\n\r\n\t\t\t\t\t\t<div style=\"clear: both;\"><\/div><\/div><div class=\"slideshow_view\">\r\n\t\t\t\t<div class=\"slideshow_slide slideshow_slide_image\">\r\n\t\t\t\t\t\t\t\t\t\t\t<img src=\"https:\/\/agora.xtec.cat\/ceip-circell\/wp-content\/uploads\/usu907\/2022\/02\/hort.png\" alt=\"hort\" width=\"1137\" height=\"853\" \/>\r\n\t\t\t\t\t\t\t\t\t\t<div class=\"slideshow_description_box slideshow_transparent\">\r\n\t\t\t\t\t\t<div class=\"slideshow_title\">hort<\/div>\t\t\t\t\t\t\t\t\t\t\t<\/div>\r\n\t\t\t\t<\/div>\r\n\r\n\t\t\t\t\t\t<div style=\"clear: both;\"><\/div><\/div><div class=\"slideshow_view\">\r\n\t\t\t\t<div class=\"slideshow_slide slideshow_slide_image\">\r\n\t\t\t\t\t\t\t\t\t\t\t<img src=\"https:\/\/agora.xtec.cat\/ceip-circell\/wp-content\/uploads\/usu907\/2022\/02\/hort-3.jpg\" alt=\"hort 3\" width=\"542\" height=\"406\" \/>\r\n\t\t\t\t\t\t\t\t\t\t<div class=\"slideshow_description_box slideshow_transparent\">\r\n\t\t\t\t\t\t<div class=\"slideshow_title\">hort 3<\/div>\t\t\t\t\t\t\t\t\t\t\t<\/div>\r\n\t\t\t\t<\/div>\r\n\r\n\t\t\t\t\t\t<div style=\"clear: both;\"><\/div><\/div>\r\n\t\t<\/div>\r\n\r\n\t\t<div class=\"slideshow_controlPanel slideshow_transparent\" style=\"display: none;\"><ul><li class=\"slideshow_togglePlay\" data-play-text=\"Visualitza\" data-pause-text=\"Pausa\"><\/li><\/ul><\/div>\r\n\r\n\t\t<div class=\"slideshow_button slideshow_previous slideshow_transparent\" role=\"button\" data-previous-text=\"Anterior\" style=\"display: none;\"><\/div>\r\n\t\t<div class=\"slideshow_button slideshow_next slideshow_transparent\" role=\"button\" data-next-text=\"Seg\u00fcent\" style=\"display: none;\"><\/div>\r\n\r\n\t\t<div class=\"slideshow_pagination\" style=\"display: none;\" data-go-to-text=\"V\u00e9s a la diapositiva\"><div class=\"slideshow_pagination_center\"><\/div><\/div>\r\n\r\n\t\t<!-- WordPress Slideshow Version 2.3.1 -->\r\n\r\n\t\t\t<\/div>\r\n\r\n<\/p>\n<p style=\"text-align: justify;\">Aquest curs, juntament amb l&#8217;AMPA, estem treballant per canviar d&#8217;ubicaci\u00f3 el nostre hort per tal que sigui un espai m\u00e9s ampli i on es pugui treballar millor. Entre tota la comunitat educativa, estem elaborant un projecte per tal que aquesta nova ubicaci\u00f3 ens permeti fer un treball m\u00e9s ampli al voltant de l&#8217;hort i treballar altres conceptes relacionats. Podeu consultar el nostre projecte en el seg\u00fcent <a href=\"https:\/\/agora.xtec.cat\/ceip-circell\/projectes-de-centre\/projecte-la-natura-ens-educa\/\">enlla\u00e7<\/a>.<\/p>\n<h5 style=\"text-align: justify;\">Compostador<\/h5>\n<p style=\"text-align: justify;\">Al pati de l\u2019escola tenim un compostador. Durant la setmana, a l\u2019hora del menjador, s\u2019efectua una tria de tot all\u00f2 que s\u2019hi pot abocar. Cada divendres, l\u2019alumnat de cicle superior mesuren les restes org\u00e0niques fresques setmanals i afegeixen la mateixa quantitat del preparat de restes org\u00e0niques seques, i ho remenen tot. L\u2019objectiu \u00e9s fer servir l\u2019adob obtingut per al nostre hort.<\/p>\n<h5><\/h5>\n<h5><img decoding=\"async\" class=\"aligncenter\" style=\"font-size: 16px; font-weight: 400;\" src=\"http:\/\/agora.xtec.cat\/ceip-circell\/wp-content\/uploads\/usu907\/2017\/07\/IMG_compostador.jpg\" \/><\/h5>\n<h5><\/h5>\n<h5>Dip\u00f2sit de recollida d\u2019aig\u00fces pluvials<\/h5>\n<p>Ser conscients de la import\u00e0ncia de l\u2019aigua dol\u00e7a per a la vida. L\u2019aigua que recull es fa servir per a regar les torretes, l\u2019hort i el jard\u00ed del pati central de l\u2019escola.<\/p>\n<p><img decoding=\"async\" class=\"aligncenter\" src=\"http:\/\/agora.xtec.cat\/ceip-circell\/wp-content\/uploads\/usu907\/2017\/07\/IMG_diposit4.jpg\" \/><\/p>\n","protected":false},"excerpt":{"rendered":"<p>A l\u2019escola tenim un petit hort en el que hi treballen dels m\u00e9s petits fins els m\u00e9s grans per tal de que totes les plantes que plantem i les llavors que sembrem donin el seu fruit.<br \/>\nEls nens i les nenes s\u00f3n els encarregats de plantar-les&hellip;  <a href=\"https:\/\/agora.xtec.cat\/ceip-circell\/circell-verd\/hort-escolar\/\" title=\"Read Hort escolar\">Llegeix m\u00e9s\u00bb<\/a><\/p>\n","protected":false},"author":1,"featured_media":0,"parent":376,"menu_order":0,"comment_status":"closed","ping_status":"closed","template":"page-templates\/side-menu.php","meta":{"_bbp_topic_count":0,"_bbp_reply_count":0,"_bbp_total_topic_count":0,"_bbp_total_reply_count":0,"_bbp_voice_count":0,"_bbp_anonymous_reply_count":0,"_bbp_topic_count_hidden":0,"_bbp_reply_count_hidden":0,"_bbp_forum_subforum_count":0,"footnotes":""},"class_list":["post-383","page","type-page","status-publish","hentry"],"post_mailing_queue_ids":[],"_links":{"self":[{"href":"https:\/\/agora.xtec.cat\/ceip-circell\/wp-json\/wp\/v2\/pages\/383","targetHints":{"allow":["GET"]}}],"collection":[{"href":"https:\/\/agora.xtec.cat\/ceip-circell\/wp-json\/wp\/v2\/pages"}],"about":[{"href":"https:\/\/agora.xtec.cat\/ceip-circell\/wp-json\/wp\/v2\/types\/page"}],"author":[{"embeddable":true,"href":"https:\/\/agora.xtec.cat\/ceip-circell\/wp-json\/wp\/v2\/users\/1"}],"replies":[{"embeddable":true,"href":"https:\/\/agora.xtec.cat\/ceip-circell\/wp-json\/wp\/v2\/comments?post=383"}],"version-history":[{"count":3,"href":"https:\/\/agora.xtec.cat\/ceip-circell\/wp-json\/wp\/v2\/pages\/383\/revisions"}],"predecessor-version":[{"id":1870,"href":"https:\/\/agora.xtec.cat\/ceip-circell\/wp-json\/wp\/v2\/pages\/383\/revisions\/1870"}],"up":[{"embeddable":true,"href":"https:\/\/agora.xtec.cat\/ceip-circell\/wp-json\/wp\/v2\/pages\/376"}],"wp:attachment":[{"href":"https:\/\/agora.xtec.cat\/ceip-circell\/wp-json\/wp\/v2\/media?parent=383"}],"curies":[{"name":"wp","href":"https:\/\/api.w.org\/{rel}","templated":true}]}}