{"id":38,"date":"2014-09-18T12:34:08","date_gmt":"2014-09-18T11:34:08","guid":{"rendered":"http:\/\/agora.xtec.cat\/ceip-circell\/?page_id=38"},"modified":"2023-01-23T15:44:34","modified_gmt":"2023-01-23T14:44:34","slug":"salut","status":"publish","type":"page","link":"https:\/\/agora.xtec.cat\/ceip-circell\/lescola\/salut\/","title":{"rendered":"Festes a l&#8217;escola"},"content":{"rendered":"<h5><span style=\"color: #800000;\">FESTES POPULARS<\/span><\/h5>\n<p>Les festes tradicionals del nostre pa\u00eds ens permeten fomentar en els nens i les nenes el coneixement, el respecte i el gaudi de la nostra cultura, afavorint l\u2019estima vers el propi pa\u00eds i la pr\u00f2pia hist\u00f2ria.<\/p>\n<p>Busquem que aquestes festes, compartides per tota la comunitat educativa, reforcin la vida de l\u2019escola com a comunitat i esdevinguin un espai de conviv\u00e8ncia i de cohesi\u00f3 social.<\/p>\n<table style=\"width: 1047px; border-style: none;\">\n<tbody>\n<tr>\n<td style=\"width: 292px; border-style: none;\"><a href=\"https:\/\/agora.xtec.cat\/ceip-circell\/wp-content\/uploads\/usu907\/2021\/02\/Tio_tradicionsb.jpg\"><img loading=\"lazy\" decoding=\"async\" class=\"wp-image-1246 aligncenter\" src=\"https:\/\/agora.xtec.cat\/ceip-circell\/wp-content\/uploads\/usu907\/2021\/02\/Tio_tradicionsb.jpg\" alt=\"\" width=\"295\" height=\"218\" srcset=\"https:\/\/agora.xtec.cat\/ceip-circell\/wp-content\/uploads\/usu907\/2021\/02\/Tio_tradicionsb.jpg 537w, https:\/\/agora.xtec.cat\/ceip-circell\/wp-content\/uploads\/usu907\/2021\/02\/Tio_tradicionsb-300x222.jpg 300w\" sizes=\"auto, (max-width: 295px) 100vw, 295px\" \/><\/a><\/td>\n<td style=\"width: 372px; border-style: none;\"><a href=\"http:\/\/agora.xtec.cat\/ceip-circell\/wp-content\/uploads\/usu907\/2014\/09\/carnaval-1.jpg\"><img loading=\"lazy\" decoding=\"async\" class=\"wp-image-258 aligncenter\" src=\"http:\/\/agora.xtec.cat\/ceip-circell\/wp-content\/uploads\/usu907\/2014\/09\/carnaval-1.jpg\" alt=\"\" width=\"294\" height=\"221\" srcset=\"https:\/\/agora.xtec.cat\/ceip-circell\/wp-content\/uploads\/usu907\/2014\/09\/carnaval-1.jpg 448w, https:\/\/agora.xtec.cat\/ceip-circell\/wp-content\/uploads\/usu907\/2014\/09\/carnaval-1-300x225.jpg 300w, https:\/\/agora.xtec.cat\/ceip-circell\/wp-content\/uploads\/usu907\/2014\/09\/carnaval-1-200x150.jpg 200w\" sizes=\"auto, (max-width: 294px) 100vw, 294px\" \/><\/a><\/td>\n<td style=\"width: 375px; border-style: none;\"><img loading=\"lazy\" decoding=\"async\" class=\"wp-image-262 aligncenter\" src=\"http:\/\/agora.xtec.cat\/ceip-circell\/wp-content\/uploads\/usu907\/2014\/09\/nadal.jpg\" alt=\"\" width=\"299\" height=\"224\" srcset=\"https:\/\/agora.xtec.cat\/ceip-circell\/wp-content\/uploads\/usu907\/2014\/09\/nadal.jpg 448w, https:\/\/agora.xtec.cat\/ceip-circell\/wp-content\/uploads\/usu907\/2014\/09\/nadal-300x225.jpg 300w, https:\/\/agora.xtec.cat\/ceip-circell\/wp-content\/uploads\/usu907\/2014\/09\/nadal-200x150.jpg 200w\" sizes=\"auto, (max-width: 299px) 100vw, 299px\" \/><\/td>\n<\/tr>\n<tr>\n<td style=\"width: 292px; border-style: none;\"><a href=\"https:\/\/agora.xtec.cat\/ceip-circell\/wp-content\/uploads\/usu907\/2021\/02\/IMG_2914b.jpg\"><img loading=\"lazy\" decoding=\"async\" class=\"wp-image-1245 aligncenter\" src=\"https:\/\/agora.xtec.cat\/ceip-circell\/wp-content\/uploads\/usu907\/2021\/02\/IMG_2914b-1024x768.jpg\" alt=\"\" width=\"289\" height=\"217\" srcset=\"https:\/\/agora.xtec.cat\/ceip-circell\/wp-content\/uploads\/usu907\/2021\/02\/IMG_2914b.jpg 1024w, https:\/\/agora.xtec.cat\/ceip-circell\/wp-content\/uploads\/usu907\/2021\/02\/IMG_2914b-300x225.jpg 300w, https:\/\/agora.xtec.cat\/ceip-circell\/wp-content\/uploads\/usu907\/2021\/02\/IMG_2914b-768x576.jpg 768w, https:\/\/agora.xtec.cat\/ceip-circell\/wp-content\/uploads\/usu907\/2021\/02\/IMG_2914b-200x150.jpg 200w\" sizes=\"auto, (max-width: 289px) 100vw, 289px\" \/><\/a><\/td>\n<td style=\"width: 372px; border-style: none;\"><a href=\"https:\/\/agora.xtec.cat\/ceip-circell\/wp-content\/uploads\/usu907\/2021\/02\/IMG_2043b.jpg\"><img loading=\"lazy\" decoding=\"async\" class=\"wp-image-1244 aligncenter\" src=\"https:\/\/agora.xtec.cat\/ceip-circell\/wp-content\/uploads\/usu907\/2021\/02\/IMG_2043b-1024x768.jpg\" alt=\"\" width=\"297\" height=\"223\" srcset=\"https:\/\/agora.xtec.cat\/ceip-circell\/wp-content\/uploads\/usu907\/2021\/02\/IMG_2043b.jpg 1024w, https:\/\/agora.xtec.cat\/ceip-circell\/wp-content\/uploads\/usu907\/2021\/02\/IMG_2043b-300x225.jpg 300w, https:\/\/agora.xtec.cat\/ceip-circell\/wp-content\/uploads\/usu907\/2021\/02\/IMG_2043b-768x576.jpg 768w, https:\/\/agora.xtec.cat\/ceip-circell\/wp-content\/uploads\/usu907\/2021\/02\/IMG_2043b-200x150.jpg 200w\" sizes=\"auto, (max-width: 297px) 100vw, 297px\" \/><\/a><\/td>\n<td style=\"width: 375px; border-style: none;\"><a href=\"http:\/\/agora.xtec.cat\/ceip-circell\/wp-content\/uploads\/usu907\/2014\/09\/nadal2.jpg\"><img loading=\"lazy\" decoding=\"async\" class=\"wp-image-263 aligncenter\" src=\"http:\/\/agora.xtec.cat\/ceip-circell\/wp-content\/uploads\/usu907\/2014\/09\/nadal2.jpg\" alt=\"\" width=\"291\" height=\"218\" srcset=\"https:\/\/agora.xtec.cat\/ceip-circell\/wp-content\/uploads\/usu907\/2014\/09\/nadal2.jpg 448w, https:\/\/agora.xtec.cat\/ceip-circell\/wp-content\/uploads\/usu907\/2014\/09\/nadal2-300x225.jpg 300w, https:\/\/agora.xtec.cat\/ceip-circell\/wp-content\/uploads\/usu907\/2014\/09\/nadal2-200x150.jpg 200w\" sizes=\"auto, (max-width: 291px) 100vw, 291px\" \/><\/a><\/td>\n<\/tr>\n<\/tbody>\n<\/table>\n<h5><span style=\"color: #800000;\">DIADES<\/span><\/h5>\n<p>Les entenem com un eix que enforteixen l&#8217;educaci\u00f3 en valors a la nostra escola i les concretem en diverses activitats que fomenten actituds positives, que s\u00f3n la manifestaci\u00f3 de la interioritzaci\u00f3 d\u2019aquests valors.<\/p>\n<p>A l&#8217;escola celebrem el Dia Internacional per a l\u2019Eliminaci\u00f3 de la Viol\u00e8ncia envers les Dones (25 Novembre), el Dia Escolar de la No-viol\u00e8ncia i la Pau (DENIP) i el Dia Internacional de la Dona Treballadora (8 de mar\u00e7).<\/p>\n<table style=\"border-style: none;\">\n<tbody>\n<tr style=\"border-style: none;\">\n<td style=\"border-style: none;\"><a href=\"https:\/\/agora.xtec.cat\/ceip-circell\/wp-content\/uploads\/usu907\/2021\/01\/IMG_5227REDUIT.jpg\"><img loading=\"lazy\" decoding=\"async\" class=\"alignnone wp-image-1219\" src=\"https:\/\/agora.xtec.cat\/ceip-circell\/wp-content\/uploads\/usu907\/2021\/01\/IMG_5227REDUIT-1024x703.jpg\" alt=\"\" width=\"309\" height=\"212\" srcset=\"https:\/\/agora.xtec.cat\/ceip-circell\/wp-content\/uploads\/usu907\/2021\/01\/IMG_5227REDUIT.jpg 1024w, https:\/\/agora.xtec.cat\/ceip-circell\/wp-content\/uploads\/usu907\/2021\/01\/IMG_5227REDUIT-300x206.jpg 300w, https:\/\/agora.xtec.cat\/ceip-circell\/wp-content\/uploads\/usu907\/2021\/01\/IMG_5227REDUIT-768x527.jpg 768w\" sizes=\"auto, (max-width: 309px) 100vw, 309px\" \/><\/a><\/td>\n<td style=\"border-style: none;\"><a href=\"https:\/\/agora.xtec.cat\/ceip-circell\/wp-content\/uploads\/usu907\/2021\/01\/ffb9c9dc-556f-4da4-8b29-89f9f355e9c4.jpg\"><img loading=\"lazy\" decoding=\"async\" class=\"alignnone wp-image-1224\" src=\"https:\/\/agora.xtec.cat\/ceip-circell\/wp-content\/uploads\/usu907\/2021\/01\/ffb9c9dc-556f-4da4-8b29-89f9f355e9c4.jpg\" alt=\"\" width=\"324\" height=\"235\" srcset=\"https:\/\/agora.xtec.cat\/ceip-circell\/wp-content\/uploads\/usu907\/2021\/01\/ffb9c9dc-556f-4da4-8b29-89f9f355e9c4.jpg 975w, https:\/\/agora.xtec.cat\/ceip-circell\/wp-content\/uploads\/usu907\/2021\/01\/ffb9c9dc-556f-4da4-8b29-89f9f355e9c4-300x218.jpg 300w, https:\/\/agora.xtec.cat\/ceip-circell\/wp-content\/uploads\/usu907\/2021\/01\/ffb9c9dc-556f-4da4-8b29-89f9f355e9c4-768x557.jpg 768w\" sizes=\"auto, (max-width: 324px) 100vw, 324px\" \/><\/a><\/td>\n<\/tr>\n<tr style=\"border-style: none;\">\n<td style=\"border-style: none;\"><a href=\"https:\/\/agora.xtec.cat\/ceip-circell\/wp-content\/uploads\/usu907\/2021\/01\/roda.jpg\"><img loading=\"lazy\" decoding=\"async\" class=\"wp-image-1226 aligncenter\" src=\"https:\/\/agora.xtec.cat\/ceip-circell\/wp-content\/uploads\/usu907\/2021\/01\/roda-1013x1024.jpg\" alt=\"\" width=\"213\" height=\"216\" srcset=\"https:\/\/agora.xtec.cat\/ceip-circell\/wp-content\/uploads\/usu907\/2021\/01\/roda-1013x1024.jpg 1013w, https:\/\/agora.xtec.cat\/ceip-circell\/wp-content\/uploads\/usu907\/2021\/01\/roda-297x300.jpg 297w, https:\/\/agora.xtec.cat\/ceip-circell\/wp-content\/uploads\/usu907\/2021\/01\/roda-768x776.jpg 768w, https:\/\/agora.xtec.cat\/ceip-circell\/wp-content\/uploads\/usu907\/2021\/01\/roda.jpg 1198w\" sizes=\"auto, (max-width: 213px) 100vw, 213px\" \/><\/a><\/td>\n<td style=\"border-style: none;\"><a href=\"https:\/\/agora.xtec.cat\/ceip-circell\/wp-content\/uploads\/usu907\/2021\/01\/IMG_5228.jpg\"><img loading=\"lazy\" decoding=\"async\" class=\"wp-image-1221 aligncenter\" src=\"https:\/\/agora.xtec.cat\/ceip-circell\/wp-content\/uploads\/usu907\/2021\/01\/IMG_5228-753x1024.jpg\" alt=\"\" width=\"160\" height=\"218\" srcset=\"https:\/\/agora.xtec.cat\/ceip-circell\/wp-content\/uploads\/usu907\/2021\/01\/IMG_5228-753x1024.jpg 753w, https:\/\/agora.xtec.cat\/ceip-circell\/wp-content\/uploads\/usu907\/2021\/01\/IMG_5228-220x300.jpg 220w, https:\/\/agora.xtec.cat\/ceip-circell\/wp-content\/uploads\/usu907\/2021\/01\/IMG_5228-768x1045.jpg 768w, https:\/\/agora.xtec.cat\/ceip-circell\/wp-content\/uploads\/usu907\/2021\/01\/IMG_5228.jpg 804w\" sizes=\"auto, (max-width: 160px) 100vw, 160px\" \/><\/a><\/td>\n<\/tr>\n<\/tbody>\n<\/table>\n<p><a href=\"https:\/\/agora.xtec.cat\/ceip-circell\/wp-content\/uploads\/usu907\/2022\/11\/IMG_20221125_084432.jpg\"><img loading=\"lazy\" decoding=\"async\" class=\"alignnone size-medium wp-image-2108\" src=\"https:\/\/agora.xtec.cat\/ceip-circell\/wp-content\/uploads\/usu907\/2022\/11\/IMG_20221125_084432-300x178.jpg\" alt=\"\" width=\"300\" height=\"178\" srcset=\"https:\/\/agora.xtec.cat\/ceip-circell\/wp-content\/uploads\/usu907\/2022\/11\/IMG_20221125_084432-300x178.jpg 300w, https:\/\/agora.xtec.cat\/ceip-circell\/wp-content\/uploads\/usu907\/2022\/11\/IMG_20221125_084432-768x455.jpg 768w, https:\/\/agora.xtec.cat\/ceip-circell\/wp-content\/uploads\/usu907\/2022\/11\/IMG_20221125_084432.jpg 1024w\" sizes=\"auto, (max-width: 300px) 100vw, 300px\" \/><\/a><a href=\"https:\/\/agora.xtec.cat\/ceip-circell\/wp-content\/uploads\/usu907\/2022\/11\/IMG_20221125_084355.jpg\">\u00a0 \u00a0 \u00a0 \u00a0 \u00a0 \u00a0 \u00a0 \u00a0<img loading=\"lazy\" decoding=\"async\" class=\"alignnone size-medium wp-image-2107\" src=\"https:\/\/agora.xtec.cat\/ceip-circell\/wp-content\/uploads\/usu907\/2022\/11\/IMG_20221125_084355-300x220.jpg\" alt=\"\" width=\"300\" height=\"220\" srcset=\"https:\/\/agora.xtec.cat\/ceip-circell\/wp-content\/uploads\/usu907\/2022\/11\/IMG_20221125_084355-300x220.jpg 300w, https:\/\/agora.xtec.cat\/ceip-circell\/wp-content\/uploads\/usu907\/2022\/11\/IMG_20221125_084355-768x563.jpg 768w, https:\/\/agora.xtec.cat\/ceip-circell\/wp-content\/uploads\/usu907\/2022\/11\/IMG_20221125_084355.jpg 1024w\" sizes=\"auto, (max-width: 300px) 100vw, 300px\" \/>\u00a0\u00a0<\/a><\/p>\n<p>&nbsp;<\/p>\n","protected":false},"excerpt":{"rendered":"<p>FESTES POPULARS<br \/>\nLes festes tradicionals del nostre pa\u00eds ens permeten fomentar en els nens i les nenes el coneixement, el respecte i el gaudi de la nostra cultura, afavorint l\u2019estima vers el propi pa\u00eds i la pr\u00f2pia hist\u00f2ria.<br \/>\nBusquem que aquestes festes, compartides per tota la comunitat&hellip;  <a href=\"https:\/\/agora.xtec.cat\/ceip-circell\/lescola\/salut\/\" title=\"Read Festes a l&#8217;escola\">Llegeix m\u00e9s\u00bb<\/a><\/p>\n","protected":false},"author":1,"featured_media":0,"parent":22,"menu_order":80,"comment_status":"closed","ping_status":"closed","template":"page-templates\/side-menu.php","meta":{"_bbp_topic_count":0,"_bbp_reply_count":0,"_bbp_total_topic_count":0,"_bbp_total_reply_count":0,"_bbp_voice_count":0,"_bbp_anonymous_reply_count":0,"_bbp_topic_count_hidden":0,"_bbp_reply_count_hidden":0,"_bbp_forum_subforum_count":0,"footnotes":""},"class_list":["post-38","page","type-page","status-publish","hentry"],"post_mailing_queue_ids":[],"_links":{"self":[{"href":"https:\/\/agora.xtec.cat\/ceip-circell\/wp-json\/wp\/v2\/pages\/38","targetHints":{"allow":["GET"]}}],"collection":[{"href":"https:\/\/agora.xtec.cat\/ceip-circell\/wp-json\/wp\/v2\/pages"}],"about":[{"href":"https:\/\/agora.xtec.cat\/ceip-circell\/wp-json\/wp\/v2\/types\/page"}],"author":[{"embeddable":true,"href":"https:\/\/agora.xtec.cat\/ceip-circell\/wp-json\/wp\/v2\/users\/1"}],"replies":[{"embeddable":true,"href":"https:\/\/agora.xtec.cat\/ceip-circell\/wp-json\/wp\/v2\/comments?post=38"}],"version-history":[{"count":5,"href":"https:\/\/agora.xtec.cat\/ceip-circell\/wp-json\/wp\/v2\/pages\/38\/revisions"}],"predecessor-version":[{"id":2177,"href":"https:\/\/agora.xtec.cat\/ceip-circell\/wp-json\/wp\/v2\/pages\/38\/revisions\/2177"}],"up":[{"embeddable":true,"href":"https:\/\/agora.xtec.cat\/ceip-circell\/wp-json\/wp\/v2\/pages\/22"}],"wp:attachment":[{"href":"https:\/\/agora.xtec.cat\/ceip-circell\/wp-json\/wp\/v2\/media?parent=38"}],"curies":[{"name":"wp","href":"https:\/\/api.w.org\/{rel}","templated":true}]}}