{"id":376,"date":"2017-07-26T19:57:31","date_gmt":"2017-07-26T17:57:31","guid":{"rendered":"http:\/\/agora.xtec.cat\/ceip-circell\/?page_id=376"},"modified":"2021-12-09T12:15:24","modified_gmt":"2021-12-09T11:15:24","slug":"circell-verd","status":"publish","type":"page","link":"https:\/\/agora.xtec.cat\/ceip-circell\/circell-verd\/","title":{"rendered":"Circell verd"},"content":{"rendered":"<p>Considerem molt important l\u2019aprenentatge de coneixements sobre diferents aspectes relacionats amb el medi, i tamb\u00e9 el foment d\u2019un canvi d\u2019actituds i h\u00e0bits de l\u2019alumnat, tant dins el centre com en les diferents realitats en qu\u00e8 viu i es desenvolupa: fam\u00edlia, escola, barri i poble. Aix\u00ed doncs, la cura de l\u2019entorn \u00e9s un eix transversal que es treballa en tots els cursos.<\/p>\n<p><span style=\"color: #000000;\">Com a escola fem moltes accions per cuidar i respectar el mediambient i potenciar l\u2019alimentaci\u00f3 saludable:<\/span><\/p>\n<ul>\n<li>Projecte de Reutilitzaci\u00f3 de Llibres: reutilitzem els llibres de text.<\/li>\n<li>Incorporem h\u00e0bits de respecte envers el Medi Ambient\n<ul>\n<li>Aprofitem el paper<\/li>\n<li>Recollim selectivament les deixalles.<\/li>\n<li>Reduim l\u2019\u00fas d\u2019embolcalls.<\/li>\n<li>Reducci\u00f3 de les circulars en paper.<\/li>\n<\/ul>\n<\/li>\n<li>Estudiem temes de natura i fem sortides a l\u2019entorn proper natural.<\/li>\n<li>Treballem i tenim cura de l\u2019hort.<\/li>\n<li>Participem en els tallers mediambientals de la Mancomunitat.<\/li>\n<li>Participem en la campanya de recollida de pilies APILO XII.<\/li>\n<li>Participem en el Projecte del Pla de Consum de Fruita a l\u2019escola.<\/li>\n<li>Reciclem l\u2019oli usat.<\/li>\n<li>Fem compost a l\u2019escola.<\/li>\n<li>\u2026<\/li>\n<\/ul>\n<p>Continuarem treballant perqu\u00e8 tots i totes siguem respectuosos i respectuoses amb el mediambient.<\/p>\n","protected":false},"excerpt":{"rendered":"<p>Considerem molt important l\u2019aprenentatge de coneixements sobre diferents aspectes relacionats amb el medi, i tamb\u00e9 el foment d\u2019un canvi d\u2019actituds i h\u00e0bits de l\u2019alumnat, tant dins el centre com en les diferents realitats en qu\u00e8 viu i es desenvolupa: fam\u00edlia, escola, barri i poble. Aix\u00ed&hellip;  <a href=\"https:\/\/agora.xtec.cat\/ceip-circell\/circell-verd\/\" title=\"Read Circell verd\">Llegeix m\u00e9s\u00bb<\/a><\/p>\n","protected":false},"author":1,"featured_media":0,"parent":0,"menu_order":0,"comment_status":"closed","ping_status":"closed","template":"page-templates\/side-menu.php","meta":{"_bbp_topic_count":0,"_bbp_reply_count":0,"_bbp_total_topic_count":0,"_bbp_total_reply_count":0,"_bbp_voice_count":0,"_bbp_anonymous_reply_count":0,"_bbp_topic_count_hidden":0,"_bbp_reply_count_hidden":0,"_bbp_forum_subforum_count":0,"footnotes":""},"class_list":["post-376","page","type-page","status-publish","hentry"],"post_mailing_queue_ids":[],"_links":{"self":[{"href":"https:\/\/agora.xtec.cat\/ceip-circell\/wp-json\/wp\/v2\/pages\/376","targetHints":{"allow":["GET"]}}],"collection":[{"href":"https:\/\/agora.xtec.cat\/ceip-circell\/wp-json\/wp\/v2\/pages"}],"about":[{"href":"https:\/\/agora.xtec.cat\/ceip-circell\/wp-json\/wp\/v2\/types\/page"}],"author":[{"embeddable":true,"href":"https:\/\/agora.xtec.cat\/ceip-circell\/wp-json\/wp\/v2\/users\/1"}],"replies":[{"embeddable":true,"href":"https:\/\/agora.xtec.cat\/ceip-circell\/wp-json\/wp\/v2\/comments?post=376"}],"version-history":[{"count":3,"href":"https:\/\/agora.xtec.cat\/ceip-circell\/wp-json\/wp\/v2\/pages\/376\/revisions"}],"predecessor-version":[{"id":1720,"href":"https:\/\/agora.xtec.cat\/ceip-circell\/wp-json\/wp\/v2\/pages\/376\/revisions\/1720"}],"wp:attachment":[{"href":"https:\/\/agora.xtec.cat\/ceip-circell\/wp-json\/wp\/v2\/media?parent=376"}],"curies":[{"name":"wp","href":"https:\/\/api.w.org\/{rel}","templated":true}]}}