{"id":36,"date":"2014-09-18T12:33:11","date_gmt":"2014-09-18T11:33:11","guid":{"rendered":"http:\/\/agora.xtec.cat\/ceip-circell\/?page_id=36"},"modified":"2025-09-10T11:06:45","modified_gmt":"2025-09-10T09:06:45","slug":"material-escolar","status":"publish","type":"page","link":"https:\/\/agora.xtec.cat\/ceip-circell\/lescola\/material-escolar\/","title":{"rendered":"Equip de mestres"},"content":{"rendered":"<p><strong>Equip directiu:<\/strong><br \/>\nDirectora: Isabel San Jos\u00e9 P\u00e9rez<br \/>\nCap d\u2019Estudis : N\u00faria Garrido Bermejo<br \/>\nSecretari : Albert D\u00edaz Jim\u00e9nez<\/p>\n<p><strong>Tutories<\/strong><\/p>\n<table style=\"border-style: none;\">\n<tbody>\n<tr style=\"border-style: none;\">\n<td style=\"border-style: none;\">\n<ul>\n<li><em>I-3<\/em> Anna Morales Saforcada<\/li>\n<li><em>I-4 Judith Nolasco Molina\/Adri\u00e1n Berrenechea Manso<\/em><\/li>\n<li><em>I-5<\/em>\u00a0Olga Roig Gim\u00e9nez<\/li>\n<li><em>1r<\/em> Aida Padr\u00f3 Mayans\/ Alba Alemany Esteve<\/li>\n<li><em>2n Sara Pena Mu\u00f1oz<\/em><\/li>\n<li><em>3r \u00c0lex Casanova Pe\u00f1a<\/em><\/li>\n<li><em>4t\u00a0 Israel Perucho Alberp<\/em><\/li>\n<li><em>5\u00e8 Marcel Brufau Guillamet<\/em><\/li>\n<li><em>6\u00e8 A N\u00faria Garrido Bermejo<\/em><\/li>\n<li><em>6\u00e8 B Albert D\u00edaz Jim\u00e9nez<\/em><\/li>\n<\/ul>\n<\/td>\n<\/tr>\n<\/tbody>\n<\/table>\n<p><strong style=\"font-family: inherit; font-size: 1em;\">Especialistes i Refor\u00e7os:<\/strong><\/p>\n<table style=\"border-style: none;\">\n<tbody>\n<tr>\n<td style=\"border-style: none;\">\n<ul>\n<li><em>Angl\u00e8s<\/em>: RTaquel Vives Utrilla<\/li>\n<li><em>Educaci\u00f3 F\u00edsica<\/em>: N\u00e0dia Gadea Belvis<\/li>\n<li><em>EE<\/em>: Cristina Berdi\u00e9 Romagosa\/ Aida Padr\u00f3 Mayans<\/li>\n<li><em>Vetlladora: Pruden Haro<\/em><\/li>\n<li><i>M\u00fasica: <\/i>Anna Peret Quintana<\/li>\n<li><em>Animaci\u00f3 Lectora<\/em>: Sara Pena Mu\u00f1oz<\/li>\n<\/ul>\n<\/td>\n<\/tr>\n<\/tbody>\n<\/table>\n<p><strong>Adscripci\u00f3 als cicles:<\/strong><\/p>\n<table style=\"border-style: none;\">\n<tbody>\n<tr>\n<td style=\"border-style: none;\">\n<ul>\n<li><em>Comunitat de petits<\/em>: Olga Roig Gim\u00e9nez, Anna Morales Saforcada, Cristina Berdi\u00e9 Romagosa,<em>Judith Nolasco Molina, Adri\u00e1n Berrenechea Manso<\/em>, Isabel San Jos\u00e9<\/li>\n<li><em>Comunitat de mitjans<\/em>:Alba Alemany, Aida Padr\u00f3 Mayans, Sara Pena, \u00e0lex Casanova,\u00a0 Anna Peret Quintana, Raquel Vives<\/li>\n<li>Comunitat de grans: Marcel Brufau Guillamet, Israel Perucho, N\u00faria Garrido Bermejo, N\u00e0dia Gadea, Albert D\u00edaz Jim\u00e9nez<\/li>\n<\/ul>\n<\/td>\n<\/tr>\n<\/tbody>\n<\/table>\n<p><strong style=\"font-family: inherit; font-size: 1em;\">Coordinadors de cicle:<\/strong><\/p>\n<table style=\"border-style: none;\">\n<tbody>\n<tr>\n<td style=\"border-style: none;\">\n<ul>\n<li>Comunitat de petits: Isabel San Jos\u00e9<\/li>\n<li>Comunitat de mitjans i grans: N\u00e0dia Gadea<\/li>\n<\/ul>\n<\/td>\n<\/tr>\n<\/tbody>\n<\/table>\n","protected":false},"excerpt":{"rendered":"<p>Equip directiu:<br \/>\nDirectora: Isabel San Jos\u00e9 P\u00e9rez<br \/>\nCap d\u2019Estudis : N\u00faria Garrido Bermejo<br \/>\nSecretari : Albert D\u00edaz Jim\u00e9nez<br \/>\nTutories<\/p>\n<ul>\n<li>I-3 Anna Morales Saforcada<\/li>\n<li>I-4 Judith Nolasco Molina\/Adri\u00e1n Berrenechea Manso<\/li>\n<li>I-5\u00a0Olga Roig Gim\u00e9nez<\/li>\n<li>1r Aida Padr\u00f3 Mayans\/ Alba Alemany Esteve<\/li>\n<li>2n Sara Pena Mu\u00f1oz<\/li>\n<li>3r \u00c0lex Casanova Pe\u00f1a<\/li>\n<li>4t\u00a0 Israel Perucho Alberp<\/li>\n<li>5\u00e8 Marcel Brufau Guillamet<\/li>\n<li>6\u00e8 A N\u00faria&hellip;  <a href=\"https:\/\/agora.xtec.cat\/ceip-circell\/lescola\/material-escolar\/\" title=\"Read Equip de mestres\">Llegeix m\u00e9s\u00bb<\/a><br \/>\n","protected":false},"author":1,"featured_media":0,"parent":22,"menu_order":70,"comment_status":"closed","ping_status":"closed","template":"page-templates\/side-menu.php","meta":{"_bbp_topic_count":0,"_bbp_reply_count":0,"_bbp_total_topic_count":0,"_bbp_total_reply_count":0,"_bbp_voice_count":0,"_bbp_anonymous_reply_count":0,"_bbp_topic_count_hidden":0,"_bbp_reply_count_hidden":0,"_bbp_forum_subforum_count":0,"footnotes":""},"class_list":["post-36","page","type-page","status-publish","hentry"],"post_mailing_queue_ids":[],"_links":{"self":[{"href":"https:\/\/agora.xtec.cat\/ceip-circell\/wp-json\/wp\/v2\/pages\/36","targetHints":{"allow":["GET"]}}],"collection":[{"href":"https:\/\/agora.xtec.cat\/ceip-circell\/wp-json\/wp\/v2\/pages"}],"about":[{"href":"https:\/\/agora.xtec.cat\/ceip-circell\/wp-json\/wp\/v2\/types\/page"}],"author":[{"embeddable":true,"href":"https:\/\/agora.xtec.cat\/ceip-circell\/wp-json\/wp\/v2\/users\/1"}],"replies":[{"embeddable":true,"href":"https:\/\/agora.xtec.cat\/ceip-circell\/wp-json\/wp\/v2\/comments?post=36"}],"version-history":[{"count":7,"href":"https:\/\/agora.xtec.cat\/ceip-circell\/wp-json\/wp\/v2\/pages\/36\/revisions"}],"predecessor-version":[{"id":2664,"href":"https:\/\/agora.xtec.cat\/ceip-circell\/wp-json\/wp\/v2\/pages\/36\/revisions\/2664"}],"up":[{"embeddable":true,"href":"https:\/\/agora.xtec.cat\/ceip-circell\/wp-json\/wp\/v2\/pages\/22"}],"wp:attachment":[{"href":"https:\/\/agora.xtec.cat\/ceip-circell\/wp-json\/wp\/v2\/media?parent=36"}],"curies":[{"name":"wp","href":"https:\/\/api.w.org\/{rel}","templated":true}]}}