{"id":357,"date":"2017-07-26T19:24:08","date_gmt":"2017-07-26T17:24:08","guid":{"rendered":"http:\/\/agora.xtec.cat\/ceip-circell\/?page_id=357"},"modified":"2025-09-14T12:39:54","modified_gmt":"2025-09-14T10:39:54","slug":"consell-escolar","status":"publish","type":"page","link":"https:\/\/agora.xtec.cat\/ceip-circell\/escola-familia\/consell-escolar\/","title":{"rendered":"Consell Escolar"},"content":{"rendered":"<h5>Composici\u00f3:<img loading=\"lazy\" decoding=\"async\" class=\"alignright\" style=\"font-size: 16px; font-weight: normal;\" src=\"https:\/\/encrypted-tbn0.gstatic.com\/images?q=tbn:ANd9GcRPMRkCueBOqLm4lSPUt37uULE2oCLiZg5EtQ&amp;usqp=CAU\" alt=\"Resultado de imagen de consell escolar departament ensenyament\" width=\"180\" height=\"107\" \/><\/h5>\n<ul>\n<li>Presidenta: Isabel San Jos\u00e9 P\u00e9rez<\/li>\n<li>Cap d&#8217;estudis: N\u00faria Garrido Bermejo<\/li>\n<li>Secret\u00e0ria: Albert D\u00edaz Jim\u00e9nez<\/li>\n<li>Representants professorat: Sara Pena Mu\u00f1oz, Anna Peret Quintana, Cristina Berdi\u00e9 Romagosa, Olga Roig, Marcel Brufau Guillamet<\/li>\n<li>Representant PAS: Fina Inglada Caralt<\/li>\n<li>Representants fam\u00edlies: Meritxell Cornell\u00e0 Ruiz, Miriam Rivas Parrila, Mart\u00ed Casas\u00edn, Laia Castellv\u00ed<\/li>\n<li>Representant de l&#8217;AMPA: Est\u00edbaliz Leal<\/li>\n<li>Representant de l&#8217;Ajuntament: Fina Mascar\u00f3<\/li>\n<\/ul>\n<h5>Funcions:<\/h5>\n<p style=\"text-align: justify;\">La Llei d\u2019Educaci\u00f3 12\/2009 del 10 de juliol, en l\u2019article 148 determina les funcions que li corresponen als Consells Escolars dels Centres P\u00fablics:<\/p>\n<ul>\n<li>\u00a0Aprovar el projecte educatiu i les modificacions corresponents per una majoria de tres cinquenes parts dels membres.<\/li>\n<li>Aprovar la programaci\u00f3 general anual del centre i avaluar-ne el desenvolupament i els resultats.<\/li>\n<li>Aprovar les propostes d\u2019acords de coresponsabilitat, convenis i altres acords de col\u00b7laboraci\u00f3 del centre amb entitats o institucions.<\/li>\n<li>Aprovar les normes d\u2019organitzaci\u00f3 i funcionament i les modificacions corresponents.<\/li>\n<li>Aprovar la carta de comprom\u00eds educatiu.<\/li>\n<li>Aprovar el pressupost del centre i el rendiment de comptes.<\/li>\n<li>\u00a0Intervenir en el procediment d\u2019admissi\u00f3 d\u2019alumnat.<\/li>\n<li>Participar en el procediment de selecci\u00f3 i en la proposta de cessament del director o directora.<\/li>\n<li>Intervenir en la resoluci\u00f3 dels conflictes i, si escau, revisar les sancions a l\u2019alumnat.<\/li>\n<li>Aprovar les directrius per a la programaci\u00f3 d\u2019activitats escolars complement\u00e0ries i d\u2019activitats extraescolars, i avaluar-ne el desenvolupament.<\/li>\n<li>\u00a0Participar en les an\u00e0lisis i les avaluacions del funcionament general del centre i con\u00e8ixer l\u2019evoluci\u00f3 del rendiment escolar.<\/li>\n<li>\u00a0Aprovar els criteris de col\u00b7laboraci\u00f3 amb altres centres i amb l\u2019entorn.<\/li>\n<li>Qualsevol altra que li sigui atribu\u00efda per les normes legals o reglament\u00e0ries.<\/li>\n<\/ul>\n<p><a href=\"https:\/\/agora.xtec.cat\/ceip-circell\/informacions\/eleccions-consell-escolar-2021\/\">Enlla\u00e7<\/a> a l&#8217;apartat del blog de les eleccions al consell escolar.<\/p>\n","protected":false},"excerpt":{"rendered":"<p>Composici\u00f3:<\/p>\n<ul>\n<li>Presidenta: Isabel San Jos\u00e9 P\u00e9rez<\/li>\n<li>Cap d&#8217;estudis: N\u00faria Garrido Bermejo<\/li>\n<li>Secret\u00e0ria: Albert D\u00edaz Jim\u00e9nez<\/li>\n<li>Representants professorat: Sara Pena Mu\u00f1oz, Anna Peret Quintana, Cristina Berdi\u00e9 Romagosa, Olga Roig, Marcel Brufau Guillamet<\/li>\n<li>Representant PAS: Fina Inglada Caralt<\/li>\n<li>Representants fam\u00edlies: Meritxell Cornell\u00e0 Ruiz, Miriam Rivas Parrila, Mart\u00ed Casas\u00edn, Laia Castellv\u00ed<\/li>\n<li>Representant de l&#8217;AMPA: Est\u00edbaliz&hellip;  <a href=\"https:\/\/agora.xtec.cat\/ceip-circell\/escola-familia\/consell-escolar\/\" title=\"Read Consell Escolar\">Llegeix m\u00e9s\u00bb<\/a><br \/>\n","protected":false},"author":1,"featured_media":0,"parent":349,"menu_order":0,"comment_status":"closed","ping_status":"closed","template":"page-templates\/side-menu.php","meta":{"_bbp_topic_count":0,"_bbp_reply_count":0,"_bbp_total_topic_count":0,"_bbp_total_reply_count":0,"_bbp_voice_count":0,"_bbp_anonymous_reply_count":0,"_bbp_topic_count_hidden":0,"_bbp_reply_count_hidden":0,"_bbp_forum_subforum_count":0,"footnotes":""},"class_list":["post-357","page","type-page","status-publish","hentry"],"post_mailing_queue_ids":[],"_links":{"self":[{"href":"https:\/\/agora.xtec.cat\/ceip-circell\/wp-json\/wp\/v2\/pages\/357","targetHints":{"allow":["GET"]}}],"collection":[{"href":"https:\/\/agora.xtec.cat\/ceip-circell\/wp-json\/wp\/v2\/pages"}],"about":[{"href":"https:\/\/agora.xtec.cat\/ceip-circell\/wp-json\/wp\/v2\/types\/page"}],"author":[{"embeddable":true,"href":"https:\/\/agora.xtec.cat\/ceip-circell\/wp-json\/wp\/v2\/users\/1"}],"replies":[{"embeddable":true,"href":"https:\/\/agora.xtec.cat\/ceip-circell\/wp-json\/wp\/v2\/comments?post=357"}],"version-history":[{"count":8,"href":"https:\/\/agora.xtec.cat\/ceip-circell\/wp-json\/wp\/v2\/pages\/357\/revisions"}],"predecessor-version":[{"id":2694,"href":"https:\/\/agora.xtec.cat\/ceip-circell\/wp-json\/wp\/v2\/pages\/357\/revisions\/2694"}],"up":[{"embeddable":true,"href":"https:\/\/agora.xtec.cat\/ceip-circell\/wp-json\/wp\/v2\/pages\/349"}],"wp:attachment":[{"href":"https:\/\/agora.xtec.cat\/ceip-circell\/wp-json\/wp\/v2\/media?parent=357"}],"curies":[{"name":"wp","href":"https:\/\/api.w.org\/{rel}","templated":true}]}}