{"id":354,"date":"2017-07-26T19:09:22","date_gmt":"2017-07-26T17:09:22","guid":{"rendered":"http:\/\/agora.xtec.cat\/ceip-circell\/?page_id=354"},"modified":"2025-10-11T13:19:35","modified_gmt":"2025-10-11T11:19:35","slug":"entrevistes-i-reunions","status":"publish","type":"page","link":"https:\/\/agora.xtec.cat\/ceip-circell\/escola-familia\/entrevistes-i-reunions\/","title":{"rendered":"Entrevistes i reunions"},"content":{"rendered":"<p><strong>REUNIONS<\/strong><\/p>\n<p>Sistem\u00e0ticament a l\u2019escola realitzem reunions generals informatives amb les fam\u00edlies. D&#8217;I3 a 6\u00e8 en fem una a principi de curs. Amb les fam\u00edlies de 6\u00e8 en fem una altra cap a la primavera per explicar el pas a l\u2019Educaci\u00f3 Secund\u00e0ria.<\/p>\n<div class=\"entry-content\">\n<ul>\n<li>Calendari de reunions d&#8217;inici de curs: TOTES LES REUNIONS ES FARAN A LES 16:15H.<\/li>\n<\/ul>\n<table style=\"border-collapse: collapse; width: 56.9657%;\">\n<tbody>\n<tr>\n<td style=\"width: 16.849%;\">Comunitat de Petits<\/td>\n<td style=\"width: 23.2676%;\">Dijous 2 d&#8217;Octubre<\/td>\n<td style=\"width: 16.849%;\"><a href=\"https:\/\/drive.google.com\/file\/d\/1KKSbjpVIbMhFFFJ3wxkY9kjg_ifCFXxE\/view?usp=sharing\">Presentaci\u00f3<\/a><\/td>\n<\/tr>\n<tr>\n<td style=\"width: 16.849%;\">Comunitat de Mitjans<\/td>\n<td style=\"width: 23.2676%;\">Dimarts 7 d&#8217;Octubre<\/td>\n<td style=\"width: 16.849%;\"><a href=\"https:\/\/drive.google.com\/file\/d\/1LFZPkyqSG3cygQy5wBAhW8puFZkDfOwz\/view?usp=sharing\">Presentaci\u00f3<\/a><\/td>\n<\/tr>\n<tr>\n<td style=\"width: 16.849%;\">Comunitat de Grans<\/td>\n<td style=\"width: 23.2676%;\">Dimecres 8 d&#8217;Octubre<\/td>\n<td style=\"width: 16.849%;\"><a href=\"https:\/\/drive.google.com\/file\/d\/1JxKCIl9IvaQsJjt6wqI_7D3Eyws9_zdU\/view?usp=sharing\">Presentaci\u00f3<\/a><\/td>\n<\/tr>\n<\/tbody>\n<\/table>\n<p><span style=\"font-family: inherit; font-size: 1em;\">La primera quinzena de setembre l&#8217;alumnat nou realitza una reuni\u00f3 amb el tutor\/a dels seu fill\/a.<\/span><\/p>\n<\/div>\n<p>Cada tutor o tutora convoca les fam\u00edlies de l\u2019alumnat per realitzar l\u2019entrevista espec\u00edfica de seguiment a mitjans de curs; al llarg del curs es realitzen les entrevistes que es considerin necess\u00e0ries.<br \/>\nLes entrevistes poden ser sol\u00b7licitades per qualsevol de les dues parts: fam\u00edlia o escola (demanar hora mitjan\u00e7ant una trucada telef\u00f2nica, una nota escrita o a trav\u00e9s de l\u2019agenda escolar).<\/p>\n<p>Al final de juny es realitzen entrevistes amb les fam\u00edlies per lliurar els informes i notes i fer els \u00faltims comentaris de curs.<\/p>\n<p>Cada mestre o mestra t\u00e9 una hora setmanal d\u2019atenci\u00f3 a les fam\u00edlies, \u00e9s bo concretar per mitj\u00e0 de Classdojo el dia i l\u2019hora per a evitar coincid\u00e8ncies.<\/p>\n<p><strong>HORARI D&#8217;ATENCI\u00d3 A LES FAM\u00cdLIES<\/strong><\/p>\n<ul>\n<li>El professorat del centre us atendr\u00e0 els dimecres de 12h a 13h. Pr\u00e8viament haureu de concertar dia i hora amb el tutor o tutora de la vostra criatura.<\/li>\n<\/ul>\n<p><strong>HORARI DE VISITES DE L&#8217;EQUIP DIRECTIU<\/strong><\/p>\n<p>Directora: Isabel San Jos\u00e9 P\u00e9rez, de dilluns a divendres de 8:30h a 9:30h. Cal concertar visita per tel\u00e8fon.<br \/>\nCap d&#8217;estudis: N\u00faria Garrido Bermejo, concertar per tel\u00e8fon dia i hora.<br \/>\nSecretari: Albert Diaz Jim\u00e9nez, concertar per tel\u00e8fon fia i hora.<\/p>\n","protected":false},"excerpt":{"rendered":"<p>REUNIONS<br \/>\nSistem\u00e0ticament a l\u2019escola realitzem reunions generals informatives amb les fam\u00edlies. D&#8217;I3 a 6\u00e8 en fem una a principi de curs. Amb les fam\u00edlies de 6\u00e8 en fem una altra cap a la primavera per explicar el pas a l\u2019Educaci\u00f3 Secund\u00e0ria.<\/p>\n<ul>\n<li>Calendari de reunions d&#8217;inici de curs:&hellip;  <a href=\"https:\/\/agora.xtec.cat\/ceip-circell\/escola-familia\/entrevistes-i-reunions\/\" title=\"Read Entrevistes i reunions\">Llegeix m\u00e9s\u00bb<\/a><br \/>\n","protected":false},"author":1,"featured_media":0,"parent":349,"menu_order":0,"comment_status":"closed","ping_status":"closed","template":"page-templates\/side-menu.php","meta":{"_bbp_topic_count":0,"_bbp_reply_count":0,"_bbp_total_topic_count":0,"_bbp_total_reply_count":0,"_bbp_voice_count":0,"_bbp_anonymous_reply_count":0,"_bbp_topic_count_hidden":0,"_bbp_reply_count_hidden":0,"_bbp_forum_subforum_count":0,"footnotes":""},"class_list":["post-354","page","type-page","status-publish","hentry"],"post_mailing_queue_ids":[],"_links":{"self":[{"href":"https:\/\/agora.xtec.cat\/ceip-circell\/wp-json\/wp\/v2\/pages\/354","targetHints":{"allow":["GET"]}}],"collection":[{"href":"https:\/\/agora.xtec.cat\/ceip-circell\/wp-json\/wp\/v2\/pages"}],"about":[{"href":"https:\/\/agora.xtec.cat\/ceip-circell\/wp-json\/wp\/v2\/types\/page"}],"author":[{"embeddable":true,"href":"https:\/\/agora.xtec.cat\/ceip-circell\/wp-json\/wp\/v2\/users\/1"}],"replies":[{"embeddable":true,"href":"https:\/\/agora.xtec.cat\/ceip-circell\/wp-json\/wp\/v2\/comments?post=354"}],"version-history":[{"count":7,"href":"https:\/\/agora.xtec.cat\/ceip-circell\/wp-json\/wp\/v2\/pages\/354\/revisions"}],"predecessor-version":[{"id":2707,"href":"https:\/\/agora.xtec.cat\/ceip-circell\/wp-json\/wp\/v2\/pages\/354\/revisions\/2707"}],"up":[{"embeddable":true,"href":"https:\/\/agora.xtec.cat\/ceip-circell\/wp-json\/wp\/v2\/pages\/349"}],"wp:attachment":[{"href":"https:\/\/agora.xtec.cat\/ceip-circell\/wp-json\/wp\/v2\/media?parent=354"}],"curies":[{"name":"wp","href":"https:\/\/api.w.org\/{rel}","templated":true}]}}