{"id":34,"date":"2014-09-18T12:32:18","date_gmt":"2014-09-18T11:32:18","guid":{"rendered":"http:\/\/agora.xtec.cat\/ceip-circell\/?page_id=34"},"modified":"2023-02-20T20:00:11","modified_gmt":"2023-02-20T19:00:11","slug":"oferta-educativa","status":"publish","type":"page","link":"https:\/\/agora.xtec.cat\/ceip-circell\/lescola\/oferta-educativa\/","title":{"rendered":"Com treballem"},"content":{"rendered":"<p style=\"text-align: justify;\">L\u2019Escola P\u00fablica Circell vol ser un espai de conviv\u00e8ncia i d\u2019aprenentatge on tota la comunitat educativa treballem conjuntament per avan\u00e7ar cap a una educaci\u00f3 integral del nostre alumnat.<\/p>\n<p style=\"text-align: justify;\">La nostra finalitat com escola, \u00e9s afavorir aquesta formaci\u00f3 integral i harm\u00f2nica de tots els nens i les nenes, facilitant el seu creixement f\u00edsic, intel\u00b7lectual i social, i la seva formaci\u00f3 com a ciutadans, cultes, feli\u00e7os, respectuosos i responsables.<\/p>\n<p style=\"text-align: justify;\">Apostem per una metodologia de treball diversificada (racons, tallers, ambients) amb diferents tipus d&#8217;agrupacions que ens permeten portar a terme activitats diverses (projectes, treball individual, per parelles&#8230;). Aquesta manera de treballar ens permet ajudar de manera m\u00e9s individualitzada a tot l&#8217;alumnat.<\/p>\n<p style=\"text-align: justify;\">El nostre treball pedag\u00f2gic es fonamenta en:<\/p>\n<ul style=\"list-style-type: circle;\">\n<li style=\"text-align: justify;\"><span style=\"color: #000000;\">Observar i experimentar, per tal de con\u00e8ixer els fets i entendre els processos.<\/span><\/li>\n<li style=\"text-align: justify;\">Fomentar l\u2019aprenentatge de la lectura i l\u2019escriptura i el plaer de llegir i escriure.<\/li>\n<li style=\"text-align: justify;\">Fer un aprenentatge multiling\u00fce: catal\u00e0, castell\u00e0 i angl\u00e8s.<\/li>\n<li style=\"text-align: justify;\">Posar l\u2019alumnat en contacte directe amb el medi social, cultural i natural (passejades, sortides i col\u00f2nies). Vivim les festes populars i culturals, ens arrelem al territori, aprenem de les tradicions.<\/li>\n<li style=\"text-align: justify;\">Potenciar el desenvolupament de la compet\u00e8ncia digital, oferint a l&#8217;alumnat els recursos i eines necessaris en el seu treball a l&#8217;aula.<\/li>\n<li style=\"text-align: justify;\">El treball de la comunicaci\u00f3 pl\u00e0stica i musical, l\u2019expressi\u00f3 corporal i l\u2019art en totes les seves manifestacions.<\/li>\n<li style=\"text-align: justify;\">Ensenyar i aprendre respectant el tarann\u00e0 i els ritmes d\u2019aprenentatge de cada criatura.<\/li>\n<li style=\"text-align: justify;\">Relacionar els aprenentatges matem\u00e0tics amb la vida real i quotidiana.<\/li>\n<li style=\"text-align: justify;\">El joc, l\u2019educaci\u00f3 f\u00edsica, la psicomotricitat i l\u2019educaci\u00f3 emocional, bases per al desenvolupament personal i social.<\/li>\n<\/ul>\n<p>A contiuaci\u00f3 teniu una presentaci\u00f3 que us ajudar\u00e0 a veure, de manera resumida, tot el que fem a l&#8217;escola.<\/p>\n<div style=\"width: 100%;\">\n<div style=\"position: relative; padding-bottom: 56.25%; padding-top: 0; height: 0;\"><iframe loading=\"lazy\" style=\"position: absolute; top: 0; left: 0; width: 100%; height: 100%;\" title=\"Com treballem\" src=\"https:\/\/view.genial.ly\/63ede0e99ca657001356d296\" width=\"1200\" height=\"675\" frameborder=\"0\" scrolling=\"yes\" allowfullscreen=\"allowfullscreen\"><\/iframe><\/div>\n<\/div>\n<p>&nbsp;<\/p>\n","protected":false},"excerpt":{"rendered":"<p>L\u2019Escola P\u00fablica Circell vol ser un espai de conviv\u00e8ncia i d\u2019aprenentatge on tota la comunitat educativa treballem conjuntament per avan\u00e7ar cap a una educaci\u00f3 integral del nostre alumnat.<br \/>\nLa nostra finalitat com escola, \u00e9s afavorir aquesta formaci\u00f3 integral i harm\u00f2nica de tots els nens i les&hellip;  <a href=\"https:\/\/agora.xtec.cat\/ceip-circell\/lescola\/oferta-educativa\/\" title=\"Read Com treballem\">Llegeix m\u00e9s\u00bb<\/a><\/p>\n","protected":false},"author":1,"featured_media":0,"parent":22,"menu_order":60,"comment_status":"closed","ping_status":"closed","template":"page-templates\/side-menu.php","meta":{"_bbp_topic_count":0,"_bbp_reply_count":0,"_bbp_total_topic_count":0,"_bbp_total_reply_count":0,"_bbp_voice_count":0,"_bbp_anonymous_reply_count":0,"_bbp_topic_count_hidden":0,"_bbp_reply_count_hidden":0,"_bbp_forum_subforum_count":0,"footnotes":""},"class_list":["post-34","page","type-page","status-publish","hentry"],"post_mailing_queue_ids":[],"_links":{"self":[{"href":"https:\/\/agora.xtec.cat\/ceip-circell\/wp-json\/wp\/v2\/pages\/34","targetHints":{"allow":["GET"]}}],"collection":[{"href":"https:\/\/agora.xtec.cat\/ceip-circell\/wp-json\/wp\/v2\/pages"}],"about":[{"href":"https:\/\/agora.xtec.cat\/ceip-circell\/wp-json\/wp\/v2\/types\/page"}],"author":[{"embeddable":true,"href":"https:\/\/agora.xtec.cat\/ceip-circell\/wp-json\/wp\/v2\/users\/1"}],"replies":[{"embeddable":true,"href":"https:\/\/agora.xtec.cat\/ceip-circell\/wp-json\/wp\/v2\/comments?post=34"}],"version-history":[{"count":4,"href":"https:\/\/agora.xtec.cat\/ceip-circell\/wp-json\/wp\/v2\/pages\/34\/revisions"}],"predecessor-version":[{"id":2235,"href":"https:\/\/agora.xtec.cat\/ceip-circell\/wp-json\/wp\/v2\/pages\/34\/revisions\/2235"}],"up":[{"embeddable":true,"href":"https:\/\/agora.xtec.cat\/ceip-circell\/wp-json\/wp\/v2\/pages\/22"}],"wp:attachment":[{"href":"https:\/\/agora.xtec.cat\/ceip-circell\/wp-json\/wp\/v2\/media?parent=34"}],"curies":[{"name":"wp","href":"https:\/\/api.w.org\/{rel}","templated":true}]}}